{"id":99897,"date":"2023-05-19T18:03:45","date_gmt":"2023-05-19T16:03:45","guid":{"rendered":"https:\/\/www.flfuoriserie.com\/fl-fuoriserie-selecao-mobile\/cerveja-de-desempenho\/granpremio\/"},"modified":"2023-05-25T17:47:34","modified_gmt":"2023-05-25T15:47:34","slug":"granpremio-mobile","status":"publish","type":"page","link":"https:\/\/www.flfuoriserie.com\/pt-br\/cerveja-de-desempenho-mobile\/granpremio-mobile\/","title":{"rendered":"Granpremio"},"content":{"rendered":"<div class=\"wpb-content-wrapper\"><p>[vc_row row_height_percent=&#8221;0&#8243; back_color=&#8221;accent&#8221; overlay_alpha=&#8221;50&#8243; equal_height=&#8221;yes&#8221; gutter_size=&#8221;3&#8243; column_width_percent=&#8221;100&#8243; shift_y=&#8221;0&#8243; z_index=&#8221;0&#8243;][vc_column column_width_percent=&#8221;100&#8243; gutter_size=&#8221;3&#8243; overlay_alpha=&#8221;50&#8243; shift_x=&#8221;0&#8243; shift_y=&#8221;0&#8243; shift_y_down=&#8221;0&#8243; z_index=&#8221;0&#8243; medium_width=&#8221;0&#8243; mobile_width=&#8221;0&#8243; width=&#8221;1\/1&#8243; el_class=&#8221;ls&#8221;][vc_row_inner row_inner_height_percent=&#8221;0&#8243; back_image=&#8221;100007&#8243; overlay_alpha=&#8221;50&#8243; equal_height=&#8221;yes&#8221; gutter_size=&#8221;0&#8243; shift_y=&#8221;0&#8243; z_index=&#8221;0&#8243; css=&#8221;.vc_custom_1685027058296{margin-top: 0px !important;margin-bottom: 0px !important;padding-top: 75px !important;padding-right: 0px !important;padding-bottom: 75px !important;padding-left: 0px !important;}&#8221; uncode_shortcode_id=&#8221;605479&#8243; shape_dividers=&#8221;&#8221;][vc_column_inner column_width_percent=&#8221;100&#8243; position_horizontal=&#8221;right&#8221; position_vertical=&#8221;middle&#8221; align_horizontal=&#8221;align_right&#8221; gutter_size=&#8221;3&#8243; overlay_alpha=&#8221;50&#8243; shift_x=&#8221;0&#8243; shift_y=&#8221;0&#8243; shift_y_down=&#8221;0&#8243; z_index=&#8221;0&#8243; medium_width=&#8221;0&#8243; mobile_width=&#8221;0&#8243; css_animation=&#8221;left-t-right&#8221; width=&#8221;1\/1&#8243; css=&#8221;.vc_custom_1623051424900{padding-top: 0px !important;padding-right: 0px !important;padding-bottom: 0px !important;padding-left: 0px !important;}&#8221;][vc_single_image media=&#8221;99819&#8243; media_width_use_pixel=&#8221;yes&#8221; alignment=&#8221;center&#8221; css_animation=&#8221;alpha-anim&#8221; el_class=&#8221;imgpro&#8221; media_width_pixel=&#8221;250&#8243; uncode_shortcode_id=&#8221;169372&#8243;][vc_column_text css_animation=&#8221;alpha-anim&#8221; border_color=&#8221;color-xsdn&#8221; border_style=&#8221;solid&#8221; css=&#8221;.vc_custom_1684426376796{margin-right: 8% !important;margin-left: 8% !important;border-top-width: 0px !important;border-right-width: 0px !important;border-bottom-width: 1px !important;border-left-width: 0px !important;padding-top: 0px !important;padding-right: 0px !important;padding-bottom: 25px !important;padding-left: 0px !important;}&#8221; uncode_shortcode_id=&#8221;101579&#8243; border_color_type=&#8221;uncode-palette&#8221;]<\/p>\n<p style=\"text-align: left;\"><em>Tipo:<\/em> Witbier<br \/>\n<em>Cor:<\/em> Amarelo p\u00e1lido<br \/>\n<em>Espuma:<\/em> Branca, compacta e dur\u00e1vel<br \/>\n<em>\u00c1lcool:<\/em> 4,7% vol.<br \/>\n<em>Temperatura de servi\u00e7o:<\/em> 6-8\u00b0C<br \/>\n<em>Fermenta\u00e7\u00e3o:<\/em> Alta<br \/>\n<em>Bolhas:<\/em> Normal<br \/>\n<em>Formatos:<\/em> 0,33L. \/ 0,75L.<\/p>\n<p>[\/vc_column_text][vc_column_text css_animation=&#8221;alpha-anim&#8221; css=&#8221;.vc_custom_1684426399130{margin-top: 25px !important;padding-top: 0px !important;padding-right: 8% !important;padding-bottom: 25px !important;padding-left: 8% !important;}&#8221; uncode_shortcode_id=&#8221;752230&#8243;]<\/p>\n<p style=\"text-align: justify;\">\u00c9 uma cerveja fresca e f\u00e1cil de beber. O aspecto \u00e9 opalescente devido ao uso do trigo. Possui uma espuma abundante e compacta. O sabor \u00e9 dominado por notas picantes. O sabor \u00e9 picante com um final levemente c\u00edtrico. Ideal com aperitivos de frutos do mar, peixes grelhados, queijos frescos e carnes brancas.<\/p>\n<p>[\/vc_column_text][\/vc_column_inner][\/vc_row_inner][\/vc_column][\/vc_row][vc_row row_height_percent=&#8221;0&#8243; back_color=&#8221;accent&#8221; overlay_alpha=&#8221;50&#8243; gutter_size=&#8221;3&#8243; column_width_percent=&#8221;100&#8243; shift_y=&#8221;0&#8243; z_index=&#8221;0&#8243;][vc_column width=&#8221;1\/1&#8243;][uncode_block id=&#8221;85309&#8243;][\/vc_column][\/vc_row]<\/p>\n<\/div>","protected":false},"excerpt":{"rendered":"<p>[vc_row row_height_percent=&#8221;0&#8243; back_color=&#8221;accent&#8221; overlay_alpha=&#8221;50&#8243; equal_height=&#8221;yes&#8221; gutter_size=&#8221;3&#8243; column_width_percent=&#8221;100&#8243; shift_y=&#8221;0&#8243; z_index=&#8221;0&#8243;][vc_column column_width_percent=&#8221;100&#8243; gutter_size=&#8221;3&#8243; overlay_alpha=&#8221;50&#8243; shift_x=&#8221;0&#8243; shift_y=&#8221;0&#8243; shift_y_down=&#8221;0&#8243; z_index=&#8221;0&#8243; medium_width=&#8221;0&#8243; mobile_width=&#8221;0&#8243; width=&#8221;1\/1&#8243; el_class=&#8221;ls&#8221;][vc_row_inner [&hellip;]<\/p>\n","protected":false},"author":8,"featured_media":0,"parent":99887,"menu_order":0,"comment_status":"closed","ping_status":"closed","template":"","meta":{"_monsterinsights_skip_tracking":false,"_monsterinsights_sitenote_active":false,"_monsterinsights_sitenote_note":"","_monsterinsights_sitenote_category":0,"footnotes":""},"class_list":["post-99897","page","type-page","status-publish","hentry","page_category-mobile-pt-br"],"_links":{"self":[{"href":"https:\/\/www.flfuoriserie.com\/pt-br\/wp-json\/wp\/v2\/pages\/99897","targetHints":{"allow":["GET"]}}],"collection":[{"href":"https:\/\/www.flfuoriserie.com\/pt-br\/wp-json\/wp\/v2\/pages"}],"about":[{"href":"https:\/\/www.flfuoriserie.com\/pt-br\/wp-json\/wp\/v2\/types\/page"}],"author":[{"embeddable":true,"href":"https:\/\/www.flfuoriserie.com\/pt-br\/wp-json\/wp\/v2\/users\/8"}],"replies":[{"embeddable":true,"href":"https:\/\/www.flfuoriserie.com\/pt-br\/wp-json\/wp\/v2\/comments?post=99897"}],"version-history":[{"count":3,"href":"https:\/\/www.flfuoriserie.com\/pt-br\/wp-json\/wp\/v2\/pages\/99897\/revisions"}],"predecessor-version":[{"id":100055,"href":"https:\/\/www.flfuoriserie.com\/pt-br\/wp-json\/wp\/v2\/pages\/99897\/revisions\/100055"}],"up":[{"embeddable":true,"href":"https:\/\/www.flfuoriserie.com\/pt-br\/wp-json\/wp\/v2\/pages\/99887"}],"wp:attachment":[{"href":"https:\/\/www.flfuoriserie.com\/pt-br\/wp-json\/wp\/v2\/media?parent=99897"}],"curies":[{"name":"wp","href":"https:\/\/api.w.org\/{rel}","templated":true}]}}