{"id":99893,"date":"2023-05-19T18:02:44","date_gmt":"2023-05-19T16:02:44","guid":{"rendered":"https:\/\/www.flfuoriserie.com\/fl-fuoriserie-selecao-mobile\/cerveja-de-desempenho\/fast\/"},"modified":"2023-05-25T17:47:34","modified_gmt":"2023-05-25T15:47:34","slug":"fast-mobile","status":"publish","type":"page","link":"https:\/\/www.flfuoriserie.com\/pt-br\/cerveja-de-desempenho-mobile\/fast-mobile\/","title":{"rendered":"Fast"},"content":{"rendered":"<div class=\"wpb-content-wrapper\"><p>[vc_row row_height_percent=&#8221;0&#8243; back_color=&#8221;accent&#8221; overlay_alpha=&#8221;50&#8243; equal_height=&#8221;yes&#8221; gutter_size=&#8221;3&#8243; column_width_percent=&#8221;100&#8243; shift_y=&#8221;0&#8243; z_index=&#8221;0&#8243;][vc_column column_width_percent=&#8221;100&#8243; gutter_size=&#8221;3&#8243; overlay_alpha=&#8221;50&#8243; shift_x=&#8221;0&#8243; shift_y=&#8221;0&#8243; shift_y_down=&#8221;0&#8243; z_index=&#8221;0&#8243; medium_width=&#8221;0&#8243; mobile_width=&#8221;0&#8243; width=&#8221;1\/1&#8243; el_class=&#8221;ls&#8221;][vc_row_inner row_inner_height_percent=&#8221;0&#8243; back_image=&#8221;100010&#8243; overlay_alpha=&#8221;50&#8243; equal_height=&#8221;yes&#8221; gutter_size=&#8221;0&#8243; shift_y=&#8221;0&#8243; z_index=&#8221;0&#8243; css=&#8221;.vc_custom_1685027257842{margin-top: 0px !important;margin-bottom: 0px !important;padding-top: 75px !important;padding-right: 0px !important;padding-bottom: 75px !important;padding-left: 0px !important;}&#8221; uncode_shortcode_id=&#8221;485682&#8243; shape_dividers=&#8221;&#8221;][vc_column_inner column_width_percent=&#8221;100&#8243; position_horizontal=&#8221;right&#8221; position_vertical=&#8221;middle&#8221; align_horizontal=&#8221;align_right&#8221; gutter_size=&#8221;3&#8243; overlay_alpha=&#8221;50&#8243; shift_x=&#8221;0&#8243; shift_y=&#8221;0&#8243; shift_y_down=&#8221;0&#8243; z_index=&#8221;0&#8243; medium_width=&#8221;0&#8243; mobile_width=&#8221;0&#8243; css_animation=&#8221;left-t-right&#8221; width=&#8221;1\/1&#8243; css=&#8221;.vc_custom_1623051424900{padding-top: 0px !important;padding-right: 0px !important;padding-bottom: 0px !important;padding-left: 0px !important;}&#8221;][vc_single_image media=&#8221;99816&#8243; media_width_use_pixel=&#8221;yes&#8221; alignment=&#8221;center&#8221; css_animation=&#8221;alpha-anim&#8221; el_class=&#8221;imgpro&#8221; media_width_pixel=&#8221;250&#8243; uncode_shortcode_id=&#8221;147985&#8243;][vc_column_text css_animation=&#8221;alpha-anim&#8221; border_color=&#8221;color-xsdn&#8221; border_style=&#8221;solid&#8221; css=&#8221;.vc_custom_1684425494000{margin-right: 8% !important;margin-left: 8% !important;border-top-width: 0px !important;border-right-width: 0px !important;border-bottom-width: 1px !important;border-left-width: 0px !important;padding-top: 0px !important;padding-right: 0px !important;padding-bottom: 25px !important;padding-left: 0px !important;}&#8221; uncode_shortcode_id=&#8221;352692&#8243; border_color_type=&#8221;uncode-palette&#8221;]<\/p>\n<p style=\"text-align: left;\"><em>Estilo:<\/em> American Pale Ale<br \/>\n<em>Cor:<\/em> Amarelo \u00e2mbar<br \/>\n<em>Espuma:<\/em> Espessa e persistente<br \/>\n<em>\u00c1lcool:<\/em> 4,5% vol.<br \/>\n<em>Temperatura de servi\u00e7o:<\/em> 8-10\u00b0C<br \/>\n<em>Fermenta\u00e7\u00e3o:<\/em> Alta<br \/>\n<em>Bolhas:<\/em> Normal<br \/>\n<em>Formatos:<\/em> 0,33L. \/ 0,75L.<\/p>\n<p>[\/vc_column_text][vc_column_text css_animation=&#8221;alpha-anim&#8221; css=&#8221;.vc_custom_1684425440609{margin-top: 25px !important;padding-top: 0px !important;padding-right: 8% !important;padding-bottom: 25px !important;padding-left: 8% !important;}&#8221; uncode_shortcode_id=&#8221;172158&#8243;]<\/p>\n<p style=\"text-align: justify;\">Esta cerveja \u00e9 leve, frutada, elegante e equilibrada. O sabor \u00e9 dominado por notas de frutas ex\u00f3ticas. O sabor do puro malte contrasta com os t\u00edpicos \u00f3leos essenciais amargos dos l\u00fapulos da Nova Zel\u00e2ndia para dar uma bebida f\u00e1cil. Ideal com qualquer prato.<br \/>\nN\u00c3O CONT\u00c9M GLUTEN<\/p>\n<p>[\/vc_column_text][\/vc_column_inner][\/vc_row_inner][\/vc_column][\/vc_row][vc_row row_height_percent=&#8221;0&#8243; back_color=&#8221;accent&#8221; overlay_alpha=&#8221;50&#8243; gutter_size=&#8221;3&#8243; column_width_percent=&#8221;100&#8243; shift_y=&#8221;0&#8243; z_index=&#8221;0&#8243;][vc_column width=&#8221;1\/1&#8243;][uncode_block id=&#8221;85309&#8243;][\/vc_column][\/vc_row]<\/p>\n<\/div>","protected":false},"excerpt":{"rendered":"<p>[vc_row row_height_percent=&#8221;0&#8243; back_color=&#8221;accent&#8221; overlay_alpha=&#8221;50&#8243; equal_height=&#8221;yes&#8221; gutter_size=&#8221;3&#8243; column_width_percent=&#8221;100&#8243; shift_y=&#8221;0&#8243; z_index=&#8221;0&#8243;][vc_column column_width_percent=&#8221;100&#8243; gutter_size=&#8221;3&#8243; overlay_alpha=&#8221;50&#8243; shift_x=&#8221;0&#8243; shift_y=&#8221;0&#8243; shift_y_down=&#8221;0&#8243; z_index=&#8221;0&#8243; medium_width=&#8221;0&#8243; mobile_width=&#8221;0&#8243; width=&#8221;1\/1&#8243; el_class=&#8221;ls&#8221;][vc_row_inner [&hellip;]<\/p>\n","protected":false},"author":8,"featured_media":0,"parent":99887,"menu_order":0,"comment_status":"closed","ping_status":"closed","template":"","meta":{"_monsterinsights_skip_tracking":false,"_monsterinsights_sitenote_active":false,"_monsterinsights_sitenote_note":"","_monsterinsights_sitenote_category":0,"footnotes":""},"class_list":["post-99893","page","type-page","status-publish","hentry","page_category-mobile-pt-br"],"_links":{"self":[{"href":"https:\/\/www.flfuoriserie.com\/pt-br\/wp-json\/wp\/v2\/pages\/99893","targetHints":{"allow":["GET"]}}],"collection":[{"href":"https:\/\/www.flfuoriserie.com\/pt-br\/wp-json\/wp\/v2\/pages"}],"about":[{"href":"https:\/\/www.flfuoriserie.com\/pt-br\/wp-json\/wp\/v2\/types\/page"}],"author":[{"embeddable":true,"href":"https:\/\/www.flfuoriserie.com\/pt-br\/wp-json\/wp\/v2\/users\/8"}],"replies":[{"embeddable":true,"href":"https:\/\/www.flfuoriserie.com\/pt-br\/wp-json\/wp\/v2\/comments?post=99893"}],"version-history":[{"count":2,"href":"https:\/\/www.flfuoriserie.com\/pt-br\/wp-json\/wp\/v2\/pages\/99893\/revisions"}],"predecessor-version":[{"id":100058,"href":"https:\/\/www.flfuoriserie.com\/pt-br\/wp-json\/wp\/v2\/pages\/99893\/revisions\/100058"}],"up":[{"embeddable":true,"href":"https:\/\/www.flfuoriserie.com\/pt-br\/wp-json\/wp\/v2\/pages\/99887"}],"wp:attachment":[{"href":"https:\/\/www.flfuoriserie.com\/pt-br\/wp-json\/wp\/v2\/media?parent=99893"}],"curies":[{"name":"wp","href":"https:\/\/api.w.org\/{rel}","templated":true}]}}