{"id":99887,"date":"2023-05-19T18:01:54","date_gmt":"2023-05-19T16:01:54","guid":{"rendered":"https:\/\/www.flfuoriserie.com\/fl-fuoriserie-selecao-mobile\/cerveja-de-desempenho\/"},"modified":"2025-09-02T11:48:43","modified_gmt":"2025-09-02T09:48:43","slug":"cerveja-de-desempenho-mobile","status":"publish","type":"page","link":"https:\/\/www.flfuoriserie.com\/pt-br\/cerveja-de-desempenho-mobile\/","title":{"rendered":"cerveja de desempenho"},"content":{"rendered":"<div class=\"wpb-content-wrapper\"><p>[vc_row][vc_column width=&#8221;1\/1&#8243;][vc_row_inner row_inner_height_percent=&#8221;0&#8243; back_image=&#8221;87032&#8243; back_position=&#8221;right center&#8221; overlay_alpha=&#8221;50&#8243; equal_height=&#8221;yes&#8221; gutter_size=&#8221;0&#8243; shift_y=&#8221;0&#8243; z_index=&#8221;0&#8243; css=&#8221;.vc_custom_1685028314819{margin-top: 0px !important;margin-bottom: 0px !important;padding-top: 0px !important;padding-right: 0px !important;padding-bottom: 75px !important;padding-left: 0px !important;}&#8221; el_class=&#8221;fabio&#8221; uncode_shortcode_id=&#8221;186098&#8243; shape_dividers=&#8221;&#8221;][vc_column_inner column_width_percent=&#8221;100&#8243; position_vertical=&#8221;middle&#8221; align_horizontal=&#8221;align_right&#8221; gutter_size=&#8221;3&#8243; overlay_alpha=&#8221;50&#8243; shift_x=&#8221;0&#8243; shift_y=&#8221;0&#8243; shift_y_down=&#8221;0&#8243; z_index=&#8221;0&#8243; medium_width=&#8221;0&#8243; mobile_width=&#8221;0&#8243; css_animation=&#8221;left-t-right&#8221; width=&#8221;1\/1&#8243; css=&#8221;.vc_custom_1685028172243{padding-top: 20px !important;padding-right: 6% !important;padding-bottom: 20px !important;padding-left: 6% !important;}&#8221; uncode_shortcode_id=&#8221;142511&#8243;][vc_column_text text_lead=&#8221;yes&#8221; text_color=&#8221;color-xsdn&#8221; el_class=&#8221;text-mo&#8221; uncode_shortcode_id=&#8221;489643&#8243; text_color_type=&#8221;uncode-palette&#8221;]<\/p>\n<p style=\"text-align: justify;\">\u201cCom a sele\u00e7\u00e3o FL Fuoriserie Performance Beer, eu queria criar uma cerveja dedicada a todos os f\u00e3s de carros esportivos. Escolhi, portanto, esta pequena cervejaria local de cerveja artesanal e desenhei pessoalmente um r\u00f3tulo esportivo, mas ao mesmo tempo elegante e cl\u00e1ssico, como eram os primeiros carros esportivos. Os nomes tamb\u00e9m est\u00e3o associados a carros e velocidade; Fast, Autodromo, Granpremio e Granturismo. A garrafa que escolhi \u00e9 personalizada com detalhes em relevo das espigas e da escrita Birra Artigianale Italiana.&#8221;<\/p>\n<p>[\/vc_column_text][\/vc_column_inner][\/vc_row_inner][\/vc_column][\/vc_row][vc_row row_height_percent=&#8221;0&#8243; back_color=&#8221;color-jevc&#8221; overlay_alpha=&#8221;50&#8243; gutter_size=&#8221;3&#8243; column_width_percent=&#8221;100&#8243; shift_y=&#8221;0&#8243; z_index=&#8221;0&#8243; uncode_shortcode_id=&#8221;132046&#8243; back_color_type=&#8221;uncode-palette&#8221; el_class=&#8221;responsive&#8221;][vc_column column_width_percent=&#8221;100&#8243; gutter_size=&#8221;3&#8243; overlay_alpha=&#8221;50&#8243; shift_x=&#8221;0&#8243; shift_y=&#8221;0&#8243; shift_y_down=&#8221;0&#8243; z_index=&#8221;0&#8243; medium_width=&#8221;0&#8243; mobile_width=&#8221;0&#8243; width=&#8221;1\/1&#8243; uncode_shortcode_id=&#8221;637052&#8243; el_class=&#8221;ls&#8221;][vc_row_inner row_inner_height_percent=&#8221;0&#8243; back_image=&#8221;100010&#8243; back_position=&#8221;left top&#8221; overlay_alpha=&#8221;50&#8243; equal_height=&#8221;yes&#8221; gutter_size=&#8221;0&#8243; shift_y=&#8221;0&#8243; z_index=&#8221;0&#8243; css=&#8221;.vc_custom_1685026257257{margin-top: 0px !important;margin-bottom: 0px !important;padding-top: 0px !important;padding-right: 0px !important;padding-bottom: 75px !important;padding-left: 0px !important;}&#8221; el_class=&#8221;fabio&#8221; uncode_shortcode_id=&#8221;958520&#8243;][vc_column_inner column_width_percent=&#8221;100&#8243; position_vertical=&#8221;middle&#8221; align_horizontal=&#8221;align_right&#8221; gutter_size=&#8221;3&#8243; overlay_alpha=&#8221;50&#8243; shift_x=&#8221;0&#8243; shift_y=&#8221;0&#8243; shift_y_down=&#8221;0&#8243; z_index=&#8221;0&#8243; medium_width=&#8221;0&#8243; mobile_width=&#8221;0&#8243; css_animation=&#8221;left-t-right&#8221; width=&#8221;1\/2&#8243; css=&#8221;.vc_custom_1674143174501{padding-top: 0px !important;padding-right: 0px !important;padding-bottom: 0px !important;padding-left: 0px !important;}&#8221; uncode_shortcode_id=&#8221;175193&#8243;][vc_single_image media=&#8221;99816&#8243; media_width_use_pixel=&#8221;yes&#8221; alignment=&#8221;center&#8221; css_animation=&#8221;left-t-right&#8221; media_width_pixel=&#8221;100&#8243; el_class=&#8221;bigger&#8221; uncode_shortcode_id=&#8221;107103&#8243;][\/vc_column_inner][vc_column_inner column_width_percent=&#8221;100&#8243; position_vertical=&#8221;middle&#8221; align_horizontal=&#8221;align_center&#8221; gutter_size=&#8221;3&#8243; overlay_alpha=&#8221;50&#8243; shift_x=&#8221;0&#8243; shift_y=&#8221;0&#8243; shift_y_down=&#8221;0&#8243; z_index=&#8221;0&#8243; medium_width=&#8221;0&#8243; mobile_width=&#8221;0&#8243; css_animation=&#8221;right-t-left&#8221; animation_speed=&#8221;800&#8243; animation_delay=&#8221;200&#8243; width=&#8221;1\/2&#8243; css=&#8221;.vc_custom_1674143186052{padding-top: 0px !important;padding-bottom: 0px !important;padding-left: 0px !important;}&#8221; uncode_shortcode_id=&#8221;186809&#8243;][vc_column_text el_class=&#8221;text-mo&#8221; uncode_shortcode_id=&#8221;163230&#8243;]<\/p>\n<h3>Fast<\/h3>\n<p>Estilo: American Pale Ale<br \/>Cor: Amarelo \u00e2mbar<br \/><a class=\"fl-link fl-link--line\" href=\"https:\/\/www.flfuoriserie.com\/en\/fl-fuoriserie-selection-mobile\/performance-beer-mobile\/fast-mobile\/\">Saiba mais<\/a>[\/vc_column_text][\/vc_column_inner][\/vc_row_inner][vc_row_inner row_inner_height_percent=&#8221;0&#8243; back_image=&#8221;100016&#8243; back_position=&#8221;left top&#8221; overlay_alpha=&#8221;50&#8243; equal_height=&#8221;yes&#8221; gutter_size=&#8221;0&#8243; shift_y=&#8221;0&#8243; z_index=&#8221;0&#8243; css=&#8221;.vc_custom_1685026270935{margin-top: 0px !important;margin-bottom: 0px !important;padding-top: 0px !important;padding-right: 0px !important;padding-bottom: 75px !important;padding-left: 0px !important;}&#8221; el_class=&#8221;fabio&#8221; uncode_shortcode_id=&#8221;212402&#8243;][vc_column_inner column_width_percent=&#8221;100&#8243; position_vertical=&#8221;middle&#8221; align_horizontal=&#8221;align_right&#8221; gutter_size=&#8221;3&#8243; overlay_alpha=&#8221;50&#8243; shift_x=&#8221;0&#8243; shift_y=&#8221;0&#8243; shift_y_down=&#8221;0&#8243; z_index=&#8221;0&#8243; medium_width=&#8221;0&#8243; mobile_width=&#8221;0&#8243; css_animation=&#8221;left-t-right&#8221; width=&#8221;1\/2&#8243; css=&#8221;.vc_custom_1622471364238{padding-top: 0px !important;padding-right: 0px !important;padding-bottom: 0px !important;padding-left: 0px !important;}&#8221;][vc_single_image media=&#8221;99813&#8243; media_width_use_pixel=&#8221;yes&#8221; alignment=&#8221;center&#8221; css_animation=&#8221;left-t-right&#8221; media_width_pixel=&#8221;100&#8243; el_class=&#8221;bigger&#8221; uncode_shortcode_id=&#8221;147185&#8243;][\/vc_column_inner][vc_column_inner column_width_percent=&#8221;100&#8243; position_vertical=&#8221;middle&#8221; align_horizontal=&#8221;align_center&#8221; gutter_size=&#8221;3&#8243; overlay_alpha=&#8221;50&#8243; shift_x=&#8221;0&#8243; shift_y=&#8221;0&#8243; shift_y_down=&#8221;0&#8243; z_index=&#8221;0&#8243; medium_width=&#8221;0&#8243; mobile_width=&#8221;0&#8243; css_animation=&#8221;right-t-left&#8221; animation_speed=&#8221;800&#8243; animation_delay=&#8221;200&#8243; width=&#8221;1\/2&#8243; css=&#8221;.vc_custom_1621006903377{padding-top: 0px !important;padding-bottom: 0px !important;padding-left: 0px !important;}&#8221;][vc_column_text el_class=&#8221;text-mo&#8221; uncode_shortcode_id=&#8221;104059&#8243;]<\/p>\n<h3>Autodromo<\/h3>\n<p>Tipo: Ale<br \/>Cor: Mogno<br \/><a class=\"fl-link fl-link--line\" href=\"https:\/\/www.flfuoriserie.com\/en\/fl-fuoriserie-selection-mobile\/performance-beer-mobile\/autodromo-mobile\/\">Saiba mais<\/a>[\/vc_column_text][\/vc_column_inner][\/vc_row_inner][vc_row_inner row_inner_height_percent=&#8221;0&#8243; back_image=&#8221;100007&#8243; back_position=&#8221;left top&#8221; overlay_alpha=&#8221;50&#8243; equal_height=&#8221;yes&#8221; gutter_size=&#8221;0&#8243; shift_y=&#8221;0&#8243; z_index=&#8221;0&#8243; css=&#8221;.vc_custom_1685026325079{margin-top: 0px !important;margin-bottom: 0px !important;padding-top: 0px !important;padding-right: 0px !important;padding-bottom: 75px !important;padding-left: 0px !important;}&#8221; el_class=&#8221;fabio&#8221; uncode_shortcode_id=&#8221;171825&#8243;][vc_column_inner column_width_percent=&#8221;100&#8243; position_vertical=&#8221;middle&#8221; align_horizontal=&#8221;align_right&#8221; gutter_size=&#8221;3&#8243; overlay_alpha=&#8221;50&#8243; shift_x=&#8221;0&#8243; shift_y=&#8221;0&#8243; shift_y_down=&#8221;0&#8243; z_index=&#8221;0&#8243; medium_width=&#8221;0&#8243; mobile_width=&#8221;0&#8243; css_animation=&#8221;left-t-right&#8221; width=&#8221;1\/2&#8243; css=&#8221;.vc_custom_1622471364238{padding-top: 0px !important;padding-right: 0px !important;padding-bottom: 0px !important;padding-left: 0px !important;}&#8221;][vc_single_image media=&#8221;99819&#8243; media_width_use_pixel=&#8221;yes&#8221; alignment=&#8221;center&#8221; css_animation=&#8221;left-t-right&#8221; media_width_pixel=&#8221;100&#8243; el_class=&#8221;bigger&#8221; uncode_shortcode_id=&#8221;243704&#8243;][\/vc_column_inner][vc_column_inner column_width_percent=&#8221;100&#8243; position_vertical=&#8221;middle&#8221; align_horizontal=&#8221;align_center&#8221; gutter_size=&#8221;3&#8243; overlay_alpha=&#8221;50&#8243; shift_x=&#8221;0&#8243; shift_y=&#8221;0&#8243; shift_y_down=&#8221;0&#8243; z_index=&#8221;0&#8243; medium_width=&#8221;0&#8243; mobile_width=&#8221;0&#8243; css_animation=&#8221;right-t-left&#8221; animation_speed=&#8221;800&#8243; animation_delay=&#8221;200&#8243; width=&#8221;1\/2&#8243; css=&#8221;.vc_custom_1621006903377{padding-top: 0px !important;padding-bottom: 0px !important;padding-left: 0px !important;}&#8221;][vc_column_text el_class=&#8221;text-mo&#8221; uncode_shortcode_id=&#8221;738474&#8243;]<\/p>\n<h3>Granpremio<\/h3>\n<p>Tipo: Witbier<br \/>Cor: Amarelo p\u00e1lido<br \/><a class=\"fl-link fl-link--line\" href=\"https:\/\/www.flfuoriserie.com\/en\/fl-fuoriserie-selection-mobile\/performance-beer-mobile\/granpremio-mobile\/\">Saiba mais<\/a>[\/vc_column_text][\/vc_column_inner][\/vc_row_inner][vc_row_inner row_inner_height_percent=&#8221;0&#8243; back_image=&#8221;100013&#8243; back_position=&#8221;left top&#8221; overlay_alpha=&#8221;50&#8243; equal_height=&#8221;yes&#8221; gutter_size=&#8221;0&#8243; shift_y=&#8221;0&#8243; z_index=&#8221;0&#8243; css=&#8221;.vc_custom_1685026346776{margin-top: 0px !important;margin-bottom: 0px !important;padding-top: 0px !important;padding-right: 0px !important;padding-bottom: 75px !important;padding-left: 0px !important;}&#8221; el_class=&#8221;fabio&#8221; uncode_shortcode_id=&#8221;195867&#8243;][vc_column_inner column_width_percent=&#8221;100&#8243; position_vertical=&#8221;middle&#8221; align_horizontal=&#8221;align_right&#8221; gutter_size=&#8221;3&#8243; overlay_alpha=&#8221;50&#8243; shift_x=&#8221;0&#8243; shift_y=&#8221;0&#8243; shift_y_down=&#8221;0&#8243; z_index=&#8221;0&#8243; medium_width=&#8221;0&#8243; mobile_width=&#8221;0&#8243; css_animation=&#8221;left-t-right&#8221; width=&#8221;1\/2&#8243; css=&#8221;.vc_custom_1622471364238{padding-top: 0px !important;padding-right: 0px !important;padding-bottom: 0px !important;padding-left: 0px !important;}&#8221;][vc_single_image media=&#8221;99810&#8243; media_width_use_pixel=&#8221;yes&#8221; alignment=&#8221;center&#8221; css_animation=&#8221;left-t-right&#8221; media_width_pixel=&#8221;100&#8243; el_class=&#8221;bigger&#8221; uncode_shortcode_id=&#8221;264228&#8243;][\/vc_column_inner][vc_column_inner column_width_percent=&#8221;100&#8243; position_vertical=&#8221;middle&#8221; align_horizontal=&#8221;align_center&#8221; gutter_size=&#8221;3&#8243; overlay_alpha=&#8221;50&#8243; shift_x=&#8221;0&#8243; shift_y=&#8221;0&#8243; shift_y_down=&#8221;0&#8243; z_index=&#8221;0&#8243; medium_width=&#8221;0&#8243; mobile_width=&#8221;0&#8243; css_animation=&#8221;right-t-left&#8221; animation_speed=&#8221;800&#8243; animation_delay=&#8221;200&#8243; width=&#8221;1\/2&#8243; css=&#8221;.vc_custom_1621006903377{padding-top: 0px !important;padding-bottom: 0px !important;padding-left: 0px !important;}&#8221;][vc_column_text el_class=&#8221;text-mo&#8221; uncode_shortcode_id=&#8221;592970&#8243;]<\/p>\n<h3>Granturismo<\/h3>\n<p>Tipo: India Pale Ale<br \/>Cor: Amarelo \u00e2mbar<br \/><a class=\"fl-link fl-link--line\" href=\"https:\/\/www.flfuoriserie.com\/en\/fl-fuoriserie-selection-mobile\/performance-beer-mobile\/granturismo-mobile\/\">Saiba mais<\/a>[\/vc_column_text][\/vc_column_inner][\/vc_row_inner][\/vc_column][\/vc_row][vc_row][vc_column width=&#8221;1\/1&#8243;][uncode_block id=&#8221;85309&#8243;][\/vc_column][\/vc_row]<\/p>\n<\/div>","protected":false},"excerpt":{"rendered":"<p>[vc_row][vc_column width=&#8221;1\/1&#8243;][vc_row_inner row_inner_height_percent=&#8221;0&#8243; back_image=&#8221;87032&#8243; back_position=&#8221;right center&#8221; overlay_alpha=&#8221;50&#8243; equal_height=&#8221;yes&#8221; gutter_size=&#8221;0&#8243; shift_y=&#8221;0&#8243; z_index=&#8221;0&#8243; css=&#8221;.vc_custom_1685028314819{margin-top: 0px !important;margin-bottom: 0px !important;padding-top: 0px !important;padding-right: 0px !important;padding-bottom: [&hellip;]<\/p>\n","protected":false},"author":8,"featured_media":0,"parent":0,"menu_order":0,"comment_status":"closed","ping_status":"closed","template":"","meta":{"_monsterinsights_skip_tracking":false,"_monsterinsights_sitenote_active":false,"_monsterinsights_sitenote_note":"","_monsterinsights_sitenote_category":0,"footnotes":""},"class_list":["post-99887","page","type-page","status-publish","hentry","page_category-mobile-pt-br"],"_links":{"self":[{"href":"https:\/\/www.flfuoriserie.com\/pt-br\/wp-json\/wp\/v2\/pages\/99887","targetHints":{"allow":["GET"]}}],"collection":[{"href":"https:\/\/www.flfuoriserie.com\/pt-br\/wp-json\/wp\/v2\/pages"}],"about":[{"href":"https:\/\/www.flfuoriserie.com\/pt-br\/wp-json\/wp\/v2\/types\/page"}],"author":[{"embeddable":true,"href":"https:\/\/www.flfuoriserie.com\/pt-br\/wp-json\/wp\/v2\/users\/8"}],"replies":[{"embeddable":true,"href":"https:\/\/www.flfuoriserie.com\/pt-br\/wp-json\/wp\/v2\/comments?post=99887"}],"version-history":[{"count":17,"href":"https:\/\/www.flfuoriserie.com\/pt-br\/wp-json\/wp\/v2\/pages\/99887\/revisions"}],"predecessor-version":[{"id":105580,"href":"https:\/\/www.flfuoriserie.com\/pt-br\/wp-json\/wp\/v2\/pages\/99887\/revisions\/105580"}],"wp:attachment":[{"href":"https:\/\/www.flfuoriserie.com\/pt-br\/wp-json\/wp\/v2\/media?parent=99887"}],"curies":[{"name":"wp","href":"https:\/\/api.w.org\/{rel}","templated":true}]}}