{"id":99765,"date":"2023-05-16T17:24:34","date_gmt":"2023-05-16T15:24:34","guid":{"rendered":"https:\/\/www.flfuoriserie.com\/fl-fuoriserie-selecao-mobile\/espiritos\/"},"modified":"2023-05-26T12:16:38","modified_gmt":"2023-05-26T10:16:38","slug":"espiritos-mobile","status":"publish","type":"page","link":"https:\/\/www.flfuoriserie.com\/pt-br\/espiritos-mobile\/","title":{"rendered":"Esp\u00edritos"},"content":{"rendered":"<div class=\"wpb-content-wrapper\"><p>[vc_row row_height_percent=&#8221;0&#8243; back_color=&#8221;color-jevc&#8221; overlay_alpha=&#8221;50&#8243; gutter_size=&#8221;3&#8243; column_width_percent=&#8221;100&#8243; shift_y=&#8221;0&#8243; z_index=&#8221;0&#8243; uncode_shortcode_id=&#8221;200556&#8243; back_color_type=&#8221;uncode-palette&#8221;][vc_column column_width_percent=&#8221;100&#8243; gutter_size=&#8221;3&#8243; overlay_alpha=&#8221;50&#8243; shift_x=&#8221;0&#8243; shift_y=&#8221;0&#8243; shift_y_down=&#8221;0&#8243; z_index=&#8221;0&#8243; medium_width=&#8221;0&#8243; mobile_width=&#8221;0&#8243; width=&#8221;1\/1&#8243; uncode_shortcode_id=&#8221;941074&#8243; el_class=&#8221;responsive ls&#8221;][vc_row_inner row_inner_height_percent=&#8221;0&#8243; back_image=&#8221;84823&#8243; overlay_alpha=&#8221;50&#8243; equal_height=&#8221;yes&#8221; gutter_size=&#8221;0&#8243; shift_y=&#8221;0&#8243; z_index=&#8221;0&#8243; css=&#8221;.vc_custom_1622445989430{margin-top: 0px !important;margin-bottom: 0px !important;padding-top: 0px !important;padding-right: 0px !important;padding-bottom: 75px !important;padding-left: 0px !important;}&#8221; limit_content=&#8221;&#8221;][vc_column_inner column_width_percent=&#8221;100&#8243; position_vertical=&#8221;middle&#8221; align_horizontal=&#8221;align_right&#8221; gutter_size=&#8221;3&#8243; overlay_alpha=&#8221;50&#8243; shift_x=&#8221;0&#8243; shift_y=&#8221;0&#8243; shift_y_down=&#8221;0&#8243; z_index=&#8221;0&#8243; medium_width=&#8221;0&#8243; mobile_width=&#8221;0&#8243; css_animation=&#8221;left-t-right&#8221; width=&#8221;1\/2&#8243; css=&#8221;.vc_custom_1620976913788{padding-top: 0px !important;padding-right: 0px !important;padding-bottom: 0px !important;padding-left: 0px !important;}&#8221;][vc_single_image media=&#8221;84801&#8243; media_width_use_pixel=&#8221;yes&#8221; alignment=&#8221;center&#8221; css_animation=&#8221;left-t-right&#8221; media_width_pixel=&#8221;90&#8243; el_class=&#8221;bigger&#8221; el_id=&#8221;marrig&#8221;][\/vc_column_inner][vc_column_inner column_width_percent=&#8221;100&#8243; position_vertical=&#8221;middle&#8221; align_horizontal=&#8221;align_center&#8221; gutter_size=&#8221;3&#8243; overlay_alpha=&#8221;50&#8243; shift_x=&#8221;0&#8243; shift_y=&#8221;0&#8243; shift_y_down=&#8221;0&#8243; z_index=&#8221;0&#8243; medium_width=&#8221;0&#8243; mobile_width=&#8221;0&#8243; width=&#8221;1\/2&#8243;][vc_column_text el_class=&#8221;text-mo&#8221; uncode_shortcode_id=&#8221;134517&#8243;]<\/p>\n<h3>Vermouth<\/h3>\n<p>Este vermute tinto \u00e9 o resultado da uni\u00e3o de vinhos finos da Toscana, especiarias preciosas e ervas arom\u00e1ticas.<br \/>\n<a class=\"fl-link fl-link--line\" href=\"https:\/\/www.flfuoriserie.com\/pt-br\/fl-fuoriserie-selecao-mobile\/espiritos-mobile\/vermouth-mobile\/\">Descubra mais<\/a>[\/vc_column_text][\/vc_column_inner][\/vc_row_inner][vc_row_inner row_inner_height_percent=&#8221;0&#8243; back_image=&#8221;84873&#8243; overlay_alpha=&#8221;50&#8243; equal_height=&#8221;yes&#8221; gutter_size=&#8221;0&#8243; shift_y=&#8221;0&#8243; z_index=&#8221;0&#8243; css=&#8221;.vc_custom_1622446003294{margin-top: 0px !important;margin-bottom: 0px !important;padding-top: 0px !important;padding-right: 0px !important;padding-bottom: 75px !important;padding-left: 0px !important;}&#8221; limit_content=&#8221;&#8221;][vc_column_inner column_width_percent=&#8221;100&#8243; align_horizontal=&#8221;align_center&#8221; gutter_size=&#8221;3&#8243; overlay_alpha=&#8221;50&#8243; shift_x=&#8221;0&#8243; shift_y=&#8221;0&#8243; shift_y_down=&#8221;0&#8243; z_index=&#8221;0&#8243; medium_width=&#8221;0&#8243; mobile_width=&#8221;0&#8243; css_animation=&#8221;left-t-right&#8221; width=&#8221;1\/2&#8243; css=&#8221;.vc_custom_1628153541552{padding-top: 0px !important;padding-right: 0px !important;padding-bottom: 0px !important;padding-left: 0px !important;}&#8221;][vc_single_image media=&#8221;97056&#8243; media_width_use_pixel=&#8221;yes&#8221; alignment=&#8221;center&#8221; css_animation=&#8221;left-t-right&#8221; el_class=&#8221;bigger&#8221; media_width_pixel=&#8221;125&#8243; uncode_shortcode_id=&#8221;379125&#8243;][vc_single_image media=&#8221;97047&#8243; media_width_use_pixel=&#8221;yes&#8221; alignment=&#8221;center&#8221; css_animation=&#8221;left-t-right&#8221; el_class=&#8221;bigger&#8221; media_width_pixel=&#8221;125&#8243; uncode_shortcode_id=&#8221;442728&#8243;][\/vc_column_inner][vc_column_inner column_width_percent=&#8221;100&#8243; align_horizontal=&#8221;align_center&#8221; gutter_size=&#8221;3&#8243; overlay_alpha=&#8221;50&#8243; shift_x=&#8221;0&#8243; shift_y=&#8221;0&#8243; shift_y_down=&#8221;0&#8243; z_index=&#8221;0&#8243; medium_width=&#8221;0&#8243; mobile_width=&#8221;0&#8243; css_animation=&#8221;right-t-left&#8221; animation_speed=&#8221;800&#8243; animation_delay=&#8221;200&#8243; width=&#8221;1\/2&#8243; css=&#8221;.vc_custom_1628073276670{padding-top: 0px !important;padding-right: 7% !important;padding-bottom: 0px !important;padding-left: 7% !important;}&#8221;][vc_column_text el_class=&#8221;text-mo&#8221; uncode_shortcode_id=&#8221;118016&#8243;]<\/p>\n<h3>Grappa<\/h3>\n<p><em>Mat\u00e9ria-Prima<\/em>: Vinacce de uvas Sangiovese produzidas na regi\u00e3o da Toscana<br \/>\n<em>M\u00e9todo de destila\u00e7\u00e3o:<\/em> Dupla destila\u00e7\u00e3o, em alambiques bagnomaria do tipo descont\u00ednuo<br \/>\n<a class=\"fl-link fl-link--line\" href=\"https:\/\/www.flfuoriserie.com\/pt-br\/fl-fuoriserie-selecao-mobile\/espiritos-mobile\/grappa-mobile\/\">Descubra mais<\/a>[\/vc_column_text][vc_column_text el_class=&#8221;text-mo&#8221; uncode_shortcode_id=&#8221;203155&#8243;]<\/p>\n<h3>Conhaque<\/h3>\n<p><em>Nome:<\/em> Brandy di Sangiovese.<br \/>\n<em>Origem<\/em>: regi\u00e3o de Chianti Classico, Floren\u00e7a, Toscana, It\u00e1lia<br \/>\n<em>Uvas:<\/em> Sangiovese 100%<br \/>\n<a class=\"fl-link fl-link--line\" href=\"https:\/\/www.flfuoriserie.com\/pt-br\/fl-fuoriserie-selecao-mobile\/espiritos-mobile\/conhaque-mobile\/\">Descubra mais<\/a>[\/vc_column_text][\/vc_column_inner][\/vc_row_inner][\/vc_column][\/vc_row][vc_row][vc_column width=&#8221;1\/1&#8243;][uncode_block id=&#8221;85309&#8243;][\/vc_column][\/vc_row]<\/p>\n<\/div>","protected":false},"excerpt":{"rendered":"<p>[vc_row row_height_percent=&#8221;0&#8243; back_color=&#8221;color-jevc&#8221; overlay_alpha=&#8221;50&#8243; gutter_size=&#8221;3&#8243; column_width_percent=&#8221;100&#8243; shift_y=&#8221;0&#8243; z_index=&#8221;0&#8243; uncode_shortcode_id=&#8221;200556&#8243; back_color_type=&#8221;uncode-palette&#8221;][vc_column column_width_percent=&#8221;100&#8243; gutter_size=&#8221;3&#8243; overlay_alpha=&#8221;50&#8243; shift_x=&#8221;0&#8243; shift_y=&#8221;0&#8243; shift_y_down=&#8221;0&#8243; z_index=&#8221;0&#8243; medium_width=&#8221;0&#8243; mobile_width=&#8221;0&#8243; width=&#8221;1\/1&#8243; [&hellip;]<\/p>\n","protected":false},"author":8,"featured_media":0,"parent":0,"menu_order":0,"comment_status":"closed","ping_status":"closed","template":"","meta":{"_monsterinsights_skip_tracking":false,"_monsterinsights_sitenote_active":false,"_monsterinsights_sitenote_note":"","_monsterinsights_sitenote_category":0,"footnotes":""},"class_list":["post-99765","page","type-page","status-publish","hentry","page_category-mobile-pt-br"],"_links":{"self":[{"href":"https:\/\/www.flfuoriserie.com\/pt-br\/wp-json\/wp\/v2\/pages\/99765","targetHints":{"allow":["GET"]}}],"collection":[{"href":"https:\/\/www.flfuoriserie.com\/pt-br\/wp-json\/wp\/v2\/pages"}],"about":[{"href":"https:\/\/www.flfuoriserie.com\/pt-br\/wp-json\/wp\/v2\/types\/page"}],"author":[{"embeddable":true,"href":"https:\/\/www.flfuoriserie.com\/pt-br\/wp-json\/wp\/v2\/users\/8"}],"replies":[{"embeddable":true,"href":"https:\/\/www.flfuoriserie.com\/pt-br\/wp-json\/wp\/v2\/comments?post=99765"}],"version-history":[{"count":9,"href":"https:\/\/www.flfuoriserie.com\/pt-br\/wp-json\/wp\/v2\/pages\/99765\/revisions"}],"predecessor-version":[{"id":100092,"href":"https:\/\/www.flfuoriserie.com\/pt-br\/wp-json\/wp\/v2\/pages\/99765\/revisions\/100092"}],"wp:attachment":[{"href":"https:\/\/www.flfuoriserie.com\/pt-br\/wp-json\/wp\/v2\/media?parent=99765"}],"curies":[{"name":"wp","href":"https:\/\/api.w.org\/{rel}","templated":true}]}}