{"id":98532,"date":"2023-04-06T16:58:44","date_gmt":"2023-04-06T14:58:44","guid":{"rendered":"https:\/\/www.flfuoriserie.com\/clipe-de-dinheiro\/"},"modified":"2023-04-06T17:25:21","modified_gmt":"2023-04-06T15:25:21","slug":"clipe-de-dinheiro-mobile","status":"publish","type":"page","link":"https:\/\/www.flfuoriserie.com\/pt-br\/clipe-de-dinheiro-mobile\/","title":{"rendered":"clipe de dinheiro"},"content":{"rendered":"<div class=\"wpb-content-wrapper\"><p>[vc_row row_height_percent=&#8221;0&#8243; back_color=&#8221;accent&#8221; overlay_alpha=&#8221;50&#8243; equal_height=&#8221;yes&#8221; gutter_size=&#8221;3&#8243; column_width_percent=&#8221;100&#8243; shift_y=&#8221;0&#8243; z_index=&#8221;0&#8243;][vc_column width=&#8221;1\/1&#8243;][vc_row_inner row_inner_height_percent=&#8221;0&#8243; back_image=&#8221;90466&#8243; back_position=&#8221;left bottom&#8221; overlay_alpha=&#8221;50&#8243; equal_height=&#8221;yes&#8221; gutter_size=&#8221;0&#8243; shift_y=&#8221;0&#8243; z_index=&#8221;0&#8243; css=&#8221;.vc_custom_1651659492590{margin-top: 0px !important;margin-bottom: 0px !important;padding-top: 75px !important;padding-right: 0px !important;padding-bottom: 75px !important;padding-left: 0px !important;}&#8221; uncode_shortcode_id=&#8221;130384&#8243;][vc_column_inner column_width_percent=&#8221;100&#8243; position_horizontal=&#8221;right&#8221; position_vertical=&#8221;middle&#8221; align_horizontal=&#8221;align_right&#8221; gutter_size=&#8221;3&#8243; overlay_alpha=&#8221;50&#8243; shift_x=&#8221;0&#8243; shift_y=&#8221;0&#8243; shift_y_down=&#8221;0&#8243; z_index=&#8221;0&#8243; medium_width=&#8221;0&#8243; mobile_width=&#8221;0&#8243; width=&#8221;1\/1&#8243; uncode_shortcode_id=&#8221;171533&#8243; css=&#8221;.vc_custom_1676976057112{padding-top: 30px !important;}&#8221;][vc_single_image media=&#8221;90455&#8243; media_width_percent=&#8221;60&#8243; alignment=&#8221;center&#8221; css_animation=&#8221;alpha-anim&#8221; uncode_shortcode_id=&#8221;164001&#8243;][vc_single_image media=&#8221;90453&#8243; media_width_percent=&#8221;60&#8243; alignment=&#8221;center&#8221; css_animation=&#8221;alpha-anim&#8221; uncode_shortcode_id=&#8221;121184&#8243;][vc_single_image media=&#8221;90457&#8243; media_width_percent=&#8221;60&#8243; alignment=&#8221;center&#8221; css_animation=&#8221;alpha-anim&#8221; uncode_shortcode_id=&#8221;262724&#8243;][vc_column_text text_color=&#8221;color-xsdn&#8221; border_color=&#8221;color-xsdn&#8221; border_style=&#8221;solid&#8221; css=&#8221;.vc_custom_1676977023088{margin-right: 8% !important;margin-bottom: 25px !important;margin-left: 8% !important;border-top-width: 0px !important;border-bottom-width: 1px !important;padding-bottom: 25px !important;}&#8221; uncode_shortcode_id=&#8221;668958&#8243; border_color_type=&#8221;uncode-palette&#8221; text_color_type=&#8221;uncode-palette&#8221;]<\/p>\n<p style=\"text-align: justify;\">Dispon\u00edvel em lat\u00e3o com partes esmaltadas:<\/p>\n<ol>\n<li style=\"text-align: left;\">Galvanizado em rut\u00eanio acetinado 1mc.<\/li>\n<li style=\"text-align: left;\">Galvanizado em ouro 1mc<\/li>\n<li style=\"text-align: left;\">Tanto na vers\u00e3o galvanizada a ouro 1mc como na vers\u00e3o rut\u00e9nio polido 1mc<\/li>\n<\/ol>\n<p>[\/vc_column_text][vc_column_text css=&#8221;.vc_custom_1676977112895{margin-top: 0px !important;padding-top: 0px !important;padding-right: 8% !important;padding-bottom: 20px !important;padding-left: 8% !important;}&#8221; uncode_shortcode_id=&#8221;130317&#8243;]<\/p>\n<p style=\"text-align: justify;\">A exclusividade deste porta-moedas encontra o seu melhor reflexo nas suas variantes geom\u00e9tricas, com um inconfund\u00edvel charme Fuoriserie.<\/p>\n<p>[\/vc_column_text][\/vc_column_inner][\/vc_row_inner][\/vc_column][\/vc_row][vc_row][vc_column width=&#8221;1\/1&#8243;][uncode_block id=&#8221;85309&#8243;][\/vc_column][\/vc_row]<\/p>\n<\/div>","protected":false},"excerpt":{"rendered":"<p>[vc_row row_height_percent=&#8221;0&#8243; back_color=&#8221;accent&#8221; overlay_alpha=&#8221;50&#8243; equal_height=&#8221;yes&#8221; gutter_size=&#8221;3&#8243; column_width_percent=&#8221;100&#8243; shift_y=&#8221;0&#8243; z_index=&#8221;0&#8243;][vc_column width=&#8221;1\/1&#8243;][vc_row_inner row_inner_height_percent=&#8221;0&#8243; back_image=&#8221;90466&#8243; back_position=&#8221;left bottom&#8221; overlay_alpha=&#8221;50&#8243; equal_height=&#8221;yes&#8221; gutter_size=&#8221;0&#8243; shift_y=&#8221;0&#8243; z_index=&#8221;0&#8243; css=&#8221;.vc_custom_1651659492590{margin-top: [&hellip;]<\/p>\n","protected":false},"author":8,"featured_media":0,"parent":0,"menu_order":0,"comment_status":"closed","ping_status":"closed","template":"","meta":{"_monsterinsights_skip_tracking":false,"_monsterinsights_sitenote_active":false,"_monsterinsights_sitenote_note":"","_monsterinsights_sitenote_category":0,"footnotes":""},"class_list":["post-98532","page","type-page","status-publish","hentry","page_category-mobile-pt-br"],"_links":{"self":[{"href":"https:\/\/www.flfuoriserie.com\/pt-br\/wp-json\/wp\/v2\/pages\/98532","targetHints":{"allow":["GET"]}}],"collection":[{"href":"https:\/\/www.flfuoriserie.com\/pt-br\/wp-json\/wp\/v2\/pages"}],"about":[{"href":"https:\/\/www.flfuoriserie.com\/pt-br\/wp-json\/wp\/v2\/types\/page"}],"author":[{"embeddable":true,"href":"https:\/\/www.flfuoriserie.com\/pt-br\/wp-json\/wp\/v2\/users\/8"}],"replies":[{"embeddable":true,"href":"https:\/\/www.flfuoriserie.com\/pt-br\/wp-json\/wp\/v2\/comments?post=98532"}],"version-history":[{"count":5,"href":"https:\/\/www.flfuoriserie.com\/pt-br\/wp-json\/wp\/v2\/pages\/98532\/revisions"}],"predecessor-version":[{"id":98546,"href":"https:\/\/www.flfuoriserie.com\/pt-br\/wp-json\/wp\/v2\/pages\/98532\/revisions\/98546"}],"wp:attachment":[{"href":"https:\/\/www.flfuoriserie.com\/pt-br\/wp-json\/wp\/v2\/media?parent=98532"}],"curies":[{"name":"wp","href":"https:\/\/api.w.org\/{rel}","templated":true}]}}