{"id":98425,"date":"2023-04-04T16:37:36","date_gmt":"2023-04-04T14:37:36","guid":{"rendered":"https:\/\/www.flfuoriserie.com\/trans-bureau-dock\/"},"modified":"2023-04-14T16:37:41","modified_gmt":"2023-04-14T14:37:41","slug":"trans-bureau-dock","status":"publish","type":"page","link":"https:\/\/www.flfuoriserie.com\/pt-br\/colaboracoes\/moveis-exclusivos-feitos-a-mao\/trans-bureau-dock\/","title":{"rendered":"Trans Bureau \u201cDoca\u201d"},"content":{"rendered":"<div class=\"wpb-content-wrapper\"><p>[vc_row row_height_percent=&#8221;0&#8243; back_image=&#8221;97896&#8243; overlay_alpha=&#8221;50&#8243; gutter_size=&#8221;3&#8243; column_width_percent=&#8221;100&#8243; shift_y=&#8221;0&#8243; z_index=&#8221;0&#8243; uncode_shortcode_id=&#8221;623686&#8243; css=&#8221;.vc_custom_1680011471810{padding-top: 75px !important;padding-right: 0px !important;padding-bottom: 75px !important;padding-left: 0px !important;}&#8221; el_class=&#8221;divconslide portrait2&#8243;][vc_column column_width_percent=&#8221;100&#8243; position_vertical=&#8221;middle&#8221; gutter_size=&#8221;3&#8243; overlay_alpha=&#8221;50&#8243; shift_x=&#8221;0&#8243; shift_y=&#8221;0&#8243; shift_y_down=&#8221;0&#8243; z_index=&#8221;0&#8243; medium_width=&#8221;0&#8243; mobile_width=&#8221;0&#8243; width=&#8221;1\/3&#8243; uncode_shortcode_id=&#8221;157076&#8243; css=&#8221;.vc_custom_1677578213556{padding-top: 0px !important;padding-right: 0px !important;padding-bottom: 0px !important;padding-left: 0px !important;}&#8221; el_class=&#8221;parte-text order2&#8243;][vc_column_text text_color=&#8221;color-xsdn&#8221; uncode_shortcode_id=&#8221;151689&#8243; text_color_type=&#8221;uncode-palette&#8221; css=&#8221;.vc_custom_1681483121846{padding-top: 25px !important;padding-right: 5% !important;padding-bottom: 25px !important;padding-left: 5% !important;}&#8221; el_class=&#8221;scroll&#8221;]Abre a tua mala e vais deparar com\u2026 um mini escrit\u00f3rio!<\/p>\n<p id=\"tw-target-text\" class=\"tw-data-text tw-text-large tw-ta\" dir=\"ltr\" data-placeholder=\"Tradu\u00e7\u00e3o\"><span class=\"Y2IQFc\" lang=\"pt\">Como uma doca (ou uma base) onde voc\u00ea pode mergulhar em seu pr\u00f3prio mundo.<\/span><\/p>\n<p>Com esta mala no seu quarto, pode criar um segundo espa\u00e7o confort\u00e1vel s\u00f3 para si. Fechado o porta-malas se transforma em um m\u00f3vel compacto e sofisticado que se integra naturalmente ao seu interior. \u00c9 equipado com rod\u00edzios e, portanto, \u00e9 facilmente movido. Combina flexibilidade e conforto e adapta-se a m\u00faltiplas ocasi\u00f5es e finalidades. Inclui uma esta\u00e7\u00e3o de fornecimento de energia, um painel de design, um organizador de mesa e uma lumin\u00e1ria de mesa.[\/vc_column_text][\/vc_column][vc_column column_width_percent=&#8221;100&#8243; position_vertical=&#8221;middle&#8221; gutter_size=&#8221;3&#8243; overlay_alpha=&#8221;50&#8243; shift_x=&#8221;0&#8243; shift_y=&#8221;0&#8243; shift_y_down=&#8221;0&#8243; z_index=&#8221;0&#8243; medium_width=&#8221;0&#8243; mobile_width=&#8221;0&#8243; width=&#8221;1\/3&#8243; uncode_shortcode_id=&#8221;165965&#8243; css=&#8221;.vc_custom_1677578305106{padding-top: 0px !important;padding-right: 0px !important;padding-bottom: 0px !important;padding-left: 0px !important;}&#8221; el_class=&#8221;parte-img&#8221;][uncode_slider slider_interval=&#8221;0&#8243; slider_navspeed=&#8221;400&#8243; slider_hide_dots=&#8221;yes&#8221;][vc_row_inner][vc_column_inner width=&#8221;1\/1&#8243;][vc_single_image media=&#8221;98340&#8243; media_width_percent=&#8221;100&#8243; media_ratio=&#8221;one-one&#8221; uncode_shortcode_id=&#8221;197101&#8243;][\/vc_column_inner][\/vc_row_inner][vc_row_inner][vc_column_inner width=&#8221;1\/1&#8243;][vc_single_image media=&#8221;98343&#8243; media_width_percent=&#8221;100&#8243; media_ratio=&#8221;one-one&#8221; uncode_shortcode_id=&#8221;184908&#8243;][\/vc_column_inner][\/vc_row_inner][vc_row_inner][vc_column_inner width=&#8221;1\/1&#8243;][vc_single_image media=&#8221;98337&#8243; media_width_percent=&#8221;100&#8243; media_ratio=&#8221;one-one&#8221; uncode_shortcode_id=&#8221;109212&#8243;][\/vc_column_inner][\/vc_row_inner][vc_row_inner row_inner_height_percent=&#8221;0&#8243; overlay_alpha=&#8221;50&#8243; gutter_size=&#8221;3&#8243; shift_y=&#8221;0&#8243; z_index=&#8221;0&#8243; uncode_shortcode_id=&#8221;501288&#8243; css=&#8221;.vc_custom_1677581417156{padding-top: 0px !important;padding-right: 0px !important;padding-bottom: 0px !important;padding-left: 0px !important;}&#8221;][vc_column_inner width=&#8221;1\/1&#8243;][vc_single_image media=&#8221;98349&#8243; media_width_percent=&#8221;100&#8243; media_ratio=&#8221;one-one&#8221; uncode_shortcode_id=&#8221;172382&#8243;][\/vc_column_inner][\/vc_row_inner][vc_row_inner row_inner_height_percent=&#8221;0&#8243; overlay_alpha=&#8221;50&#8243; gutter_size=&#8221;3&#8243; shift_y=&#8221;0&#8243; z_index=&#8221;0&#8243; uncode_shortcode_id=&#8221;689429&#8243; css=&#8221;.vc_custom_1677518243854{padding-top: 0px !important;padding-right: 0px !important;padding-bottom: 0px !important;padding-left: 0px !important;}&#8221;][vc_column_inner column_width_percent=&#8221;100&#8243; gutter_size=&#8221;3&#8243; overlay_alpha=&#8221;50&#8243; shift_x=&#8221;0&#8243; shift_y=&#8221;0&#8243; shift_y_down=&#8221;0&#8243; z_index=&#8221;0&#8243; medium_width=&#8221;0&#8243; mobile_width=&#8221;0&#8243; width=&#8221;1\/1&#8243; uncode_shortcode_id=&#8221;101577&#8243;][vc_single_image media=&#8221;98352&#8243; media_width_percent=&#8221;100&#8243; media_ratio=&#8221;one-one&#8221; uncode_shortcode_id=&#8221;708315&#8243;][\/vc_column_inner][\/vc_row_inner][\/uncode_slider][\/vc_column][vc_column column_width_percent=&#8221;100&#8243; position_vertical=&#8221;middle&#8221; gutter_size=&#8221;3&#8243; overlay_alpha=&#8221;50&#8243; shift_x=&#8221;0&#8243; shift_y=&#8221;0&#8243; shift_y_down=&#8221;0&#8243; z_index=&#8221;0&#8243; medium_width=&#8221;0&#8243; mobile_width=&#8221;0&#8243; width=&#8221;1\/3&#8243; uncode_shortcode_id=&#8221;185527&#8243; el_class=&#8221;parte-text order3&#8243;][vc_column_text text_color=&#8221;color-xsdn&#8221; uncode_shortcode_id=&#8221;487385&#8243; text_color_type=&#8221;uncode-palette&#8221; css=&#8221;.vc_custom_1677601062285{padding-top: 25px !important;padding-right: 5% !important;padding-bottom: 25px !important;padding-left: 5% !important;}&#8221;]<\/p>\n<p style=\"text-align: left\">Tamanho fechado: 110 cm (largura), 70 cm (profundidade), 180 cm (altura)<br \/>\nTamanho aberto: 150 cm (largura), 150 cm (profundidade), 180 cm (altura)<\/p>\n<p>[\/vc_column_text][\/vc_column][\/vc_row][vc_row][vc_column width=&#8221;1\/1&#8243;][uncode_block id=&#8221;85012&#8243;][\/vc_column][\/vc_row]<\/p>\n<\/div>","protected":false},"excerpt":{"rendered":"<p>[vc_row row_height_percent=&#8221;0&#8243; back_image=&#8221;97896&#8243; overlay_alpha=&#8221;50&#8243; gutter_size=&#8221;3&#8243; column_width_percent=&#8221;100&#8243; shift_y=&#8221;0&#8243; z_index=&#8221;0&#8243; uncode_shortcode_id=&#8221;623686&#8243; css=&#8221;.vc_custom_1680011471810{padding-top: 75px !important;padding-right: 0px !important;padding-bottom: 75px !important;padding-left: 0px !important;}&#8221; el_class=&#8221;divconslide portrait2&#8243;][vc_column [&hellip;]<\/p>\n","protected":false},"author":8,"featured_media":0,"parent":98455,"menu_order":0,"comment_status":"closed","ping_status":"closed","template":"","meta":{"_monsterinsights_skip_tracking":false,"_monsterinsights_sitenote_active":false,"_monsterinsights_sitenote_note":"","_monsterinsights_sitenote_category":0,"footnotes":""},"class_list":["post-98425","page","type-page","status-publish","hentry"],"_links":{"self":[{"href":"https:\/\/www.flfuoriserie.com\/pt-br\/wp-json\/wp\/v2\/pages\/98425","targetHints":{"allow":["GET"]}}],"collection":[{"href":"https:\/\/www.flfuoriserie.com\/pt-br\/wp-json\/wp\/v2\/pages"}],"about":[{"href":"https:\/\/www.flfuoriserie.com\/pt-br\/wp-json\/wp\/v2\/types\/page"}],"author":[{"embeddable":true,"href":"https:\/\/www.flfuoriserie.com\/pt-br\/wp-json\/wp\/v2\/users\/8"}],"replies":[{"embeddable":true,"href":"https:\/\/www.flfuoriserie.com\/pt-br\/wp-json\/wp\/v2\/comments?post=98425"}],"version-history":[{"count":4,"href":"https:\/\/www.flfuoriserie.com\/pt-br\/wp-json\/wp\/v2\/pages\/98425\/revisions"}],"predecessor-version":[{"id":98681,"href":"https:\/\/www.flfuoriserie.com\/pt-br\/wp-json\/wp\/v2\/pages\/98425\/revisions\/98681"}],"up":[{"embeddable":true,"href":"https:\/\/www.flfuoriserie.com\/pt-br\/wp-json\/wp\/v2\/pages\/98455"}],"wp:attachment":[{"href":"https:\/\/www.flfuoriserie.com\/pt-br\/wp-json\/wp\/v2\/media?parent=98425"}],"curies":[{"name":"wp","href":"https:\/\/api.w.org\/{rel}","templated":true}]}}