{"id":98065,"date":"2023-03-30T11:29:54","date_gmt":"2023-03-30T09:29:54","guid":{"rendered":"https:\/\/www.flfuoriserie.com\/fl-fuoriserie-selection\/moveis-exclusivos-feitos-a-mao\/"},"modified":"2023-04-10T21:36:43","modified_gmt":"2023-04-10T19:36:43","slug":"moveis-exclusivos-feitos-a-mao-mobile","status":"publish","type":"page","link":"https:\/\/www.flfuoriserie.com\/pt-br\/fl-fuoriserie-selecao-mobile\/moveis-exclusivos-feitos-a-mao-mobile\/","title":{"rendered":"M\u00f3veis exclusivos feitos \u00e0 m\u00e3o"},"content":{"rendered":"<div class=\"wpb-content-wrapper\"><p>[vc_row unlock_row_content=&#8221;yes&#8221; row_height_percent=&#8221;0&#8243; back_color=&#8221;accent&#8221; overlay_alpha=&#8221;50&#8243; gutter_size=&#8221;3&#8243; column_width_percent=&#8221;100&#8243; shift_y=&#8221;0&#8243; z_index=&#8221;0&#8243; css=&#8221;.vc_custom_1679671519960{margin-top: 0px !important;margin-bottom: 0px !important;}&#8221; uncode_shortcode_id=&#8221;808825&#8243; back_color_type=&#8221;uncode-palette&#8221; el_class=&#8221;responsive&#8221;][vc_column column_width_percent=&#8221;100&#8243; gutter_size=&#8221;3&#8243; overlay_alpha=&#8221;50&#8243; shift_x=&#8221;0&#8243; shift_y=&#8221;0&#8243; shift_y_down=&#8221;0&#8243; z_index=&#8221;0&#8243; medium_width=&#8221;0&#8243; mobile_width=&#8221;0&#8243; width=&#8221;1\/1&#8243; el_class=&#8221;ls&#8221; uncode_shortcode_id=&#8221;134751&#8243;][vc_row_inner row_inner_height_percent=&#8221;0&#8243; back_image=&#8221;97893&#8243; back_position=&#8221;center center&#8221; overlay_alpha=&#8221;50&#8243; equal_height=&#8221;yes&#8221; gutter_size=&#8221;0&#8243; shift_y=&#8221;0&#8243; z_index=&#8221;0&#8243; css=&#8221;.vc_custom_1680012452986{margin-top: 0px !important;margin-bottom: 0px !important;padding-top: 75px !important;padding-right: 0px !important;padding-bottom: 75px !important;padding-left: 0px !important;}&#8221; uncode_shortcode_id=&#8221;140533&#8243; el_class=&#8221;fabio&#8221;][vc_column_inner column_width_percent=&#8221;100&#8243; position_vertical=&#8221;middle&#8221; align_horizontal=&#8221;align_right&#8221; gutter_size=&#8221;3&#8243; overlay_alpha=&#8221;50&#8243; shift_x=&#8221;0&#8243; shift_y=&#8221;0&#8243; shift_y_down=&#8221;0&#8243; z_index=&#8221;0&#8243; medium_width=&#8221;0&#8243; mobile_width=&#8221;0&#8243; css_animation=&#8221;left-t-right&#8221; width=&#8221;1\/2&#8243; css=&#8221;.vc_custom_1680014729033{padding-top: 0px !important;padding-right: 0px !important;padding-bottom: 25px !important;padding-left: 5% !important;}&#8221; uncode_shortcode_id=&#8221;137266&#8243;][vc_single_image media=&#8221;97655&#8243; media_width_use_pixel=&#8221;yes&#8221; alignment=&#8221;center&#8221; css_animation=&#8221;left-t-right&#8221; media_width_pixel=&#8221;260&#8243; uncode_shortcode_id=&#8221;139596&#8243;][\/vc_column_inner][vc_column_inner column_width_percent=&#8221;100&#8243; position_vertical=&#8221;middle&#8221; align_horizontal=&#8221;align_center&#8221; gutter_size=&#8221;3&#8243; overlay_alpha=&#8221;50&#8243; shift_x=&#8221;0&#8243; shift_y=&#8221;0&#8243; shift_y_down=&#8221;0&#8243; z_index=&#8221;0&#8243; medium_width=&#8221;0&#8243; mobile_width=&#8221;0&#8243; css_animation=&#8221;right-t-left&#8221; animation_speed=&#8221;800&#8243; animation_delay=&#8221;200&#8243; width=&#8221;1\/2&#8243; css=&#8221;.vc_custom_1680014741353{padding-top: 0px !important;padding-right: 5% !important;padding-bottom: 25px !important;padding-left: 5% !important;}&#8221; uncode_shortcode_id=&#8221;100913&#8243;][vc_column_text uncode_shortcode_id=&#8221;201942&#8243;]<\/p>\n<h5 style=\"text-align: center;\">Cerim\u00f4nia do ch\u00e1<\/h5>\n<p style=\"text-align: center;\">Fechado: W. 44 cm, D. 22 cm, H. 47 cm<br \/>\nAberto: W. 88,6 cm, D. 21,8 cm, H. 47 cm<\/p>\n<p style=\"text-align: center;\"><a class=\"fl-link fl-link--line\" href=\"https:\/\/www.flfuoriserie.com\/pt-br\/fl-fuoriserie-selecao-mobile\/moveis-exclusivos-feitos-a-mao-mobile\/cerimonia-do-cha-mobile\/\">Descubra mais<\/a><\/p>\n<p>[\/vc_column_text][\/vc_column_inner][\/vc_row_inner][vc_row_inner row_inner_height_percent=&#8221;0&#8243; back_image=&#8221;97896&#8243; overlay_alpha=&#8221;50&#8243; equal_height=&#8221;yes&#8221; gutter_size=&#8221;0&#8243; shift_y=&#8221;0&#8243; z_index=&#8221;0&#8243; css=&#8221;.vc_custom_1680012516233{margin-top: 0px !important;margin-bottom: 0px !important;padding-top: 75px !important;padding-right: 0px !important;padding-bottom: 75px !important;padding-left: 0px !important;}&#8221; el_class=&#8221;fabio&#8221; uncode_shortcode_id=&#8221;155367&#8243;][vc_column_inner column_width_percent=&#8221;100&#8243; position_vertical=&#8221;middle&#8221; align_horizontal=&#8221;align_right&#8221; gutter_size=&#8221;3&#8243; overlay_alpha=&#8221;50&#8243; shift_x=&#8221;0&#8243; shift_y=&#8221;0&#8243; shift_y_down=&#8221;0&#8243; z_index=&#8221;0&#8243; medium_width=&#8221;0&#8243; mobile_width=&#8221;0&#8243; css_animation=&#8221;left-t-right&#8221; width=&#8221;1\/2&#8243; css=&#8221;.vc_custom_1680014789778{padding-top: 0px !important;padding-right: 0px !important;padding-bottom: 25px !important;padding-left: 5% !important;}&#8221; uncode_shortcode_id=&#8221;165902&#8243;][vc_single_image media=&#8221;97627&#8243; media_width_use_pixel=&#8221;yes&#8221; alignment=&#8221;center&#8221; css_animation=&#8221;left-t-right&#8221; media_width_pixel=&#8221;260&#8243; uncode_shortcode_id=&#8221;162269&#8243;][\/vc_column_inner][vc_column_inner column_width_percent=&#8221;100&#8243; position_horizontal=&#8221;right&#8221; position_vertical=&#8221;middle&#8221; align_horizontal=&#8221;align_right&#8221; gutter_size=&#8221;3&#8243; overlay_alpha=&#8221;50&#8243; shift_x=&#8221;0&#8243; shift_y=&#8221;0&#8243; shift_y_down=&#8221;0&#8243; z_index=&#8221;0&#8243; medium_width=&#8221;0&#8243; mobile_width=&#8221;0&#8243; css_animation=&#8221;right-t-left&#8221; animation_speed=&#8221;800&#8243; animation_delay=&#8221;200&#8243; width=&#8221;1\/2&#8243; css=&#8221;.vc_custom_1680014801578{padding-top: 0px !important;padding-right: 5% !important;padding-bottom: 0px !important;padding-left: 5% !important;}&#8221; uncode_shortcode_id=&#8221;134314&#8243;][vc_column_text uncode_shortcode_id=&#8221;121082&#8243;]<\/p>\n<h5 style=\"text-align: center;\">Trans bureau \u201cDock\u201d<\/h5>\n<p style=\"text-align: center;\">Fechado: W. 110 cm, D. 70 cm, H. 180 cm<br \/>\nAberto: W. 150 cm, D. 150 cm, H. 180 cm<\/p>\n<p style=\"text-align: center;\"><a class=\"fl-link fl-link--line\" href=\"https:\/\/www.flfuoriserie.com\/pt-br\/fl-fuoriserie-selecao-mobile\/moveis-exclusivos-feitos-a-mao-mobile\/trans-bureau-dock\/\">Descubra mais<\/a><\/p>\n<p>[\/vc_column_text][\/vc_column_inner][\/vc_row_inner][vc_row_inner row_inner_height_percent=&#8221;0&#8243; back_image=&#8221;97905&#8243; overlay_alpha=&#8221;50&#8243; equal_height=&#8221;yes&#8221; gutter_size=&#8221;0&#8243; shift_y=&#8221;0&#8243; z_index=&#8221;0&#8243; css=&#8221;.vc_custom_1680012533113{margin-top: 0px !important;margin-bottom: 0px !important;padding-top: 75px !important;padding-right: 0px !important;padding-bottom: 75px !important;padding-left: 0px !important;}&#8221; el_class=&#8221;fabio&#8221; uncode_shortcode_id=&#8221;201443&#8243;][vc_column_inner column_width_percent=&#8221;100&#8243; position_vertical=&#8221;middle&#8221; align_horizontal=&#8221;align_right&#8221; gutter_size=&#8221;3&#8243; overlay_alpha=&#8221;50&#8243; shift_x=&#8221;0&#8243; shift_y=&#8221;0&#8243; shift_y_down=&#8221;0&#8243; z_index=&#8221;0&#8243; medium_width=&#8221;0&#8243; mobile_width=&#8221;0&#8243; css_animation=&#8221;left-t-right&#8221; width=&#8221;1\/2&#8243; css=&#8221;.vc_custom_1680014825539{padding-top: 0px !important;padding-right: 0px !important;padding-bottom: 0px !important;padding-left: 5% !important;}&#8221; uncode_shortcode_id=&#8221;171000&#8243;][vc_single_image media=&#8221;97635&#8243; media_width_use_pixel=&#8221;yes&#8221; alignment=&#8221;center&#8221; css_animation=&#8221;left-t-right&#8221; media_width_pixel=&#8221;205&#8243; uncode_shortcode_id=&#8221;807565&#8243;][\/vc_column_inner][vc_column_inner column_width_percent=&#8221;100&#8243; position_horizontal=&#8221;right&#8221; position_vertical=&#8221;middle&#8221; align_horizontal=&#8221;align_right&#8221; gutter_size=&#8221;3&#8243; overlay_alpha=&#8221;50&#8243; shift_x=&#8221;0&#8243; shift_y=&#8221;0&#8243; shift_y_down=&#8221;0&#8243; z_index=&#8221;0&#8243; medium_width=&#8221;0&#8243; mobile_width=&#8221;0&#8243; css_animation=&#8221;right-t-left&#8221; animation_speed=&#8221;800&#8243; animation_delay=&#8221;200&#8243; width=&#8221;1\/2&#8243; css=&#8221;.vc_custom_1681155126802{padding-top: 0px !important;padding-right: 5% !important;padding-bottom: 25px !important;padding-left: 5% !important;}&#8221; uncode_shortcode_id=&#8221;932327&#8243;][vc_column_text uncode_shortcode_id=&#8221;657956&#8243;]<\/p>\n<h5 style=\"text-align: center;\">Mini-Bar \u201cCharleston\u201d<\/h5>\n<p style=\"text-align: center;\">Fechado: W. 121 cm, D. 68 cm, H. 189 cm<br \/>\nAberto: W. 242 cm, D. 68 cm, H. 189 cm<\/p>\n<p style=\"text-align: center;\"><a class=\"fl-link fl-link--line\" href=\"https:\/\/www.flfuoriserie.com\/pt-br\/fl-fuoriserie-selecao-mobile\/moveis-exclusivos-feitos-a-mao-mobile\/mini-bar-charleston\/\">Descubra mais<\/a><\/p>\n<p>[\/vc_column_text][\/vc_column_inner][\/vc_row_inner][vc_row_inner row_inner_height_percent=&#8221;0&#8243; back_image=&#8221;97902&#8243; overlay_alpha=&#8221;50&#8243; equal_height=&#8221;yes&#8221; gutter_size=&#8221;0&#8243; shift_y=&#8221;0&#8243; z_index=&#8221;0&#8243; css=&#8221;.vc_custom_1680012893056{margin-top: 0px !important;margin-bottom: 0px !important;padding-top: 75px !important;padding-right: 0px !important;padding-bottom: 75px !important;padding-left: 0px !important;}&#8221; el_class=&#8221;fabio&#8221; uncode_shortcode_id=&#8221;203386&#8243;][vc_column_inner column_width_percent=&#8221;100&#8243; position_vertical=&#8221;middle&#8221; align_horizontal=&#8221;align_right&#8221; gutter_size=&#8221;3&#8243; overlay_alpha=&#8221;50&#8243; shift_x=&#8221;0&#8243; shift_y=&#8221;0&#8243; shift_y_down=&#8221;0&#8243; z_index=&#8221;0&#8243; medium_width=&#8221;0&#8243; mobile_width=&#8221;0&#8243; css_animation=&#8221;left-t-right&#8221; width=&#8221;1\/2&#8243; css=&#8221;.vc_custom_1680014851291{padding-top: 0px !important;padding-right: 0px !important;padding-bottom: 0px !important;padding-left: 5% !important;}&#8221; uncode_shortcode_id=&#8221;191980&#8243;][vc_single_image media=&#8221;97921&#8243; media_width_use_pixel=&#8221;yes&#8221; alignment=&#8221;center&#8221; css_animation=&#8221;left-t-right&#8221; media_width_pixel=&#8221;205&#8243; uncode_shortcode_id=&#8221;936163&#8243;][\/vc_column_inner][vc_column_inner column_width_percent=&#8221;100&#8243; position_horizontal=&#8221;right&#8221; position_vertical=&#8221;middle&#8221; align_horizontal=&#8221;align_right&#8221; gutter_size=&#8221;3&#8243; overlay_alpha=&#8221;50&#8243; shift_x=&#8221;0&#8243; shift_y=&#8221;0&#8243; shift_y_down=&#8221;0&#8243; z_index=&#8221;0&#8243; medium_width=&#8221;0&#8243; mobile_width=&#8221;0&#8243; css_animation=&#8221;right-t-left&#8221; animation_speed=&#8221;800&#8243; animation_delay=&#8221;200&#8243; width=&#8221;1\/2&#8243; css=&#8221;.vc_custom_1680014872194{padding-top: 0px !important;padding-right: 5% !important;padding-bottom: 25px !important;padding-left: 5% !important;}&#8221; uncode_shortcode_id=&#8221;208514&#8243;][vc_column_text uncode_shortcode_id=&#8221;193219&#8243;]<\/p>\n<h5 style=\"text-align: center;\">c\u00f4moda &#8220;Actrice&#8221;<\/h5>\n<p style=\"text-align: center;\">Fechado: W. 120 cm, D. 70 cm, H. 194 cm.<br \/>\nAberto: W. 242 cm, D. 70 cm, H. 194 cm.<\/p>\n<p style=\"text-align: center;\"><a class=\"fl-link fl-link--line\" href=\"https:\/\/www.flfuoriserie.com\/pt-br\/fl-fuoriserie-selecao-mobile\/moveis-exclusivos-feitos-a-mao-mobile\/comoda-actrice-mobile\/\">Descubra mais<\/a><\/p>\n<p>[\/vc_column_text][\/vc_column_inner][\/vc_row_inner][vc_row_inner row_inner_height_percent=&#8221;0&#8243; back_image=&#8221;97899&#8243; overlay_alpha=&#8221;50&#8243; equal_height=&#8221;yes&#8221; gutter_size=&#8221;0&#8243; shift_y=&#8221;0&#8243; z_index=&#8221;0&#8243; css=&#8221;.vc_custom_1680013930312{margin-top: 0px !important;margin-bottom: 0px !important;padding-top: 75px !important;padding-right: 0px !important;padding-bottom: 75px !important;padding-left: 0px !important;}&#8221; uncode_shortcode_id=&#8221;799161&#8243; el_class=&#8221;fabio&#8221;][vc_column_inner column_width_percent=&#8221;100&#8243; position_vertical=&#8221;middle&#8221; align_horizontal=&#8221;align_right&#8221; gutter_size=&#8221;3&#8243; overlay_alpha=&#8221;50&#8243; shift_x=&#8221;0&#8243; shift_y=&#8221;0&#8243; shift_y_down=&#8221;0&#8243; z_index=&#8221;0&#8243; medium_width=&#8221;0&#8243; mobile_width=&#8221;0&#8243; css_animation=&#8221;left-t-right&#8221; width=&#8221;1\/2&#8243; css=&#8221;.vc_custom_1680014759465{padding-top: 0px !important;padding-right: 0px !important;padding-bottom: 25px !important;padding-left: 5% !important;}&#8221; uncode_shortcode_id=&#8221;792408&#8243;][vc_single_image media=&#8221;97621&#8243; media_width_use_pixel=&#8221;yes&#8221; alignment=&#8221;center&#8221; css_animation=&#8221;left-t-right&#8221; media_width_pixel=&#8221;115&#8243; uncode_shortcode_id=&#8221;187911&#8243;][\/vc_column_inner][vc_column_inner column_width_percent=&#8221;100&#8243; position_vertical=&#8221;middle&#8221; align_horizontal=&#8221;align_center&#8221; gutter_size=&#8221;3&#8243; overlay_alpha=&#8221;50&#8243; shift_x=&#8221;0&#8243; shift_y=&#8221;0&#8243; shift_y_down=&#8221;0&#8243; z_index=&#8221;0&#8243; medium_width=&#8221;0&#8243; mobile_width=&#8221;0&#8243; css_animation=&#8221;right-t-left&#8221; animation_speed=&#8221;800&#8243; animation_delay=&#8221;200&#8243; width=&#8221;1\/2&#8243; css=&#8221;.vc_custom_1680014778082{padding-top: 0px !important;padding-right: 5% !important;padding-bottom: 0px !important;padding-left: 5% !important;}&#8221; uncode_shortcode_id=&#8221;210895&#8243;][vc_column_text uncode_shortcode_id=&#8221;123393&#8243;]<\/p>\n<h5 style=\"text-align: center;\">Enrolador de rel\u00f3gio \u201cWonder shuttle\u201d<\/h5>\n<p style=\"text-align: center;\">Fechado: W. 77 cm, D. 67 cm, H. 90 cm<br \/>\nAberto: W. 77 cm, D. 68 cm, H. 150 cm<\/p>\n<p style=\"text-align: center;\"><a class=\"fl-link fl-link--line\" href=\"https:\/\/www.flfuoriserie.com\/pt-br\/fl-fuoriserie-selecao-mobile\/moveis-exclusivos-feitos-a-mao-mobile\/enrolador-de-relogio\/\">Descubra mais<\/a><\/p>\n<p>[\/vc_column_text][\/vc_column_inner][\/vc_row_inner][vc_row_inner row_inner_height_percent=&#8221;0&#8243; back_image=&#8221;97908&#8243; overlay_alpha=&#8221;50&#8243; equal_height=&#8221;yes&#8221; gutter_size=&#8221;0&#8243; shift_y=&#8221;0&#8243; z_index=&#8221;0&#8243; css=&#8221;.vc_custom_1680012917478{margin-top: 0px !important;margin-bottom: 0px !important;padding-top: 75px !important;padding-right: 0px !important;padding-bottom: 75px !important;padding-left: 0px !important;}&#8221; el_class=&#8221;fabio&#8221; uncode_shortcode_id=&#8221;156047&#8243;][vc_column_inner column_width_percent=&#8221;100&#8243; position_vertical=&#8221;middle&#8221; align_horizontal=&#8221;align_right&#8221; gutter_size=&#8221;3&#8243; overlay_alpha=&#8221;50&#8243; shift_x=&#8221;0&#8243; shift_y=&#8221;0&#8243; shift_y_down=&#8221;0&#8243; z_index=&#8221;0&#8243; medium_width=&#8221;0&#8243; mobile_width=&#8221;0&#8243; css_animation=&#8221;left-t-right&#8221; width=&#8221;1\/2&#8243; css=&#8221;.vc_custom_1680014323137{padding-top: 0px !important;padding-right: 0px !important;padding-bottom: 0px !important;padding-left: 4% !important;}&#8221; uncode_shortcode_id=&#8221;917181&#8243;][vc_single_image media=&#8221;97930&#8243; media_width_use_pixel=&#8221;yes&#8221; alignment=&#8221;center&#8221; css_animation=&#8221;left-t-right&#8221; media_width_pixel=&#8221;205&#8243; uncode_shortcode_id=&#8221;210654&#8243; el_class=&#8221;bigger-min&#8221;][\/vc_column_inner][vc_column_inner column_width_percent=&#8221;100&#8243; position_horizontal=&#8221;right&#8221; position_vertical=&#8221;middle&#8221; align_horizontal=&#8221;align_right&#8221; gutter_size=&#8221;3&#8243; overlay_alpha=&#8221;50&#8243; shift_x=&#8221;0&#8243; shift_y=&#8221;0&#8243; shift_y_down=&#8221;0&#8243; z_index=&#8221;0&#8243; medium_width=&#8221;0&#8243; mobile_width=&#8221;0&#8243; css_animation=&#8221;right-t-left&#8221; animation_speed=&#8221;800&#8243; animation_delay=&#8221;200&#8243; width=&#8221;1\/2&#8243; css=&#8221;.vc_custom_1679676242441{padding-top: 0px !important;padding-right: 4% !important;padding-bottom: 0px !important;padding-left: 4% !important;}&#8221; uncode_shortcode_id=&#8221;969424&#8243;][vc_column_text uncode_shortcode_id=&#8221;152795&#8243; el_class=&#8221;text-mo-min&#8221;]<\/p>\n<h5 style=\"text-align: center;\">Cozinha &#8220;Cosmo&#8221;<\/h5>\n<p style=\"text-align: center;\">Cozinha do hemisf\u00e9rio inferior: 2000\u03c0\u00d7H900mm<br \/>\nCobertura acr\u00edlica hemisf\u00e9rica superior: 1800\u03c0 \u00d7 A900mm<\/p>\n<p style=\"text-align: center;\"><a class=\"fl-link fl-link--line\" href=\"https:\/\/www.flfuoriserie.com\/pt-br\/fl-fuoriserie-selecao-mobile\/moveis-exclusivos-feitos-a-mao-mobile\/cosmo-kitchen-mobile\/\">Descubra mais<\/a><\/p>\n<p>[\/vc_column_text][\/vc_column_inner][\/vc_row_inner][\/vc_column][\/vc_row][vc_row row_height_percent=&#8221;0&#8243; back_color=&#8221;accent&#8221; overlay_alpha=&#8221;50&#8243; gutter_size=&#8221;3&#8243; column_width_percent=&#8221;100&#8243; shift_y=&#8221;0&#8243; z_index=&#8221;0&#8243;][vc_column width=&#8221;1\/1&#8243;][uncode_block id=&#8221;94671&#8243;][\/vc_column][\/vc_row]<\/p>\n<\/div>","protected":false},"excerpt":{"rendered":"<p>[vc_row unlock_row_content=&#8221;yes&#8221; row_height_percent=&#8221;0&#8243; back_color=&#8221;accent&#8221; overlay_alpha=&#8221;50&#8243; gutter_size=&#8221;3&#8243; column_width_percent=&#8221;100&#8243; shift_y=&#8221;0&#8243; z_index=&#8221;0&#8243; css=&#8221;.vc_custom_1679671519960{margin-top: 0px !important;margin-bottom: 0px !important;}&#8221; uncode_shortcode_id=&#8221;808825&#8243; back_color_type=&#8221;uncode-palette&#8221; el_class=&#8221;responsive&#8221;][vc_column column_width_percent=&#8221;100&#8243; gutter_size=&#8221;3&#8243; overlay_alpha=&#8221;50&#8243; [&hellip;]<\/p>\n","protected":false},"author":8,"featured_media":0,"parent":98589,"menu_order":0,"comment_status":"closed","ping_status":"closed","template":"","meta":{"_monsterinsights_skip_tracking":false,"_monsterinsights_sitenote_active":false,"_monsterinsights_sitenote_note":"","_monsterinsights_sitenote_category":0,"footnotes":""},"class_list":["post-98065","page","type-page","status-publish","hentry","page_category-mobile-pt-br"],"_links":{"self":[{"href":"https:\/\/www.flfuoriserie.com\/pt-br\/wp-json\/wp\/v2\/pages\/98065","targetHints":{"allow":["GET"]}}],"collection":[{"href":"https:\/\/www.flfuoriserie.com\/pt-br\/wp-json\/wp\/v2\/pages"}],"about":[{"href":"https:\/\/www.flfuoriserie.com\/pt-br\/wp-json\/wp\/v2\/types\/page"}],"author":[{"embeddable":true,"href":"https:\/\/www.flfuoriserie.com\/pt-br\/wp-json\/wp\/v2\/users\/8"}],"replies":[{"embeddable":true,"href":"https:\/\/www.flfuoriserie.com\/pt-br\/wp-json\/wp\/v2\/comments?post=98065"}],"version-history":[{"count":10,"href":"https:\/\/www.flfuoriserie.com\/pt-br\/wp-json\/wp\/v2\/pages\/98065\/revisions"}],"predecessor-version":[{"id":98605,"href":"https:\/\/www.flfuoriserie.com\/pt-br\/wp-json\/wp\/v2\/pages\/98065\/revisions\/98605"}],"up":[{"embeddable":true,"href":"https:\/\/www.flfuoriserie.com\/pt-br\/wp-json\/wp\/v2\/pages\/98589"}],"wp:attachment":[{"href":"https:\/\/www.flfuoriserie.com\/pt-br\/wp-json\/wp\/v2\/media?parent=98065"}],"curies":[{"name":"wp","href":"https:\/\/api.w.org\/{rel}","templated":true}]}}