{"id":98051,"date":"2023-03-30T11:20:31","date_gmt":"2023-03-30T09:20:31","guid":{"rendered":"https:\/\/www.flfuoriserie.com\/cosmo-kitchen-2\/"},"modified":"2023-04-04T17:11:50","modified_gmt":"2023-04-04T15:11:50","slug":"cosmo-kitchen-mobile","status":"publish","type":"page","link":"https:\/\/www.flfuoriserie.com\/pt-br\/fl-fuoriserie-selecao-mobile\/moveis-exclusivos-feitos-a-mao-mobile\/cosmo-kitchen-mobile\/","title":{"rendered":"cozinha \u201cCosmo\u201d"},"content":{"rendered":"<div class=\"wpb-content-wrapper\"><p>[vc_row row_height_percent=&#8221;0&#8243; back_image=&#8221;97908&#8243; overlay_alpha=&#8221;50&#8243; gutter_size=&#8221;3&#8243; column_width_percent=&#8221;100&#8243; shift_y=&#8221;0&#8243; z_index=&#8221;0&#8243; uncode_shortcode_id=&#8221;173975&#8243; css=&#8221;.vc_custom_1680164222683{padding-top: 75px !important;padding-right: 0px !important;padding-bottom: 75px !important;padding-left: 0px !important;}&#8221;][vc_column column_width_percent=&#8221;100&#8243; position_vertical=&#8221;middle&#8221; gutter_size=&#8221;3&#8243; overlay_alpha=&#8221;50&#8243; shift_x=&#8221;0&#8243; shift_y=&#8221;0&#8243; shift_y_down=&#8221;0&#8243; z_index=&#8221;0&#8243; medium_width=&#8221;0&#8243; mobile_width=&#8221;0&#8243; width=&#8221;1\/1&#8243; uncode_shortcode_id=&#8221;162660&#8243; css=&#8221;.vc_custom_1680164942940{padding-top: 0px !important;padding-right: 0px !important;padding-bottom: 0px !important;padding-left: 0px !important;}&#8221; el_class=&#8221;ls&#8221;][uncode_slider slider_interval=&#8221;0&#8243; slider_navspeed=&#8221;400&#8243; slider_hide_dots=&#8221;yes&#8221;][vc_row_inner][vc_column_inner width=&#8221;1\/1&#8243;][vc_single_image media=&#8221;98069&#8243; media_lightbox=&#8221;yes&#8221; media_width_percent=&#8221;100&#8243; media_ratio=&#8221;one-one&#8221; uncode_shortcode_id=&#8221;166208&#8243;][\/vc_column_inner][\/vc_row_inner][vc_row_inner row_inner_height_percent=&#8221;0&#8243; overlay_alpha=&#8221;50&#8243; gutter_size=&#8221;3&#8243; shift_y=&#8221;0&#8243; z_index=&#8221;0&#8243; uncode_shortcode_id=&#8221;501288&#8243; css=&#8221;.vc_custom_1677581417156{padding-top: 0px !important;padding-right: 0px !important;padding-bottom: 0px !important;padding-left: 0px !important;}&#8221;][vc_column_inner width=&#8221;1\/1&#8243;][vc_single_image media=&#8221;97669&#8243; media_width_percent=&#8221;100&#8243; media_ratio=&#8221;one-one&#8221; uncode_shortcode_id=&#8221;189316&#8243;][\/vc_column_inner][\/vc_row_inner][vc_row_inner][vc_column_inner width=&#8221;1\/1&#8243;][vc_single_image media=&#8221;97666&#8243; media_width_percent=&#8221;100&#8243; media_ratio=&#8221;one-one&#8221; uncode_shortcode_id=&#8221;560696&#8243;][\/vc_column_inner][\/vc_row_inner][vc_row_inner][vc_column_inner width=&#8221;1\/1&#8243;][vc_single_image media=&#8221;97672&#8243; media_lightbox=&#8221;yes&#8221; media_width_percent=&#8221;100&#8243; media_ratio=&#8221;one-one&#8221; uncode_shortcode_id=&#8221;116252&#8243;][\/vc_column_inner][\/vc_row_inner][\/uncode_slider][vc_row_inner row_inner_height_percent=&#8221;0&#8243; overlay_alpha=&#8221;50&#8243; gutter_size=&#8221;3&#8243; shift_y=&#8221;0&#8243; z_index=&#8221;0&#8243; uncode_shortcode_id=&#8221;115941&#8243; el_class=&#8221;row-text-pag&#8221;][vc_column_inner width=&#8221;1\/1&#8243;][vc_column_text text_color=&#8221;color-xsdn&#8221; uncode_shortcode_id=&#8221;951609&#8243; text_color_type=&#8221;uncode-palette&#8221; css=&#8221;.vc_custom_1680256937219{padding-top: 25px !important;padding-right: 5% !important;padding-bottom: 0px !important;padding-left: 5% !important;}&#8221; el_class=&#8221;scroll&#8221;]<\/p>\n<p style=\"text-align: justify;\">Quando a cortina da c\u00fapula do casulo \u00e9 levantada, uma bela cozinha c\u00f4nica com texturas brilhantes de meteoritos aparece.<br \/>\n\u00c9 uma esfera de cozinha flutuando no espa\u00e7o.<br \/>\nEst\u00e1 equipada com lava-lou\u00e7a, fog\u00e3o IH (indu\u00e7\u00e3o), torneira. Eu tenho um tampo de mesa de m\u00e1rmore artificial espa\u00e7oso, bonito e liso.<\/p>\n<p>[\/vc_column_text][vc_column_text text_color=&#8221;color-xsdn&#8221; uncode_shortcode_id=&#8221;111522&#8243; text_color_type=&#8221;uncode-palette&#8221; css=&#8221;.vc_custom_1680593552206{padding-top: 10px !important;padding-right: 5% !important;padding-bottom: 25px !important;padding-left: 5% !important;}&#8221;]Cozinha do hemisf\u00e9rio inferior: 2000\u03c0\u00d7H900mm<br \/>\nCobertura acr\u00edlica hemisf\u00e9rica superior: 1800\u03c0 \u00d7 A900mm[\/vc_column_text][\/vc_column_inner][\/vc_row_inner][\/vc_column][\/vc_row][vc_row][vc_column width=&#8221;1\/1&#8243;][uncode_block id=&#8221;85309&#8243;][\/vc_column][\/vc_row]<\/p>\n<\/div>","protected":false},"excerpt":{"rendered":"<p>[vc_row row_height_percent=&#8221;0&#8243; back_image=&#8221;97908&#8243; overlay_alpha=&#8221;50&#8243; gutter_size=&#8221;3&#8243; column_width_percent=&#8221;100&#8243; shift_y=&#8221;0&#8243; z_index=&#8221;0&#8243; uncode_shortcode_id=&#8221;173975&#8243; css=&#8221;.vc_custom_1680164222683{padding-top: 75px !important;padding-right: 0px !important;padding-bottom: 75px !important;padding-left: 0px !important;}&#8221;][vc_column column_width_percent=&#8221;100&#8243; position_vertical=&#8221;middle&#8221; [&hellip;]<\/p>\n","protected":false},"author":8,"featured_media":0,"parent":98065,"menu_order":0,"comment_status":"closed","ping_status":"closed","template":"","meta":{"_monsterinsights_skip_tracking":false,"_monsterinsights_sitenote_active":false,"_monsterinsights_sitenote_note":"","_monsterinsights_sitenote_category":0,"footnotes":""},"class_list":["post-98051","page","type-page","status-publish","hentry","page_category-mobile-pt-br"],"_links":{"self":[{"href":"https:\/\/www.flfuoriserie.com\/pt-br\/wp-json\/wp\/v2\/pages\/98051","targetHints":{"allow":["GET"]}}],"collection":[{"href":"https:\/\/www.flfuoriserie.com\/pt-br\/wp-json\/wp\/v2\/pages"}],"about":[{"href":"https:\/\/www.flfuoriserie.com\/pt-br\/wp-json\/wp\/v2\/types\/page"}],"author":[{"embeddable":true,"href":"https:\/\/www.flfuoriserie.com\/pt-br\/wp-json\/wp\/v2\/users\/8"}],"replies":[{"embeddable":true,"href":"https:\/\/www.flfuoriserie.com\/pt-br\/wp-json\/wp\/v2\/comments?post=98051"}],"version-history":[{"count":8,"href":"https:\/\/www.flfuoriserie.com\/pt-br\/wp-json\/wp\/v2\/pages\/98051\/revisions"}],"predecessor-version":[{"id":98464,"href":"https:\/\/www.flfuoriserie.com\/pt-br\/wp-json\/wp\/v2\/pages\/98051\/revisions\/98464"}],"up":[{"embeddable":true,"href":"https:\/\/www.flfuoriserie.com\/pt-br\/wp-json\/wp\/v2\/pages\/98065"}],"wp:attachment":[{"href":"https:\/\/www.flfuoriserie.com\/pt-br\/wp-json\/wp\/v2\/media?parent=98051"}],"curies":[{"name":"wp","href":"https:\/\/api.w.org\/{rel}","templated":true}]}}