{"id":95446,"date":"2023-02-01T10:24:09","date_gmt":"2023-02-01T09:24:09","guid":{"rendered":"https:\/\/www.flfuoriserie.com\/fl-fuoriserie-selection\/perfume\/amarcord\/"},"modified":"2025-05-27T16:12:06","modified_gmt":"2025-05-27T14:12:06","slug":"amarcord","status":"publish","type":"page","link":"https:\/\/www.flfuoriserie.com\/pt-br\/perfumaria\/perfume\/amarcord\/","title":{"rendered":"Amarcord"},"content":{"rendered":"<div class=\"wpb-content-wrapper\"><p>[vc_row row_height_percent=&#8221;0&#8243; back_color=&#8221;accent&#8221; overlay_alpha=&#8221;50&#8243; equal_height=&#8221;yes&#8221; gutter_size=&#8221;3&#8243; column_width_percent=&#8221;100&#8243; shift_y=&#8221;0&#8243; z_index=&#8221;0&#8243;][vc_column column_width_percent=&#8221;100&#8243; gutter_size=&#8221;3&#8243; overlay_alpha=&#8221;50&#8243; shift_x=&#8221;0&#8243; shift_y=&#8221;0&#8243; shift_y_down=&#8221;0&#8243; z_index=&#8221;0&#8243; medium_width=&#8221;0&#8243; mobile_width=&#8221;0&#8243; width=&#8221;1\/1&#8243; uncode_shortcode_id=&#8221;410876&#8243;][vc_row_inner row_inner_height_percent=&#8221;0&#8243; back_image=&#8221;104598&#8243; overlay_alpha=&#8221;50&#8243; equal_height=&#8221;yes&#8221; gutter_size=&#8221;0&#8243; shift_y=&#8221;0&#8243; z_index=&#8221;0&#8243; css=&#8221;.vc_custom_1748355121740{margin-top: 0px !important;margin-bottom: 0px !important;padding-top: 75px !important;padding-right: 0px !important;padding-bottom: 75px !important;padding-left: 0px !important;}&#8221; uncode_shortcode_id=&#8221;203126&#8243;][vc_column_inner column_width_percent=&#8221;100&#8243; position_horizontal=&#8221;right&#8221; position_vertical=&#8221;middle&#8221; align_horizontal=&#8221;align_right&#8221; gutter_size=&#8221;3&#8243; overlay_alpha=&#8221;50&#8243; shift_x=&#8221;0&#8243; shift_y=&#8221;0&#8243; shift_y_down=&#8221;0&#8243; z_index=&#8221;0&#8243; medium_width=&#8221;0&#8243; mobile_width=&#8221;0&#8243; css_animation=&#8221;left-t-right&#8221; width=&#8221;1\/6&#8243; css=&#8221;.vc_custom_1654245127775{padding-top: 0px !important;padding-right: 0px !important;padding-bottom: 0px !important;padding-left: 8% !important;}&#8221; el_class=&#8221;parte-text&#8221; uncode_shortcode_id=&#8221;211078&#8243;][\/vc_column_inner][vc_column_inner column_width_percent=&#8221;100&#8243; gutter_size=&#8221;3&#8243; overlay_alpha=&#8221;50&#8243; shift_x=&#8221;0&#8243; shift_y=&#8221;0&#8243; shift_y_down=&#8221;0&#8243; z_index=&#8221;0&#8243; medium_width=&#8221;0&#8243; mobile_width=&#8221;0&#8243; width=&#8221;1\/3&#8243; el_class=&#8221;parte-img all-ver&#8221; uncode_shortcode_id=&#8221;184954&#8243; css=&#8221;.vc_custom_1654247004094{padding-right: 8% !important;}&#8221;][vc_single_image media=&#8221;91306&#8243; media_width_percent=&#8221;88&#8243; alignment=&#8221;right&#8221; css_animation=&#8221;alpha-anim&#8221; el_class=&#8221;bigger&#8221; uncode_shortcode_id=&#8221;241622&#8243;][\/vc_column_inner][vc_column_inner column_width_percent=&#8221;100&#8243; gutter_size=&#8221;3&#8243; overlay_alpha=&#8221;50&#8243; shift_x=&#8221;0&#8243; shift_y=&#8221;0&#8243; shift_y_down=&#8221;0&#8243; z_index=&#8221;0&#8243; medium_width=&#8221;0&#8243; mobile_width=&#8221;0&#8243; width=&#8221;1\/3&#8243; uncode_shortcode_id=&#8221;203815&#8243; el_class=&#8221;parte-text all-ver&#8221;][vc_column_text css_animation=&#8221;alpha-anim&#8221; css=&#8221;.vc_custom_1654247403960{padding-left: 20px !important;}&#8221; uncode_shortcode_id=&#8221;194461&#8243; el_class=&#8221;scroll due&#8221;]<\/p>\n<p style=\"text-align: left;\">Esta \u00e9 uma fragr\u00e2ncia que se destaca imediatamente pelo seu requinte e eleg\u00e2ncia, que se reflete no frasco quadrado de vidro fumado preto e na luxuosa tampa em m\u00e1rmore de Carrara.<\/p>\n<p style=\"text-align: left;\">O perfume FL Fuoriserie para homens, Amarcord, \u00e9 um verdadeiro tumulto de sentidos, envolto pelas notas quentes do cora\u00e7\u00e3o de Blond Tobacco, vetiver, jacarand\u00e1, coco e folhas de ch\u00e1 verde.<\/p>\n<p style=\"text-align: left;\">Absinto, cravo e canela do Ceil\u00e3o s\u00e3o notas de topo preciosas, enquanto as notas de base s\u00e3o heli\u00f3tropo, benzo\u00edna Siam, feij\u00e3o baunilha e \u00e2mbar.<\/p>\n<p>[\/vc_column_text][\/vc_column_inner][vc_column_inner column_width_percent=&#8221;100&#8243; gutter_size=&#8221;3&#8243; overlay_alpha=&#8221;50&#8243; shift_x=&#8221;0&#8243; shift_y=&#8221;0&#8243; shift_y_down=&#8221;0&#8243; z_index=&#8221;0&#8243; medium_width=&#8221;0&#8243; mobile_width=&#8221;0&#8243; width=&#8221;1\/6&#8243; uncode_shortcode_id=&#8221;994608&#8243; el_class=&#8221;parte-text&#8221;][\/vc_column_inner][\/vc_row_inner][\/vc_column][\/vc_row][vc_row][vc_column width=&#8221;1\/1&#8243;][uncode_block id=&#8221;85012&#8243;][\/vc_column][\/vc_row]<\/p>\n<\/div>","protected":false},"excerpt":{"rendered":"<p>[vc_row row_height_percent=&#8221;0&#8243; back_color=&#8221;accent&#8221; overlay_alpha=&#8221;50&#8243; equal_height=&#8221;yes&#8221; gutter_size=&#8221;3&#8243; column_width_percent=&#8221;100&#8243; shift_y=&#8221;0&#8243; z_index=&#8221;0&#8243;][vc_column column_width_percent=&#8221;100&#8243; gutter_size=&#8221;3&#8243; overlay_alpha=&#8221;50&#8243; shift_x=&#8221;0&#8243; shift_y=&#8221;0&#8243; shift_y_down=&#8221;0&#8243; z_index=&#8221;0&#8243; medium_width=&#8221;0&#8243; mobile_width=&#8221;0&#8243; width=&#8221;1\/1&#8243; uncode_shortcode_id=&#8221;410876&#8243;][vc_row_inner [&hellip;]<\/p>\n","protected":false},"author":8,"featured_media":0,"parent":95443,"menu_order":0,"comment_status":"closed","ping_status":"closed","template":"","meta":{"_monsterinsights_skip_tracking":false,"_monsterinsights_sitenote_active":false,"_monsterinsights_sitenote_note":"","_monsterinsights_sitenote_category":0,"footnotes":""},"class_list":["post-95446","page","type-page","status-publish","hentry"],"_links":{"self":[{"href":"https:\/\/www.flfuoriserie.com\/pt-br\/wp-json\/wp\/v2\/pages\/95446","targetHints":{"allow":["GET"]}}],"collection":[{"href":"https:\/\/www.flfuoriserie.com\/pt-br\/wp-json\/wp\/v2\/pages"}],"about":[{"href":"https:\/\/www.flfuoriserie.com\/pt-br\/wp-json\/wp\/v2\/types\/page"}],"author":[{"embeddable":true,"href":"https:\/\/www.flfuoriserie.com\/pt-br\/wp-json\/wp\/v2\/users\/8"}],"replies":[{"embeddable":true,"href":"https:\/\/www.flfuoriserie.com\/pt-br\/wp-json\/wp\/v2\/comments?post=95446"}],"version-history":[{"count":4,"href":"https:\/\/www.flfuoriserie.com\/pt-br\/wp-json\/wp\/v2\/pages\/95446\/revisions"}],"predecessor-version":[{"id":104606,"href":"https:\/\/www.flfuoriserie.com\/pt-br\/wp-json\/wp\/v2\/pages\/95446\/revisions\/104606"}],"up":[{"embeddable":true,"href":"https:\/\/www.flfuoriserie.com\/pt-br\/wp-json\/wp\/v2\/pages\/95443"}],"wp:attachment":[{"href":"https:\/\/www.flfuoriserie.com\/pt-br\/wp-json\/wp\/v2\/media?parent=95446"}],"curies":[{"name":"wp","href":"https:\/\/api.w.org\/{rel}","templated":true}]}}