{"id":95370,"date":"2023-02-01T09:44:05","date_gmt":"2023-02-01T08:44:05","guid":{"rendered":"https:\/\/www.flfuoriserie.com\/fl-fuoriserie-selection\/cafe\/platinum-blend\/"},"modified":"2025-01-14T11:27:23","modified_gmt":"2025-01-14T10:27:23","slug":"platinum-blend","status":"publish","type":"page","link":"https:\/\/www.flfuoriserie.com\/pt-br\/cafe\/cafe\/platinum-blend\/","title":{"rendered":"Platinum Blend"},"content":{"rendered":"<div class=\"wpb-content-wrapper\"><p>[vc_row row_height_percent=&#8221;0&#8243; back_color=&#8221;accent&#8221; overlay_alpha=&#8221;50&#8243; equal_height=&#8221;yes&#8221; gutter_size=&#8221;3&#8243; column_width_percent=&#8221;100&#8243; shift_y=&#8221;0&#8243; z_index=&#8221;0&#8243;][vc_column column_width_percent=&#8221;100&#8243; gutter_size=&#8221;3&#8243; overlay_alpha=&#8221;50&#8243; shift_x=&#8221;0&#8243; shift_y=&#8221;0&#8243; shift_y_down=&#8221;0&#8243; z_index=&#8221;0&#8243; medium_width=&#8221;0&#8243; mobile_width=&#8221;0&#8243; width=&#8221;1\/1&#8243; uncode_shortcode_id=&#8221;337918&#8243;][vc_row_inner row_inner_height_percent=&#8221;0&#8243; back_image=&#8221;96875&#8243; overlay_alpha=&#8221;50&#8243; equal_height=&#8221;yes&#8221; gutter_size=&#8221;0&#8243; shift_y=&#8221;0&#8243; z_index=&#8221;0&#8243; css=&#8221;.vc_custom_1678203265948{margin-top: 0px !important;margin-bottom: 0px !important;padding-top: 75px !important;padding-right: 0px !important;padding-bottom: 75px !important;padding-left: 0px !important;}&#8221; uncode_shortcode_id=&#8221;172652&#8243;][vc_column_inner column_width_percent=&#8221;100&#8243; gutter_size=&#8221;3&#8243; overlay_alpha=&#8221;50&#8243; shift_x=&#8221;0&#8243; shift_y=&#8221;0&#8243; shift_y_down=&#8221;0&#8243; z_index=&#8221;0&#8243; medium_width=&#8221;0&#8243; mobile_width=&#8221;0&#8243; width=&#8221;1\/6&#8243; uncode_shortcode_id=&#8221;848318&#8243; el_class=&#8221;parte-text&#8221;][\/vc_column_inner][vc_column_inner column_width_percent=&#8221;100&#8243; position_horizontal=&#8221;right&#8221; position_vertical=&#8221;middle&#8221; align_horizontal=&#8221;align_right&#8221; gutter_size=&#8221;3&#8243; overlay_alpha=&#8221;50&#8243; shift_x=&#8221;0&#8243; shift_y=&#8221;0&#8243; shift_y_down=&#8221;0&#8243; z_index=&#8221;0&#8243; medium_width=&#8221;0&#8243; mobile_width=&#8221;0&#8243; css_animation=&#8221;left-t-right&#8221; width=&#8221;1\/3&#8243; css=&#8221;.vc_custom_1654243131727{padding-top: 0px !important;padding-right: 0px !important;padding-bottom: 0px !important;padding-left: 0px !important;}&#8221; el_class=&#8221;parte-img&#8221; uncode_shortcode_id=&#8221;138520&#8243;][vc_single_image media=&#8221;102820&#8243; media_width_use_pixel=&#8221;yes&#8221; alignment=&#8221;center&#8221; css_animation=&#8221;alpha-anim&#8221; el_class=&#8221;bigger&#8221; uncode_shortcode_id=&#8221;697320&#8243; media_width_pixel=&#8221;350&#8243;][\/vc_column_inner][vc_column_inner column_width_percent=&#8221;100&#8243; gutter_size=&#8221;3&#8243; overlay_alpha=&#8221;50&#8243; shift_x=&#8221;0&#8243; shift_y=&#8221;0&#8243; shift_y_down=&#8221;0&#8243; z_index=&#8221;0&#8243; medium_width=&#8221;0&#8243; mobile_width=&#8221;0&#8243; width=&#8221;1\/3&#8243; el_class=&#8221;parte-text&#8221; uncode_shortcode_id=&#8221;135463&#8243; css=&#8221;.vc_custom_1654243140815{padding-right: 0px !important;}&#8221;][vc_column_text css_animation=&#8221;alpha-anim&#8221; css=&#8221;.vc_custom_1672747077332{padding-left: 20px !important;}&#8221; uncode_shortcode_id=&#8221;175636&#8243; el_class=&#8221;scroll&#8221;]<\/p>\n<h3 style=\"text-align: left;\">Caf\u00e9 mo\u00eddo em jarra de metal<\/h3>\n<p style=\"text-align: left;\">100% Torrado na Toscana<br \/>\n50% Ar\u00e1bica, 50% Robusta<br \/>\nComposi\u00e7\u00e3o: Santos Alta Mogiana, \u00cdndia Kaapi Royale<br \/>\nAroma e sabor: Todo o corpo e aroma da Toscana est\u00e3o encerrados em uma x\u00edcara desta maravilhosa mistura, t\u00e3o redonda e harmoniosa, que deixa um sabor agrad\u00e1vel e muito persistente de chocolate escuro.<br \/>\nPara moka, 250 g<\/p>\n<p>[\/vc_column_text][\/vc_column_inner][vc_column_inner column_width_percent=&#8221;100&#8243; gutter_size=&#8221;3&#8243; overlay_alpha=&#8221;50&#8243; shift_x=&#8221;0&#8243; shift_y=&#8221;0&#8243; shift_y_down=&#8221;0&#8243; z_index=&#8221;0&#8243; medium_width=&#8221;0&#8243; mobile_width=&#8221;0&#8243; width=&#8221;1\/6&#8243; uncode_shortcode_id=&#8221;125293&#8243; el_class=&#8221;parte-text&#8221;][\/vc_column_inner][\/vc_row_inner][\/vc_column][\/vc_row][vc_row][vc_column width=&#8221;1\/1&#8243;][uncode_block id=&#8221;85012&#8243;][\/vc_column][\/vc_row]<\/p>\n<\/div>","protected":false},"excerpt":{"rendered":"<p>[vc_row row_height_percent=&#8221;0&#8243; back_color=&#8221;accent&#8221; overlay_alpha=&#8221;50&#8243; equal_height=&#8221;yes&#8221; gutter_size=&#8221;3&#8243; column_width_percent=&#8221;100&#8243; shift_y=&#8221;0&#8243; z_index=&#8221;0&#8243;][vc_column column_width_percent=&#8221;100&#8243; gutter_size=&#8221;3&#8243; overlay_alpha=&#8221;50&#8243; shift_x=&#8221;0&#8243; shift_y=&#8221;0&#8243; shift_y_down=&#8221;0&#8243; z_index=&#8221;0&#8243; medium_width=&#8221;0&#8243; mobile_width=&#8221;0&#8243; width=&#8221;1\/1&#8243; uncode_shortcode_id=&#8221;337918&#8243;][vc_row_inner [&hellip;]<\/p>\n","protected":false},"author":8,"featured_media":0,"parent":94928,"menu_order":0,"comment_status":"closed","ping_status":"closed","template":"","meta":{"_monsterinsights_skip_tracking":false,"_monsterinsights_sitenote_active":false,"_monsterinsights_sitenote_note":"","_monsterinsights_sitenote_category":0,"footnotes":""},"class_list":["post-95370","page","type-page","status-publish","hentry"],"yoast_head":"<!-- This site is optimized with the Yoast SEO plugin v27.4 - https:\/\/yoast.com\/product\/yoast-seo-wordpress\/ -->\n<title>Platinum Blend - FL Fuoriserie<\/title>\n<meta name=\"robots\" content=\"index, follow, max-snippet:-1, max-image-preview:large, max-video-preview:-1\" \/>\n<link rel=\"canonical\" href=\"http:\/\/www.flfuoriserie.com\/pt-br\/cafe\/cafe\/platinum-blend\/\" \/>\n<meta property=\"og:locale\" content=\"pt_BR\" \/>\n<meta property=\"og:type\" content=\"article\" \/>\n<meta property=\"og:title\" content=\"Platinum Blend - FL Fuoriserie\" \/>\n<meta property=\"og:description\" content=\"[vc_row row_height_percent=&#8221;0&#8243; back_color=&#8221;accent&#8221; overlay_alpha=&#8221;50&#8243; equal_height=&#8221;yes&#8221; gutter_size=&#8221;3&#8243; column_width_percent=&#8221;100&#8243; shift_y=&#8221;0&#8243; z_index=&#8221;0&#8243;][vc_column column_width_percent=&#8221;100&#8243; gutter_size=&#8221;3&#8243; overlay_alpha=&#8221;50&#8243; shift_x=&#8221;0&#8243; shift_y=&#8221;0&#8243; shift_y_down=&#8221;0&#8243; z_index=&#8221;0&#8243; medium_width=&#8221;0&#8243; mobile_width=&#8221;0&#8243; width=&#8221;1\/1&#8243; uncode_shortcode_id=&#8221;337918&#8243;][vc_row_inner [&hellip;]\" \/>\n<meta property=\"og:url\" content=\"http:\/\/www.flfuoriserie.com\/pt-br\/cafe\/cafe\/platinum-blend\/\" \/>\n<meta property=\"og:site_name\" content=\"FL Fuoriserie\" \/>\n<meta property=\"article:modified_time\" content=\"2025-01-14T10:27:23+00:00\" \/>\n<meta property=\"og:image\" content=\"https:\/\/www.flfuoriserie.com\/wp-content\/uploads\/2025\/11\/img_page_FL.jpg\" \/>\n\t<meta property=\"og:image:width\" content=\"1200\" \/>\n\t<meta property=\"og:image:height\" content=\"675\" \/>\n\t<meta property=\"og:image:type\" content=\"image\/jpeg\" \/>\n<meta name=\"twitter:card\" content=\"summary_large_image\" \/>\n<meta name=\"twitter:label1\" content=\"Est. tempo de leitura\" \/>\n\t<meta name=\"twitter:data1\" content=\"1 minuto\" \/>\n<script type=\"application\/ld+json\" class=\"yoast-schema-graph\">{\"@context\":\"https:\\\/\\\/schema.org\",\"@graph\":[{\"@type\":\"WebPage\",\"@id\":\"http:\\\/\\\/www.flfuoriserie.com\\\/pt-br\\\/cafe\\\/cafe\\\/platinum-blend\\\/\",\"url\":\"http:\\\/\\\/www.flfuoriserie.com\\\/pt-br\\\/cafe\\\/cafe\\\/platinum-blend\\\/\",\"name\":\"Platinum Blend - FL Fuoriserie\",\"isPartOf\":{\"@id\":\"https:\\\/\\\/www.flfuoriserie.com\\\/pt-br\\\/#website\"},\"datePublished\":\"2023-02-01T08:44:05+00:00\",\"dateModified\":\"2025-01-14T10:27:23+00:00\",\"breadcrumb\":{\"@id\":\"http:\\\/\\\/www.flfuoriserie.com\\\/pt-br\\\/cafe\\\/cafe\\\/platinum-blend\\\/#breadcrumb\"},\"inLanguage\":\"pt-BR\",\"potentialAction\":[{\"@type\":\"ReadAction\",\"target\":[\"http:\\\/\\\/www.flfuoriserie.com\\\/pt-br\\\/cafe\\\/cafe\\\/platinum-blend\\\/\"]}]},{\"@type\":\"BreadcrumbList\",\"@id\":\"http:\\\/\\\/www.flfuoriserie.com\\\/pt-br\\\/cafe\\\/cafe\\\/platinum-blend\\\/#breadcrumb\",\"itemListElement\":[{\"@type\":\"ListItem\",\"position\":1,\"name\":\"Home\",\"item\":\"https:\\\/\\\/www.flfuoriserie.com\\\/pt-br\\\/\"},{\"@type\":\"ListItem\",\"position\":2,\"name\":\"CAF\u00c9\",\"item\":\"http:\\\/\\\/www.flfuoriserie.com\\\/pt-br\\\/cafe\\\/\"},{\"@type\":\"ListItem\",\"position\":3,\"name\":\"Caf\u00e9 especial\",\"item\":\"http:\\\/\\\/www.flfuoriserie.com\\\/pt-br\\\/cafe\\\/cafe\\\/\"},{\"@type\":\"ListItem\",\"position\":4,\"name\":\"Platinum Blend\"}]},{\"@type\":\"WebSite\",\"@id\":\"https:\\\/\\\/www.flfuoriserie.com\\\/pt-br\\\/#website\",\"url\":\"https:\\\/\\\/www.flfuoriserie.com\\\/pt-br\\\/\",\"name\":\"FL Fuoriserie | Official site\",\"description\":\"FL Fuoriserie\",\"publisher\":{\"@id\":\"https:\\\/\\\/www.flfuoriserie.com\\\/pt-br\\\/#organization\"},\"alternateName\":\"FL Official\",\"potentialAction\":[{\"@type\":\"SearchAction\",\"target\":{\"@type\":\"EntryPoint\",\"urlTemplate\":\"https:\\\/\\\/www.flfuoriserie.com\\\/pt-br\\\/?s={search_term_string}\"},\"query-input\":{\"@type\":\"PropertyValueSpecification\",\"valueRequired\":true,\"valueName\":\"search_term_string\"}}],\"inLanguage\":\"pt-BR\"},{\"@type\":\"Organization\",\"@id\":\"https:\\\/\\\/www.flfuoriserie.com\\\/pt-br\\\/#organization\",\"name\":\"FL Fuoriserie\",\"alternateName\":\"FL\",\"url\":\"https:\\\/\\\/www.flfuoriserie.com\\\/pt-br\\\/\",\"logo\":{\"@type\":\"ImageObject\",\"inLanguage\":\"pt-BR\",\"@id\":\"https:\\\/\\\/www.flfuoriserie.com\\\/pt-br\\\/#\\\/schema\\\/logo\\\/image\\\/\",\"url\":\"https:\\\/\\\/www.flfuoriserie.com\\\/wp-content\\\/uploads\\\/2025\\\/11\\\/Classico.jpg\",\"contentUrl\":\"https:\\\/\\\/www.flfuoriserie.com\\\/wp-content\\\/uploads\\\/2025\\\/11\\\/Classico.jpg\",\"width\":584,\"height\":518,\"caption\":\"FL Fuoriserie\"},\"image\":{\"@id\":\"https:\\\/\\\/www.flfuoriserie.com\\\/pt-br\\\/#\\\/schema\\\/logo\\\/image\\\/\"},\"sameAs\":[\"https:\\\/\\\/www.instagram.com\\\/flfuoriserieofficial\\\/?hl=it\"]}]}<\/script>\n<!-- \/ Yoast SEO plugin. -->","yoast_head_json":{"title":"Platinum Blend - FL Fuoriserie","robots":{"index":"index","follow":"follow","max-snippet":"max-snippet:-1","max-image-preview":"max-image-preview:large","max-video-preview":"max-video-preview:-1"},"canonical":"http:\/\/www.flfuoriserie.com\/pt-br\/cafe\/cafe\/platinum-blend\/","og_locale":"pt_BR","og_type":"article","og_title":"Platinum Blend - FL Fuoriserie","og_description":"[vc_row row_height_percent=&#8221;0&#8243; back_color=&#8221;accent&#8221; overlay_alpha=&#8221;50&#8243; equal_height=&#8221;yes&#8221; gutter_size=&#8221;3&#8243; column_width_percent=&#8221;100&#8243; shift_y=&#8221;0&#8243; z_index=&#8221;0&#8243;][vc_column column_width_percent=&#8221;100&#8243; gutter_size=&#8221;3&#8243; overlay_alpha=&#8221;50&#8243; shift_x=&#8221;0&#8243; shift_y=&#8221;0&#8243; shift_y_down=&#8221;0&#8243; z_index=&#8221;0&#8243; medium_width=&#8221;0&#8243; mobile_width=&#8221;0&#8243; width=&#8221;1\/1&#8243; uncode_shortcode_id=&#8221;337918&#8243;][vc_row_inner [&hellip;]","og_url":"http:\/\/www.flfuoriserie.com\/pt-br\/cafe\/cafe\/platinum-blend\/","og_site_name":"FL Fuoriserie","article_modified_time":"2025-01-14T10:27:23+00:00","og_image":[{"width":1200,"height":675,"url":"https:\/\/www.flfuoriserie.com\/wp-content\/uploads\/2025\/11\/img_page_FL.jpg","type":"image\/jpeg"}],"twitter_card":"summary_large_image","twitter_misc":{"Est. tempo de leitura":"1 minuto"},"schema":{"@context":"https:\/\/schema.org","@graph":[{"@type":"WebPage","@id":"http:\/\/www.flfuoriserie.com\/pt-br\/cafe\/cafe\/platinum-blend\/","url":"http:\/\/www.flfuoriserie.com\/pt-br\/cafe\/cafe\/platinum-blend\/","name":"Platinum Blend - FL Fuoriserie","isPartOf":{"@id":"https:\/\/www.flfuoriserie.com\/pt-br\/#website"},"datePublished":"2023-02-01T08:44:05+00:00","dateModified":"2025-01-14T10:27:23+00:00","breadcrumb":{"@id":"http:\/\/www.flfuoriserie.com\/pt-br\/cafe\/cafe\/platinum-blend\/#breadcrumb"},"inLanguage":"pt-BR","potentialAction":[{"@type":"ReadAction","target":["http:\/\/www.flfuoriserie.com\/pt-br\/cafe\/cafe\/platinum-blend\/"]}]},{"@type":"BreadcrumbList","@id":"http:\/\/www.flfuoriserie.com\/pt-br\/cafe\/cafe\/platinum-blend\/#breadcrumb","itemListElement":[{"@type":"ListItem","position":1,"name":"Home","item":"https:\/\/www.flfuoriserie.com\/pt-br\/"},{"@type":"ListItem","position":2,"name":"CAF\u00c9","item":"http:\/\/www.flfuoriserie.com\/pt-br\/cafe\/"},{"@type":"ListItem","position":3,"name":"Caf\u00e9 especial","item":"http:\/\/www.flfuoriserie.com\/pt-br\/cafe\/cafe\/"},{"@type":"ListItem","position":4,"name":"Platinum Blend"}]},{"@type":"WebSite","@id":"https:\/\/www.flfuoriserie.com\/pt-br\/#website","url":"https:\/\/www.flfuoriserie.com\/pt-br\/","name":"FL Fuoriserie | Official site","description":"FL Fuoriserie","publisher":{"@id":"https:\/\/www.flfuoriserie.com\/pt-br\/#organization"},"alternateName":"FL Official","potentialAction":[{"@type":"SearchAction","target":{"@type":"EntryPoint","urlTemplate":"https:\/\/www.flfuoriserie.com\/pt-br\/?s={search_term_string}"},"query-input":{"@type":"PropertyValueSpecification","valueRequired":true,"valueName":"search_term_string"}}],"inLanguage":"pt-BR"},{"@type":"Organization","@id":"https:\/\/www.flfuoriserie.com\/pt-br\/#organization","name":"FL Fuoriserie","alternateName":"FL","url":"https:\/\/www.flfuoriserie.com\/pt-br\/","logo":{"@type":"ImageObject","inLanguage":"pt-BR","@id":"https:\/\/www.flfuoriserie.com\/pt-br\/#\/schema\/logo\/image\/","url":"https:\/\/www.flfuoriserie.com\/wp-content\/uploads\/2025\/11\/Classico.jpg","contentUrl":"https:\/\/www.flfuoriserie.com\/wp-content\/uploads\/2025\/11\/Classico.jpg","width":584,"height":518,"caption":"FL Fuoriserie"},"image":{"@id":"https:\/\/www.flfuoriserie.com\/pt-br\/#\/schema\/logo\/image\/"},"sameAs":["https:\/\/www.instagram.com\/flfuoriserieofficial\/?hl=it"]}]}},"_links":{"self":[{"href":"https:\/\/www.flfuoriserie.com\/pt-br\/wp-json\/wp\/v2\/pages\/95370","targetHints":{"allow":["GET"]}}],"collection":[{"href":"https:\/\/www.flfuoriserie.com\/pt-br\/wp-json\/wp\/v2\/pages"}],"about":[{"href":"https:\/\/www.flfuoriserie.com\/pt-br\/wp-json\/wp\/v2\/types\/page"}],"author":[{"embeddable":true,"href":"https:\/\/www.flfuoriserie.com\/pt-br\/wp-json\/wp\/v2\/users\/8"}],"replies":[{"embeddable":true,"href":"https:\/\/www.flfuoriserie.com\/pt-br\/wp-json\/wp\/v2\/comments?post=95370"}],"version-history":[{"count":4,"href":"https:\/\/www.flfuoriserie.com\/pt-br\/wp-json\/wp\/v2\/pages\/95370\/revisions"}],"predecessor-version":[{"id":102836,"href":"https:\/\/www.flfuoriserie.com\/pt-br\/wp-json\/wp\/v2\/pages\/95370\/revisions\/102836"}],"up":[{"embeddable":true,"href":"https:\/\/www.flfuoriserie.com\/pt-br\/wp-json\/wp\/v2\/pages\/94928"}],"wp:attachment":[{"href":"https:\/\/www.flfuoriserie.com\/pt-br\/wp-json\/wp\/v2\/media?parent=95370"}],"curies":[{"name":"wp","href":"https:\/\/api.w.org\/{rel}","templated":true}]}}