{"id":95299,"date":"2023-02-01T08:58:29","date_gmt":"2023-02-01T07:58:29","guid":{"rendered":"https:\/\/www.flfuoriserie.com\/fl-fuoriserie-selection\/cerveja\/"},"modified":"2023-03-21T16:57:36","modified_gmt":"2023-03-21T15:57:36","slug":"cerveja-mobile","status":"publish","type":"page","link":"https:\/\/www.flfuoriserie.com\/pt-br\/fl-fuoriserie-selecao-mobile\/cerveja-mobile\/","title":{"rendered":"Cerveja"},"content":{"rendered":"<div class=\"wpb-content-wrapper\"><p>[vc_row unlock_row_content=&#8221;yes&#8221; row_height_percent=&#8221;0&#8243; back_color=&#8221;accent&#8221; overlay_alpha=&#8221;50&#8243; gutter_size=&#8221;3&#8243; column_width_percent=&#8221;100&#8243; shift_y=&#8221;0&#8243; z_index=&#8221;0&#8243; css=&#8221;.vc_custom_1622470866999{margin-top: 0px !important;margin-bottom: 0px !important;}&#8221; el_class=&#8221;responsive&#8221;][vc_column column_width_percent=&#8221;100&#8243; gutter_size=&#8221;3&#8243; overlay_alpha=&#8221;50&#8243; shift_x=&#8221;0&#8243; shift_y=&#8221;0&#8243; shift_y_down=&#8221;0&#8243; z_index=&#8221;0&#8243; medium_width=&#8221;0&#8243; mobile_width=&#8221;0&#8243; width=&#8221;1\/1&#8243; el_class=&#8221;ls&#8221; uncode_shortcode_id=&#8221;302950&#8243;][vc_row_inner row_inner_height_percent=&#8221;0&#8243; back_image=&#8221;84955&#8243; overlay_alpha=&#8221;50&#8243; equal_height=&#8221;yes&#8221; gutter_size=&#8221;0&#8243; shift_y=&#8221;0&#8243; z_index=&#8221;0&#8243; css=&#8221;.vc_custom_1622448568256{margin-top: 0px !important;margin-bottom: 0px !important;padding-top: 0px !important;padding-right: 0px !important;padding-bottom: 75px !important;padding-left: 0px !important;}&#8221;][vc_column_inner column_width_percent=&#8221;100&#8243; position_vertical=&#8221;middle&#8221; align_horizontal=&#8221;align_right&#8221; gutter_size=&#8221;3&#8243; overlay_alpha=&#8221;50&#8243; shift_x=&#8221;0&#8243; shift_y=&#8221;0&#8243; shift_y_down=&#8221;0&#8243; z_index=&#8221;0&#8243; medium_width=&#8221;0&#8243; mobile_width=&#8221;0&#8243; css_animation=&#8221;left-t-right&#8221; width=&#8221;1\/2&#8243; css=&#8221;.vc_custom_1622470498831{padding-top: 0px !important;padding-right: 0px !important;padding-bottom: 0px !important;padding-left: 0px !important;}&#8221; el_class=&#8221;bigger&#8221;][vc_single_image media=&#8221;90376&#8243; media_width_use_pixel=&#8221;yes&#8221; alignment=&#8221;center&#8221; css_animation=&#8221;left-t-right&#8221; media_width_pixel=&#8221;100&#8243; el_class=&#8221;bigger&#8221; uncode_shortcode_id=&#8221;952228&#8243;][vc_single_image media=&#8221;84911&#8243; media_width_use_pixel=&#8221;yes&#8221; alignment=&#8221;center&#8221; css_animation=&#8221;left-t-right&#8221; media_width_pixel=&#8221;100&#8243; el_class=&#8221;bigger&#8221;][\/vc_column_inner][vc_column_inner column_width_percent=&#8221;100&#8243; align_horizontal=&#8221;align_center&#8221; gutter_size=&#8221;3&#8243; overlay_alpha=&#8221;50&#8243; shift_x=&#8221;0&#8243; shift_y=&#8221;0&#8243; shift_y_down=&#8221;0&#8243; z_index=&#8221;0&#8243; medium_width=&#8221;0&#8243; mobile_width=&#8221;0&#8243; width=&#8221;1\/2&#8243; el_class=&#8221;text-mo&#8221;][vc_column_text uncode_shortcode_id=&#8221;292128&#8243; el_class=&#8221;text-mo&#8221;]<\/p>\n<h2>Grey Line<\/h2>\n<p><em>Estilo: Ale forte<\/em><br \/>\n<em>Ingredientes:<\/em> \u00c1gua de nascente toscana, malte, trigo toscano, l\u00fapulo, fermento, sabores.<br \/>\n<a class=\"fl-link fl-link--line\" href=\"https:\/\/www.flfuoriserie.com\/pt-br\/fl-fuoriserie-selecao-mobile\/cerveja-mobile\/grey-line-mobile\/\">Descubra mais<\/a>[\/vc_column_text][vc_column_text uncode_shortcode_id=&#8221;654378&#8243; el_class=&#8221;text-mo&#8221;]<\/p>\n<h2>Orange Line<\/h2>\n<p><em>Estilo:<\/em> Light Blonde &#8211; Cerveja crua, n\u00e3o pasteurizada e n\u00e3o filtrada, refermentada na garrafa.<br \/>\n<em>Ingredientes:<\/em> \u00c1gua de nascente toscana, malte, trigo toscano, l\u00fapulo, fermento, aromas.<br \/>\n<a class=\"fl-link fl-link--line\" href=\"https:\/\/www.flfuoriserie.com\/pt-br\/fl-fuoriserie-selecao-mobile\/cerveja-mobile\/orange-line-2\/\">Descubra mais<\/a>[\/vc_column_text][\/vc_column_inner][\/vc_row_inner][vc_row_inner row_inner_height_percent=&#8221;0&#8243; back_image=&#8221;84951&#8243; overlay_alpha=&#8221;50&#8243; equal_height=&#8221;yes&#8221; gutter_size=&#8221;0&#8243; shift_y=&#8221;0&#8243; z_index=&#8221;0&#8243; css=&#8221;.vc_custom_1622449709585{margin-top: 0px !important;margin-bottom: 0px !important;padding-top: 0px !important;padding-right: 0px !important;padding-bottom: 75px !important;padding-left: 0px !important;}&#8221;][vc_column_inner column_width_percent=&#8221;100&#8243; position_vertical=&#8221;middle&#8221; align_horizontal=&#8221;align_right&#8221; gutter_size=&#8221;3&#8243; overlay_alpha=&#8221;50&#8243; shift_x=&#8221;0&#8243; shift_y=&#8221;0&#8243; shift_y_down=&#8221;0&#8243; z_index=&#8221;0&#8243; medium_width=&#8221;0&#8243; mobile_width=&#8221;0&#8243; css_animation=&#8221;left-t-right&#8221; width=&#8221;1\/2&#8243; css=&#8221;.vc_custom_1622471340904{padding-top: 0px !important;padding-right: 0px !important;padding-bottom: 0px !important;padding-left: 0px !important;}&#8221;][vc_single_image media=&#8221;84915&#8243; media_width_use_pixel=&#8221;yes&#8221; alignment=&#8221;center&#8221; css_animation=&#8221;left-t-right&#8221; media_width_pixel=&#8221;100&#8243; el_class=&#8221;bigger&#8221;][vc_single_image media=&#8221;84949&#8243; media_width_use_pixel=&#8221;yes&#8221; alignment=&#8221;center&#8221; css_animation=&#8221;left-t-right&#8221; media_width_pixel=&#8221;100&#8243; el_class=&#8221;bigger&#8221;][\/vc_column_inner][vc_column_inner column_width_percent=&#8221;100&#8243; position_vertical=&#8221;middle&#8221; align_horizontal=&#8221;align_center&#8221; gutter_size=&#8221;3&#8243; overlay_alpha=&#8221;50&#8243; shift_x=&#8221;0&#8243; shift_y=&#8221;0&#8243; shift_y_down=&#8221;0&#8243; z_index=&#8221;0&#8243; medium_width=&#8221;0&#8243; mobile_width=&#8221;0&#8243; css_animation=&#8221;right-t-left&#8221; animation_speed=&#8221;800&#8243; animation_delay=&#8221;200&#8243; width=&#8221;1\/2&#8243; css=&#8221;.vc_custom_1622471347358{padding-top: 0px !important;padding-bottom: 0px !important;padding-left: 0px !important;}&#8221; el_id=&#8221;marlef&#8221;][vc_column_text el_class=&#8221;text-mo&#8221; uncode_shortcode_id=&#8221;856393&#8243;]<\/p>\n<h2>Red Line<\/h2>\n<p><em>Estilo:<\/em> English Pale Ale &#8211; Cerveja crua Amber, n\u00e3o pasteurizada e n\u00e3o filtrada.<br \/>\n<em>Ingredientes:<\/em> \u00c1gua de nascente toscana, malte, trigo toscano, l\u00fapulo, fermento, sabores.<br \/>\n<a class=\"fl-link fl-link--line\" href=\"https:\/\/www.flfuoriserie.com\/pt-br\/fl-fuoriserie-selecao-mobile\/cerveja-mobile\/red-line-2\/\">Descubra mais<\/a>[\/vc_column_text][vc_column_text el_class=&#8221;text-mo&#8221; uncode_shortcode_id=&#8221;224320&#8243;]<\/p>\n<h2>Green line<\/h2>\n<p><em>Estilo:<\/em> Saison &#8211; Cerveja de alta fermenta\u00e7\u00e3o, refermenta\u00e7\u00e3o na garrafa<br \/>\n<em>Ingredientes:<\/em> \u00c1gua de nascente toscana, malte, trigo toscano, l\u00fapulo, fermento, sabores.<br \/>\n<a class=\"fl-link fl-link--line\" href=\"https:\/\/www.flfuoriserie.com\/pt-br\/fl-fuoriserie-selecao-mobile\/cerveja-mobile\/green-line-mobile\/\">Descubra mais<\/a>[\/vc_column_text][\/vc_column_inner][\/vc_row_inner][vc_row_inner row_inner_height_percent=&#8221;0&#8243; back_image=&#8221;96900&#8243; back_position=&#8221;center center&#8221; overlay_alpha=&#8221;50&#8243; equal_height=&#8221;yes&#8221; gutter_size=&#8221;0&#8243; shift_y=&#8221;0&#8243; z_index=&#8221;0&#8243; css=&#8221;.vc_custom_1677744402906{margin-top: 0px !important;margin-bottom: 0px !important;padding-top: 0px !important;padding-right: 0px !important;padding-bottom: 75px !important;padding-left: 0px !important;}&#8221; el_class=&#8221;fabio&#8221; uncode_shortcode_id=&#8221;984817&#8243;][vc_column_inner column_width_percent=&#8221;100&#8243; position_vertical=&#8221;middle&#8221; align_horizontal=&#8221;align_right&#8221; gutter_size=&#8221;3&#8243; overlay_alpha=&#8221;50&#8243; shift_x=&#8221;0&#8243; shift_y=&#8221;0&#8243; shift_y_down=&#8221;0&#8243; z_index=&#8221;0&#8243; medium_width=&#8221;0&#8243; mobile_width=&#8221;0&#8243; css_animation=&#8221;left-t-right&#8221; width=&#8221;1\/2&#8243; css=&#8221;.vc_custom_1622471364238{padding-top: 0px !important;padding-right: 0px !important;padding-bottom: 0px !important;padding-left: 0px !important;}&#8221;][vc_single_image media=&#8221;84913&#8243; media_width_use_pixel=&#8221;yes&#8221; alignment=&#8221;center&#8221; css_animation=&#8221;left-t-right&#8221; media_width_pixel=&#8221;100&#8243; el_class=&#8221;bigger&#8221;][\/vc_column_inner][vc_column_inner column_width_percent=&#8221;100&#8243; position_vertical=&#8221;middle&#8221; align_horizontal=&#8221;align_center&#8221; gutter_size=&#8221;3&#8243; overlay_alpha=&#8221;50&#8243; shift_x=&#8221;0&#8243; shift_y=&#8221;0&#8243; shift_y_down=&#8221;0&#8243; z_index=&#8221;0&#8243; medium_width=&#8221;0&#8243; mobile_width=&#8221;0&#8243; css_animation=&#8221;right-t-left&#8221; animation_speed=&#8221;800&#8243; animation_delay=&#8221;200&#8243; width=&#8221;1\/2&#8243; css=&#8221;.vc_custom_1621006903377{padding-top: 0px !important;padding-bottom: 0px !important;padding-left: 0px !important;}&#8221;][vc_column_text el_class=&#8221;text-mo&#8221; uncode_shortcode_id=&#8221;625461&#8243;]<\/p>\n<h2>Limited Line<\/h2>\n<p><em>Estilo:<\/em> IPA<br \/>\n<em>Ingredientes:<\/em> \u00c1gua de nascente da Toscana, malte, trigo da Toscana, l\u00fapulo, fermento, artem\u00edsia.<br \/>\n<a class=\"fl-link fl-link--line\" href=\"https:\/\/www.flfuoriserie.com\/pt-br\/fl-fuoriserie-selecao-mobile\/cerveja-mobile\/limited-line-2\/\">Descubra mais<\/a>[\/vc_column_text][\/vc_column_inner][\/vc_row_inner][\/vc_column][\/vc_row][vc_row][vc_column width=&#8221;1\/1&#8243;][uncode_block id=&#8221;85309&#8243;][\/vc_column][\/vc_row]<\/p>\n<\/div>","protected":false},"excerpt":{"rendered":"<p>[vc_row unlock_row_content=&#8221;yes&#8221; row_height_percent=&#8221;0&#8243; back_color=&#8221;accent&#8221; overlay_alpha=&#8221;50&#8243; gutter_size=&#8221;3&#8243; column_width_percent=&#8221;100&#8243; shift_y=&#8221;0&#8243; z_index=&#8221;0&#8243; css=&#8221;.vc_custom_1622470866999{margin-top: 0px !important;margin-bottom: 0px !important;}&#8221; el_class=&#8221;responsive&#8221;][vc_column column_width_percent=&#8221;100&#8243; gutter_size=&#8221;3&#8243; overlay_alpha=&#8221;50&#8243; shift_x=&#8221;0&#8243; shift_y=&#8221;0&#8243; [&hellip;]<\/p>\n","protected":false},"author":8,"featured_media":0,"parent":98589,"menu_order":0,"comment_status":"closed","ping_status":"closed","template":"","meta":{"_monsterinsights_skip_tracking":false,"_monsterinsights_sitenote_active":false,"_monsterinsights_sitenote_note":"","_monsterinsights_sitenote_category":0,"footnotes":""},"class_list":["post-95299","page","type-page","status-publish","hentry","page_category-mobile-pt-br"],"_links":{"self":[{"href":"https:\/\/www.flfuoriserie.com\/pt-br\/wp-json\/wp\/v2\/pages\/95299","targetHints":{"allow":["GET"]}}],"collection":[{"href":"https:\/\/www.flfuoriserie.com\/pt-br\/wp-json\/wp\/v2\/pages"}],"about":[{"href":"https:\/\/www.flfuoriserie.com\/pt-br\/wp-json\/wp\/v2\/types\/page"}],"author":[{"embeddable":true,"href":"https:\/\/www.flfuoriserie.com\/pt-br\/wp-json\/wp\/v2\/users\/8"}],"replies":[{"embeddable":true,"href":"https:\/\/www.flfuoriserie.com\/pt-br\/wp-json\/wp\/v2\/comments?post=95299"}],"version-history":[{"count":9,"href":"https:\/\/www.flfuoriserie.com\/pt-br\/wp-json\/wp\/v2\/pages\/95299\/revisions"}],"predecessor-version":[{"id":97604,"href":"https:\/\/www.flfuoriserie.com\/pt-br\/wp-json\/wp\/v2\/pages\/95299\/revisions\/97604"}],"up":[{"embeddable":true,"href":"https:\/\/www.flfuoriserie.com\/pt-br\/wp-json\/wp\/v2\/pages\/98589"}],"wp:attachment":[{"href":"https:\/\/www.flfuoriserie.com\/pt-br\/wp-json\/wp\/v2\/media?parent=95299"}],"curies":[{"name":"wp","href":"https:\/\/api.w.org\/{rel}","templated":true}]}}