{"id":95166,"date":"2023-01-31T12:58:42","date_gmt":"2023-01-31T11:58:42","guid":{"rendered":"https:\/\/www.flfuoriserie.com\/creme-corporal-nutritivo-2\/"},"modified":"2023-05-03T17:06:35","modified_gmt":"2023-05-03T15:06:35","slug":"creme-corporal-nutritivo-mobile","status":"publish","type":"page","link":"https:\/\/www.flfuoriserie.com\/pt-br\/cuidados-com-a-pele-mobile\/creme-corporal-nutritivo-mobile\/","title":{"rendered":"Creme corporal nutritivo"},"content":{"rendered":"<div class=\"wpb-content-wrapper\"><p>[vc_row row_height_percent=&#8221;0&#8243; back_color=&#8221;accent&#8221; overlay_alpha=&#8221;50&#8243; equal_height=&#8221;yes&#8221; gutter_size=&#8221;3&#8243; column_width_percent=&#8221;100&#8243; shift_y=&#8221;0&#8243; z_index=&#8221;0&#8243;][vc_column column_width_percent=&#8221;100&#8243; gutter_size=&#8221;3&#8243; overlay_alpha=&#8221;50&#8243; shift_x=&#8221;0&#8243; shift_y=&#8221;0&#8243; shift_y_down=&#8221;0&#8243; z_index=&#8221;0&#8243; medium_width=&#8221;0&#8243; mobile_width=&#8221;0&#8243; width=&#8221;1\/1&#8243; el_class=&#8221;ls&#8221; uncode_shortcode_id=&#8221;479460&#8243;][vc_row_inner row_inner_height_percent=&#8221;0&#8243; back_image=&#8221;99106&#8243; overlay_alpha=&#8221;50&#8243; equal_height=&#8221;yes&#8221; gutter_size=&#8221;0&#8243; shift_y=&#8221;0&#8243; z_index=&#8221;0&#8243; css=&#8221;.vc_custom_1683126385623{margin-top: 0px !important;margin-bottom: 0px !important;padding-top: 75px !important;padding-right: 0px !important;padding-bottom: 75px !important;padding-left: 0px !important;}&#8221; uncode_shortcode_id=&#8221;201998&#8243; shape_dividers=&#8221;&#8221;][vc_column_inner column_width_percent=&#8221;100&#8243; position_horizontal=&#8221;right&#8221; position_vertical=&#8221;middle&#8221; align_horizontal=&#8221;align_right&#8221; gutter_size=&#8221;3&#8243; overlay_alpha=&#8221;50&#8243; shift_x=&#8221;0&#8243; shift_y=&#8221;0&#8243; shift_y_down=&#8221;0&#8243; z_index=&#8221;0&#8243; medium_width=&#8221;0&#8243; mobile_width=&#8221;0&#8243; css_animation=&#8221;left-t-right&#8221; width=&#8221;1\/1&#8243; css=&#8221;.vc_custom_1667817838354{padding-top: 0px !important;padding-right: 0px !important;padding-bottom: 0px !important;padding-left: 0px !important;}&#8221; uncode_shortcode_id=&#8221;261125&#8243;][vc_single_image media=&#8221;92967&#8243; media_width_use_pixel=&#8221;yes&#8221; alignment=&#8221;center&#8221; css_animation=&#8221;alpha-anim&#8221; media_width_pixel=&#8221;250&#8243; el_class=&#8221;imgpro&#8221; uncode_shortcode_id=&#8221;718601&#8243;][vc_column_text css_animation=&#8221;alpha-anim&#8221; border_color=&#8221;color-xsdn&#8221; border_style=&#8221;solid&#8221; css=&#8221;.vc_custom_1667817792355{margin-top: 0px !important;margin-right: 8% !important;margin-left: 8% !important;border-top-width: 0px !important;border-right-width: 0px !important;border-bottom-width: 1px !important;border-left-width: 0px !important;padding-top: 25px !important;padding-right: 0px !important;padding-bottom: 25px !important;padding-left: 0px !important;}&#8221; uncode_shortcode_id=&#8221;103920&#8243; border_color_type=&#8221;uncode-palette&#8221;]<\/p>\n<p style=\"text-align: justify;\">Creme delicado, calmante e nutritivo para uso di\u00e1rio com Aloe Vera org\u00e2nico.<br \/>\nHidrata e acalma a pele tornando-a macia e aveludada.<br \/>\nEste creme tamb\u00e9m \u00e9 perfeito como p\u00f3s-sol, pois \u00e9 f\u00e1cil de aplicar e absorve rapidamente. O suave creme nutritivo calmante \u00e9 ideal para a hidrata\u00e7\u00e3o di\u00e1ria da pele de toda a fam\u00edlia.<br \/>\n\u00c9 f\u00e1cil de aplicar e absorve rapidamente e tamb\u00e9m pode ser usado como p\u00f3s-sol. Confere suavidade \u00e0 pele e a torna brilhante com importantes propriedades calmantes.<\/p>\n<p>[\/vc_column_text][vc_column_text css_animation=&#8221;alpha-anim&#8221; css=&#8221;.vc_custom_1667817822331{margin-top: 0px !important;margin-right: 8% !important;margin-bottom: 0px !important;margin-left: 8% !important;border-top-width: 0px !important;border-right-width: 0px !important;border-bottom-width: 0px !important;border-left-width: 0px !important;padding-top: 25px !important;padding-right: 0px !important;padding-bottom: 25px !important;padding-left: 0px !important;}&#8221; uncode_shortcode_id=&#8221;501998&#8243;]<\/p>\n<p style=\"text-align: left;\">Cont\u00e9m:<br \/>\n&#8211; ALOE VERA<br \/>\n&#8211; \u00d3LEO DE SEMENTE DE UVA<br \/>\n&#8211; MANTEIGA DE KARITE<br \/>\n&#8211; EXTRATO DE FOLHA DE VINHA VERMELHA<\/p>\n<p style=\"text-align: left;\">Formato: 100ml<\/p>\n<p>[\/vc_column_text][\/vc_column_inner][\/vc_row_inner][\/vc_column][\/vc_row][vc_row][vc_column width=&#8221;1\/1&#8243;][uncode_block id=&#8221;85309&#8243;][\/vc_column][\/vc_row]<\/p>\n<\/div>","protected":false},"excerpt":{"rendered":"<p>[vc_row row_height_percent=&#8221;0&#8243; back_color=&#8221;accent&#8221; overlay_alpha=&#8221;50&#8243; equal_height=&#8221;yes&#8221; gutter_size=&#8221;3&#8243; column_width_percent=&#8221;100&#8243; shift_y=&#8221;0&#8243; z_index=&#8221;0&#8243;][vc_column column_width_percent=&#8221;100&#8243; gutter_size=&#8221;3&#8243; overlay_alpha=&#8221;50&#8243; shift_x=&#8221;0&#8243; shift_y=&#8221;0&#8243; shift_y_down=&#8221;0&#8243; z_index=&#8221;0&#8243; medium_width=&#8221;0&#8243; mobile_width=&#8221;0&#8243; width=&#8221;1\/1&#8243; el_class=&#8221;ls&#8221; [&hellip;]<\/p>\n","protected":false},"author":8,"featured_media":0,"parent":95208,"menu_order":0,"comment_status":"closed","ping_status":"closed","template":"","meta":{"_monsterinsights_skip_tracking":false,"_monsterinsights_sitenote_active":false,"_monsterinsights_sitenote_note":"","_monsterinsights_sitenote_category":0,"footnotes":""},"class_list":["post-95166","page","type-page","status-publish","hentry","page_category-mobile-pt-br"],"yoast_head":"<!-- This site is optimized with the Yoast SEO plugin v27.4 - https:\/\/yoast.com\/product\/yoast-seo-wordpress\/ -->\n<title>Creme corporal nutritivo - FL Fuoriserie<\/title>\n<meta name=\"robots\" content=\"index, follow, max-snippet:-1, max-image-preview:large, max-video-preview:-1\" \/>\n<link rel=\"canonical\" href=\"https:\/\/www.flfuoriserie.com\/pt-br\/cuidados-com-a-pele-mobile\/creme-corporal-nutritivo-mobile\/\" \/>\n<meta property=\"og:locale\" content=\"pt_BR\" \/>\n<meta property=\"og:type\" content=\"article\" \/>\n<meta property=\"og:title\" content=\"Creme corporal nutritivo - FL Fuoriserie\" \/>\n<meta property=\"og:description\" content=\"[vc_row row_height_percent=&#8221;0&#8243; back_color=&#8221;accent&#8221; overlay_alpha=&#8221;50&#8243; equal_height=&#8221;yes&#8221; gutter_size=&#8221;3&#8243; column_width_percent=&#8221;100&#8243; shift_y=&#8221;0&#8243; z_index=&#8221;0&#8243;][vc_column column_width_percent=&#8221;100&#8243; gutter_size=&#8221;3&#8243; overlay_alpha=&#8221;50&#8243; shift_x=&#8221;0&#8243; shift_y=&#8221;0&#8243; shift_y_down=&#8221;0&#8243; z_index=&#8221;0&#8243; medium_width=&#8221;0&#8243; mobile_width=&#8221;0&#8243; width=&#8221;1\/1&#8243; el_class=&#8221;ls&#8221; [&hellip;]\" \/>\n<meta property=\"og:url\" content=\"https:\/\/www.flfuoriserie.com\/pt-br\/cuidados-com-a-pele-mobile\/creme-corporal-nutritivo-mobile\/\" \/>\n<meta property=\"og:site_name\" content=\"FL Fuoriserie\" \/>\n<meta property=\"article:modified_time\" content=\"2023-05-03T15:06:35+00:00\" \/>\n<meta property=\"og:image\" content=\"https:\/\/www.flfuoriserie.com\/wp-content\/uploads\/2025\/11\/img_page_FL.jpg\" \/>\n\t<meta property=\"og:image:width\" content=\"1200\" \/>\n\t<meta property=\"og:image:height\" content=\"675\" \/>\n\t<meta property=\"og:image:type\" content=\"image\/jpeg\" \/>\n<meta name=\"twitter:card\" content=\"summary_large_image\" \/>\n<meta name=\"twitter:label1\" content=\"Est. tempo de leitura\" \/>\n\t<meta name=\"twitter:data1\" content=\"2 minutos\" \/>\n<script type=\"application\/ld+json\" class=\"yoast-schema-graph\">{\"@context\":\"https:\\\/\\\/schema.org\",\"@graph\":[{\"@type\":\"WebPage\",\"@id\":\"https:\\\/\\\/www.flfuoriserie.com\\\/pt-br\\\/cuidados-com-a-pele-mobile\\\/creme-corporal-nutritivo-mobile\\\/\",\"url\":\"https:\\\/\\\/www.flfuoriserie.com\\\/pt-br\\\/cuidados-com-a-pele-mobile\\\/creme-corporal-nutritivo-mobile\\\/\",\"name\":\"Creme corporal nutritivo - FL Fuoriserie\",\"isPartOf\":{\"@id\":\"https:\\\/\\\/www.flfuoriserie.com\\\/pt-br\\\/#website\"},\"datePublished\":\"2023-01-31T11:58:42+00:00\",\"dateModified\":\"2023-05-03T15:06:35+00:00\",\"breadcrumb\":{\"@id\":\"https:\\\/\\\/www.flfuoriserie.com\\\/pt-br\\\/cuidados-com-a-pele-mobile\\\/creme-corporal-nutritivo-mobile\\\/#breadcrumb\"},\"inLanguage\":\"pt-BR\",\"potentialAction\":[{\"@type\":\"ReadAction\",\"target\":[\"https:\\\/\\\/www.flfuoriserie.com\\\/pt-br\\\/cuidados-com-a-pele-mobile\\\/creme-corporal-nutritivo-mobile\\\/\"]}]},{\"@type\":\"BreadcrumbList\",\"@id\":\"https:\\\/\\\/www.flfuoriserie.com\\\/pt-br\\\/cuidados-com-a-pele-mobile\\\/creme-corporal-nutritivo-mobile\\\/#breadcrumb\",\"itemListElement\":[{\"@type\":\"ListItem\",\"position\":1,\"name\":\"Home\",\"item\":\"https:\\\/\\\/www.flfuoriserie.com\\\/pt-br\\\/\"},{\"@type\":\"ListItem\",\"position\":2,\"name\":\"Cuidados com a pele\",\"item\":\"https:\\\/\\\/www.flfuoriserie.com\\\/pt-br\\\/?page_id=95208\"},{\"@type\":\"ListItem\",\"position\":3,\"name\":\"Creme corporal nutritivo\"}]},{\"@type\":\"WebSite\",\"@id\":\"https:\\\/\\\/www.flfuoriserie.com\\\/pt-br\\\/#website\",\"url\":\"https:\\\/\\\/www.flfuoriserie.com\\\/pt-br\\\/\",\"name\":\"FL Fuoriserie | Official site\",\"description\":\"FL Fuoriserie\",\"publisher\":{\"@id\":\"https:\\\/\\\/www.flfuoriserie.com\\\/pt-br\\\/#organization\"},\"alternateName\":\"FL Official\",\"potentialAction\":[{\"@type\":\"SearchAction\",\"target\":{\"@type\":\"EntryPoint\",\"urlTemplate\":\"https:\\\/\\\/www.flfuoriserie.com\\\/pt-br\\\/?s={search_term_string}\"},\"query-input\":{\"@type\":\"PropertyValueSpecification\",\"valueRequired\":true,\"valueName\":\"search_term_string\"}}],\"inLanguage\":\"pt-BR\"},{\"@type\":\"Organization\",\"@id\":\"https:\\\/\\\/www.flfuoriserie.com\\\/pt-br\\\/#organization\",\"name\":\"FL Fuoriserie\",\"alternateName\":\"FL\",\"url\":\"https:\\\/\\\/www.flfuoriserie.com\\\/pt-br\\\/\",\"logo\":{\"@type\":\"ImageObject\",\"inLanguage\":\"pt-BR\",\"@id\":\"https:\\\/\\\/www.flfuoriserie.com\\\/pt-br\\\/#\\\/schema\\\/logo\\\/image\\\/\",\"url\":\"https:\\\/\\\/www.flfuoriserie.com\\\/wp-content\\\/uploads\\\/2025\\\/11\\\/Classico.jpg\",\"contentUrl\":\"https:\\\/\\\/www.flfuoriserie.com\\\/wp-content\\\/uploads\\\/2025\\\/11\\\/Classico.jpg\",\"width\":584,\"height\":518,\"caption\":\"FL Fuoriserie\"},\"image\":{\"@id\":\"https:\\\/\\\/www.flfuoriserie.com\\\/pt-br\\\/#\\\/schema\\\/logo\\\/image\\\/\"},\"sameAs\":[\"https:\\\/\\\/www.instagram.com\\\/flfuoriserieofficial\\\/?hl=it\"]}]}<\/script>\n<!-- \/ Yoast SEO plugin. -->","yoast_head_json":{"title":"Creme corporal nutritivo - FL Fuoriserie","robots":{"index":"index","follow":"follow","max-snippet":"max-snippet:-1","max-image-preview":"max-image-preview:large","max-video-preview":"max-video-preview:-1"},"canonical":"https:\/\/www.flfuoriserie.com\/pt-br\/cuidados-com-a-pele-mobile\/creme-corporal-nutritivo-mobile\/","og_locale":"pt_BR","og_type":"article","og_title":"Creme corporal nutritivo - FL Fuoriserie","og_description":"[vc_row row_height_percent=&#8221;0&#8243; back_color=&#8221;accent&#8221; overlay_alpha=&#8221;50&#8243; equal_height=&#8221;yes&#8221; gutter_size=&#8221;3&#8243; column_width_percent=&#8221;100&#8243; shift_y=&#8221;0&#8243; z_index=&#8221;0&#8243;][vc_column column_width_percent=&#8221;100&#8243; gutter_size=&#8221;3&#8243; overlay_alpha=&#8221;50&#8243; shift_x=&#8221;0&#8243; shift_y=&#8221;0&#8243; shift_y_down=&#8221;0&#8243; z_index=&#8221;0&#8243; medium_width=&#8221;0&#8243; mobile_width=&#8221;0&#8243; width=&#8221;1\/1&#8243; el_class=&#8221;ls&#8221; [&hellip;]","og_url":"https:\/\/www.flfuoriserie.com\/pt-br\/cuidados-com-a-pele-mobile\/creme-corporal-nutritivo-mobile\/","og_site_name":"FL Fuoriserie","article_modified_time":"2023-05-03T15:06:35+00:00","og_image":[{"width":1200,"height":675,"url":"https:\/\/www.flfuoriserie.com\/wp-content\/uploads\/2025\/11\/img_page_FL.jpg","type":"image\/jpeg"}],"twitter_card":"summary_large_image","twitter_misc":{"Est. tempo de leitura":"2 minutos"},"schema":{"@context":"https:\/\/schema.org","@graph":[{"@type":"WebPage","@id":"https:\/\/www.flfuoriserie.com\/pt-br\/cuidados-com-a-pele-mobile\/creme-corporal-nutritivo-mobile\/","url":"https:\/\/www.flfuoriserie.com\/pt-br\/cuidados-com-a-pele-mobile\/creme-corporal-nutritivo-mobile\/","name":"Creme corporal nutritivo - FL Fuoriserie","isPartOf":{"@id":"https:\/\/www.flfuoriserie.com\/pt-br\/#website"},"datePublished":"2023-01-31T11:58:42+00:00","dateModified":"2023-05-03T15:06:35+00:00","breadcrumb":{"@id":"https:\/\/www.flfuoriserie.com\/pt-br\/cuidados-com-a-pele-mobile\/creme-corporal-nutritivo-mobile\/#breadcrumb"},"inLanguage":"pt-BR","potentialAction":[{"@type":"ReadAction","target":["https:\/\/www.flfuoriserie.com\/pt-br\/cuidados-com-a-pele-mobile\/creme-corporal-nutritivo-mobile\/"]}]},{"@type":"BreadcrumbList","@id":"https:\/\/www.flfuoriserie.com\/pt-br\/cuidados-com-a-pele-mobile\/creme-corporal-nutritivo-mobile\/#breadcrumb","itemListElement":[{"@type":"ListItem","position":1,"name":"Home","item":"https:\/\/www.flfuoriserie.com\/pt-br\/"},{"@type":"ListItem","position":2,"name":"Cuidados com a pele","item":"https:\/\/www.flfuoriserie.com\/pt-br\/?page_id=95208"},{"@type":"ListItem","position":3,"name":"Creme corporal nutritivo"}]},{"@type":"WebSite","@id":"https:\/\/www.flfuoriserie.com\/pt-br\/#website","url":"https:\/\/www.flfuoriserie.com\/pt-br\/","name":"FL Fuoriserie | Official site","description":"FL Fuoriserie","publisher":{"@id":"https:\/\/www.flfuoriserie.com\/pt-br\/#organization"},"alternateName":"FL Official","potentialAction":[{"@type":"SearchAction","target":{"@type":"EntryPoint","urlTemplate":"https:\/\/www.flfuoriserie.com\/pt-br\/?s={search_term_string}"},"query-input":{"@type":"PropertyValueSpecification","valueRequired":true,"valueName":"search_term_string"}}],"inLanguage":"pt-BR"},{"@type":"Organization","@id":"https:\/\/www.flfuoriserie.com\/pt-br\/#organization","name":"FL Fuoriserie","alternateName":"FL","url":"https:\/\/www.flfuoriserie.com\/pt-br\/","logo":{"@type":"ImageObject","inLanguage":"pt-BR","@id":"https:\/\/www.flfuoriserie.com\/pt-br\/#\/schema\/logo\/image\/","url":"https:\/\/www.flfuoriserie.com\/wp-content\/uploads\/2025\/11\/Classico.jpg","contentUrl":"https:\/\/www.flfuoriserie.com\/wp-content\/uploads\/2025\/11\/Classico.jpg","width":584,"height":518,"caption":"FL Fuoriserie"},"image":{"@id":"https:\/\/www.flfuoriserie.com\/pt-br\/#\/schema\/logo\/image\/"},"sameAs":["https:\/\/www.instagram.com\/flfuoriserieofficial\/?hl=it"]}]}},"_links":{"self":[{"href":"https:\/\/www.flfuoriserie.com\/pt-br\/wp-json\/wp\/v2\/pages\/95166","targetHints":{"allow":["GET"]}}],"collection":[{"href":"https:\/\/www.flfuoriserie.com\/pt-br\/wp-json\/wp\/v2\/pages"}],"about":[{"href":"https:\/\/www.flfuoriserie.com\/pt-br\/wp-json\/wp\/v2\/types\/page"}],"author":[{"embeddable":true,"href":"https:\/\/www.flfuoriserie.com\/pt-br\/wp-json\/wp\/v2\/users\/8"}],"replies":[{"embeddable":true,"href":"https:\/\/www.flfuoriserie.com\/pt-br\/wp-json\/wp\/v2\/comments?post=95166"}],"version-history":[{"count":3,"href":"https:\/\/www.flfuoriserie.com\/pt-br\/wp-json\/wp\/v2\/pages\/95166\/revisions"}],"predecessor-version":[{"id":99320,"href":"https:\/\/www.flfuoriserie.com\/pt-br\/wp-json\/wp\/v2\/pages\/95166\/revisions\/99320"}],"up":[{"embeddable":true,"href":"https:\/\/www.flfuoriserie.com\/pt-br\/wp-json\/wp\/v2\/pages\/95208"}],"wp:attachment":[{"href":"https:\/\/www.flfuoriserie.com\/pt-br\/wp-json\/wp\/v2\/media?parent=95166"}],"curies":[{"name":"wp","href":"https:\/\/api.w.org\/{rel}","templated":true}]}}