{"id":95123,"date":"2023-01-31T12:15:18","date_gmt":"2023-01-31T11:15:18","guid":{"rendered":"https:\/\/www.flfuoriserie.com\/fl-fuoriserie-selection\/espiritos-2__trashed\/vermouth\/"},"modified":"2023-05-26T12:13:46","modified_gmt":"2023-05-26T10:13:46","slug":"vermouth-mobile","status":"publish","type":"page","link":"https:\/\/www.flfuoriserie.com\/pt-br\/espiritos-mobile\/vermouth-mobile\/","title":{"rendered":"Vermouth"},"content":{"rendered":"<div class=\"wpb-content-wrapper\"><p>[vc_row row_height_percent=&#8221;0&#8243; back_color=&#8221;accent&#8221; overlay_alpha=&#8221;50&#8243; equal_height=&#8221;yes&#8221; gutter_size=&#8221;3&#8243; column_width_percent=&#8221;100&#8243; shift_y=&#8221;0&#8243; z_index=&#8221;0&#8243;][vc_column column_width_percent=&#8221;100&#8243; gutter_size=&#8221;3&#8243; overlay_alpha=&#8221;50&#8243; shift_x=&#8221;0&#8243; shift_y=&#8221;0&#8243; shift_y_down=&#8221;0&#8243; z_index=&#8221;0&#8243; medium_width=&#8221;0&#8243; mobile_width=&#8221;0&#8243; width=&#8221;1\/1&#8243; el_class=&#8221;ls&#8221;][vc_row_inner row_inner_height_percent=&#8221;0&#8243; back_image=&#8221;84823&#8243; overlay_alpha=&#8221;50&#8243; equal_height=&#8221;yes&#8221; gutter_size=&#8221;0&#8243; shift_y=&#8221;0&#8243; z_index=&#8221;0&#8243; css=&#8221;.vc_custom_1628259725295{margin-top: 0px !important;margin-bottom: 0px !important;padding-top: 75px !important;padding-right: 0px !important;padding-bottom: 75px !important;padding-left: 0px !important;}&#8221; shape_dividers=&#8221;&#8221;][vc_column_inner column_width_percent=&#8221;100&#8243; position_horizontal=&#8221;right&#8221; position_vertical=&#8221;middle&#8221; align_horizontal=&#8221;align_right&#8221; gutter_size=&#8221;3&#8243; overlay_alpha=&#8221;50&#8243; shift_x=&#8221;0&#8243; shift_y=&#8221;0&#8243; shift_y_down=&#8221;0&#8243; z_index=&#8221;0&#8243; medium_width=&#8221;0&#8243; mobile_width=&#8221;0&#8243; css_animation=&#8221;left-t-right&#8221; width=&#8221;1\/1&#8243; css=&#8221;.vc_custom_1623938940880{padding-top: 0px !important;padding-right: 0px !important;padding-bottom: 0px !important;padding-left: 0px !important;}&#8221;][vc_single_image media=&#8221;84801&#8243; media_width_use_pixel=&#8221;yes&#8221; alignment=&#8221;center&#8221; css_animation=&#8221;alpha-anim&#8221; el_class=&#8221;imgpro&#8221; media_width_pixel=&#8221;240&#8243;][vc_column_text css_animation=&#8221;alpha-anim&#8221; css=&#8221;.vc_custom_1623939078354{padding-right: 8% !important;padding-left: 8% !important;}&#8221;]<\/p>\n<p style=\"text-align: justify;\">Este vermute tinto \u00e9 o resultado da uni\u00e3o de vinhos finos da Toscana, especiarias preciosas e ervas arom\u00e1ticas. Ao contr\u00e1rio dos vermutes padr\u00e3o, nos quais s\u00e3o utilizadas as uvas remanescentes de outros processos, para este vinho aromatizado, as uvas mais t\u00edpicas do territ\u00f3rio de origem s\u00e3o selecionadas manualmente: 80% Vernaccia di San Gimignano DOCG e 20% Chianti Classico DOCG.<br \/>\nUma escolha \u00fanica que se revela no sabor inconfund\u00edvel de uma verdadeira \u201cFuoriserie\u201d.<\/p>\n<p>[\/vc_column_text][vc_column_text css_animation=&#8221;alpha-anim&#8221; css=&#8221;.vc_custom_1623938973705{margin-top: 25px !important;padding-right: 8% !important;padding-bottom: 25px !important;padding-left: 8% !important;}&#8221;]<\/p>\n<p style=\"text-align: justify;\">As notas v\u00ednicas est\u00e3o ligadas a v\u00e1rias notas que lembram elementos bals\u00e2micos, passas, citrinos cristalizados, figos secos, cravinho, ruibarbo, cinchona, alecrim, alfazema e esfolia\u00e7\u00e3o mediterr\u00e2nica.<br \/>\nO sabor \u00e9 persistente, gra\u00e7as aos in\u00fameros sabores obtidos pela longa infus\u00e3o de especiarias e ervas no vinho base, em propor\u00e7\u00f5es e tempos que n\u00e3o podemos revelar.<\/p>\n<p>[\/vc_column_text][\/vc_column_inner][\/vc_row_inner][\/vc_column][\/vc_row][vc_row row_height_percent=&#8221;0&#8243; back_color=&#8221;accent&#8221; overlay_alpha=&#8221;50&#8243; gutter_size=&#8221;3&#8243; column_width_percent=&#8221;100&#8243; shift_y=&#8221;0&#8243; z_index=&#8221;0&#8243;][vc_column width=&#8221;1\/1&#8243;][uncode_block id=&#8221;85309&#8243;][\/vc_column][\/vc_row]<\/p>\n<\/div>","protected":false},"excerpt":{"rendered":"<p>[vc_row row_height_percent=&#8221;0&#8243; back_color=&#8221;accent&#8221; overlay_alpha=&#8221;50&#8243; equal_height=&#8221;yes&#8221; gutter_size=&#8221;3&#8243; column_width_percent=&#8221;100&#8243; shift_y=&#8221;0&#8243; z_index=&#8221;0&#8243;][vc_column column_width_percent=&#8221;100&#8243; gutter_size=&#8221;3&#8243; overlay_alpha=&#8221;50&#8243; shift_x=&#8221;0&#8243; shift_y=&#8221;0&#8243; shift_y_down=&#8221;0&#8243; z_index=&#8221;0&#8243; medium_width=&#8221;0&#8243; mobile_width=&#8221;0&#8243; width=&#8221;1\/1&#8243; el_class=&#8221;ls&#8221;][vc_row_inner [&hellip;]<\/p>\n","protected":false},"author":8,"featured_media":0,"parent":99765,"menu_order":0,"comment_status":"closed","ping_status":"closed","template":"","meta":{"_monsterinsights_skip_tracking":false,"_monsterinsights_sitenote_active":false,"_monsterinsights_sitenote_note":"","_monsterinsights_sitenote_category":0,"footnotes":""},"class_list":["post-95123","page","type-page","status-publish","hentry","page_category-mobile-pt-br"],"_links":{"self":[{"href":"https:\/\/www.flfuoriserie.com\/pt-br\/wp-json\/wp\/v2\/pages\/95123","targetHints":{"allow":["GET"]}}],"collection":[{"href":"https:\/\/www.flfuoriserie.com\/pt-br\/wp-json\/wp\/v2\/pages"}],"about":[{"href":"https:\/\/www.flfuoriserie.com\/pt-br\/wp-json\/wp\/v2\/types\/page"}],"author":[{"embeddable":true,"href":"https:\/\/www.flfuoriserie.com\/pt-br\/wp-json\/wp\/v2\/users\/8"}],"replies":[{"embeddable":true,"href":"https:\/\/www.flfuoriserie.com\/pt-br\/wp-json\/wp\/v2\/comments?post=95123"}],"version-history":[{"count":2,"href":"https:\/\/www.flfuoriserie.com\/pt-br\/wp-json\/wp\/v2\/pages\/95123\/revisions"}],"predecessor-version":[{"id":95125,"href":"https:\/\/www.flfuoriserie.com\/pt-br\/wp-json\/wp\/v2\/pages\/95123\/revisions\/95125"}],"up":[{"embeddable":true,"href":"https:\/\/www.flfuoriserie.com\/pt-br\/wp-json\/wp\/v2\/pages\/99765"}],"wp:attachment":[{"href":"https:\/\/www.flfuoriserie.com\/pt-br\/wp-json\/wp\/v2\/media?parent=95123"}],"curies":[{"name":"wp","href":"https:\/\/api.w.org\/{rel}","templated":true}]}}