{"id":95088,"date":"2023-01-31T11:45:11","date_gmt":"2023-01-31T10:45:11","guid":{"rendered":"https:\/\/www.flfuoriserie.com\/fl-fuoriserie-selection\/vinhos\/renazzo-2\/"},"modified":"2023-02-02T10:44:30","modified_gmt":"2023-02-02T09:44:30","slug":"renazzo-mobile","status":"publish","type":"page","link":"https:\/\/www.flfuoriserie.com\/pt-br\/vinhos-mobile\/renazzo-mobile\/","title":{"rendered":"Renazzo"},"content":{"rendered":"<div class=\"wpb-content-wrapper\"><p>[vc_row row_height_percent=&#8221;0&#8243; back_color=&#8221;accent&#8221; overlay_alpha=&#8221;50&#8243; equal_height=&#8221;yes&#8221; gutter_size=&#8221;3&#8243; column_width_percent=&#8221;100&#8243; shift_y=&#8221;0&#8243; z_index=&#8221;0&#8243;][vc_column column_width_percent=&#8221;100&#8243; gutter_size=&#8221;3&#8243; overlay_alpha=&#8221;50&#8243; shift_x=&#8221;0&#8243; shift_y=&#8221;0&#8243; shift_y_down=&#8221;0&#8243; z_index=&#8221;0&#8243; medium_width=&#8221;0&#8243; mobile_width=&#8221;0&#8243; width=&#8221;1\/1&#8243; el_class=&#8221;ls&#8221;][vc_row_inner row_inner_height_percent=&#8221;0&#8243; back_image=&#8221;84842&#8243; overlay_alpha=&#8221;50&#8243; equal_height=&#8221;yes&#8221; gutter_size=&#8221;0&#8243; shift_y=&#8221;0&#8243; z_index=&#8221;0&#8243; css=&#8221;.vc_custom_1623081306054{margin-top: 0px !important;margin-bottom: 0px !important;padding-top: 75px !important;padding-right: 0px !important;padding-bottom: 75px !important;padding-left: 0px !important;}&#8221;][vc_column_inner column_width_percent=&#8221;100&#8243; position_horizontal=&#8221;right&#8221; position_vertical=&#8221;middle&#8221; align_horizontal=&#8221;align_right&#8221; gutter_size=&#8221;3&#8243; overlay_alpha=&#8221;50&#8243; shift_x=&#8221;0&#8243; shift_y=&#8221;0&#8243; shift_y_down=&#8221;0&#8243; z_index=&#8221;0&#8243; medium_width=&#8221;0&#8243; mobile_width=&#8221;0&#8243; css_animation=&#8221;left-t-right&#8221; width=&#8221;1\/1&#8243; css=&#8221;.vc_custom_1623938505784{padding-top: 0px !important;padding-right: 0px !important;padding-bottom: 0px !important;padding-left: 0px !important;}&#8221;][vc_single_image media=&#8221;84817&#8243; media_width_use_pixel=&#8221;yes&#8221; alignment=&#8221;center&#8221; css_animation=&#8221;alpha-anim&#8221; el_class=&#8221;imgpro&#8221; media_width_pixel=&#8221;240&#8243; uncode_shortcode_id=&#8221;429213&#8243;][vc_column_text css_animation=&#8221;alpha-anim&#8221; border_color=&#8221;color-xsdn&#8221; border_style=&#8221;solid&#8221; css=&#8221;.vc_custom_1671812493350{margin-right: 8% !important;margin-left: 8% !important;border-top-width: 0px !important;border-right-width: 0px !important;border-bottom-width: 1px !important;border-left-width: 0px !important;padding-right: 0px !important;padding-bottom: 25px !important;padding-left: 0px !important;}&#8221; uncode_shortcode_id=&#8221;984242&#8243; border_color_type=&#8221;uncode-palette&#8221;]<\/p>\n<p style=\"text-align: left;\"><em>Nome:<\/em> Vernaccia di San Gimignano DOCG<br \/>\n<em>Origem:<\/em> San Gimignano , Siena, Tuscany,Italy<br \/>\n<em>Uvas:<\/em> Vernaccia 100%<br \/>\n<em>Altitude:<\/em> 150-250 m A.S.L.<br \/>\n<em>Exposi\u00e7\u00e3o:<\/em> Sul, Sul\/Este<br \/>\n<em>Densidade:<\/em> 4.500 videiras por hectare<br \/>\n<em>Colheita:<\/em> manual<br \/>\n<em>Formato:<\/em> 750 ml em caixa de 6 frascos<\/p>\n<p>[\/vc_column_text][vc_column_text css_animation=&#8221;alpha-anim&#8221; border_color=&#8221;color-xsdn&#8221; border_style=&#8221;solid&#8221; css=&#8221;.vc_custom_1637946440083{margin-top: 25px !important;margin-right: 8% !important;margin-left: 8% !important;border-top-width: 0px !important;border-bottom-width: 1px !important;padding-bottom: 25px !important;}&#8221; uncode_shortcode_id=&#8221;520810&#8243; border_color_type=&#8221;uncode-palette&#8221;]<\/p>\n<p style=\"text-align: justify;\">O Vernaccia di San Gimignano DOCG apresenta-se com uma cor palha clara com reflexos esverdeados.<br \/>\nO aroma \u00e9 fino, frutado e muito harmonioso com evidentes notas de alperce e ma\u00e7\u00e3, real\u00e7adas por refer\u00eancias florais.<br \/>\nNa boca \u00e9 fresco, seco, com acidez justa e corpo m\u00e9dio.<br \/>\nO retrogosto caracter\u00edstico ligeiramente amargo real\u00e7a as suas caracter\u00edsticas t\u00edpicas.<\/p>\n<p>[\/vc_column_text][vc_column_text uncode_shortcode_id=&#8221;115257&#8243; css=&#8221;.vc_custom_1637946464036{margin-top: 25px !important;margin-right: 8% !important;margin-left: 8% !important;padding-bottom: 25px !important;}&#8221;]<\/p>\n<h5 style=\"text-align: left;\">RENAZZO<\/h5>\n<p style=\"text-align: justify;\">Tio Ferruccio nasceu em Renazzo, onde nasceram as primeiras cria\u00e7\u00f5es mec\u00e2nicas, em uma pequena oficina mec\u00e2nica que ele mesmo criou dentro da casa rural.<br \/>\nEste Vernaccia di San Gimignano DOC com um car\u00e1ter simples e genu\u00edno \u00e9 inspirado naquele lugar puro e cheio de hist\u00f3ria de onde tudo come\u00e7ou.<\/p>\n<p>[\/vc_column_text][\/vc_column_inner][\/vc_row_inner][\/vc_column][\/vc_row][vc_row row_height_percent=&#8221;0&#8243; back_color=&#8221;accent&#8221; overlay_alpha=&#8221;50&#8243; gutter_size=&#8221;3&#8243; column_width_percent=&#8221;100&#8243; shift_y=&#8221;0&#8243; z_index=&#8221;0&#8243;][vc_column width=&#8221;1\/1&#8243;][uncode_block id=&#8221;85309&#8243;][\/vc_column][\/vc_row]<\/p>\n<\/div>","protected":false},"excerpt":{"rendered":"<p>[vc_row row_height_percent=&#8221;0&#8243; back_color=&#8221;accent&#8221; overlay_alpha=&#8221;50&#8243; equal_height=&#8221;yes&#8221; gutter_size=&#8221;3&#8243; column_width_percent=&#8221;100&#8243; shift_y=&#8221;0&#8243; z_index=&#8221;0&#8243;][vc_column column_width_percent=&#8221;100&#8243; gutter_size=&#8221;3&#8243; overlay_alpha=&#8221;50&#8243; shift_x=&#8221;0&#8243; shift_y=&#8221;0&#8243; shift_y_down=&#8221;0&#8243; z_index=&#8221;0&#8243; medium_width=&#8221;0&#8243; mobile_width=&#8221;0&#8243; width=&#8221;1\/1&#8243; el_class=&#8221;ls&#8221;][vc_row_inner [&hellip;]<\/p>\n","protected":false},"author":8,"featured_media":0,"parent":95095,"menu_order":0,"comment_status":"closed","ping_status":"closed","template":"","meta":{"_monsterinsights_skip_tracking":false,"_monsterinsights_sitenote_active":false,"_monsterinsights_sitenote_note":"","_monsterinsights_sitenote_category":0,"footnotes":""},"class_list":["post-95088","page","type-page","status-publish","hentry","page_category-mobile-pt-br"],"_links":{"self":[{"href":"https:\/\/www.flfuoriserie.com\/pt-br\/wp-json\/wp\/v2\/pages\/95088","targetHints":{"allow":["GET"]}}],"collection":[{"href":"https:\/\/www.flfuoriserie.com\/pt-br\/wp-json\/wp\/v2\/pages"}],"about":[{"href":"https:\/\/www.flfuoriserie.com\/pt-br\/wp-json\/wp\/v2\/types\/page"}],"author":[{"embeddable":true,"href":"https:\/\/www.flfuoriserie.com\/pt-br\/wp-json\/wp\/v2\/users\/8"}],"replies":[{"embeddable":true,"href":"https:\/\/www.flfuoriserie.com\/pt-br\/wp-json\/wp\/v2\/comments?post=95088"}],"version-history":[{"count":2,"href":"https:\/\/www.flfuoriserie.com\/pt-br\/wp-json\/wp\/v2\/pages\/95088\/revisions"}],"predecessor-version":[{"id":95090,"href":"https:\/\/www.flfuoriserie.com\/pt-br\/wp-json\/wp\/v2\/pages\/95088\/revisions\/95090"}],"up":[{"embeddable":true,"href":"https:\/\/www.flfuoriserie.com\/pt-br\/wp-json\/wp\/v2\/pages\/95095"}],"wp:attachment":[{"href":"https:\/\/www.flfuoriserie.com\/pt-br\/wp-json\/wp\/v2\/media?parent=95088"}],"curies":[{"name":"wp","href":"https:\/\/api.w.org\/{rel}","templated":true}]}}