{"id":95070,"date":"2023-01-31T11:33:37","date_gmt":"2023-01-31T10:33:37","guid":{"rendered":"https:\/\/www.flfuoriserie.com\/fl-fuoriserie-selection\/vinhos\/giorgio-2\/"},"modified":"2023-02-02T10:44:29","modified_gmt":"2023-02-02T09:44:29","slug":"giorgio-mobile","status":"publish","type":"page","link":"https:\/\/www.flfuoriserie.com\/pt-br\/vinhos-mobile\/giorgio-mobile\/","title":{"rendered":"Giorgio"},"content":{"rendered":"<div class=\"wpb-content-wrapper\"><p>[vc_row row_height_percent=&#8221;0&#8243; back_color=&#8221;accent&#8221; overlay_alpha=&#8221;50&#8243; equal_height=&#8221;yes&#8221; gutter_size=&#8221;3&#8243; column_width_percent=&#8221;100&#8243; shift_y=&#8221;0&#8243; z_index=&#8221;0&#8243;][vc_column column_width_percent=&#8221;100&#8243; gutter_size=&#8221;3&#8243; overlay_alpha=&#8221;50&#8243; shift_x=&#8221;0&#8243; shift_y=&#8221;0&#8243; shift_y_down=&#8221;0&#8243; z_index=&#8221;0&#8243; medium_width=&#8221;0&#8243; mobile_width=&#8221;0&#8243; width=&#8221;1\/1&#8243; el_class=&#8221;ls&#8221;][vc_row_inner row_inner_height_percent=&#8221;0&#8243; back_image=&#8221;84818&#8243; overlay_alpha=&#8221;50&#8243; equal_height=&#8221;yes&#8221; gutter_size=&#8221;0&#8243; shift_y=&#8221;0&#8243; z_index=&#8221;0&#8243; css=&#8221;.vc_custom_1623080349670{margin-top: 0px !important;margin-bottom: 0px !important;padding-top: 75px !important;padding-right: 0px !important;padding-bottom: 75px !important;padding-left: 0px !important;}&#8221;][vc_column_inner column_width_percent=&#8221;100&#8243; position_horizontal=&#8221;right&#8221; position_vertical=&#8221;middle&#8221; align_horizontal=&#8221;align_right&#8221; gutter_size=&#8221;3&#8243; overlay_alpha=&#8221;50&#8243; shift_x=&#8221;0&#8243; shift_y=&#8221;0&#8243; shift_y_down=&#8221;0&#8243; z_index=&#8221;0&#8243; medium_width=&#8221;0&#8243; mobile_width=&#8221;0&#8243; css_animation=&#8221;left-t-right&#8221; width=&#8221;1\/1&#8243; css=&#8221;.vc_custom_1623937237480{padding-top: 0px !important;padding-right: 0px !important;padding-bottom: 0px !important;padding-left: 0px !important;}&#8221;][vc_single_image media=&#8221;84732&#8243; media_width_use_pixel=&#8221;yes&#8221; alignment=&#8221;center&#8221; css_animation=&#8221;alpha-anim&#8221; el_class=&#8221;imgpro&#8221; media_width_pixel=&#8221;240&#8243;][vc_column_text css_animation=&#8221;alpha-anim&#8221; border_color=&#8221;color-xsdn&#8221; border_style=&#8221;solid&#8221; css=&#8221;.vc_custom_1628088710502{margin-right: 8% !important;margin-left: 8% !important;border-top-width: 0px !important;border-right-width: 0px !important;border-bottom-width: 1px !important;border-left-width: 0px !important;padding-right: 0px !important;padding-bottom: 25px !important;padding-left: 0px !important;}&#8221;]<\/p>\n<p style=\"text-align: left;\"><em>Nome:<\/em> Chianti Colli Senesi DOCG<br \/>\n<em>Origem:<\/em> Monteriggioni ,Siena,Tuscany ,Italy<br \/>\n<em>Uvas:<\/em> Sangiovese 90% Merlot 10%<br \/>\n<em>Altitude:<\/em> 200 m. A.S.L.<br \/>\n<em>Exposi\u00e7\u00e3o:<\/em> Sudoeste<br \/>\n<em>Sistema de treinamento:<\/em> Cord\u00e3o Spurred<br \/>\n<em>Solo:<\/em> folhelhos de argila<br \/>\n<em>Densidade:<\/em> 5.000 videiras por hectare<br \/>\n<em>Colheita:<\/em> manual<br \/>\n<em>Formato:<\/em> 750 ml em caixa de 6 frascos<\/p>\n<p>[\/vc_column_text][vc_column_text css_animation=&#8221;alpha-anim&#8221; border_color=&#8221;color-xsdn&#8221; border_style=&#8221;solid&#8221; css=&#8221;.vc_custom_1637942611673{margin-top: 25px !important;margin-right: 8% !important;margin-left: 8% !important;border-top-width: 0px !important;border-bottom-width: 1px !important;padding-bottom: 25px !important;}&#8221; uncode_shortcode_id=&#8221;103967&#8243; border_color_type=&#8221;uncode-palette&#8221;]<\/p>\n<p style=\"text-align: justify;\">Este vinho hist\u00f3rico para a regi\u00e3o da Toscana \u00e9 f\u00e1cil de beber, de sabor quente e equilibrado, com harmoniosa redondeza nos taninos, aroma frutado com notas de groselha e violeta doce e cor vermelho rubi brilhante.<br \/>\nChianti combina perfeitamente com primeiros pratos e carnes brancas assadas.<\/p>\n<p>[\/vc_column_text][vc_column_text uncode_shortcode_id=&#8221;112676&#8243; css=&#8221;.vc_custom_1637942567378{margin-top: 25px !important;margin-right: 8% !important;margin-left: 8% !important;padding-bottom: 25px !important;}&#8221;]<\/p>\n<h5 style=\"text-align: left;\">GIORGIO<\/h5>\n<p style=\"text-align: justify;\">Um vinho hist\u00f3rico para a Toscana, um Chianti das colinas de Siena, uma \u00e1rea onde Fabio adorava viajar com seu pai Giorgio, a cuja mem\u00f3ria Fabio dedica este vinho.<\/p>\n<p>[\/vc_column_text][\/vc_column_inner][\/vc_row_inner][\/vc_column][\/vc_row][vc_row row_height_percent=&#8221;0&#8243; back_color=&#8221;accent&#8221; overlay_alpha=&#8221;50&#8243; gutter_size=&#8221;3&#8243; column_width_percent=&#8221;100&#8243; shift_y=&#8221;0&#8243; z_index=&#8221;0&#8243;][vc_column width=&#8221;1\/1&#8243;][uncode_block id=&#8221;85309&#8243;][\/vc_column][\/vc_row]<\/p>\n<\/div>","protected":false},"excerpt":{"rendered":"<p>[vc_row row_height_percent=&#8221;0&#8243; back_color=&#8221;accent&#8221; overlay_alpha=&#8221;50&#8243; equal_height=&#8221;yes&#8221; gutter_size=&#8221;3&#8243; column_width_percent=&#8221;100&#8243; shift_y=&#8221;0&#8243; z_index=&#8221;0&#8243;][vc_column column_width_percent=&#8221;100&#8243; gutter_size=&#8221;3&#8243; overlay_alpha=&#8221;50&#8243; shift_x=&#8221;0&#8243; shift_y=&#8221;0&#8243; shift_y_down=&#8221;0&#8243; z_index=&#8221;0&#8243; medium_width=&#8221;0&#8243; mobile_width=&#8221;0&#8243; width=&#8221;1\/1&#8243; el_class=&#8221;ls&#8221;][vc_row_inner [&hellip;]<\/p>\n","protected":false},"author":8,"featured_media":0,"parent":95095,"menu_order":0,"comment_status":"closed","ping_status":"closed","template":"","meta":{"_monsterinsights_skip_tracking":false,"_monsterinsights_sitenote_active":false,"_monsterinsights_sitenote_note":"","_monsterinsights_sitenote_category":0,"footnotes":""},"class_list":["post-95070","page","type-page","status-publish","hentry","page_category-mobile-pt-br"],"_links":{"self":[{"href":"https:\/\/www.flfuoriserie.com\/pt-br\/wp-json\/wp\/v2\/pages\/95070","targetHints":{"allow":["GET"]}}],"collection":[{"href":"https:\/\/www.flfuoriserie.com\/pt-br\/wp-json\/wp\/v2\/pages"}],"about":[{"href":"https:\/\/www.flfuoriserie.com\/pt-br\/wp-json\/wp\/v2\/types\/page"}],"author":[{"embeddable":true,"href":"https:\/\/www.flfuoriserie.com\/pt-br\/wp-json\/wp\/v2\/users\/8"}],"replies":[{"embeddable":true,"href":"https:\/\/www.flfuoriserie.com\/pt-br\/wp-json\/wp\/v2\/comments?post=95070"}],"version-history":[{"count":3,"href":"https:\/\/www.flfuoriserie.com\/pt-br\/wp-json\/wp\/v2\/pages\/95070\/revisions"}],"predecessor-version":[{"id":95249,"href":"https:\/\/www.flfuoriserie.com\/pt-br\/wp-json\/wp\/v2\/pages\/95070\/revisions\/95249"}],"up":[{"embeddable":true,"href":"https:\/\/www.flfuoriserie.com\/pt-br\/wp-json\/wp\/v2\/pages\/95095"}],"wp:attachment":[{"href":"https:\/\/www.flfuoriserie.com\/pt-br\/wp-json\/wp\/v2\/media?parent=95070"}],"curies":[{"name":"wp","href":"https:\/\/api.w.org\/{rel}","templated":true}]}}