{"id":95022,"date":"2023-01-31T11:04:03","date_gmt":"2023-01-31T10:04:03","guid":{"rendered":"https:\/\/www.flfuoriserie.com\/fl-fuoriserie-selection\/vinhos\/cento-2\/"},"modified":"2023-02-02T10:44:25","modified_gmt":"2023-02-02T09:44:25","slug":"cento-mobile","status":"publish","type":"page","link":"https:\/\/www.flfuoriserie.com\/pt-br\/vinhos-mobile\/cento-mobile\/","title":{"rendered":"Cento"},"content":{"rendered":"<div class=\"wpb-content-wrapper\"><p>[vc_row row_height_percent=&#8221;0&#8243; back_color=&#8221;accent&#8221; overlay_alpha=&#8221;50&#8243; equal_height=&#8221;yes&#8221; gutter_size=&#8221;3&#8243; column_width_percent=&#8221;100&#8243; shift_y=&#8221;0&#8243; z_index=&#8221;0&#8243;][vc_column column_width_percent=&#8221;100&#8243; gutter_size=&#8221;3&#8243; overlay_alpha=&#8221;50&#8243; shift_x=&#8221;0&#8243; shift_y=&#8221;0&#8243; shift_y_down=&#8221;0&#8243; z_index=&#8221;0&#8243; medium_width=&#8221;0&#8243; mobile_width=&#8221;0&#8243; width=&#8221;1\/1&#8243; el_class=&#8221;ls&#8221;][vc_row_inner row_inner_height_percent=&#8221;0&#8243; back_image=&#8221;84852&#8243; overlay_alpha=&#8221;50&#8243; equal_height=&#8221;yes&#8221; gutter_size=&#8221;0&#8243; shift_y=&#8221;0&#8243; z_index=&#8221;0&#8243; css=&#8221;.vc_custom_1628259903070{margin-top: 0px !important;margin-bottom: 0px !important;padding-top: 75px !important;padding-right: 0px !important;padding-bottom: 75px !important;padding-left: 0px !important;}&#8221;][vc_column_inner column_width_percent=&#8221;100&#8243; position_horizontal=&#8221;right&#8221; position_vertical=&#8221;middle&#8221; align_horizontal=&#8221;align_right&#8221; gutter_size=&#8221;3&#8243; overlay_alpha=&#8221;50&#8243; shift_x=&#8221;0&#8243; shift_y=&#8221;0&#8243; shift_y_down=&#8221;0&#8243; z_index=&#8221;0&#8243; medium_width=&#8221;0&#8243; mobile_width=&#8221;0&#8243; css_animation=&#8221;left-t-right&#8221; width=&#8221;1\/1&#8243; css=&#8221;.vc_custom_1623922693854{padding-top: 0px !important;padding-right: 0px !important;padding-bottom: 0px !important;padding-left: 0px !important;}&#8221;][vc_single_image media=&#8221;84797&#8243; media_width_use_pixel=&#8221;yes&#8221; alignment=&#8221;center&#8221; css_animation=&#8221;alpha-anim&#8221; el_class=&#8221;imgpro&#8221; media_width_pixel=&#8221;210&#8243;][vc_column_text css_animation=&#8221;alpha-anim&#8221; border_color=&#8221;color-xsdn&#8221; border_style=&#8221;solid&#8221; css=&#8221;.vc_custom_1628088653374{margin-right: 8% !important;margin-left: 8% !important;border-top-width: 0px !important;border-right-width: 0px !important;border-bottom-width: 1px !important;border-left-width: 0px !important;padding-right: 0px !important;padding-bottom: 25px !important;padding-left: 0px !important;}&#8221;]<\/p>\n<p style=\"text-align: left;\"><em>Nome:<\/em> Moscadello di Montalcino DOC<br \/>\n<em>Origem:<\/em> Montalcino, Siena, Tuscany, Italy<br \/>\n<em>Uvas:<\/em> 100% white Muscat<br \/>\n<em>Altitude:<\/em> 450 m. A.S.L.<br \/>\n<em>Exposi\u00e7\u00e3o:<\/em> Sudoeste<br \/>\n<em>Sistema de treinamento:<\/em> cord\u00e3o esporeado<br \/>\n<em>Solo:<\/em> Galestro com grande textura<br \/>\n<em>Densidade:<\/em> 5.000 videiras por hectare<br \/>\n<em>Colheita:<\/em> manual, in\u00edcio de novembro<br \/>\n<em>Formato:<\/em> 375 ml<\/p>\n<p>[\/vc_column_text][vc_column_text css_animation=&#8221;alpha-anim&#8221; border_color=&#8221;color-xsdn&#8221; border_style=&#8221;solid&#8221; css=&#8221;.vc_custom_1637927002494{margin-top: 25px !important;margin-right: 8% !important;margin-left: 8% !important;border-top-width: 0px !important;border-right-width: 0px !important;border-bottom-width: 1px !important;border-left-width: 0px !important;padding-top: 0px !important;padding-bottom: 25px !important;}&#8221; uncode_shortcode_id=&#8221;211687&#8243; border_color_type=&#8221;uncode-palette&#8221;]<\/p>\n<p style=\"text-align: justify;\">Excepcional Moscadello di Montalcino de colheita tardia de uvas Moscato.<br \/>\nA secagem das uvas na planta permite uma forte concentra\u00e7\u00e3o de a\u00e7\u00facares necess\u00e1rios para a perda de \u00e1gua. O mosto obtido da prensagem suave das uvas fermentadas diretamente em quilates onde<br \/>\nenvelhece por 2 anos.<br \/>\nMoscadello acompanha bem foie gras, queijos curados e gorgonzola, past\u00e9is secos e biscoitos artesanais com frutas secas<\/p>\n<p>[\/vc_column_text][vc_column_text uncode_shortcode_id=&#8221;952418&#8243; css=&#8221;.vc_custom_1637927136245{margin-top: 25px !important;margin-right: 8% !important;margin-left: 8% !important;padding-bottom: 25px !important;}&#8221;]<\/p>\n<h5 style=\"text-align: left;\">CENTO<\/h5>\n<p style=\"text-align: justify;\">O excepcional Moscadello di Montalcino \u00e9 produzido a partir de uma colheita tardia com 100% de uvas moscatel brancas. Um delicioso n\u00e9ctar ao qual Fabio dedica doces lembran\u00e7as, como Cento na Emilia Romagna, pa\u00eds onde ele e seu tio Ferruccio nasceram e onde foi constru\u00edda a famosa f\u00e1brica de tratores da fam\u00edlia, antes mesmo dos supercarros de prest\u00edgio.<\/p>\n<p>[\/vc_column_text][\/vc_column_inner][\/vc_row_inner][\/vc_column][\/vc_row][vc_row row_height_percent=&#8221;0&#8243; back_color=&#8221;accent&#8221; overlay_alpha=&#8221;50&#8243; gutter_size=&#8221;3&#8243; column_width_percent=&#8221;100&#8243; shift_y=&#8221;0&#8243; z_index=&#8221;0&#8243;][vc_column width=&#8221;1\/1&#8243;][uncode_block id=&#8221;85309&#8243;][\/vc_column][\/vc_row]<\/p>\n<\/div>","protected":false},"excerpt":{"rendered":"<p>[vc_row row_height_percent=&#8221;0&#8243; back_color=&#8221;accent&#8221; overlay_alpha=&#8221;50&#8243; equal_height=&#8221;yes&#8221; gutter_size=&#8221;3&#8243; column_width_percent=&#8221;100&#8243; shift_y=&#8221;0&#8243; z_index=&#8221;0&#8243;][vc_column column_width_percent=&#8221;100&#8243; gutter_size=&#8221;3&#8243; overlay_alpha=&#8221;50&#8243; shift_x=&#8221;0&#8243; shift_y=&#8221;0&#8243; shift_y_down=&#8221;0&#8243; z_index=&#8221;0&#8243; medium_width=&#8221;0&#8243; mobile_width=&#8221;0&#8243; width=&#8221;1\/1&#8243; el_class=&#8221;ls&#8221;][vc_row_inner [&hellip;]<\/p>\n","protected":false},"author":8,"featured_media":0,"parent":95095,"menu_order":0,"comment_status":"closed","ping_status":"closed","template":"","meta":{"_monsterinsights_skip_tracking":false,"_monsterinsights_sitenote_active":false,"_monsterinsights_sitenote_note":"","_monsterinsights_sitenote_category":0,"footnotes":""},"class_list":["post-95022","page","type-page","status-publish","hentry","page_category-mobile-pt-br"],"_links":{"self":[{"href":"https:\/\/www.flfuoriserie.com\/pt-br\/wp-json\/wp\/v2\/pages\/95022","targetHints":{"allow":["GET"]}}],"collection":[{"href":"https:\/\/www.flfuoriserie.com\/pt-br\/wp-json\/wp\/v2\/pages"}],"about":[{"href":"https:\/\/www.flfuoriserie.com\/pt-br\/wp-json\/wp\/v2\/types\/page"}],"author":[{"embeddable":true,"href":"https:\/\/www.flfuoriserie.com\/pt-br\/wp-json\/wp\/v2\/users\/8"}],"replies":[{"embeddable":true,"href":"https:\/\/www.flfuoriserie.com\/pt-br\/wp-json\/wp\/v2\/comments?post=95022"}],"version-history":[{"count":2,"href":"https:\/\/www.flfuoriserie.com\/pt-br\/wp-json\/wp\/v2\/pages\/95022\/revisions"}],"predecessor-version":[{"id":95024,"href":"https:\/\/www.flfuoriserie.com\/pt-br\/wp-json\/wp\/v2\/pages\/95022\/revisions\/95024"}],"up":[{"embeddable":true,"href":"https:\/\/www.flfuoriserie.com\/pt-br\/wp-json\/wp\/v2\/pages\/95095"}],"wp:attachment":[{"href":"https:\/\/www.flfuoriserie.com\/pt-br\/wp-json\/wp\/v2\/media?parent=95022"}],"curies":[{"name":"wp","href":"https:\/\/api.w.org\/{rel}","templated":true}]}}