{"id":94993,"date":"2023-01-31T10:20:52","date_gmt":"2023-01-31T09:20:52","guid":{"rendered":"https:\/\/www.flfuoriserie.com\/fl-fuoriserie-selection\/vinhos-espumantes\/magnum\/"},"modified":"2025-09-02T11:55:19","modified_gmt":"2025-09-02T09:55:19","slug":"magnum","status":"publish","type":"page","link":"https:\/\/www.flfuoriserie.com\/pt-br\/bebidas\/vinhos-espumantes\/magnum\/","title":{"rendered":"Magnum"},"content":{"rendered":"<div class=\"wpb-content-wrapper\"><p>[vc_row row_height_percent=&#8221;0&#8243; back_color=&#8221;accent&#8221; overlay_alpha=&#8221;50&#8243; equal_height=&#8221;yes&#8221; gutter_size=&#8221;3&#8243; column_width_percent=&#8221;100&#8243; shift_y=&#8221;0&#8243; z_index=&#8221;0&#8243;][vc_column column_width_percent=&#8221;100&#8243; gutter_size=&#8221;3&#8243; overlay_alpha=&#8221;50&#8243; shift_x=&#8221;0&#8243; shift_y=&#8221;0&#8243; shift_y_down=&#8221;0&#8243; z_index=&#8221;0&#8243; medium_width=&#8221;0&#8243; mobile_width=&#8221;0&#8243; width=&#8221;1\/1&#8243; el_class=&#8221;portrait&#8221;][vc_row_inner row_inner_height_percent=&#8221;0&#8243; back_image=&#8221;97578&#8243; overlay_alpha=&#8221;50&#8243; equal_height=&#8221;yes&#8221; gutter_size=&#8221;0&#8243; shift_y=&#8221;0&#8243; z_index=&#8221;0&#8243; css=&#8221;.vc_custom_1679399658219{margin-top: 0px !important;margin-bottom: 0px !important;padding-top: 75px !important;padding-right: 0px !important;padding-bottom: 75px !important;padding-left: 0px !important;}&#8221; uncode_shortcode_id=&#8221;204783&#8243; shape_dividers=&#8221;&#8221;][vc_column_inner column_width_percent=&#8221;100&#8243; position_horizontal=&#8221;right&#8221; position_vertical=&#8221;middle&#8221; align_horizontal=&#8221;align_right&#8221; gutter_size=&#8221;3&#8243; overlay_alpha=&#8221;50&#8243; shift_x=&#8221;0&#8243; shift_y=&#8221;0&#8243; shift_y_down=&#8221;0&#8243; z_index=&#8221;0&#8243; medium_width=&#8221;0&#8243; mobile_width=&#8221;0&#8243; css_animation=&#8221;left-t-right&#8221; width=&#8221;1\/3&#8243; css=&#8221;.vc_custom_1627371603902{padding-top: 0px !important;padding-right: 0px !important;padding-bottom: 0px !important;padding-left: 0px !important;}&#8221; el_class=&#8221;parte-text order3&#8243;][vc_column_text css_animation=&#8221;alpha-anim&#8221; css=&#8221;.vc_custom_1637923276380{padding-left: 20% !important;}&#8221; uncode_shortcode_id=&#8221;187623&#8243; el_class=&#8221;scroll&#8221;]<\/p>\n<div>\n<p>Uma criteriosa sele\u00e7\u00e3o das uvas e um m\u00e9todo tradicional de vinifica\u00e7\u00e3o muito delicado, tornam este espumante muito especial. Um pas dos\u00e9 com uma grande cor ousada, uma perlage particularmente fina e persistente e um sabor delicado e fresco.<\/p>\n<\/div>\n<div class=\"nome\">\n<h5>CRU M\u00e9todo Cl\u00e1ssico<\/h5>\n<p>A verdadeira classe de CRUs \u00e9 expressa em toda a sua gl\u00f3ria nesta edi\u00e7\u00e3o limitada. Eleg\u00e2ncia e excelentes qualidades harm\u00f3nicas est\u00e3o contidas neste vinho que impressiona pelas suas qualidades, capaz de acompanhar uma infinidade de momentos de conv\u00edvio.<\/p>\n<\/div>\n<p>[\/vc_column_text][\/vc_column_inner][vc_column_inner column_width_percent=&#8221;100&#8243; gutter_size=&#8221;3&#8243; overlay_alpha=&#8221;50&#8243; shift_x=&#8221;0&#8243; shift_y=&#8221;0&#8243; shift_y_down=&#8221;0&#8243; z_index=&#8221;0&#8243; medium_width=&#8221;0&#8243; mobile_width=&#8221;0&#8243; width=&#8221;1\/6&#8243; el_class=&#8221;parte-img&#8221; uncode_shortcode_id=&#8221;296721&#8243;][vc_single_image media=&#8221;97064&#8243; media_width_use_pixel=&#8221;yes&#8221; alignment=&#8221;center&#8221; css_animation=&#8221;alpha-anim&#8221; media_width_pixel=&#8221;140&#8243; el_class=&#8221;bigger&#8221; uncode_shortcode_id=&#8221;181453&#8243;][\/vc_column_inner][vc_column_inner column_width_percent=&#8221;100&#8243; position_vertical=&#8221;middle&#8221; gutter_size=&#8221;3&#8243; overlay_alpha=&#8221;50&#8243; shift_x=&#8221;0&#8243; shift_y=&#8221;0&#8243; shift_y_down=&#8221;0&#8243; z_index=&#8221;0&#8243; medium_width=&#8221;0&#8243; mobile_width=&#8221;0&#8243; width=&#8221;1\/3&#8243; el_class=&#8221;parte-text order2&#8243;][vc_column_text css_animation=&#8221;alpha-anim&#8221; css=&#8221;.vc_custom_1674042563860{padding-right: 20% !important;}&#8221; uncode_shortcode_id=&#8221;743485&#8243;]<\/p>\n<p style=\"text-align: left;\">Nome: V.S.Q. Extra Brut<br \/>\nUvas: Chardonnay e Pinot Noir<br \/>\nAltitude: 230 -240 m A.S.L.<br \/>\nExposi\u00e7\u00e3o: Sul, Sul\/Leste<br \/>\nSistema de forma\u00e7\u00e3o: Cord\u00e3o espaldado e Guyot<br \/>\nColheita: manual<br \/>\nFormato: 1500 ml<\/p>\n<p>[\/vc_column_text][\/vc_column_inner][\/vc_row_inner][\/vc_column][\/vc_row][vc_row][vc_column width=&#8221;1\/1&#8243;][uncode_block id=&#8221;85012&#8243;][\/vc_column][\/vc_row]<\/p>\n<\/div>","protected":false},"excerpt":{"rendered":"<p>[vc_row row_height_percent=&#8221;0&#8243; back_color=&#8221;accent&#8221; overlay_alpha=&#8221;50&#8243; equal_height=&#8221;yes&#8221; gutter_size=&#8221;3&#8243; column_width_percent=&#8221;100&#8243; shift_y=&#8221;0&#8243; z_index=&#8221;0&#8243;][vc_column column_width_percent=&#8221;100&#8243; gutter_size=&#8221;3&#8243; overlay_alpha=&#8221;50&#8243; shift_x=&#8221;0&#8243; shift_y=&#8221;0&#8243; shift_y_down=&#8221;0&#8243; z_index=&#8221;0&#8243; medium_width=&#8221;0&#8243; mobile_width=&#8221;0&#8243; width=&#8221;1\/1&#8243; el_class=&#8221;portrait&#8221;][vc_row_inner [&hellip;]<\/p>\n","protected":false},"author":8,"featured_media":0,"parent":94942,"menu_order":0,"comment_status":"closed","ping_status":"closed","template":"","meta":{"_monsterinsights_skip_tracking":false,"_monsterinsights_sitenote_active":false,"_monsterinsights_sitenote_note":"","_monsterinsights_sitenote_category":0,"footnotes":""},"class_list":["post-94993","page","type-page","status-publish","hentry"],"_links":{"self":[{"href":"https:\/\/www.flfuoriserie.com\/pt-br\/wp-json\/wp\/v2\/pages\/94993","targetHints":{"allow":["GET"]}}],"collection":[{"href":"https:\/\/www.flfuoriserie.com\/pt-br\/wp-json\/wp\/v2\/pages"}],"about":[{"href":"https:\/\/www.flfuoriserie.com\/pt-br\/wp-json\/wp\/v2\/types\/page"}],"author":[{"embeddable":true,"href":"https:\/\/www.flfuoriserie.com\/pt-br\/wp-json\/wp\/v2\/users\/8"}],"replies":[{"embeddable":true,"href":"https:\/\/www.flfuoriserie.com\/pt-br\/wp-json\/wp\/v2\/comments?post=94993"}],"version-history":[{"count":7,"href":"https:\/\/www.flfuoriserie.com\/pt-br\/wp-json\/wp\/v2\/pages\/94993\/revisions"}],"predecessor-version":[{"id":105885,"href":"https:\/\/www.flfuoriserie.com\/pt-br\/wp-json\/wp\/v2\/pages\/94993\/revisions\/105885"}],"up":[{"embeddable":true,"href":"https:\/\/www.flfuoriserie.com\/pt-br\/wp-json\/wp\/v2\/pages\/94942"}],"wp:attachment":[{"href":"https:\/\/www.flfuoriserie.com\/pt-br\/wp-json\/wp\/v2\/media?parent=94993"}],"curies":[{"name":"wp","href":"https:\/\/api.w.org\/{rel}","templated":true}]}}