{"id":94910,"date":"2023-01-30T11:18:54","date_gmt":"2023-01-30T10:18:54","guid":{"rendered":"https:\/\/www.flfuoriserie.com\/pressroom\/"},"modified":"2025-09-02T12:03:44","modified_gmt":"2025-09-02T10:03:44","slug":"imprensa","status":"publish","type":"page","link":"https:\/\/www.flfuoriserie.com\/pt-br\/imprensa\/","title":{"rendered":"sala de imprensa"},"content":{"rendered":"<div class=\"wpb-content-wrapper\"><p>[vc_row][vc_column width=&#8221;1\/1&#8243;][vc_raw_html]W3dwbWVtX2xvZ2dlZF9pbl0KPG1ldGEgaHR0cC1lcXVpdj0icmVmcmVzaCIgY29udGVudD0iMDtVUkw9aHR0cHM6Ly93d3cuZmxmdW9yaXNlcmllLmNvbS9wdC1ici9wcmVzc3Jvb21fbG9naW4vcHJlc3Mtcm9vbS1hc3NldHMiPgpbL3dwbWVtX2xvZ2dlZF9pbl0=[\/vc_raw_html][\/vc_column][\/vc_row][vc_row row_height_percent=&#8221;0&#8243; overlay_alpha=&#8221;50&#8243; gutter_size=&#8221;3&#8243; column_width_percent=&#8221;100&#8243; shift_y=&#8221;0&#8243; z_index=&#8221;0&#8243; css=&#8221;.vc_custom_1623256528920{margin-top: 25px !important;margin-bottom: 25px !important;}&#8221;][vc_column width=&#8221;1\/4&#8243;][\/vc_column][vc_column column_width_percent=&#8221;100&#8243; gutter_size=&#8221;3&#8243; overlay_alpha=&#8221;50&#8243; shift_x=&#8221;0&#8243; shift_y=&#8221;0&#8243; shift_y_down=&#8221;0&#8243; z_index=&#8221;0&#8243; medium_width=&#8221;0&#8243; mobile_width=&#8221;0&#8243; width=&#8221;1\/4&#8243; css=&#8221;.vc_custom_1624892772468{padding-right: 5% !important;padding-left: 5% !important;}&#8221;][vc_raw_html el_class=&#8221;login&#8221;]W3dwbWVtX2Zvcm0gbG9naW5dClt3cG1lbV9sb2dnZWRfaW4gcm9sZT0ic3Vic2NyaWJlciJdCjxtZXRhIGh0dHAtZXF1aXY9InJlZnJlc2giIGNvbnRlbnQ9IjA7IFVSTD0nIGh0dHBzOi8vd3d3LmZsZnVvcmlzZXJpZS5jb20vcHQtYnIvcHJlc3Nyb29tX2xvZ2luLyciPgpbL3dwbWVtX2xvZ2dlZF9pbl0KW3dwbWVtX2xvZ2dlZF9pbiByb2xlPSJjdXN0b21lciJdCjxtZXRhIGh0dHAtZXF1aXY9InJlZnJlc2giIGNvbnRlbnQ9IjA7IFVSTD0naHR0cHM6Ly93d3cuZmxmdW9yaXNlcmllLmNvbS9wdC1ici9wcmVzc3Jvb20tbG9naW4vcHJlc3Mtcm9vbS1hc3NldHMvJyI+Clsvd3BtZW1fbG9nZ2VkX2luXQoK[\/vc_raw_html][\/vc_column][vc_column column_width_percent=&#8221;100&#8243; gutter_size=&#8221;3&#8243; overlay_alpha=&#8221;50&#8243; shift_x=&#8221;0&#8243; shift_y=&#8221;0&#8243; shift_y_down=&#8221;0&#8243; z_index=&#8221;0&#8243; medium_width=&#8221;0&#8243; mobile_width=&#8221;0&#8243; width=&#8221;1\/4&#8243; el_class=&#8221;login&#8221; css=&#8221;.vc_custom_1624892783507{padding-top: 40px !important;padding-right: 5% !important;padding-bottom: 40px !important;padding-left: 5% !important;}&#8221;][vc_custom_heading text_color=&#8221;color-jevc&#8221; heading_semantic=&#8221;h3&#8243; text_size=&#8221;h3&#8243; text_weight=&#8221;300&#8243;]CADASTRO[\/vc_custom_heading][vc_column_text el_class=&#8221;login&#8221;]Se voc\u00ea \u00e9 jornalista e deseja acessar informa\u00e7\u00f5es sobre a marca FL Fuoriserie, inscreva-se usando o formul\u00e1rio. Ap\u00f3s uma r\u00e1pida verifica\u00e7\u00e3o, voc\u00ea receber\u00e1 suas credenciais.<\/p>\n<p><a class=\"fl-link fl-link--line\" href=\"https:\/\/www.flfuoriserie.com\/pressroom_login\/press-room\/\">Saiba mais<\/a>[\/vc_column_text][\/vc_column][vc_column width=&#8221;1\/4&#8243;][\/vc_column][\/vc_row][vc_row][vc_column width=&#8221;1\/1&#8243;][uncode_block id=&#8221;85012&#8243;][\/vc_column][\/vc_row][vc_row][vc_column][vc_column_text]<\/p>\n<p>&nbsp;<\/p>\n<p>[\/vc_column_text][\/vc_column][\/vc_row]<\/p>\n<\/div>","protected":false},"excerpt":{"rendered":"<p>[vc_row][vc_column width=&#8221;1\/1&#8243;][vc_raw_html]W3dwbWVtX2xvZ2dlZF9pbl0KPG1ldGEgaHR0cC1lcXVpdj0icmVmcmVzaCIgY29udGVudD0iMDtVUkw9aHR0cHM6Ly93d3cuZmxmdW9yaXNlcmllLmNvbS9wdC1ici9wcmVzc3Jvb21fbG9naW4vcHJlc3Mtcm9vbS1hc3NldHMiPgpbL3dwbWVtX2xvZ2dlZF9pbl0=[\/vc_raw_html][\/vc_column][\/vc_row][vc_row row_height_percent=&#8221;0&#8243; overlay_alpha=&#8221;50&#8243; gutter_size=&#8221;3&#8243; column_width_percent=&#8221;100&#8243; shift_y=&#8221;0&#8243; z_index=&#8221;0&#8243; css=&#8221;.vc_custom_1623256528920{margin-top: 25px !important;margin-bottom: 25px !important;}&#8221;][vc_column width=&#8221;1\/4&#8243;][\/vc_column][vc_column column_width_percent=&#8221;100&#8243; gutter_size=&#8221;3&#8243; overlay_alpha=&#8221;50&#8243; shift_x=&#8221;0&#8243; shift_y=&#8221;0&#8243; shift_y_down=&#8221;0&#8243; [&hellip;]<\/p>\n","protected":false},"author":1,"featured_media":0,"parent":0,"menu_order":0,"comment_status":"closed","ping_status":"closed","template":"","meta":{"_monsterinsights_skip_tracking":false,"_monsterinsights_sitenote_active":false,"_monsterinsights_sitenote_note":"","_monsterinsights_sitenote_category":0,"footnotes":""},"class_list":["post-94910","page","type-page","status-publish","hentry"],"_links":{"self":[{"href":"https:\/\/www.flfuoriserie.com\/pt-br\/wp-json\/wp\/v2\/pages\/94910","targetHints":{"allow":["GET"]}}],"collection":[{"href":"https:\/\/www.flfuoriserie.com\/pt-br\/wp-json\/wp\/v2\/pages"}],"about":[{"href":"https:\/\/www.flfuoriserie.com\/pt-br\/wp-json\/wp\/v2\/types\/page"}],"author":[{"embeddable":true,"href":"https:\/\/www.flfuoriserie.com\/pt-br\/wp-json\/wp\/v2\/users\/1"}],"replies":[{"embeddable":true,"href":"https:\/\/www.flfuoriserie.com\/pt-br\/wp-json\/wp\/v2\/comments?post=94910"}],"version-history":[{"count":17,"href":"https:\/\/www.flfuoriserie.com\/pt-br\/wp-json\/wp\/v2\/pages\/94910\/revisions"}],"predecessor-version":[{"id":106117,"href":"https:\/\/www.flfuoriserie.com\/pt-br\/wp-json\/wp\/v2\/pages\/94910\/revisions\/106117"}],"wp:attachment":[{"href":"https:\/\/www.flfuoriserie.com\/pt-br\/wp-json\/wp\/v2\/media?parent=94910"}],"curies":[{"name":"wp","href":"https:\/\/api.w.org\/{rel}","templated":true}]}}