{"id":94894,"date":"2023-01-30T10:09:24","date_gmt":"2023-01-30T09:09:24","guid":{"rendered":"https:\/\/www.flfuoriserie.com\/cervejas\/"},"modified":"2025-09-02T12:03:44","modified_gmt":"2025-09-02T10:03:44","slug":"cervejas","status":"publish","type":"page","link":"https:\/\/www.flfuoriserie.com\/pt-br\/bebidas\/cervejas\/","title":{"rendered":"LINHA DE CORES"},"content":{"rendered":"<div class=\"wpb-content-wrapper\"><p>[vc_row unlock_row_content=&#8221;yes&#8221; row_height_percent=&#8221;0&#8243; back_color=&#8221;accent&#8221; overlay_alpha=&#8221;50&#8243; gutter_size=&#8221;3&#8243; column_width_percent=&#8221;100&#8243; shift_y=&#8221;0&#8243; z_index=&#8221;0&#8243; css=&#8221;.vc_custom_1621247558054{margin-top: 0px !important;margin-bottom: 0px !important;}&#8221;][vc_column column_width_percent=&#8221;100&#8243; gutter_size=&#8221;3&#8243; overlay_alpha=&#8221;50&#8243; shift_x=&#8221;0&#8243; shift_y=&#8221;0&#8243; shift_y_down=&#8221;0&#8243; z_index=&#8221;0&#8243; medium_width=&#8221;0&#8243; mobile_width=&#8221;0&#8243; width=&#8221;1\/1&#8243; el_class=&#8221;responsive&#8221;][vc_row_inner row_inner_height_percent=&#8221;0&#8243; back_image=&#8221;84955&#8243; overlay_alpha=&#8221;50&#8243; equal_height=&#8221;yes&#8221; gutter_size=&#8221;0&#8243; shift_y=&#8221;0&#8243; z_index=&#8221;0&#8243; css=&#8221;.vc_custom_1737990247795{margin-top: 0px !important;margin-bottom: 0px !important;padding-top: 75px !important;padding-right: 0px !important;padding-bottom: 75px !important;padding-left: 0px !important;}&#8221; uncode_shortcode_id=&#8221;117980&#8243; el_class=&#8221;portrait2&#8243;][vc_column_inner column_width_percent=&#8221;100&#8243; position_vertical=&#8221;middle&#8221; align_horizontal=&#8221;align_right&#8221; gutter_size=&#8221;3&#8243; overlay_alpha=&#8221;50&#8243; shift_x=&#8221;0&#8243; shift_y=&#8221;0&#8243; shift_y_down=&#8221;0&#8243; z_index=&#8221;0&#8243; medium_width=&#8221;0&#8243; mobile_width=&#8221;0&#8243; css_animation=&#8221;left-t-right&#8221; width=&#8221;1\/3&#8243; css=&#8221;.vc_custom_1650969653963{padding-top: 0px !important;padding-right: 0px !important;padding-bottom: 0px !important;padding-left: 0px !important;}&#8221; uncode_shortcode_id=&#8221;894223&#8243; el_id=&#8221;marlef&#8221; el_class=&#8221;parte-text&#8221;][vc_column_text css=&#8221;.vc_custom_1716559192610{padding-left: 10% !important;}&#8221; uncode_shortcode_id=&#8221;831658&#8243;]<\/p>\n<h3>Cinza<\/h3>\n<p><em>Estilo:<\/em> Ale forte<br \/>\n<em>Ingredientes:<\/em> \u00c1gua de nascente toscana, malte, trigo toscano, l\u00fapulo, fermento, sabores.<br \/>\n<a class=\"fl-link fl-link--line\" href=\"https:\/\/www.flfuoriserie.com\/en\/fl-fuoriserie-selection\/fuoriserie-beer\/grey-line\/\">Saiba mais<\/a>[\/vc_column_text][\/vc_column_inner][vc_column_inner column_width_percent=&#8221;100&#8243; position_vertical=&#8221;middle&#8221; align_horizontal=&#8221;align_center&#8221; gutter_size=&#8221;3&#8243; overlay_alpha=&#8221;50&#8243; shift_x=&#8221;0&#8243; shift_y=&#8221;0&#8243; shift_y_down=&#8221;0&#8243; z_index=&#8221;0&#8243; medium_width=&#8221;0&#8243; mobile_width=&#8221;0&#8243; css_animation=&#8221;right-t-left&#8221; animation_speed=&#8221;800&#8243; animation_delay=&#8221;200&#8243; width=&#8221;1\/6&#8243; css=&#8221;.vc_custom_1650969679307{padding-top: 0px !important;padding-bottom: 0px !important;padding-left: 0px !important;}&#8221; uncode_shortcode_id=&#8221;127987&#8243; el_id=&#8221;marlef&#8221; el_class=&#8221;parte-img&#8221;][vc_single_image media=&#8221;90376&#8243; media_width_use_pixel=&#8221;yes&#8221; alignment=&#8221;center&#8221; css_animation=&#8221;left-t-right&#8221; media_width_pixel=&#8221;100&#8243; uncode_shortcode_id=&#8221;164117&#8243;][\/vc_column_inner][vc_column_inner column_width_percent=&#8221;100&#8243; position_horizontal=&#8221;left&#8221; position_vertical=&#8221;middle&#8221; gutter_size=&#8221;3&#8243; overlay_alpha=&#8221;50&#8243; shift_x=&#8221;0&#8243; shift_y=&#8221;0&#8243; shift_y_down=&#8221;0&#8243; z_index=&#8221;0&#8243; medium_width=&#8221;0&#8243; mobile_width=&#8221;0&#8243; css_animation=&#8221;right-t-left&#8221; animation_speed=&#8221;800&#8243; animation_delay=&#8221;300&#8243; width=&#8221;1\/6&#8243; css=&#8221;.vc_custom_1622822756122{padding-right: 15% !important;}&#8221; el_class=&#8221;parte-text-dx&#8221; el_id=&#8221;marrig&#8221;][vc_single_image media=&#8221;84911&#8243; media_width_use_pixel=&#8221;yes&#8221; alignment=&#8221;center&#8221; css_animation=&#8221;right-t-left&#8221; media_width_pixel=&#8221;100&#8243; el_id=&#8221;marrig&#8221;][\/vc_column_inner][vc_column_inner column_width_percent=&#8221;100&#8243; position_vertical=&#8221;middle&#8221; gutter_size=&#8221;3&#8243; overlay_alpha=&#8221;50&#8243; shift_x=&#8221;0&#8243; shift_y=&#8221;0&#8243; shift_y_down=&#8221;0&#8243; z_index=&#8221;0&#8243; medium_width=&#8221;0&#8243; mobile_width=&#8221;0&#8243; width=&#8221;1\/3&#8243; el_class=&#8221;parte-text-dx&#8221; el_id=&#8221;marrig&#8221; css=&#8221;.vc_custom_1626357895352{padding-right: 5% !important;}&#8221;][vc_column_text css=&#8221;.vc_custom_1716559063440{padding-right: 10% !important;}&#8221; uncode_shortcode_id=&#8221;523205&#8243;]<\/p>\n<h3>Laranja<\/h3>\n<p><em>Estilo:<\/em> Light Blonde &#8211; Cerveja crua, n\u00e3o pasteurizada e n\u00e3o filtrada, refermentada na garrafa.<br \/>\n<em>Ingredientes:<\/em> \u00c1gua de nascente toscana, malte, trigo toscano, l\u00fapulo, fermento, aromas.<\/p>\n<p><a class=\"fl-link fl-link--line\" href=\"https:\/\/www.flfuoriserie.com\/fl-fuoriserie-selection\/beer\/orange-line\/\">Saiba mais<\/a>[\/vc_column_text][\/vc_column_inner][\/vc_row_inner][vc_row_inner row_inner_height_percent=&#8221;0&#8243; back_image=&#8221;84951&#8243; overlay_alpha=&#8221;50&#8243; equal_height=&#8221;yes&#8221; gutter_size=&#8221;0&#8243; shift_y=&#8221;0&#8243; z_index=&#8221;0&#8243; css=&#8221;.vc_custom_1737990288540{margin-top: 0px !important;margin-bottom: 0px !important;padding-top: 75px !important;padding-right: 0px !important;padding-bottom: 75px !important;padding-left: 0px !important;}&#8221; el_class=&#8221;portrait2&#8243; uncode_shortcode_id=&#8221;857803&#8243;][vc_column_inner column_width_percent=&#8221;100&#8243; position_vertical=&#8221;middle&#8221; align_horizontal=&#8221;align_right&#8221; gutter_size=&#8221;3&#8243; overlay_alpha=&#8221;50&#8243; shift_x=&#8221;0&#8243; shift_y=&#8221;0&#8243; shift_y_down=&#8221;0&#8243; z_index=&#8221;0&#8243; medium_width=&#8221;0&#8243; mobile_width=&#8221;0&#8243; css_animation=&#8221;left-t-right&#8221; width=&#8221;1\/3&#8243; css=&#8221;.vc_custom_1650969640859{padding-top: 0px !important;padding-right: 0px !important;padding-bottom: 0px !important;padding-left: 5% !important;}&#8221; el_class=&#8221;parte-text&#8221; el_id=&#8221;marlef&#8221; uncode_shortcode_id=&#8221;200246&#8243;][vc_column_text css=&#8221;.vc_custom_1716559071073{padding-left: 10% !important;}&#8221; uncode_shortcode_id=&#8221;200736&#8243;]<\/p>\n<h3>Vermelho<\/h3>\n<p><em>Estilo:<\/em> English Pale Ale &#8211; Cerveja crua Amber, n\u00e3o pasteurizada e n\u00e3o filtrada.<br \/>\n<em>Ingredientes:<\/em> \u00c1gua de nascente toscana, malte, trigo toscano, l\u00fapulo, fermento, sabores.<br \/>\n<a class=\"fl-link fl-link--line\" href=\"https:\/\/www.flfuoriserie.com\/fl-fuoriserie-selection\/beer\/red-line\/\">Saiba mais<\/a>[\/vc_column_text][\/vc_column_inner][vc_column_inner column_width_percent=&#8221;100&#8243; position_horizontal=&#8221;right&#8221; position_vertical=&#8221;middle&#8221; align_horizontal=&#8221;align_right&#8221; gutter_size=&#8221;3&#8243; overlay_alpha=&#8221;50&#8243; shift_x=&#8221;0&#8243; shift_y=&#8221;0&#8243; shift_y_down=&#8221;0&#8243; z_index=&#8221;0&#8243; medium_width=&#8221;0&#8243; mobile_width=&#8221;0&#8243; css_animation=&#8221;right-t-left&#8221; animation_speed=&#8221;800&#8243; animation_delay=&#8221;200&#8243; width=&#8221;1\/6&#8243; css=&#8221;.vc_custom_1622822800378{padding-top: 0px !important;padding-bottom: 0px !important;padding-left: 0px !important;}&#8221; el_class=&#8221;parte-img&#8221; el_id=&#8221;marlef&#8221;][vc_single_image media=&#8221;84915&#8243; media_width_use_pixel=&#8221;yes&#8221; alignment=&#8221;center&#8221; css_animation=&#8221;left-t-right&#8221; media_width_pixel=&#8221;100&#8243;][\/vc_column_inner][vc_column_inner column_width_percent=&#8221;100&#8243; position_horizontal=&#8221;left&#8221; position_vertical=&#8221;middle&#8221; gutter_size=&#8221;3&#8243; overlay_alpha=&#8221;50&#8243; shift_x=&#8221;0&#8243; shift_y=&#8221;0&#8243; shift_y_down=&#8221;0&#8243; z_index=&#8221;0&#8243; medium_width=&#8221;0&#8243; mobile_width=&#8221;0&#8243; css_animation=&#8221;right-t-left&#8221; animation_speed=&#8221;800&#8243; animation_delay=&#8221;300&#8243; width=&#8221;1\/6&#8243; css=&#8221;.vc_custom_1622104767681{padding-right: 15% !important;}&#8221; el_class=&#8221;parte-text-dx&#8221; el_id=&#8221;marrig&#8221;][vc_single_image media=&#8221;84949&#8243; media_width_use_pixel=&#8221;yes&#8221; alignment=&#8221;center&#8221; css_animation=&#8221;right-t-left&#8221; media_width_pixel=&#8221;100&#8243;][\/vc_column_inner][vc_column_inner column_width_percent=&#8221;100&#8243; position_vertical=&#8221;middle&#8221; gutter_size=&#8221;3&#8243; overlay_alpha=&#8221;50&#8243; shift_x=&#8221;0&#8243; shift_y=&#8221;0&#8243; shift_y_down=&#8221;0&#8243; z_index=&#8221;0&#8243; medium_width=&#8221;0&#8243; mobile_width=&#8221;0&#8243; width=&#8221;1\/3&#8243; el_class=&#8221;parte-text-dx&#8221; el_id=&#8221;marrig&#8221; css=&#8221;.vc_custom_1622822898771{padding-right: 5% !important;}&#8221;][vc_column_text css=&#8221;.vc_custom_1716559079552{padding-right: 10% !important;}&#8221; uncode_shortcode_id=&#8221;628014&#8243;]<\/p>\n<h3>Verde<\/h3>\n<p><em>Estilo:<\/em> Saison &#8211; Cerveja de alta fermenta\u00e7\u00e3o, refermenta\u00e7\u00e3o na garrafa<br \/>\n<em>Ingredientes:<\/em> \u00c1gua de nascente toscana, malte, trigo toscano, l\u00fapulo, fermento, sabores.<br \/>\n<a class=\"fl-link fl-link--line\" href=\"https:\/\/www.flfuoriserie.com\/en\/fl-fuoriserie-selection\/fuoriserie-beer\/green-line\/\">Saiba mais<\/a>[\/vc_column_text][\/vc_column_inner][\/vc_row_inner][vc_row_inner row_inner_height_percent=&#8221;0&#8243; back_image=&#8221;96900&#8243; back_position=&#8221;left top&#8221; overlay_alpha=&#8221;50&#8243; equal_height=&#8221;yes&#8221; gutter_size=&#8221;0&#8243; shift_y=&#8221;0&#8243; z_index=&#8221;0&#8243; css=&#8221;.vc_custom_1737990310433{margin-top: 0px !important;margin-bottom: 0px !important;padding-top: 75px !important;padding-right: 0px !important;padding-bottom: 75px !important;padding-left: 0px !important;}&#8221; uncode_shortcode_id=&#8221;268959&#8243; el_class=&#8221;portrait2&#8243;][vc_column_inner column_width_percent=&#8221;100&#8243; position_vertical=&#8221;middle&#8221; align_horizontal=&#8221;align_right&#8221; gutter_size=&#8221;3&#8243; overlay_alpha=&#8221;50&#8243; shift_x=&#8221;0&#8243; shift_y=&#8221;0&#8243; shift_y_down=&#8221;0&#8243; z_index=&#8221;0&#8243; medium_width=&#8221;0&#8243; mobile_width=&#8221;0&#8243; css_animation=&#8221;left-t-right&#8221; width=&#8221;1\/3&#8243; css=&#8221;.vc_custom_1621006895056{padding-top: 0px !important;padding-right: 0px !important;padding-bottom: 0px !important;padding-left: 0px !important;}&#8221;][\/vc_column_inner][vc_column_inner column_width_percent=&#8221;100&#8243; position_vertical=&#8221;middle&#8221; align_horizontal=&#8221;align_center&#8221; gutter_size=&#8221;3&#8243; overlay_alpha=&#8221;50&#8243; shift_x=&#8221;0&#8243; shift_y=&#8221;0&#8243; shift_y_down=&#8221;0&#8243; z_index=&#8221;0&#8243; medium_width=&#8221;0&#8243; mobile_width=&#8221;0&#8243; css_animation=&#8221;right-t-left&#8221; animation_speed=&#8221;800&#8243; animation_delay=&#8221;200&#8243; width=&#8221;1\/6&#8243; css=&#8221;.vc_custom_1621006903377{padding-top: 0px !important;padding-bottom: 0px !important;padding-left: 0px !important;}&#8221;][\/vc_column_inner][vc_column_inner column_width_percent=&#8221;100&#8243; position_horizontal=&#8221;left&#8221; position_vertical=&#8221;middle&#8221; gutter_size=&#8221;3&#8243; overlay_alpha=&#8221;50&#8243; shift_x=&#8221;0&#8243; shift_y=&#8221;0&#8243; shift_y_down=&#8221;0&#8243; z_index=&#8221;0&#8243; medium_width=&#8221;0&#8243; mobile_width=&#8221;0&#8243; css_animation=&#8221;right-t-left&#8221; animation_speed=&#8221;800&#8243; animation_delay=&#8221;300&#8243; width=&#8221;1\/6&#8243; css=&#8221;.vc_custom_1620889394999{padding-right: 15% !important;}&#8221; el_class=&#8221;parte-text-dx&#8221; el_id=&#8221;marrig&#8221;][vc_single_image media=&#8221;84913&#8243; media_width_use_pixel=&#8221;yes&#8221; alignment=&#8221;center&#8221; css_animation=&#8221;right-t-left&#8221; media_width_pixel=&#8221;100&#8243;][\/vc_column_inner][vc_column_inner column_width_percent=&#8221;100&#8243; position_vertical=&#8221;middle&#8221; gutter_size=&#8221;3&#8243; overlay_alpha=&#8221;50&#8243; shift_x=&#8221;0&#8243; shift_y=&#8221;0&#8243; shift_y_down=&#8221;0&#8243; z_index=&#8221;0&#8243; medium_width=&#8221;0&#8243; mobile_width=&#8221;0&#8243; width=&#8221;1\/3&#8243; el_class=&#8221;parte-text-dx&#8221; el_id=&#8221;marrig&#8221; css=&#8221;.vc_custom_1622822949282{padding-right: 5% !important;}&#8221;][vc_column_text css=&#8221;.vc_custom_1675245416130{padding-right: 10% !important;}&#8221; uncode_shortcode_id=&#8221;106050&#8243;]<\/p>\n<h3>Limited Line<\/h3>\n<p><em>Estilo:<\/em> IPA<br \/>\n<em>Ingredientes:<\/em> \u00c1gua de nascente da Toscana, malte, trigo da Toscana, l\u00fapulo, fermento, artem\u00edsia.<br \/>\n<a class=\"fl-link fl-link--line\" href=\"https:\/\/www.flfuoriserie.com\/en\/fl-fuoriserie-selection\/fuoriserie-beer\/limited-line\/\">Saiba mais<\/a>[\/vc_column_text][\/vc_column_inner][\/vc_row_inner][\/vc_column][\/vc_row][vc_row row_height_percent=&#8221;0&#8243; back_color=&#8221;accent&#8221; overlay_alpha=&#8221;50&#8243; gutter_size=&#8221;3&#8243; column_width_percent=&#8221;100&#8243; shift_y=&#8221;0&#8243; z_index=&#8221;0&#8243;][vc_column width=&#8221;1\/1&#8243;][uncode_block id=&#8221;85012&#8243;][\/vc_column][\/vc_row]<\/p>\n<\/div>","protected":false},"excerpt":{"rendered":"<p>[vc_row unlock_row_content=&#8221;yes&#8221; row_height_percent=&#8221;0&#8243; back_color=&#8221;accent&#8221; overlay_alpha=&#8221;50&#8243; gutter_size=&#8221;3&#8243; column_width_percent=&#8221;100&#8243; shift_y=&#8221;0&#8243; z_index=&#8221;0&#8243; css=&#8221;.vc_custom_1621247558054{margin-top: 0px !important;margin-bottom: 0px !important;}&#8221;][vc_column column_width_percent=&#8221;100&#8243; gutter_size=&#8221;3&#8243; overlay_alpha=&#8221;50&#8243; shift_x=&#8221;0&#8243; shift_y=&#8221;0&#8243; shift_y_down=&#8221;0&#8243; [&hellip;]<\/p>\n","protected":false},"author":8,"featured_media":0,"parent":105609,"menu_order":0,"comment_status":"closed","ping_status":"closed","template":"","meta":{"_monsterinsights_skip_tracking":false,"_monsterinsights_sitenote_active":false,"_monsterinsights_sitenote_note":"","_monsterinsights_sitenote_category":0,"footnotes":""},"class_list":["post-94894","page","type-page","status-publish","hentry"],"_links":{"self":[{"href":"https:\/\/www.flfuoriserie.com\/pt-br\/wp-json\/wp\/v2\/pages\/94894","targetHints":{"allow":["GET"]}}],"collection":[{"href":"https:\/\/www.flfuoriserie.com\/pt-br\/wp-json\/wp\/v2\/pages"}],"about":[{"href":"https:\/\/www.flfuoriserie.com\/pt-br\/wp-json\/wp\/v2\/types\/page"}],"author":[{"embeddable":true,"href":"https:\/\/www.flfuoriserie.com\/pt-br\/wp-json\/wp\/v2\/users\/8"}],"replies":[{"embeddable":true,"href":"https:\/\/www.flfuoriserie.com\/pt-br\/wp-json\/wp\/v2\/comments?post=94894"}],"version-history":[{"count":20,"href":"https:\/\/www.flfuoriserie.com\/pt-br\/wp-json\/wp\/v2\/pages\/94894\/revisions"}],"predecessor-version":[{"id":106103,"href":"https:\/\/www.flfuoriserie.com\/pt-br\/wp-json\/wp\/v2\/pages\/94894\/revisions\/106103"}],"up":[{"embeddable":true,"href":"https:\/\/www.flfuoriserie.com\/pt-br\/wp-json\/wp\/v2\/pages\/105609"}],"wp:attachment":[{"href":"https:\/\/www.flfuoriserie.com\/pt-br\/wp-json\/wp\/v2\/media?parent=94894"}],"curies":[{"name":"wp","href":"https:\/\/api.w.org\/{rel}","templated":true}]}}