{"id":107516,"date":"2026-04-24T12:48:25","date_gmt":"2026-04-24T10:48:25","guid":{"rendered":"https:\/\/www.flfuoriserie.com\/gel-refrescante\/"},"modified":"2026-04-24T12:48:28","modified_gmt":"2026-04-24T10:48:28","slug":"gel-refrescante","status":"publish","type":"page","link":"https:\/\/www.flfuoriserie.com\/pt-br\/gel-refrescante\/","title":{"rendered":"Gel refrescante"},"content":{"rendered":"<div class=\"wpb-content-wrapper\"><p>[vc_row][vc_column width=&#8221;1\/1&#8243;][vc_row_inner row_inner_height_percent=&#8221;0&#8243; back_image=&#8221;107428&#8243; overlay_alpha=&#8221;50&#8243; equal_height=&#8221;yes&#8221; gutter_size=&#8221;0&#8243; shift_y=&#8221;0&#8243; z_index=&#8221;0&#8243; css=&#8221;.vc_custom_1777026365259{margin-top: 0px !important;margin-bottom: 0px !important;padding-top: 75px !important;padding-right: 0px !important;padding-bottom: 75px !important;padding-left: 0px !important;}&#8221; uncode_shortcode_id=&#8221;494251&#8243; el_class=&#8221;portrait2&#8243;][vc_column_inner column_width_percent=&#8221;100&#8243; gutter_size=&#8221;3&#8243; overlay_alpha=&#8221;50&#8243; shift_x=&#8221;0&#8243; shift_y=&#8221;0&#8243; shift_y_down=&#8221;0&#8243; z_index=&#8221;0&#8243; medium_width=&#8221;0&#8243; mobile_width=&#8221;0&#8243; width=&#8221;1\/6&#8243; el_class=&#8221;parte-img&#8221;][vc_single_image media=&#8221;107345&#8243; media_width_use_pixel=&#8221;yes&#8221; alignment=&#8221;center&#8221; css_animation=&#8221;alpha-anim&#8221; media_width_pixel=&#8221;300&#8243; el_class=&#8221;bigger&#8221; uncode_shortcode_id=&#8221;200270&#8243;][\/vc_column_inner][vc_column_inner column_width_percent=&#8221;100&#8243; position_vertical=&#8221;middle&#8221; gutter_size=&#8221;3&#8243; overlay_alpha=&#8221;50&#8243; shift_x=&#8221;0&#8243; shift_y=&#8221;0&#8243; shift_y_down=&#8221;0&#8243; z_index=&#8221;0&#8243; medium_width=&#8221;0&#8243; align_mobile=&#8221;align_left_mobile&#8221; mobile_width=&#8221;0&#8243; css_animation=&#8221;left-t-right&#8221; width=&#8221;1\/3&#8243; uncode_shortcode_id=&#8221;113162&#8243; el_class=&#8221;parte-text-dx order2&#8243;][vc_column_text css_animation=&#8221;alpha-anim&#8221; css=&#8221;.vc_custom_1776941467616{padding-right: 20% !important;}&#8221; uncode_shortcode_id=&#8221;338539&#8243;]<\/p>\n<h5>Al\u00edvio refrescante instant\u00e2neo para uma pele calma e hidratada.<\/h5>\n<p>Um gel refrescante leve e de r\u00e1pida absor\u00e7\u00e3o que acalma e refresca a pele com ingredientes bot\u00e2nicos calmantes e agentes hidratantes. Proporciona al\u00edvio refrescante instant\u00e2neo, conforto e hidrata\u00e7\u00e3o, especialmente ap\u00f3s procedimentos ou em casos de calor\/desconforto. Adequado para uso profissional e dom\u00e9stico para restaurar o equil\u00edbrio e acalmar a pele.[\/vc_column_text][\/vc_column_inner][\/vc_row_inner][\/vc_column][\/vc_row]<\/p>\n<\/div>","protected":false},"excerpt":{"rendered":"<p>[vc_row][vc_column width=&#8221;1\/1&#8243;][vc_row_inner row_inner_height_percent=&#8221;0&#8243; back_image=&#8221;107428&#8243; overlay_alpha=&#8221;50&#8243; equal_height=&#8221;yes&#8221; gutter_size=&#8221;0&#8243; shift_y=&#8221;0&#8243; z_index=&#8221;0&#8243; css=&#8221;.vc_custom_1777026365259{margin-top: 0px !important;margin-bottom: 0px !important;padding-top: 75px !important;padding-right: 0px !important;padding-bottom: 75px !important;padding-left: [&hellip;]<\/p>\n","protected":false},"author":1,"featured_media":0,"parent":0,"menu_order":0,"comment_status":"closed","ping_status":"closed","template":"","meta":{"_monsterinsights_skip_tracking":false,"_monsterinsights_sitenote_active":false,"_monsterinsights_sitenote_note":"","_monsterinsights_sitenote_category":0,"footnotes":""},"class_list":["post-107516","page","type-page","status-publish","hentry"],"_links":{"self":[{"href":"https:\/\/www.flfuoriserie.com\/pt-br\/wp-json\/wp\/v2\/pages\/107516","targetHints":{"allow":["GET"]}}],"collection":[{"href":"https:\/\/www.flfuoriserie.com\/pt-br\/wp-json\/wp\/v2\/pages"}],"about":[{"href":"https:\/\/www.flfuoriserie.com\/pt-br\/wp-json\/wp\/v2\/types\/page"}],"author":[{"embeddable":true,"href":"https:\/\/www.flfuoriserie.com\/pt-br\/wp-json\/wp\/v2\/users\/1"}],"replies":[{"embeddable":true,"href":"https:\/\/www.flfuoriserie.com\/pt-br\/wp-json\/wp\/v2\/comments?post=107516"}],"version-history":[{"count":2,"href":"https:\/\/www.flfuoriserie.com\/pt-br\/wp-json\/wp\/v2\/pages\/107516\/revisions"}],"predecessor-version":[{"id":107547,"href":"https:\/\/www.flfuoriserie.com\/pt-br\/wp-json\/wp\/v2\/pages\/107516\/revisions\/107547"}],"wp:attachment":[{"href":"https:\/\/www.flfuoriserie.com\/pt-br\/wp-json\/wp\/v2\/media?parent=107516"}],"curies":[{"name":"wp","href":"https:\/\/api.w.org\/{rel}","templated":true}]}}