{"id":107274,"date":"2026-04-16T12:58:54","date_gmt":"2026-04-16T10:58:54","guid":{"rendered":"https:\/\/www.flfuoriserie.com\/luxth-fl-vibe-line-sprint\/"},"modified":"2026-04-16T12:58:55","modified_gmt":"2026-04-16T10:58:55","slug":"luxth-fl-vibe-line-sprint","status":"publish","type":"page","link":"https:\/\/www.flfuoriserie.com\/pt-br\/luxth-fl-vibe-line-sprint\/","title":{"rendered":"LUXTH &#8211; FL VIBE LINE &#8211; Sprint"},"content":{"rendered":"<div class=\"wpb-content-wrapper\"><p>[vc_row][vc_column width=&#8221;1\/1&#8243;][vc_row_inner row_inner_height_percent=&#8221;0&#8243; back_image=&#8221;107106&#8243; overlay_alpha=&#8221;50&#8243; equal_height=&#8221;yes&#8221; gutter_size=&#8221;0&#8243; shift_y=&#8221;0&#8243; z_index=&#8221;0&#8243; css=&#8221;.vc_custom_1776250076549{margin-top: 0px !important;margin-bottom: 0px !important;padding-top: 75px !important;padding-right: 0px !important;padding-bottom: 75px !important;padding-left: 0px !important;}&#8221; uncode_shortcode_id=&#8221;151151&#8243; el_class=&#8221;portrait2&#8243;][vc_column_inner column_width_percent=&#8221;100&#8243; gutter_size=&#8221;3&#8243; overlay_alpha=&#8221;50&#8243; shift_x=&#8221;0&#8243; shift_y=&#8221;0&#8243; shift_y_down=&#8221;0&#8243; z_index=&#8221;0&#8243; medium_width=&#8221;0&#8243; mobile_width=&#8221;0&#8243; width=&#8221;1\/6&#8243; el_class=&#8221;parte-img&#8221;][vc_single_image media=&#8221;107126&#8243; media_width_use_pixel=&#8221;yes&#8221; alignment=&#8221;center&#8221; css_animation=&#8221;alpha-anim&#8221; media_width_pixel=&#8221;400&#8243; el_class=&#8221;bigger&#8221; uncode_shortcode_id=&#8221;106313&#8243;][\/vc_column_inner][vc_column_inner column_width_percent=&#8221;100&#8243; position_vertical=&#8221;middle&#8221; gutter_size=&#8221;3&#8243; overlay_alpha=&#8221;50&#8243; shift_x=&#8221;0&#8243; shift_y=&#8221;0&#8243; shift_y_down=&#8221;0&#8243; z_index=&#8221;0&#8243; medium_width=&#8221;0&#8243; align_mobile=&#8221;align_left_mobile&#8221; mobile_width=&#8221;0&#8243; css_animation=&#8221;right-t-left&#8221; width=&#8221;1\/3&#8243; uncode_shortcode_id=&#8221;168022&#8243; el_class=&#8221;parte-text-dx order2&#8243;][vc_column_text css_animation=&#8221;alpha-anim&#8221; css=&#8221;.vc_custom_1776250098086{padding-right: 20% !important;}&#8221; uncode_shortcode_id=&#8221;406396&#8243;]<\/p>\n<h5>Desempenho e bem-estar gra\u00e7as \u00e0 nossa resina especial com alta capacidade de absor\u00e7\u00e3o de impactos<\/h5>\n<p>Desenvolvemos um solado inovador com uma almofada feita de resina especial, projetada para proporcionar uma excelente absor\u00e7\u00e3o de impactos. Essa solu\u00e7\u00e3o t\u00e9cnica de ponta reduz significativamente a carga prejudicial colocada sobre os m\u00fasculos e as articula\u00e7\u00f5es, promovendo a distribui\u00e7\u00e3o ideal do estresse durante o movimento.<br \/>\nO resultado \u00e9 um cal\u00e7ado que oferece um suporte mais eficaz e seguro para as atividades di\u00e1rias, aumentando o conforto e promovendo o bem-estar do usu\u00e1rio, mesmo durante o uso prolongado. A escolha dos materiais e a precis\u00e3o da constru\u00e7\u00e3o refletem nosso compromisso de oferecer desempenho superior e uma experi\u00eancia de usu\u00e1rio sem concess\u00f5es.[\/vc_column_text][\/vc_column_inner][\/vc_row_inner][\/vc_column][\/vc_row]<\/p>\n<\/div>","protected":false},"excerpt":{"rendered":"<p>[vc_row][vc_column width=&#8221;1\/1&#8243;][vc_row_inner row_inner_height_percent=&#8221;0&#8243; back_image=&#8221;107106&#8243; overlay_alpha=&#8221;50&#8243; equal_height=&#8221;yes&#8221; gutter_size=&#8221;0&#8243; shift_y=&#8221;0&#8243; z_index=&#8221;0&#8243; css=&#8221;.vc_custom_1776250076549{margin-top: 0px !important;margin-bottom: 0px !important;padding-top: 75px !important;padding-right: 0px !important;padding-bottom: 75px !important;padding-left: [&hellip;]<\/p>\n","protected":false},"author":1,"featured_media":0,"parent":0,"menu_order":0,"comment_status":"closed","ping_status":"closed","template":"","meta":{"_monsterinsights_skip_tracking":false,"_monsterinsights_sitenote_active":false,"_monsterinsights_sitenote_note":"","_monsterinsights_sitenote_category":0,"footnotes":""},"class_list":["post-107274","page","type-page","status-publish","hentry"],"_links":{"self":[{"href":"https:\/\/www.flfuoriserie.com\/pt-br\/wp-json\/wp\/v2\/pages\/107274","targetHints":{"allow":["GET"]}}],"collection":[{"href":"https:\/\/www.flfuoriserie.com\/pt-br\/wp-json\/wp\/v2\/pages"}],"about":[{"href":"https:\/\/www.flfuoriserie.com\/pt-br\/wp-json\/wp\/v2\/types\/page"}],"author":[{"embeddable":true,"href":"https:\/\/www.flfuoriserie.com\/pt-br\/wp-json\/wp\/v2\/users\/1"}],"replies":[{"embeddable":true,"href":"https:\/\/www.flfuoriserie.com\/pt-br\/wp-json\/wp\/v2\/comments?post=107274"}],"version-history":[{"count":5,"href":"https:\/\/www.flfuoriserie.com\/pt-br\/wp-json\/wp\/v2\/pages\/107274\/revisions"}],"predecessor-version":[{"id":107282,"href":"https:\/\/www.flfuoriserie.com\/pt-br\/wp-json\/wp\/v2\/pages\/107274\/revisions\/107282"}],"wp:attachment":[{"href":"https:\/\/www.flfuoriserie.com\/pt-br\/wp-json\/wp\/v2\/media?parent=107274"}],"curies":[{"name":"wp","href":"https:\/\/api.w.org\/{rel}","templated":true}]}}