{"id":107254,"date":"2026-04-16T12:58:51","date_gmt":"2026-04-16T10:58:51","guid":{"rendered":"https:\/\/www.flfuoriserie.com\/luxth-fl-icon-line-vermelho-01\/"},"modified":"2026-04-16T12:58:53","modified_gmt":"2026-04-16T10:58:53","slug":"luxth-fl-icon-line-vermelho-01","status":"publish","type":"page","link":"https:\/\/www.flfuoriserie.com\/pt-br\/luxth-fl-icon-line-vermelho-01\/","title":{"rendered":"LUXTH &#8211; FL ICON LINE &#8211; Vermelho 01"},"content":{"rendered":"<div class=\"wpb-content-wrapper\"><p>[vc_row][vc_column width=&#8221;1\/1&#8243;][vc_row_inner row_inner_height_percent=&#8221;0&#8243; back_image=&#8221;107110&#8243; overlay_alpha=&#8221;50&#8243; equal_height=&#8221;yes&#8221; gutter_size=&#8221;0&#8243; shift_y=&#8221;0&#8243; z_index=&#8221;0&#8243; css=&#8221;.vc_custom_1776250281237{margin-top: 0px !important;margin-bottom: 0px !important;padding-top: 75px !important;padding-right: 0px !important;padding-bottom: 75px !important;padding-left: 0px !important;}&#8221; uncode_shortcode_id=&#8221;941784&#8243; el_class=&#8221;portrait2&#8243;][vc_column_inner column_width_percent=&#8221;100&#8243; gutter_size=&#8221;3&#8243; overlay_alpha=&#8221;50&#8243; shift_x=&#8221;0&#8243; shift_y=&#8221;0&#8243; shift_y_down=&#8221;0&#8243; z_index=&#8221;0&#8243; medium_width=&#8221;0&#8243; mobile_width=&#8221;0&#8243; width=&#8221;1\/6&#8243; el_class=&#8221;parte-img&#8221;][vc_single_image media=&#8221;107150&#8243; media_width_use_pixel=&#8221;yes&#8221; alignment=&#8221;center&#8221; css_animation=&#8221;alpha-anim&#8221; media_width_pixel=&#8221;400&#8243; el_class=&#8221;bigger&#8221; uncode_shortcode_id=&#8221;620362&#8243;][\/vc_column_inner][vc_column_inner column_width_percent=&#8221;100&#8243; position_vertical=&#8221;middle&#8221; gutter_size=&#8221;3&#8243; overlay_alpha=&#8221;50&#8243; shift_x=&#8221;0&#8243; shift_y=&#8221;0&#8243; shift_y_down=&#8221;0&#8243; z_index=&#8221;0&#8243; medium_width=&#8221;0&#8243; align_mobile=&#8221;align_left_mobile&#8221; mobile_width=&#8221;0&#8243; css_animation=&#8221;left-t-right&#8221; width=&#8221;1\/3&#8243; uncode_shortcode_id=&#8221;113162&#8243; el_class=&#8221;parte-text-dx order2&#8243;][vc_column_text css_animation=&#8221;alpha-anim&#8221; css=&#8221;.vc_custom_1776250348067{padding-right: 20% !important;}&#8221; uncode_shortcode_id=&#8221;183438&#8243;]<\/p>\n<h5>LUXTH: a sinergia entre a It\u00e1lia e o Jap\u00e3o a servi\u00e7o do bem-estar<\/h5>\n<p>Nosso compromisso vai al\u00e9m da simples cria\u00e7\u00e3o de cal\u00e7ados: nosso objetivo \u00e9 ajudar as pessoas a viverem suas vidas di\u00e1rias com mais confian\u00e7a e bem-estar. Por meio de cal\u00e7ados que combinam eleg\u00e2ncia, funcionalidade e inova\u00e7\u00e3o, nosso objetivo \u00e9 melhorar de forma tang\u00edvel a qualidade de vida e contribuir para uma mudan\u00e7a positiva na sociedade.<br \/>\nCom os produtos FL, buscamos oferecer um novo valor \u00e0s experi\u00eancias cotidianas, ajudando a construir um futuro mais rico, gratificante e sustent\u00e1vel.<br \/>\nCom a LUXTH, a sinergia entre a It\u00e1lia e o Jap\u00e3o foi ainda mais fortalecida, dando origem a uma linha de cal\u00e7ados que incorpora totalmente os valores do &#8220;luxo da sa\u00fade&#8221; e se destaca como um exemplo virtuoso de colabora\u00e7\u00e3o internacional a servi\u00e7o do bem-estar e da excel\u00eancia.[\/vc_column_text][\/vc_column_inner][\/vc_row_inner][\/vc_column][\/vc_row]<\/p>\n<\/div>","protected":false},"excerpt":{"rendered":"<p>[vc_row][vc_column width=&#8221;1\/1&#8243;][vc_row_inner row_inner_height_percent=&#8221;0&#8243; back_image=&#8221;107110&#8243; overlay_alpha=&#8221;50&#8243; equal_height=&#8221;yes&#8221; gutter_size=&#8221;0&#8243; shift_y=&#8221;0&#8243; z_index=&#8221;0&#8243; css=&#8221;.vc_custom_1776250281237{margin-top: 0px !important;margin-bottom: 0px !important;padding-top: 75px !important;padding-right: 0px !important;padding-bottom: 75px !important;padding-left: [&hellip;]<\/p>\n","protected":false},"author":1,"featured_media":0,"parent":0,"menu_order":0,"comment_status":"closed","ping_status":"closed","template":"","meta":{"_monsterinsights_skip_tracking":false,"_monsterinsights_sitenote_active":false,"_monsterinsights_sitenote_note":"","_monsterinsights_sitenote_category":0,"footnotes":""},"class_list":["post-107254","page","type-page","status-publish","hentry"],"_links":{"self":[{"href":"https:\/\/www.flfuoriserie.com\/pt-br\/wp-json\/wp\/v2\/pages\/107254","targetHints":{"allow":["GET"]}}],"collection":[{"href":"https:\/\/www.flfuoriserie.com\/pt-br\/wp-json\/wp\/v2\/pages"}],"about":[{"href":"https:\/\/www.flfuoriserie.com\/pt-br\/wp-json\/wp\/v2\/types\/page"}],"author":[{"embeddable":true,"href":"https:\/\/www.flfuoriserie.com\/pt-br\/wp-json\/wp\/v2\/users\/1"}],"replies":[{"embeddable":true,"href":"https:\/\/www.flfuoriserie.com\/pt-br\/wp-json\/wp\/v2\/comments?post=107254"}],"version-history":[{"count":2,"href":"https:\/\/www.flfuoriserie.com\/pt-br\/wp-json\/wp\/v2\/pages\/107254\/revisions"}],"predecessor-version":[{"id":107273,"href":"https:\/\/www.flfuoriserie.com\/pt-br\/wp-json\/wp\/v2\/pages\/107254\/revisions\/107273"}],"wp:attachment":[{"href":"https:\/\/www.flfuoriserie.com\/pt-br\/wp-json\/wp\/v2\/media?parent=107254"}],"curies":[{"name":"wp","href":"https:\/\/api.w.org\/{rel}","templated":true}]}}