{"id":106978,"date":"2026-04-07T10:12:01","date_gmt":"2026-04-07T08:12:01","guid":{"rendered":"https:\/\/www.flfuoriserie.com\/colaboracoes\/luzes-de-luxo\/"},"modified":"2026-04-07T10:12:03","modified_gmt":"2026-04-07T08:12:03","slug":"luzes-de-luxo","status":"publish","type":"page","link":"https:\/\/www.flfuoriserie.com\/pt-br\/colaboracoes\/luzes-de-luxo\/","title":{"rendered":"Luzes de luxo"},"content":{"rendered":"<div class=\"wpb-content-wrapper\"><p>[vc_row unlock_row_content=&#8221;yes&#8221; row_height_percent=&#8221;100&#8243; override_padding=&#8221;yes&#8221; h_padding=&#8221;0&#8243; top_padding=&#8221;0&#8243; bottom_padding=&#8221;0&#8243; back_color=&#8221;accent&#8221; overlay_alpha=&#8221;100&#8243; gutter_size=&#8221;100&#8243; column_width_percent=&#8221;100&#8243; shift_y=&#8221;0&#8243; z_index=&#8221;0&#8243; row_custom_slug_check=&#8221;yes&#8221; style=&#8221;inherited&#8221; css=&#8221;.vc_custom_1707908380863{margin-top: 0px !important;margin-bottom: 0px !important;padding-top: 0px !important;padding-right: 0px !important;padding-bottom: 0px !important;padding-left: 0px !important;}&#8221; el_class=&#8221;responsive&#8221; uncode_shortcode_id=&#8221;134601&#8243; back_color_type=&#8221;uncode-palette&#8221; row_name=&#8221;Beverage&#8221; row_custom_slug=&#8221;beverage&#8221;][vc_column column_width_percent=&#8221;100&#8243; gutter_size=&#8221;3&#8243; override_padding=&#8221;yes&#8221; column_padding=&#8221;0&#8243; overlay_alpha=&#8221;100&#8243; shift_x=&#8221;0&#8243; shift_y=&#8221;0&#8243; shift_y_down=&#8221;0&#8243; z_index=&#8221;0&#8243; medium_width=&#8221;0&#8243; mobile_width=&#8221;0&#8243; zoom_width=&#8221;0&#8243; zoom_height=&#8221;0&#8243; width=&#8221;1\/1&#8243; el_class=&#8221;responsive&#8221; uncode_shortcode_id=&#8221;100123&#8243;][vc_row_inner row_inner_height_percent=&#8221;0&#8243; back_image=&#8221;106812&#8243; back_position=&#8221;left top&#8221; overlay_alpha=&#8221;50&#8243; equal_height=&#8221;yes&#8221; gutter_size=&#8221;0&#8243; shift_y=&#8221;0&#8243; z_index=&#8221;0&#8243; css=&#8221;.vc_custom_1774950386151{margin-top: 0px !important;margin-bottom: 0px !important;padding-top: 75px !important;padding-right: 0px !important;padding-bottom: 75px !important;padding-left: 0px !important;}&#8221; limit_content=&#8221;&#8221; uncode_shortcode_id=&#8221;147137&#8243; el_class=&#8221;portrait2&#8243;][vc_column_inner column_width_percent=&#8221;100&#8243; position_horizontal=&#8221;right&#8221; position_vertical=&#8221;middle&#8221; align_horizontal=&#8221;align_right&#8221; gutter_size=&#8221;3&#8243; overlay_alpha=&#8221;50&#8243; shift_x=&#8221;0&#8243; shift_y=&#8221;0&#8243; shift_y_down=&#8221;0&#8243; z_index=&#8221;0&#8243; medium_width=&#8221;0&#8243; mobile_width=&#8221;0&#8243; css_animation=&#8221;left-t-right&#8221; width=&#8221;1\/2&#8243; css=&#8221;.vc_custom_1620809610231{padding-top: 0px !important;padding-right: 0px !important;padding-bottom: 0px !important;padding-left: 0px !important;}&#8221;][\/vc_column_inner][vc_column_inner column_width_percent=&#8221;100&#8243; position_horizontal=&#8221;left&#8221; position_vertical=&#8221;middle&#8221; gutter_size=&#8221;3&#8243; overlay_alpha=&#8221;50&#8243; shift_x=&#8221;0&#8243; shift_y=&#8221;0&#8243; shift_y_down=&#8221;0&#8243; z_index=&#8221;0&#8243; medium_width=&#8221;0&#8243; mobile_width=&#8221;0&#8243; css_animation=&#8221;right-t-left&#8221; animation_speed=&#8221;800&#8243; animation_delay=&#8221;300&#8243; width=&#8221;1\/2&#8243; css=&#8221;.vc_custom_1651849425619{padding-right: 10% !important;}&#8221; el_class=&#8221;parte-text-dx&#8221; uncode_shortcode_id=&#8221;687556&#8243;][vc_column_text css_animation=&#8221;alpha-anim&#8221; uncode_shortcode_id=&#8221;166123&#8243; css=&#8221;.vc_custom_1774950561855{margin-left: 7% !important;}&#8221; el_class=&#8221;portrait2&#8243;]<\/p>\n<h4>Harshiil Pethani e Lopa Sanghvi<\/h4>\n<p>A parceria din\u00e2mica entre Harshiil Pethani e Lopa Sanghvi ascende a um novo reino de ultra-luxo por meio de uma colabora\u00e7\u00e3o exclusiva com a FL Fuoriserie, um nome sin\u00f4nimo de excel\u00eancia sob medida e uma abordagem vision\u00e1ria para o mercado imobili\u00e1rio global.<br \/>\nCom base em uma filosofia de individualidade e raridade, a FL Fuoriserie representa mais do que design, \u00e9 um movimento que est\u00e1 moldando o futuro da vida de ultra luxo nos mercados internacionais.<br \/>\nCom foco em ambientes com curadoria e design colecion\u00e1vel, a marca reimagina espa\u00e7os como express\u00f5es imersivas de identidade, prest\u00edgio e gosto refinado.<br \/>\nJuntos, essa colabora\u00e7\u00e3o marca a cria\u00e7\u00e3o de uma linha extraordin\u00e1ria de ilumina\u00e7\u00e3o decorativa, concebida como objetos de design colecion\u00e1veis para as resid\u00eancias mais exclusivas e empreendimentos de refer\u00eancia do mundo. Cada pe\u00e7a incorpora uma fus\u00e3o perfeita de sofistica\u00e7\u00e3o de inspira\u00e7\u00e3o italiana, eleg\u00e2ncia arquitet\u00f4nica e habilidade artesanal[\/vc_column_text][\/vc_column_inner][\/vc_row_inner][vc_row_inner row_inner_height_percent=&#8221;0&#8243; back_image=&#8221;106738&#8243; overlay_alpha=&#8221;50&#8243; equal_height=&#8221;yes&#8221; gutter_size=&#8221;0&#8243; shift_y=&#8221;0&#8243; z_index=&#8221;0&#8243; css=&#8221;.vc_custom_1774863070058{margin-top: 0px !important;margin-bottom: 0px !important;padding-top: 75px !important;padding-right: 0px !important;padding-bottom: 75px !important;padding-left: 0px !important;}&#8221; limit_content=&#8221;&#8221; uncode_shortcode_id=&#8221;190468&#8243; el_class=&#8221;portrait2&#8243;][vc_column_inner column_width_percent=&#8221;100&#8243; position_horizontal=&#8221;left&#8221; position_vertical=&#8221;middle&#8221; gutter_size=&#8221;3&#8243; overlay_alpha=&#8221;50&#8243; shift_x=&#8221;0&#8243; shift_y=&#8221;0&#8243; shift_y_down=&#8221;0&#8243; z_index=&#8221;0&#8243; medium_width=&#8221;0&#8243; mobile_width=&#8221;0&#8243; css_animation=&#8221;right-t-left&#8221; animation_speed=&#8221;800&#8243; animation_delay=&#8221;300&#8243; width=&#8221;1\/3&#8243; css=&#8221;.vc_custom_1651849425619{padding-right: 10% !important;}&#8221; el_class=&#8221;parte-text-dx&#8221; uncode_shortcode_id=&#8221;687556&#8243;][vc_column_text css_animation=&#8221;alpha-anim&#8221; uncode_shortcode_id=&#8221;177675&#8243;]<\/p>\n<h3 style=\"text-align: right;\">INTAGLIO NERA<\/h3>\n<h5 style=\"text-align: right;\">Luz escultural<\/h5>\n<p style=\"text-align: right;\"><a class=\"fl-link fl-link--line\" href=\"https:\/\/www.flfuoriserie.com\/pt-br\/colaboracoes\/intaglio-nera\/\">Saiba mais<\/a><\/p>\n<p>[\/vc_column_text][\/vc_column_inner][vc_column_inner column_width_percent=&#8221;100&#8243; align_horizontal=&#8221;align_center&#8221; gutter_size=&#8221;3&#8243; overlay_alpha=&#8221;50&#8243; shift_x=&#8221;0&#8243; shift_y=&#8221;0&#8243; shift_y_down=&#8221;0&#8243; z_index=&#8221;0&#8243; medium_width=&#8221;0&#8243; mobile_width=&#8221;0&#8243; css_animation=&#8221;right-t-left&#8221; animation_speed=&#8221;800&#8243; animation_delay=&#8221;200&#8243; width=&#8221;1\/6&#8243; css=&#8221;.vc_custom_1774953587208{padding-top: 0px !important;padding-right: 7% !important;padding-bottom: 0px !important;padding-left: 7% !important;}&#8221; el_class=&#8221;parte-img-dx&#8221; uncode_shortcode_id=&#8221;125699&#8243;][vc_single_image media=&#8221;106736&#8243; media_width_use_pixel=&#8221;yes&#8221; alignment=&#8221;center&#8221; css_animation=&#8221;alpha-anim&#8221; media_width_pixel=&#8221;130&#8243; el_class=&#8221;bigger&#8221; uncode_shortcode_id=&#8221;182245&#8243;][\/vc_column_inner][vc_column_inner column_width_percent=&#8221;100&#8243; position_horizontal=&#8221;right&#8221; position_vertical=&#8221;middle&#8221; align_horizontal=&#8221;align_right&#8221; gutter_size=&#8221;3&#8243; overlay_alpha=&#8221;50&#8243; shift_x=&#8221;0&#8243; shift_y=&#8221;0&#8243; shift_y_down=&#8221;0&#8243; z_index=&#8221;0&#8243; medium_width=&#8221;0&#8243; mobile_width=&#8221;0&#8243; css_animation=&#8221;left-t-right&#8221; width=&#8221;1\/2&#8243; css=&#8221;.vc_custom_1620809610231{padding-top: 0px !important;padding-right: 0px !important;padding-bottom: 0px !important;padding-left: 0px !important;}&#8221;][\/vc_column_inner][\/vc_row_inner][vc_row_inner row_inner_height_percent=&#8221;0&#8243; back_image=&#8221;106807&#8243; overlay_alpha=&#8221;50&#8243; equal_height=&#8221;yes&#8221; gutter_size=&#8221;3&#8243; shift_y=&#8221;0&#8243; z_index=&#8221;0&#8243; css=&#8221;.vc_custom_1774950978095{margin-top: 0px !important;margin-bottom: 0px !important;padding-top: 75px !important;padding-right: 0px !important;padding-bottom: 75px !important;padding-left: 0px !important;}&#8221; limit_content=&#8221;&#8221; el_class=&#8221;portrait2&#8243; uncode_shortcode_id=&#8221;890715&#8243;][vc_column_inner width=&#8221;1\/2&#8243;][\/vc_column_inner][vc_column_inner column_width_percent=&#8221;100&#8243; position_vertical=&#8221;middle&#8221; align_horizontal=&#8221;align_center&#8221; gutter_size=&#8221;3&#8243; overlay_alpha=&#8221;50&#8243; shift_x=&#8221;0&#8243; shift_y=&#8221;0&#8243; shift_y_down=&#8221;0&#8243; z_index=&#8221;0&#8243; medium_width=&#8221;0&#8243; mobile_width=&#8221;0&#8243; css_animation=&#8221;left-t-right&#8221; animation_speed=&#8221;600&#8243; animation_delay=&#8221;200&#8243; width=&#8221;1\/6&#8243; css=&#8221;.vc_custom_1627048220247{padding-top: 0px !important;padding-right: 7% !important;padding-bottom: 0px !important;padding-left: 7% !important;}&#8221; el_class=&#8221;parte-img&#8221;][vc_single_image media=&#8221;106829&#8243; media_width_use_pixel=&#8221;yes&#8221; alignment=&#8221;center&#8221; css_animation=&#8221;alpha-anim&#8221; media_width_pixel=&#8221;300&#8243; el_class=&#8221;bigger&#8221; uncode_shortcode_id=&#8221;971976&#8243;][\/vc_column_inner][vc_column_inner column_width_percent=&#8221;100&#8243; position_vertical=&#8221;middle&#8221; align_horizontal=&#8221;align_right&#8221; gutter_size=&#8221;3&#8243; overlay_alpha=&#8221;50&#8243; shift_x=&#8221;0&#8243; shift_y=&#8221;0&#8243; shift_y_down=&#8221;0&#8243; z_index=&#8221;0&#8243; medium_width=&#8221;0&#8243; mobile_width=&#8221;0&#8243; css_animation=&#8221;left-t-right&#8221; animation_speed=&#8221;600&#8243; animation_delay=&#8221;300&#8243; width=&#8221;1\/3&#8243; el_class=&#8221;parte-text&#8221; css=&#8221;.vc_custom_1651849440731{padding-left: 10% !important;}&#8221; uncode_shortcode_id=&#8221;467171&#8243;][vc_column_text css_animation=&#8221;alpha-anim&#8221; uncode_shortcode_id=&#8221;200624&#8243;]<\/p>\n<h3 style=\"text-align: left;\">PROVENTOS DE LUXO<\/h3>\n<h5 style=\"text-align: left;\">Luz escultural<\/h5>\n<p style=\"text-align: left;\"><a class=\"fl-link fl-link--line\" href=\"https:\/\/www.flfuoriserie.com\/pt-br\/colaboracoes\/luxe-prowess\/\">Saiba mais<\/a><\/p>\n<p>[\/vc_column_text][\/vc_column_inner][\/vc_row_inner][vc_row_inner row_inner_height_percent=&#8221;0&#8243; back_image=&#8221;106857&#8243; overlay_alpha=&#8221;50&#8243; equal_height=&#8221;yes&#8221; gutter_size=&#8221;0&#8243; shift_y=&#8221;0&#8243; z_index=&#8221;0&#8243; css=&#8221;.vc_custom_1774953377352{margin-top: 0px !important;margin-bottom: 0px !important;padding-top: 75px !important;padding-right: 0px !important;padding-bottom: 75px !important;padding-left: 0px !important;}&#8221; limit_content=&#8221;&#8221; uncode_shortcode_id=&#8221;139759&#8243; el_class=&#8221;portrait2&#8243;][vc_column_inner column_width_percent=&#8221;100&#8243; position_horizontal=&#8221;left&#8221; position_vertical=&#8221;middle&#8221; gutter_size=&#8221;3&#8243; overlay_alpha=&#8221;50&#8243; shift_x=&#8221;0&#8243; shift_y=&#8221;0&#8243; shift_y_down=&#8221;0&#8243; z_index=&#8221;0&#8243; medium_width=&#8221;0&#8243; mobile_width=&#8221;0&#8243; css_animation=&#8221;right-t-left&#8221; animation_speed=&#8221;800&#8243; animation_delay=&#8221;300&#8243; width=&#8221;1\/3&#8243; css=&#8221;.vc_custom_1651849425619{padding-right: 10% !important;}&#8221; el_class=&#8221;parte-text-dx&#8221; uncode_shortcode_id=&#8221;687556&#8243;][vc_column_text css_animation=&#8221;alpha-anim&#8221; uncode_shortcode_id=&#8221;830945&#8243;]<\/p>\n<h3 style=\"text-align: right;\">\u00e9ctal Sauvage<\/h3>\n<h5 style=\"text-align: right;\">Luz escultural<\/h5>\n<p style=\"text-align: right;\"><a class=\"fl-link fl-link--line\" href=\"https:\/\/www.flfuoriserie.com\/pt-br\/colaboracoes\/ectal-sauvage\/\">Saiba mais<\/a><\/p>\n<p>[\/vc_column_text][\/vc_column_inner][vc_column_inner column_width_percent=&#8221;100&#8243; position_vertical=&#8221;middle&#8221; align_horizontal=&#8221;align_center&#8221; gutter_size=&#8221;3&#8243; overlay_alpha=&#8221;50&#8243; shift_x=&#8221;0&#8243; shift_y=&#8221;0&#8243; shift_y_down=&#8221;0&#8243; z_index=&#8221;0&#8243; medium_width=&#8221;0&#8243; mobile_width=&#8221;0&#8243; css_animation=&#8221;right-t-left&#8221; animation_speed=&#8221;800&#8243; animation_delay=&#8221;200&#8243; width=&#8221;1\/6&#8243; css=&#8221;.vc_custom_1627048148280{padding-top: 0px !important;padding-right: 7% !important;padding-bottom: 0px !important;padding-left: 7% !important;}&#8221; el_class=&#8221;parte-img-dx&#8221;][vc_single_image media=&#8221;106863&#8243; media_width_use_pixel=&#8221;yes&#8221; alignment=&#8221;center&#8221; css_animation=&#8221;alpha-anim&#8221; media_width_pixel=&#8221;250&#8243; el_class=&#8221;bigger&#8221; uncode_shortcode_id=&#8221;217753&#8243;][\/vc_column_inner][vc_column_inner column_width_percent=&#8221;100&#8243; position_horizontal=&#8221;right&#8221; position_vertical=&#8221;middle&#8221; align_horizontal=&#8221;align_right&#8221; gutter_size=&#8221;3&#8243; overlay_alpha=&#8221;50&#8243; shift_x=&#8221;0&#8243; shift_y=&#8221;0&#8243; shift_y_down=&#8221;0&#8243; z_index=&#8221;0&#8243; medium_width=&#8221;0&#8243; mobile_width=&#8221;0&#8243; css_animation=&#8221;left-t-right&#8221; width=&#8221;1\/2&#8243; css=&#8221;.vc_custom_1620809610231{padding-top: 0px !important;padding-right: 0px !important;padding-bottom: 0px !important;padding-left: 0px !important;}&#8221;][\/vc_column_inner][\/vc_row_inner][vc_row_inner row_inner_height_percent=&#8221;0&#8243; back_image=&#8221;106873&#8243; overlay_alpha=&#8221;50&#8243; equal_height=&#8221;yes&#8221; gutter_size=&#8221;3&#8243; shift_y=&#8221;0&#8243; z_index=&#8221;0&#8243; css=&#8221;.vc_custom_1775035415731{margin-top: 0px !important;margin-bottom: 0px !important;padding-top: 75px !important;padding-right: 0px !important;padding-bottom: 75px !important;padding-left: 0px !important;}&#8221; limit_content=&#8221;&#8221; el_class=&#8221;portrait2&#8243; uncode_shortcode_id=&#8221;946395&#8243;][vc_column_inner width=&#8221;1\/2&#8243;][\/vc_column_inner][vc_column_inner column_width_percent=&#8221;100&#8243; position_vertical=&#8221;middle&#8221; align_horizontal=&#8221;align_center&#8221; gutter_size=&#8221;3&#8243; overlay_alpha=&#8221;50&#8243; shift_x=&#8221;0&#8243; shift_y=&#8221;0&#8243; shift_y_down=&#8221;0&#8243; z_index=&#8221;0&#8243; medium_width=&#8221;0&#8243; mobile_width=&#8221;0&#8243; css_animation=&#8221;left-t-right&#8221; animation_speed=&#8221;600&#8243; animation_delay=&#8221;200&#8243; width=&#8221;1\/6&#8243; css=&#8221;.vc_custom_1627048220247{padding-top: 0px !important;padding-right: 7% !important;padding-bottom: 0px !important;padding-left: 7% !important;}&#8221; el_class=&#8221;parte-img&#8221;][vc_single_image media=&#8221;106880&#8243; media_width_use_pixel=&#8221;yes&#8221; alignment=&#8221;center&#8221; css_animation=&#8221;alpha-anim&#8221; media_width_pixel=&#8221;150&#8243; el_class=&#8221;bigger&#8221; uncode_shortcode_id=&#8221;159490&#8243;][\/vc_column_inner][vc_column_inner column_width_percent=&#8221;100&#8243; position_vertical=&#8221;middle&#8221; align_horizontal=&#8221;align_right&#8221; gutter_size=&#8221;3&#8243; overlay_alpha=&#8221;50&#8243; shift_x=&#8221;0&#8243; shift_y=&#8221;0&#8243; shift_y_down=&#8221;0&#8243; z_index=&#8221;0&#8243; medium_width=&#8221;0&#8243; mobile_width=&#8221;0&#8243; css_animation=&#8221;left-t-right&#8221; animation_speed=&#8221;600&#8243; animation_delay=&#8221;300&#8243; width=&#8221;1\/3&#8243; el_class=&#8221;parte-text&#8221; css=&#8221;.vc_custom_1651849440731{padding-left: 10% !important;}&#8221; uncode_shortcode_id=&#8221;467171&#8243;][vc_column_text css_animation=&#8221;alpha-anim&#8221; uncode_shortcode_id=&#8221;113053&#8243;]<\/p>\n<h3 style=\"text-align: left;\">NOORVEIL<\/h3>\n<h5 style=\"text-align: left;\">Pe\u00e7a de destaque contempor\u00e2nea<\/h5>\n<p style=\"text-align: left;\"><a class=\"fl-link fl-link--line\" href=\"https:\/\/www.flfuoriserie.com\/pt-br\/colaboracoes\/noorveil\/\">Saiba mais<\/a><\/p>\n<p>[\/vc_column_text][\/vc_column_inner][\/vc_row_inner][\/vc_column][\/vc_row][vc_row row_height_percent=&#8221;0&#8243; back_color=&#8221;accent&#8221; overlay_alpha=&#8221;50&#8243; gutter_size=&#8221;3&#8243; column_width_percent=&#8221;100&#8243; shift_y=&#8221;0&#8243; z_index=&#8221;0&#8243;][vc_column width=&#8221;1\/1&#8243;][uncode_block id=&#8221;85012&#8243;][\/vc_column][\/vc_row]<\/p>\n<\/div>","protected":false},"excerpt":{"rendered":"<p>[vc_row unlock_row_content=&#8221;yes&#8221; row_height_percent=&#8221;100&#8243; override_padding=&#8221;yes&#8221; h_padding=&#8221;0&#8243; top_padding=&#8221;0&#8243; bottom_padding=&#8221;0&#8243; back_color=&#8221;accent&#8221; overlay_alpha=&#8221;100&#8243; gutter_size=&#8221;100&#8243; column_width_percent=&#8221;100&#8243; shift_y=&#8221;0&#8243; z_index=&#8221;0&#8243; row_custom_slug_check=&#8221;yes&#8221; style=&#8221;inherited&#8221; css=&#8221;.vc_custom_1707908380863{margin-top: 0px !important;margin-bottom: 0px !important;padding-top: [&hellip;]<\/p>\n","protected":false},"author":1,"featured_media":106712,"parent":105278,"menu_order":0,"comment_status":"closed","ping_status":"closed","template":"","meta":{"_monsterinsights_skip_tracking":false,"_monsterinsights_sitenote_active":false,"_monsterinsights_sitenote_note":"","_monsterinsights_sitenote_category":0,"footnotes":""},"class_list":["post-106978","page","type-page","status-publish","has-post-thumbnail","hentry"],"_links":{"self":[{"href":"https:\/\/www.flfuoriserie.com\/pt-br\/wp-json\/wp\/v2\/pages\/106978","targetHints":{"allow":["GET"]}}],"collection":[{"href":"https:\/\/www.flfuoriserie.com\/pt-br\/wp-json\/wp\/v2\/pages"}],"about":[{"href":"https:\/\/www.flfuoriserie.com\/pt-br\/wp-json\/wp\/v2\/types\/page"}],"author":[{"embeddable":true,"href":"https:\/\/www.flfuoriserie.com\/pt-br\/wp-json\/wp\/v2\/users\/1"}],"replies":[{"embeddable":true,"href":"https:\/\/www.flfuoriserie.com\/pt-br\/wp-json\/wp\/v2\/comments?post=106978"}],"version-history":[{"count":2,"href":"https:\/\/www.flfuoriserie.com\/pt-br\/wp-json\/wp\/v2\/pages\/106978\/revisions"}],"predecessor-version":[{"id":106984,"href":"https:\/\/www.flfuoriserie.com\/pt-br\/wp-json\/wp\/v2\/pages\/106978\/revisions\/106984"}],"up":[{"embeddable":true,"href":"https:\/\/www.flfuoriserie.com\/pt-br\/wp-json\/wp\/v2\/pages\/105278"}],"wp:featuredmedia":[{"embeddable":true,"href":"https:\/\/www.flfuoriserie.com\/pt-br\/wp-json\/wp\/v2\/media\/106712"}],"wp:attachment":[{"href":"https:\/\/www.flfuoriserie.com\/pt-br\/wp-json\/wp\/v2\/media?parent=106978"}],"curies":[{"name":"wp","href":"https:\/\/api.w.org\/{rel}","templated":true}]}}