{"id":106972,"date":"2026-04-07T10:12:01","date_gmt":"2026-04-07T08:12:01","guid":{"rendered":"https:\/\/www.flfuoriserie.com\/termos-e-condicoes-da-fl\/"},"modified":"2026-04-07T10:12:02","modified_gmt":"2026-04-07T08:12:02","slug":"termos-e-condicoes-da-fl","status":"publish","type":"page","link":"https:\/\/www.flfuoriserie.com\/pt-br\/termos-e-condicoes-da-fl\/","title":{"rendered":"Termos e condi\u00e7\u00f5es da FL"},"content":{"rendered":"<div class=\"wpb-content-wrapper\"><p>[vc_row][vc_column column_width_percent=&#8221;100&#8243; gutter_size=&#8221;3&#8243; overlay_alpha=&#8221;50&#8243; shift_x=&#8221;0&#8243; shift_y=&#8221;0&#8243; shift_y_down=&#8221;0&#8243; z_index=&#8221;0&#8243; medium_width=&#8221;0&#8243; mobile_width=&#8221;0&#8243; width=&#8221;1\/1&#8243; uncode_shortcode_id=&#8221;177679&#8243; css=&#8221;.vc_custom_1760084570095{padding-top: 40px !important;padding-right: 40px !important;padding-bottom: 40px !important;padding-left: 40px !important;}&#8221;][vc_column_text uncode_shortcode_id=&#8221;542955&#8243;]<\/p>\n<h3>TERMOS E CONDI\u00c7\u00d5ES DE USO<\/h3>\n<h4>1. Direitos de propriedade intelectual<\/h4>\n<p>Este Site como um todo e todo o material nele contido, juntamente com a marca comercial &#8220;FL Fuoriserie&#8221;, s\u00e3o de propriedade e est\u00e3o registrados pela Botteghe d&#8217;Italia Srl, com sede na Via Galileo Galilei 28, 50028 Barberino-Tavarnelle (FI), It\u00e1lia.<br \/>\nTodas as marcas registradas e logotipos, registrados ou n\u00e3o, exibidos no Site &#8211; incluindo, mas n\u00e3o se limitando \u00e0 marca registrada &#8220;FL Fuoriserie&#8221; e quaisquer outros sinais distintivos relacionados reproduzidos no Site &#8211; s\u00e3o e permanecer\u00e3o de propriedade exclusiva da Botteghe d&#8217;Italia Srl. Tais marcas registradas e sinais n\u00e3o podem ser usados em conex\u00e3o com produtos ou servi\u00e7os n\u00e3o origin\u00e1rios da Botteghe d&#8217;Italia, de qualquer forma que possa causar confus\u00e3o entre os usu\u00e1rios, ou de qualquer forma que deprecie ou desacredite o nome e a marca registrada &#8220;FL FUORISERIE&#8221; e os produtos que levam a marca &#8220;FL Fuoriserie&#8221;.<br \/>\nO usu\u00e1rio reconhece e concorda que este Site e todo o conte\u00fado nele inclu\u00eddo &#8211; incluindo, mas n\u00e3o se limitando a, todos os textos, informa\u00e7\u00f5es, dados, imagens, \u00edcones, fotografias, ilustra\u00e7\u00f5es, conte\u00fado multim\u00eddia (gr\u00e1ficos, \u00e1udio e v\u00eddeo), gr\u00e1ficos, \u00edndices, descri\u00e7\u00f5es, dados, software, c\u00f3digos HTML e exibi\u00e7\u00f5es de tela, e similares (coletivamente, o &#8220;Conte\u00fado&#8221;) &#8211; s\u00e3o de propriedade da Botteghe d&#8217;Italia Srl e s\u00e3o protegidos por leis internacionais de propriedade intelectual.<\/p>\n<p>Todos os materiais contidos neste site s\u00e3o exibidos exclusivamente para fins informativos ou promocionais. O uso do site \u00e9 permitido apenas para fins pessoais e n\u00e3o comerciais. Sujeito a estes Termos e Condi\u00e7\u00f5es de Uso, e salvo indica\u00e7\u00e3o em contr\u00e1rio no Site, os usu\u00e1rios podem acessar, fazer download, copiar, armazenar, manipular, reformatar, imprimir ou exibir qualquer Conte\u00fado ao qual tenham obtido acesso autorizado, exclusivamente para uso pessoal e n\u00e3o para fins comerciais.  <\/p>\n<p>N\u00e3o \u00e9 permitido fazer download, copiar, armazenar, manipular, reformatar, imprimir, exibir, publicar, transmitir, distribuir, criar um trabalho derivado, revender ou fazer qualquer uso do Site ou de qualquer Conte\u00fado nele contido para fins comerciais.<\/p>\n<p>Nenhum direito, t\u00edtulo e\/ou interesse sobre o Conte\u00fado, material ou software do Site dever\u00e1 ser considerado atribu\u00eddo ou adquirido pelo usu\u00e1rio como resultado do uso do Site. O usu\u00e1rio concorda em reconhecer e cumprir todos os avisos de direitos autorais, avisos de marcas comerciais e outros avisos de propriedade contidos no Site e no Conte\u00fado. Todos os direitos s\u00e3o reservados em todos os pa\u00edses do mundo.  <\/p>\n<h4>2. Isen\u00e7\u00e3o de responsabilidade<\/h4>\n<p>Este Site e seu Conte\u00fado s\u00e3o fornecidos &#8220;no estado em que se encontram&#8221; e &#8220;conforme dispon\u00edveis&#8221;, sem qualquer tipo de garantia, expressa ou impl\u00edcita. Nenhuma informa\u00e7\u00e3o escrita fornecida por meio deste Site ou em rela\u00e7\u00e3o ao seu Conte\u00fado constituir\u00e1 qualquer representa\u00e7\u00e3o ou garantia, incluindo, sem limita\u00e7\u00e3o, garantias de t\u00edtulo ou de aus\u00eancia de programas prejudiciais (como v\u00edrus, worms ou cavalos de Troia), ou garantias impl\u00edcitas de comercializa\u00e7\u00e3o ou adequa\u00e7\u00e3o a uma finalidade espec\u00edfica. A Botteghe d&#8217;Italia Srl se isenta expressamente de quaisquer representa\u00e7\u00f5es e garantias.  <\/p>\n<p>Em nenhum caso a Botteghe d&#8217;Italia ser\u00e1 responsabilizada (seja por contrato, ato il\u00edcito ou de outra forma) por quaisquer danos diretos, indiretos, incidentais, consequenciais, financeiros ou n\u00e3o financeiros (incluindo, sem limita\u00e7\u00e3o, danos por perda de lucros ou receitas, dados ou programas, mesmo que a Botteghe d&#8217;Italia tenha sido avisada da possibilidade de tais danos) decorrentes de:<br \/>\n(a) seu uso do Site, incluindo, sem limita\u00e7\u00e3o, qualquer perda ou dano causado por atrasos, imprecis\u00f5es, erros ou omiss\u00f5es;<br \/>\n(b) sua incapacidade de usar o Site por qualquer motivo, inclusive falhas de comunica\u00e7\u00e3o ou outros problemas de transmiss\u00e3o;<br \/>\n(c) a exclus\u00e3o, corrup\u00e7\u00e3o, perda ou falha no armazenamento de qualquer informa\u00e7\u00e3o;<br \/>\n(d) o uso de qualquer produto ou servi\u00e7o obtido por meio do Site;<br \/>\n(e) acesso n\u00e3o autorizado ao Site ou altera\u00e7\u00e3o de transmiss\u00f5es ou dados;<br \/>\n(f) declara\u00e7\u00f5es ou conduta de terceiros no Site; ou<br \/>\n(g) qualquer outro assunto relacionado ao Site.<\/p>\n<p>Ao usar este Site, voc\u00ea concorda em assumir todos os riscos associados a tal uso, isentando a Botteghe d&#8217;Italia Srl de quaisquer danos decorrentes ou relacionados ao seu uso deste Site.<\/p>\n<h4>3. Envios<\/h4>\n<p>O usu\u00e1rio concorda que todas as propostas, projetos, conceitos, fotografias, depoimentos e outros itens ou materiais (excluindo informa\u00e7\u00f5es pessoais) divulgados ou enviados \u00e0 Botteghe d&#8217;Italia Srl atrav\u00e9s deste Site ou por outros meios (doravante, &#8220;Envios&#8221;) n\u00e3o s\u00e3o confidenciais nem propriet\u00e1rios. Todos os Envios se tornam propriedade da Botteghe d&#8217;Italia Srl no momento em que s\u00e3o enviados. <\/p>\n<p>Ao enviar um Envio, o usu\u00e1rio atribui \u00e0 Botteghe d&#8217;Italia Srl todos os direitos, t\u00edtulos e interesses, incluindo direitos autorais, em tal Envio. A Botteghe d&#8217;Italia Srl n\u00e3o tem nenhuma obriga\u00e7\u00e3o de: (i) manter a confidencialidade dos Envios; (ii) compensar o usu\u00e1rio ou qualquer outra pessoa; ou (iii) reconhecer ou responder. O usu\u00e1rio declara e garante que nenhum Envio infringir\u00e1 direitos de terceiros. Ao enviar, o usu\u00e1rio concorda que a Botteghe d&#8217;Italia Srl pode copiar, publicar, distribuir ou usar tal Conte\u00fado para qualquer finalidade, incluindo publicidade, promo\u00e7\u00e3o ou desenvolvimento de produtos, sem compensa\u00e7\u00e3o. O usu\u00e1rio \u00e9 o \u00fanico respons\u00e1vel pelo conte\u00fado de qualquer Envio.       <\/p>\n<h4>4. Cookies<\/h4>\n<p>Os cookies s\u00e3o usados no site para garantir sua opera\u00e7\u00e3o eficiente e para melhorar nosso servi\u00e7o, inclusive por meio do fornecimento de publicidade on-line alinhada \u00e0s prefer\u00eancias do usu\u00e1rio. Cookies s\u00e3o pequenos arquivos de texto enviados ao computador do usu\u00e1rio (normalmente ao navegador) pelos sites visitados. Eles s\u00e3o armazenados no computador do usu\u00e1rio e retransmitidos em visitas subsequentes.  <\/p>\n<p>A maioria dos navegadores \u00e9 inicialmente configurada para aceitar cookies. Os usu\u00e1rios podem redefinir as configura\u00e7\u00f5es do navegador para recusar todos os cookies ou para serem notificados quando um novo cookie for enviado. Entretanto, a recusa de cookies pode impedir o uso de determinados recursos do site.  <\/p>\n<p>Para obter mais detalhes, consulte a Pol\u00edtica de Cookies.<\/p>\n<h4>5. Privacidade<\/h4>\n<p>A Botteghe d&#8217;Italia Srl reconhece a import\u00e2ncia da confidencialidade, integridade e seguran\u00e7a dos Dados Pessoais dos usu\u00e1rios. Em geral, a navega\u00e7\u00e3o no Site n\u00e3o exige o fornecimento de Dados Pessoais. No entanto, em certos casos, os usu\u00e1rios podem ser solicitados a fornecer Dados Pessoais para acessar servi\u00e7os, atividades ou recursos. Os usu\u00e1rios concordam em ler o Aviso de Privacidade relevante e fornecer informa\u00e7\u00f5es verdadeiras, precisas e completas.   <\/p>\n<p>O processamento \u00e9 realizado principalmente por meios eletr\u00f4nicos pelo Controlador de Dados. Quando necess\u00e1rio, os Dados Pessoais poder\u00e3o ser processados por terceiros designados para servi\u00e7os de assist\u00eancia ou consultoria. Os Dados Pessoais n\u00e3o ser\u00e3o divulgados a partes n\u00e3o especificadas.  <\/p>\n<p>Os usu\u00e1rios podem exercer os direitos previstos nas leis de prote\u00e7\u00e3o de dados aplic\u00e1veis entrando em contato com: privacy@flfuoriserie.com.<\/p>\n<h4>6. Links para outros sites<\/h4>\n<p>O site pode conter links para sites de terceiros. Esses sites podem ter seus pr\u00f3prios termos ou n\u00e3o ter nenhum. A Botteghe d&#8217;Italia Srl n\u00e3o assume nenhuma responsabilidade por tais sites e fornece links apenas por conveni\u00eancia. Esses sites podem definir cookies ou usar informa\u00e7\u00f5es inconsistentes com estes Termos. A Botteghe d&#8217;Italia Srl n\u00e3o pode controlar tais sites e se isenta de qualquer responsabilidade por seu conte\u00fado, publicidade, produtos, servi\u00e7os ou danos resultantes de seu uso.    <\/p>\n<h4>7. Seguran\u00e7a<\/h4>\n<p>A transmiss\u00e3o de dados pela Internet nunca pode ser garantida como totalmente segura. Terceiros podem acessar ou interceptar transmiss\u00f5es sem autoriza\u00e7\u00e3o. A Botteghe d&#8217;Italia Srl envida todos os esfor\u00e7os para proteger os dados pessoais, mas n\u00e3o pode assegurar ou garantir a seguran\u00e7a das informa\u00e7\u00f5es transmitidas. Os dados s\u00e3o transmitidos por conta e risco do usu\u00e1rio. A Botteghe d&#8217;Italia Srl n\u00e3o se responsabiliza por viola\u00e7\u00f5es n\u00e3o diretamente atribu\u00edveis \u00e0 sua neglig\u00eancia.    <\/p>\n<h4>8. Aceita\u00e7\u00e3o dos Termos e Condi\u00e7\u00f5es de Uso<\/h4>\n<p>Ao acessar este Site, voc\u00ea garante que aceita estes Termos e que seu uso est\u00e1 em conformidade com eles. Voc\u00ea concorda em indenizar e isentar a Botteghe d&#8217;Italia Srl de quaisquer danos, custos, responsabilidades, a\u00e7\u00f5es legais, julgamentos, penalidades, despesas, perdas, reivindica\u00e7\u00f5es ou procedimentos (incluindo honor\u00e1rios advocat\u00edcios) decorrentes da viola\u00e7\u00e3o destes Termos ou do uso do Site. <\/p>\n<h4>9. Lei Aplic\u00e1vel e Jurisdi\u00e7\u00e3o<\/h4>\n<p>Ao acessar este site, voc\u00ea se submete \u00e0 jurisdi\u00e7\u00e3o italiana. Estes Termos ser\u00e3o regidos pela legisla\u00e7\u00e3o italiana, com jurisdi\u00e7\u00e3o exclusiva do Tribunal de Floren\u00e7a. Em caso de discrep\u00e2ncia entre a vers\u00e3o original em italiano e qualquer tradu\u00e7\u00e3o, a vers\u00e3o em italiano prevalecer\u00e1.  [\/vc_column_text][\/vc_column][\/vc_row]<\/p>\n<\/div>","protected":false},"excerpt":{"rendered":"<p>[vc_row][vc_column column_width_percent=&#8221;100&#8243; gutter_size=&#8221;3&#8243; overlay_alpha=&#8221;50&#8243; shift_x=&#8221;0&#8243; shift_y=&#8221;0&#8243; shift_y_down=&#8221;0&#8243; z_index=&#8221;0&#8243; medium_width=&#8221;0&#8243; mobile_width=&#8221;0&#8243; width=&#8221;1\/1&#8243; uncode_shortcode_id=&#8221;177679&#8243; css=&#8221;.vc_custom_1760084570095{padding-top: 40px !important;padding-right: 40px !important;padding-bottom: 40px !important;padding-left: 40px [&hellip;]<\/p>\n","protected":false},"author":1,"featured_media":0,"parent":0,"menu_order":0,"comment_status":"closed","ping_status":"closed","template":"","meta":{"_monsterinsights_skip_tracking":false,"_monsterinsights_sitenote_active":false,"_monsterinsights_sitenote_note":"","_monsterinsights_sitenote_category":0,"footnotes":""},"class_list":["post-106972","page","type-page","status-publish","hentry"],"_links":{"self":[{"href":"https:\/\/www.flfuoriserie.com\/pt-br\/wp-json\/wp\/v2\/pages\/106972","targetHints":{"allow":["GET"]}}],"collection":[{"href":"https:\/\/www.flfuoriserie.com\/pt-br\/wp-json\/wp\/v2\/pages"}],"about":[{"href":"https:\/\/www.flfuoriserie.com\/pt-br\/wp-json\/wp\/v2\/types\/page"}],"author":[{"embeddable":true,"href":"https:\/\/www.flfuoriserie.com\/pt-br\/wp-json\/wp\/v2\/users\/1"}],"replies":[{"embeddable":true,"href":"https:\/\/www.flfuoriserie.com\/pt-br\/wp-json\/wp\/v2\/comments?post=106972"}],"version-history":[{"count":1,"href":"https:\/\/www.flfuoriserie.com\/pt-br\/wp-json\/wp\/v2\/pages\/106972\/revisions"}],"predecessor-version":[{"id":106977,"href":"https:\/\/www.flfuoriserie.com\/pt-br\/wp-json\/wp\/v2\/pages\/106972\/revisions\/106977"}],"wp:attachment":[{"href":"https:\/\/www.flfuoriserie.com\/pt-br\/wp-json\/wp\/v2\/media?parent=106972"}],"curies":[{"name":"wp","href":"https:\/\/api.w.org\/{rel}","templated":true}]}}