{"id":106955,"date":"2026-04-07T10:11:45","date_gmt":"2026-04-07T08:11:45","guid":{"rendered":"https:\/\/www.flfuoriserie.com\/colaboracoes\/luxe-prowess\/"},"modified":"2026-04-07T10:11:47","modified_gmt":"2026-04-07T08:11:47","slug":"luxe-prowess","status":"publish","type":"page","link":"https:\/\/www.flfuoriserie.com\/pt-br\/colaboracoes\/luxe-prowess\/","title":{"rendered":"Luxe Prowess"},"content":{"rendered":"<div class=\"wpb-content-wrapper\"><p>[vc_row][vc_column width=&#8221;1\/1&#8243;][vc_row_inner row_inner_height_percent=&#8221;0&#8243; back_image=&#8221;106807&#8243; overlay_alpha=&#8221;50&#8243; equal_height=&#8221;yes&#8221; gutter_size=&#8221;0&#8243; shift_y=&#8221;0&#8243; z_index=&#8221;0&#8243; css=&#8221;.vc_custom_1774949994808{margin-top: 0px !important;margin-bottom: 0px !important;padding-top: 75px !important;padding-right: 0px !important;padding-bottom: 75px !important;padding-left: 0px !important;}&#8221; uncode_shortcode_id=&#8221;140188&#8243; el_class=&#8221;portrait2&#8243;][vc_column_inner column_width_percent=&#8221;100&#8243; position_horizontal=&#8221;right&#8221; position_vertical=&#8221;middle&#8221; align_horizontal=&#8221;align_right&#8221; gutter_size=&#8221;3&#8243; overlay_alpha=&#8221;50&#8243; shift_x=&#8221;0&#8243; shift_y=&#8221;0&#8243; shift_y_down=&#8221;0&#8243; z_index=&#8221;0&#8243; medium_width=&#8221;0&#8243; mobile_width=&#8221;0&#8243; css_animation=&#8221;left-t-right&#8221; width=&#8221;1\/3&#8243; css=&#8221;.vc_custom_1627486966262{padding-top: 0px !important;padding-right: 0px !important;padding-bottom: 0px !important;padding-left: 0px !important;}&#8221; el_class=&#8221;parte-text order3&#8243;][vc_column_text css_animation=&#8221;alpha-anim&#8221; css=&#8221;.vc_custom_1774944120628{padding-left: 20% !important;}&#8221; uncode_shortcode_id=&#8221;712709&#8243;]<\/p>\n<h5>Uma luz escultural nascida do poder, do artesanato e da individualidade do<br \/>\n.<\/h5>\n<p>Projetado e fabricado sob a dire\u00e7\u00e3o de um ateli\u00ea de ilumina\u00e7\u00e3o de luxo sob medida, reunindo experi\u00eancia em ilumina\u00e7\u00e3o arquitet\u00f4nica, artesanato em couro fino e detalhes art\u00edsticos.<br \/>\nHPS &#8211; Um est\u00fadio de design interno exclusivo, especializado em ilumina\u00e7\u00e3o escultural e design colecion\u00e1vel.<br \/>\nConceito formal e linhas est\u00e9ticas<br \/>\nO design foi concebido como uma forma escultural horizontal, combinando linhas arquitet\u00f4nicas fortes com detalhes art\u00edsticos expressivos.<br \/>\nO corpo alongado estabelece uma sensa\u00e7\u00e3o de estabilidade, autoridade e equil\u00edbrio<br \/>\nA geometria limpa e controlada contrasta com texturas org\u00e2nicas e elementos figurativos<br \/>\nO motivo da pantera introduz movimento e simbolismo em uma forma disciplinada[\/vc_column_text][\/vc_column_inner][vc_column_inner column_width_percent=&#8221;100&#8243; position_vertical=&#8221;middle&#8221; gutter_size=&#8221;3&#8243; overlay_alpha=&#8221;50&#8243; shift_x=&#8221;0&#8243; shift_y=&#8221;0&#8243; shift_y_down=&#8221;0&#8243; z_index=&#8221;0&#8243; medium_width=&#8221;0&#8243; mobile_width=&#8221;0&#8243; width=&#8221;1\/6&#8243; el_class=&#8221;parte-img&#8221; uncode_shortcode_id=&#8221;312093&#8243;][vc_single_image media=&#8221;106829&#8243; media_width_use_pixel=&#8221;yes&#8221; alignment=&#8221;center&#8221; css_animation=&#8221;alpha-anim&#8221; media_width_pixel=&#8221;310&#8243; el_class=&#8221;bigger&#8221; uncode_shortcode_id=&#8221;673960&#8243;][\/vc_column_inner][vc_column_inner column_width_percent=&#8221;100&#8243; position_vertical=&#8221;middle&#8221; gutter_size=&#8221;3&#8243; overlay_alpha=&#8221;50&#8243; shift_x=&#8221;0&#8243; shift_y=&#8221;0&#8243; shift_y_down=&#8221;0&#8243; z_index=&#8221;0&#8243; medium_width=&#8221;0&#8243; align_mobile=&#8221;align_left_mobile&#8221; mobile_width=&#8221;0&#8243; css_animation=&#8221;left-t-right&#8221; width=&#8221;1\/3&#8243; uncode_shortcode_id=&#8221;113162&#8243; el_class=&#8221;parte-text-dx order2&#8243;][vc_column_text css_animation=&#8221;alpha-anim&#8221; css=&#8221;.vc_custom_1774949575422{padding-right: 20% !important;}&#8221; uncode_shortcode_id=&#8221;799778&#8243;]<\/p>\n<h5>Cor prim\u00e1ria:<\/h5>\n<p>Couro preto profundo ou em tom de meia-noite, que aumenta a profundidade e absorve a luz.<\/p>\n<h5>Destaques secund\u00e1rios:<\/h5>\n<p>Acabamentos met\u00e1licos em lat\u00e3o escovado, n\u00edquel acetinado, bronze ou p\u00e1tinas personalizadas.<\/p>\n<h5>Destaque art\u00edstico:<\/h5>\n<p>Obra de arte da pantera em tons met\u00e1licos ou pintada \u00e0 m\u00e3o<br \/>\ncores, dependendo da edi\u00e7\u00e3o.<\/p>\n<h5>Texturas:<\/h5>\n<p>Couro natural com padr\u00e3o de crocodilo (rico, t\u00e1til, org\u00e2nico)<br \/>\nSuperf\u00edcies met\u00e1licas lisas ou levemente texturizadas<br \/>\nElementos de vidro polido e gravado<br \/>\nEsses materiais criam uma experi\u00eancia visual em camadas que muda sutilmente com<br \/>\na luz e o \u00e2ngulo de vis\u00e3o.[\/vc_column_text][\/vc_column_inner][\/vc_row_inner][\/vc_column][\/vc_row]<\/p>\n<\/div>","protected":false},"excerpt":{"rendered":"<p>[vc_row][vc_column width=&#8221;1\/1&#8243;][vc_row_inner row_inner_height_percent=&#8221;0&#8243; back_image=&#8221;106807&#8243; overlay_alpha=&#8221;50&#8243; equal_height=&#8221;yes&#8221; gutter_size=&#8221;0&#8243; shift_y=&#8221;0&#8243; z_index=&#8221;0&#8243; css=&#8221;.vc_custom_1774949994808{margin-top: 0px !important;margin-bottom: 0px !important;padding-top: 75px !important;padding-right: 0px !important;padding-bottom: 75px !important;padding-left: [&hellip;]<\/p>\n","protected":false},"author":1,"featured_media":0,"parent":105278,"menu_order":0,"comment_status":"closed","ping_status":"closed","template":"","meta":{"_monsterinsights_skip_tracking":false,"_monsterinsights_sitenote_active":false,"_monsterinsights_sitenote_note":"","_monsterinsights_sitenote_category":0,"footnotes":""},"class_list":["post-106955","page","type-page","status-publish","hentry"],"_links":{"self":[{"href":"https:\/\/www.flfuoriserie.com\/pt-br\/wp-json\/wp\/v2\/pages\/106955","targetHints":{"allow":["GET"]}}],"collection":[{"href":"https:\/\/www.flfuoriserie.com\/pt-br\/wp-json\/wp\/v2\/pages"}],"about":[{"href":"https:\/\/www.flfuoriserie.com\/pt-br\/wp-json\/wp\/v2\/types\/page"}],"author":[{"embeddable":true,"href":"https:\/\/www.flfuoriserie.com\/pt-br\/wp-json\/wp\/v2\/users\/1"}],"replies":[{"embeddable":true,"href":"https:\/\/www.flfuoriserie.com\/pt-br\/wp-json\/wp\/v2\/comments?post=106955"}],"version-history":[{"count":2,"href":"https:\/\/www.flfuoriserie.com\/pt-br\/wp-json\/wp\/v2\/pages\/106955\/revisions"}],"predecessor-version":[{"id":106965,"href":"https:\/\/www.flfuoriserie.com\/pt-br\/wp-json\/wp\/v2\/pages\/106955\/revisions\/106965"}],"up":[{"embeddable":true,"href":"https:\/\/www.flfuoriserie.com\/pt-br\/wp-json\/wp\/v2\/pages\/105278"}],"wp:attachment":[{"href":"https:\/\/www.flfuoriserie.com\/pt-br\/wp-json\/wp\/v2\/media?parent=106955"}],"curies":[{"name":"wp","href":"https:\/\/api.w.org\/{rel}","templated":true}]}}