{"id":106942,"date":"2026-04-07T10:11:43","date_gmt":"2026-04-07T08:11:43","guid":{"rendered":"https:\/\/www.flfuoriserie.com\/colaboracoes\/ectal-sauvage\/"},"modified":"2026-04-07T10:11:45","modified_gmt":"2026-04-07T08:11:45","slug":"ectal-sauvage","status":"publish","type":"page","link":"https:\/\/www.flfuoriserie.com\/pt-br\/colaboracoes\/ectal-sauvage\/","title":{"rendered":"\u00e9ctal Sauvage"},"content":{"rendered":"<div class=\"wpb-content-wrapper\"><p>[vc_row][vc_column width=&#8221;1\/1&#8243;][vc_row_inner row_inner_height_percent=&#8221;0&#8243; back_image=&#8221;106839&#8243; overlay_alpha=&#8221;50&#8243; equal_height=&#8221;yes&#8221; gutter_size=&#8221;0&#8243; shift_y=&#8221;0&#8243; z_index=&#8221;0&#8243; css=&#8221;.vc_custom_1774952717630{margin-top: 0px !important;margin-bottom: 0px !important;padding-top: 75px !important;padding-right: 0px !important;padding-bottom: 75px !important;padding-left: 0px !important;}&#8221; uncode_shortcode_id=&#8221;135047&#8243; el_class=&#8221;portrait2&#8243;][vc_column_inner column_width_percent=&#8221;100&#8243; position_horizontal=&#8221;right&#8221; position_vertical=&#8221;middle&#8221; align_horizontal=&#8221;align_right&#8221; gutter_size=&#8221;3&#8243; overlay_alpha=&#8221;50&#8243; shift_x=&#8221;0&#8243; shift_y=&#8221;0&#8243; shift_y_down=&#8221;0&#8243; z_index=&#8221;0&#8243; medium_width=&#8221;0&#8243; mobile_width=&#8221;0&#8243; css_animation=&#8221;left-t-right&#8221; width=&#8221;1\/3&#8243; css=&#8221;.vc_custom_1627486966262{padding-top: 0px !important;padding-right: 0px !important;padding-bottom: 0px !important;padding-left: 0px !important;}&#8221; el_class=&#8221;parte-text order3&#8243;][vc_column_text css_animation=&#8221;alpha-anim&#8221; css=&#8221;.vc_custom_1774951950225{padding-left: 20% !important;}&#8221; uncode_shortcode_id=&#8221;140385&#8243;]DESIGNER \/ ATELIER \uf0b7 Designer \/ Atelier: HPS X FL Fuoriserie<br \/>Supervis\u00e3o do mestre artes\u00e3o: Artes\u00e3o l\u00edder especializado em ilumina\u00e7\u00e3o de luxo e trabalhos esculturais em metal<br \/>Abordagem colaborativa que combina precis\u00e3o industrial com detalhes artesanais<br \/>Todas as pe\u00e7as passam por verifica\u00e7\u00f5es de qualidade pelo artes\u00e3o antes do envio Conceito formal e linhas est\u00e9ticas<br \/>Conceito: Um lustre marcante que mistura motivos esculturais da vida selvagem com elementos luxuosos de cristal<br \/>Linhas est\u00e9ticas:<br \/>Composi\u00e7\u00e3o horizontal de leopardos para uma presen\u00e7a visual equilibrada<br \/>O anel circular de metal cria uma base geom\u00e9trica harmoniosa<br \/>A cortina de cristal forma um fluxo vertical suave e graduado, contrastando com as linhas met\u00e1licas estruturadas<br \/>O design geral \u00e9 elegante, atemporal e adapt\u00e1vel globalmente<br \/>Combina ilumina\u00e7\u00e3o decorativa de luxo com ilumina\u00e7\u00e3o ambiente funcional<br \/>Principais cores e texturas<br \/>Metal: Lat\u00e3o antigo, escovado ou preto fosco, acabamento personalizado opcional<br \/>Leopardos: Tons met\u00e1licos combinando com o anel de metal, destaques polidos em detalhes esculturais<br \/>Cristais: Vidro transparente ou gotas de cristal facetado para refra\u00e7\u00e3o e brilho da luz[\/vc_column_text][\/vc_column_inner][vc_column_inner column_width_percent=&#8221;100&#8243; position_vertical=&#8221;middle&#8221; gutter_size=&#8221;3&#8243; overlay_alpha=&#8221;50&#8243; shift_x=&#8221;0&#8243; shift_y=&#8221;0&#8243; shift_y_down=&#8221;0&#8243; z_index=&#8221;0&#8243; medium_width=&#8221;0&#8243; mobile_width=&#8221;0&#8243; width=&#8221;1\/6&#8243; el_class=&#8221;parte-img&#8221; uncode_shortcode_id=&#8221;312093&#8243;][vc_single_image media=&#8221;106863&#8243; media_width_use_pixel=&#8221;yes&#8221; alignment=&#8221;center&#8221; css_animation=&#8221;alpha-anim&#8221; media_width_pixel=&#8221;310&#8243; el_class=&#8221;bigger&#8221; uncode_shortcode_id=&#8221;158836&#8243;][\/vc_column_inner][vc_column_inner column_width_percent=&#8221;100&#8243; position_vertical=&#8221;middle&#8221; gutter_size=&#8221;3&#8243; overlay_alpha=&#8221;50&#8243; shift_x=&#8221;0&#8243; shift_y=&#8221;0&#8243; shift_y_down=&#8221;0&#8243; z_index=&#8221;0&#8243; medium_width=&#8221;0&#8243; align_mobile=&#8221;align_left_mobile&#8221; mobile_width=&#8221;0&#8243; width=&#8221;1\/3&#8243; uncode_shortcode_id=&#8221;531279&#8243; el_class=&#8221;parte-text-dx order2&#8243;][vc_column_text css_animation=&#8221;alpha-anim&#8221; css=&#8221;.vc_custom_1774952001587{padding-right: 20% !important;}&#8221; uncode_shortcode_id=&#8221;146098&#8243;]Textura: Superf\u00edcies esculturais lisas em leopardos, p\u00e1tina sutil ou acabamento em metal escovado no anel, textura t\u00e1til fina em contas de cristal para profundidade visual<br \/>Elementos de design diferenciados<br \/>Sculptural Leopards: Anatomia detalhada, posturas din\u00e2micas, moldagem oca para uma estrutura leve<br \/>Crystal Curtain: Fios graduados com uma suave vieira na parte inferior para uma luz refratada suave<br \/>Componentes modulares: Leopardos e cristais destac\u00e1veis para manuten\u00e7\u00e3o e transporte<br \/>Ring Construction: Soldas ocultas, nervuras internas refor\u00e7adas para integridade estrutural<br \/>Integra\u00e7\u00e3o de ilumina\u00e7\u00e3o: Posicionamento de LED oculto para ilumina\u00e7\u00e3o ambiente sem reflexos[\/vc_column_text][\/vc_column_inner][\/vc_row_inner][\/vc_column][\/vc_row]<\/p>\n<\/div>","protected":false},"excerpt":{"rendered":"<p>[vc_row][vc_column width=&#8221;1\/1&#8243;][vc_row_inner row_inner_height_percent=&#8221;0&#8243; back_image=&#8221;106839&#8243; overlay_alpha=&#8221;50&#8243; equal_height=&#8221;yes&#8221; gutter_size=&#8221;0&#8243; shift_y=&#8221;0&#8243; z_index=&#8221;0&#8243; css=&#8221;.vc_custom_1774952717630{margin-top: 0px !important;margin-bottom: 0px !important;padding-top: 75px !important;padding-right: 0px !important;padding-bottom: 75px !important;padding-left: [&hellip;]<\/p>\n","protected":false},"author":1,"featured_media":0,"parent":105278,"menu_order":0,"comment_status":"closed","ping_status":"closed","template":"","meta":{"_monsterinsights_skip_tracking":false,"_monsterinsights_sitenote_active":false,"_monsterinsights_sitenote_note":"","_monsterinsights_sitenote_category":0,"footnotes":""},"class_list":["post-106942","page","type-page","status-publish","hentry"],"_links":{"self":[{"href":"https:\/\/www.flfuoriserie.com\/pt-br\/wp-json\/wp\/v2\/pages\/106942","targetHints":{"allow":["GET"]}}],"collection":[{"href":"https:\/\/www.flfuoriserie.com\/pt-br\/wp-json\/wp\/v2\/pages"}],"about":[{"href":"https:\/\/www.flfuoriserie.com\/pt-br\/wp-json\/wp\/v2\/types\/page"}],"author":[{"embeddable":true,"href":"https:\/\/www.flfuoriserie.com\/pt-br\/wp-json\/wp\/v2\/users\/1"}],"replies":[{"embeddable":true,"href":"https:\/\/www.flfuoriserie.com\/pt-br\/wp-json\/wp\/v2\/comments?post=106942"}],"version-history":[{"count":2,"href":"https:\/\/www.flfuoriserie.com\/pt-br\/wp-json\/wp\/v2\/pages\/106942\/revisions"}],"predecessor-version":[{"id":106961,"href":"https:\/\/www.flfuoriserie.com\/pt-br\/wp-json\/wp\/v2\/pages\/106942\/revisions\/106961"}],"up":[{"embeddable":true,"href":"https:\/\/www.flfuoriserie.com\/pt-br\/wp-json\/wp\/v2\/pages\/105278"}],"wp:attachment":[{"href":"https:\/\/www.flfuoriserie.com\/pt-br\/wp-json\/wp\/v2\/media?parent=106942"}],"curies":[{"name":"wp","href":"https:\/\/api.w.org\/{rel}","templated":true}]}}