{"id":106926,"date":"2026-04-07T10:11:32","date_gmt":"2026-04-07T08:11:32","guid":{"rendered":"https:\/\/www.flfuoriserie.com\/colaboracoes\/noorveil\/"},"modified":"2026-04-07T10:11:34","modified_gmt":"2026-04-07T08:11:34","slug":"noorveil","status":"publish","type":"page","link":"https:\/\/www.flfuoriserie.com\/pt-br\/colaboracoes\/noorveil\/","title":{"rendered":"Noorveil"},"content":{"rendered":"<div class=\"wpb-content-wrapper\"><p>[vc_row][vc_column width=&#8221;1\/1&#8243;][vc_row_inner row_inner_height_percent=&#8221;0&#8243; back_image=&#8221;106873&#8243; overlay_alpha=&#8221;50&#8243; equal_height=&#8221;yes&#8221; gutter_size=&#8221;0&#8243; shift_y=&#8221;0&#8243; z_index=&#8221;0&#8243; css=&#8221;.vc_custom_1775036410816{margin-top: 0px !important;margin-bottom: 0px !important;padding-top: 75px !important;padding-right: 0px !important;padding-bottom: 75px !important;padding-left: 0px !important;}&#8221; uncode_shortcode_id=&#8221;216502&#8243; el_class=&#8221;portrait2&#8243;][vc_column_inner column_width_percent=&#8221;100&#8243; position_horizontal=&#8221;right&#8221; position_vertical=&#8221;middle&#8221; align_horizontal=&#8221;align_right&#8221; gutter_size=&#8221;3&#8243; overlay_alpha=&#8221;50&#8243; shift_x=&#8221;0&#8243; shift_y=&#8221;0&#8243; shift_y_down=&#8221;0&#8243; z_index=&#8221;0&#8243; medium_width=&#8221;0&#8243; mobile_width=&#8221;0&#8243; css_animation=&#8221;left-t-right&#8221; width=&#8221;1\/3&#8243; css=&#8221;.vc_custom_1627486966262{padding-top: 0px !important;padding-right: 0px !important;padding-bottom: 0px !important;padding-left: 0px !important;}&#8221; el_class=&#8221;parte-text order3&#8243;][vc_column_text css_animation=&#8221;alpha-anim&#8221; css=&#8221;.vc_custom_1775036758025{padding-left: 20% !important;}&#8221; uncode_shortcode_id=&#8221;137736&#8243;]<\/p>\n<h5>Uma pe\u00e7a contempor\u00e2nea com ra\u00edzes no design artesanal, cerimonial e inspirado na alta costura.<\/h5>\n<h5>FUN\u00c7\u00c3O E USO PRETENDIDO<\/h5>\n<p>Essa lumin\u00e1ria de piso foi projetada principalmente para ilumina\u00e7\u00e3o ambiente e de destaque, e n\u00e3o para ilumina\u00e7\u00e3o de tarefas.<br \/>\nEmite um brilho suave, para baixo e perif\u00e9rico, filtrado atrav\u00e9s da sombra abobadada<br \/>\nCria uma luz atmosf\u00e9rica que melhora o humor e a profundidade espacial<br \/>\nProjetado para projetar padr\u00f5es de sombra decorativos a partir da borda ornamental da cortina e das borlas<br \/>\nProporciona calor visual sem ofuscamento, tornando-o adequado para ambientes descontra\u00eddos[\/vc_column_text][\/vc_column_inner][vc_column_inner column_width_percent=&#8221;100&#8243; position_vertical=&#8221;middle&#8221; gutter_size=&#8221;3&#8243; overlay_alpha=&#8221;50&#8243; shift_x=&#8221;0&#8243; shift_y=&#8221;0&#8243; shift_y_down=&#8221;0&#8243; z_index=&#8221;0&#8243; medium_width=&#8221;0&#8243; mobile_width=&#8221;0&#8243; width=&#8221;1\/6&#8243; el_class=&#8221;parte-img&#8221; uncode_shortcode_id=&#8221;312093&#8243;][vc_single_image media=&#8221;106880&#8243; media_width_use_pixel=&#8221;yes&#8221; alignment=&#8221;center&#8221; css_animation=&#8221;alpha-anim&#8221; media_width_pixel=&#8221;250&#8243; el_class=&#8221;bigger&#8221; uncode_shortcode_id=&#8221;851271&#8243;][\/vc_column_inner][vc_column_inner column_width_percent=&#8221;100&#8243; position_vertical=&#8221;middle&#8221; gutter_size=&#8221;3&#8243; overlay_alpha=&#8221;50&#8243; shift_x=&#8221;0&#8243; shift_y=&#8221;0&#8243; shift_y_down=&#8221;0&#8243; z_index=&#8221;0&#8243; medium_width=&#8221;0&#8243; align_mobile=&#8221;align_left_mobile&#8221; mobile_width=&#8221;0&#8243; css_animation=&#8221;left-t-right&#8221; width=&#8221;1\/3&#8243; uncode_shortcode_id=&#8221;113162&#8243; el_class=&#8221;parte-text-dx order2&#8243;][vc_column_text css_animation=&#8221;alpha-anim&#8221; css=&#8221;.vc_custom_1775036659480{padding-right: 20% !important;}&#8221; uncode_shortcode_id=&#8221;188821&#8243;]<\/p>\n<h5>Materiais principais<\/h5>\n<p>Abajur: metal moldado \u00e0 m\u00e3o (alum\u00ednio ou a\u00e7o macio) com acabamento em preto fosco laqueado.<br \/>\nAcabamento decorativo: Faixa de metal cortada com precis\u00e3o com detalhes de pigmentos aplicados<br \/>\nDetalhes de franjas: Tecido com acabamento manual ou borlas de cristal<br \/>\nHaste central: A\u00e7o com revestimento em p\u00f3 ou lat\u00e3o enegrecido<br \/>\nBase: Pedra \u00f4nix natural s\u00f3lida, polida para revelar os veios inerentes<\/p>\n<h5>Origem e sele\u00e7\u00e3o de materiais<\/h5>\n<p>A pedra \u00f4nix \u00e9 obtida de pedreiras selecionadas e escolhida individualmente pela profundidade da cor e pelo padr\u00e3o natural, garantindo que n\u00e3o haja duas bases id\u00eanticas.<br \/>\nOs metais s\u00e3o selecionados por sua integridade estrutural, longevidade e capacidade de receber acabamentos refinados sem ru\u00eddo visual.<br \/>\nOs elementos t\u00eaxteis s\u00e3o escolhidos pela durabilidade e pelo movimento controlado, permitindo uma intera\u00e7\u00e3o sutil com a luz e o ar.<br \/>\nCristais: s\u00e3o selecionados para alta clareza e facetamento consistente para aprimorar a refra\u00e7\u00e3o da luz e o brilho sem excesso visual.[\/vc_column_text][\/vc_column_inner][\/vc_row_inner][\/vc_column][\/vc_row]<\/p>\n<\/div>","protected":false},"excerpt":{"rendered":"<p>[vc_row][vc_column width=&#8221;1\/1&#8243;][vc_row_inner row_inner_height_percent=&#8221;0&#8243; back_image=&#8221;106873&#8243; overlay_alpha=&#8221;50&#8243; equal_height=&#8221;yes&#8221; gutter_size=&#8221;0&#8243; shift_y=&#8221;0&#8243; z_index=&#8221;0&#8243; css=&#8221;.vc_custom_1775036410816{margin-top: 0px !important;margin-bottom: 0px !important;padding-top: 75px !important;padding-right: 0px !important;padding-bottom: 75px !important;padding-left: [&hellip;]<\/p>\n","protected":false},"author":1,"featured_media":0,"parent":105278,"menu_order":0,"comment_status":"closed","ping_status":"closed","template":"","meta":{"_monsterinsights_skip_tracking":false,"_monsterinsights_sitenote_active":false,"_monsterinsights_sitenote_note":"","_monsterinsights_sitenote_category":0,"footnotes":""},"class_list":["post-106926","page","type-page","status-publish","hentry"],"_links":{"self":[{"href":"https:\/\/www.flfuoriserie.com\/pt-br\/wp-json\/wp\/v2\/pages\/106926","targetHints":{"allow":["GET"]}}],"collection":[{"href":"https:\/\/www.flfuoriserie.com\/pt-br\/wp-json\/wp\/v2\/pages"}],"about":[{"href":"https:\/\/www.flfuoriserie.com\/pt-br\/wp-json\/wp\/v2\/types\/page"}],"author":[{"embeddable":true,"href":"https:\/\/www.flfuoriserie.com\/pt-br\/wp-json\/wp\/v2\/users\/1"}],"replies":[{"embeddable":true,"href":"https:\/\/www.flfuoriserie.com\/pt-br\/wp-json\/wp\/v2\/comments?post=106926"}],"version-history":[{"count":5,"href":"https:\/\/www.flfuoriserie.com\/pt-br\/wp-json\/wp\/v2\/pages\/106926\/revisions"}],"predecessor-version":[{"id":106934,"href":"https:\/\/www.flfuoriserie.com\/pt-br\/wp-json\/wp\/v2\/pages\/106926\/revisions\/106934"}],"up":[{"embeddable":true,"href":"https:\/\/www.flfuoriserie.com\/pt-br\/wp-json\/wp\/v2\/pages\/105278"}],"wp:attachment":[{"href":"https:\/\/www.flfuoriserie.com\/pt-br\/wp-json\/wp\/v2\/media?parent=106926"}],"curies":[{"name":"wp","href":"https:\/\/api.w.org\/{rel}","templated":true}]}}