{"id":106896,"date":"2026-04-07T10:08:23","date_gmt":"2026-04-07T08:08:23","guid":{"rendered":"https:\/\/www.flfuoriserie.com\/colaboracoes\/intaglio-nera\/"},"modified":"2026-04-07T10:08:25","modified_gmt":"2026-04-07T08:08:25","slug":"intaglio-nera","status":"publish","type":"page","link":"https:\/\/www.flfuoriserie.com\/pt-br\/colaboracoes\/intaglio-nera\/","title":{"rendered":"Intaglio Nera"},"content":{"rendered":"<div class=\"wpb-content-wrapper\"><p>[vc_row][vc_column width=&#8221;1\/1&#8243;][vc_row_inner row_inner_height_percent=&#8221;0&#8243; back_image=&#8221;106738&#8243; overlay_alpha=&#8221;50&#8243; equal_height=&#8221;yes&#8221; gutter_size=&#8221;0&#8243; shift_y=&#8221;0&#8243; z_index=&#8221;0&#8243; css=&#8221;.vc_custom_1774865575331{margin-top: 0px !important;margin-bottom: 0px !important;padding-top: 75px !important;padding-right: 0px !important;padding-bottom: 75px !important;padding-left: 0px !important;}&#8221; uncode_shortcode_id=&#8221;137473&#8243; el_class=&#8221;portrait2&#8243;][vc_column_inner column_width_percent=&#8221;100&#8243; position_horizontal=&#8221;right&#8221; position_vertical=&#8221;middle&#8221; align_horizontal=&#8221;align_right&#8221; gutter_size=&#8221;3&#8243; overlay_alpha=&#8221;50&#8243; shift_x=&#8221;0&#8243; shift_y=&#8221;0&#8243; shift_y_down=&#8221;0&#8243; z_index=&#8221;0&#8243; medium_width=&#8221;0&#8243; mobile_width=&#8221;0&#8243; css_animation=&#8221;left-t-right&#8221; width=&#8221;1\/3&#8243; css=&#8221;.vc_custom_1627486966262{padding-top: 0px !important;padding-right: 0px !important;padding-bottom: 0px !important;padding-left: 0px !important;}&#8221; el_class=&#8221;parte-text order3&#8243;][vc_column_text css_animation=&#8221;alpha-anim&#8221; css=&#8221;.vc_custom_1774866417291{padding-left: 20% !important;}&#8221; uncode_shortcode_id=&#8221;294415&#8243;]<\/p>\n<h5>Monol\u00edtico, objeto de ilumina\u00e7\u00e3o de declara\u00e7\u00e3o<\/h5>\n<p>Designer \/ Atelier: HPS X FL Fuoriserie<br \/>\nSupervis\u00e3o do mestre artes\u00e3o:<br \/>\nArtes\u00e3o l\u00edder especializado em ilumina\u00e7\u00e3o de luxo e metalurgia escultural<br \/>\nAbordagem colaborativa que combina precis\u00e3o industrial com detalhes artesanais<br \/>\nTodas as pe\u00e7as passam por verifica\u00e7\u00f5es de qualidade pelo artes\u00e3o antes do envio<\/p>\n<h5>Conceito formal e linhas est\u00e9ticas<\/h5>\n<p>A lumin\u00e1ria foi concebida como uma forma arquitet\u00f4nica monol\u00edtica, em que a massa s\u00f3lida \u00e9 deliberadamente esculpida para revelar a luz de seu interior. Linhas verticais limpas e reentr\u00e2ncias escalonadas definem sua geometria, criando um di\u00e1logo entre peso e leveza, sombra e brilho.<br \/>\nA est\u00e9tica geral \u00e9 contempor\u00e2nea e minimalista, com refer\u00eancias sutis ao modernismo italiano e \u00e0 arquitetura brutalista.[\/vc_column_text][\/vc_column_inner][vc_column_inner column_width_percent=&#8221;100&#8243; gutter_size=&#8221;3&#8243; overlay_alpha=&#8221;50&#8243; shift_x=&#8221;0&#8243; shift_y=&#8221;0&#8243; shift_y_down=&#8221;0&#8243; z_index=&#8221;0&#8243; medium_width=&#8221;0&#8243; mobile_width=&#8221;0&#8243; width=&#8221;1\/6&#8243; el_class=&#8221;parte-img&#8221;][vc_single_image media=&#8221;106736&#8243; media_width_use_pixel=&#8221;yes&#8221; alignment=&#8221;center&#8221; css_animation=&#8221;alpha-anim&#8221; media_width_pixel=&#8221;180&#8243; el_class=&#8221;bigger&#8221; uncode_shortcode_id=&#8221;670068&#8243;][\/vc_column_inner][vc_column_inner column_width_percent=&#8221;100&#8243; position_vertical=&#8221;middle&#8221; gutter_size=&#8221;3&#8243; overlay_alpha=&#8221;50&#8243; shift_x=&#8221;0&#8243; shift_y=&#8221;0&#8243; shift_y_down=&#8221;0&#8243; z_index=&#8221;0&#8243; medium_width=&#8221;0&#8243; align_mobile=&#8221;align_left_mobile&#8221; mobile_width=&#8221;0&#8243; css_animation=&#8221;left-t-right&#8221; width=&#8221;1\/3&#8243; uncode_shortcode_id=&#8221;113162&#8243; el_class=&#8221;parte-text-dx order2&#8243;][vc_column_text css_animation=&#8221;alpha-anim&#8221; css=&#8221;.vc_custom_1774867636887{padding-right: 20% !important;}&#8221; uncode_shortcode_id=&#8221;214411&#8243;]<\/p>\n<h5>Principais cores e texturas<\/h5>\n<p>Exterior: Pedra preta fosca profunda com uma superf\u00edcie polida e t\u00e1til<br \/>\nInterior: Tons met\u00e1licos quentes em lat\u00e3o escovado ou acabamentos anodizados<br \/>\nContraste de textura: Exterior liso e s\u00f3lido em contraste com cavidades internas luminosas e reflexivas<\/p>\n<h5>Pedra<\/h5>\n<p>O corpo principal \u00e9 feito de m\u00e1rmore preto natural proveniente de pedreiras europ\u00e9ias consagradas, selecionado por sua profundidade de cor, estrutura de gr\u00e3os compacta e capacidade de ser esculpido com precis\u00e3o. Cada bloco de pedra \u00e9 inspecionado individualmente para verificar a consist\u00eancia, a aus\u00eancia de falhas estruturais e a adequa\u00e7\u00e3o \u00e0 usinagem arquitet\u00f4nica <\/p>\n<h5>Metais<\/h5>\n<p>O n\u00facleo estrutural interno \u00e9 fabricado com a\u00e7o estrutural de alta qualidade, proveniente de fornecedores europeus certificados. Ele \u00e9 escolhido por sua rela\u00e7\u00e3o resist\u00eancia-peso, confiabilidade dimensional e compatibilidade com aplica\u00e7\u00f5es de suporte de carga de longo prazo.[\/vc_column_text][\/vc_column_inner][\/vc_row_inner][\/vc_column][\/vc_row]<\/p>\n<\/div>","protected":false},"excerpt":{"rendered":"<p>[vc_row][vc_column width=&#8221;1\/1&#8243;][vc_row_inner row_inner_height_percent=&#8221;0&#8243; back_image=&#8221;106738&#8243; overlay_alpha=&#8221;50&#8243; equal_height=&#8221;yes&#8221; gutter_size=&#8221;0&#8243; shift_y=&#8221;0&#8243; z_index=&#8221;0&#8243; css=&#8221;.vc_custom_1774865575331{margin-top: 0px !important;margin-bottom: 0px !important;padding-top: 75px !important;padding-right: 0px !important;padding-bottom: 75px !important;padding-left: [&hellip;]<\/p>\n","protected":false},"author":1,"featured_media":0,"parent":105278,"menu_order":0,"comment_status":"closed","ping_status":"closed","template":"","meta":{"_monsterinsights_skip_tracking":false,"_monsterinsights_sitenote_active":false,"_monsterinsights_sitenote_note":"","_monsterinsights_sitenote_category":0,"footnotes":""},"class_list":["post-106896","page","type-page","status-publish","hentry"],"_links":{"self":[{"href":"https:\/\/www.flfuoriserie.com\/pt-br\/wp-json\/wp\/v2\/pages\/106896","targetHints":{"allow":["GET"]}}],"collection":[{"href":"https:\/\/www.flfuoriserie.com\/pt-br\/wp-json\/wp\/v2\/pages"}],"about":[{"href":"https:\/\/www.flfuoriserie.com\/pt-br\/wp-json\/wp\/v2\/types\/page"}],"author":[{"embeddable":true,"href":"https:\/\/www.flfuoriserie.com\/pt-br\/wp-json\/wp\/v2\/users\/1"}],"replies":[{"embeddable":true,"href":"https:\/\/www.flfuoriserie.com\/pt-br\/wp-json\/wp\/v2\/comments?post=106896"}],"version-history":[{"count":3,"href":"https:\/\/www.flfuoriserie.com\/pt-br\/wp-json\/wp\/v2\/pages\/106896\/revisions"}],"predecessor-version":[{"id":106899,"href":"https:\/\/www.flfuoriserie.com\/pt-br\/wp-json\/wp\/v2\/pages\/106896\/revisions\/106899"}],"up":[{"embeddable":true,"href":"https:\/\/www.flfuoriserie.com\/pt-br\/wp-json\/wp\/v2\/pages\/105278"}],"wp:attachment":[{"href":"https:\/\/www.flfuoriserie.com\/pt-br\/wp-json\/wp\/v2\/media?parent=106896"}],"curies":[{"name":"wp","href":"https:\/\/api.w.org\/{rel}","templated":true}]}}