{"id":106102,"date":"2025-09-02T12:03:39","date_gmt":"2025-09-02T10:03:39","guid":{"rendered":"https:\/\/www.flfuoriserie.com\/politica-de-privacidade\/"},"modified":"2025-09-02T12:03:46","modified_gmt":"2025-09-02T10:03:46","slug":"politica-de-privacidade","status":"publish","type":"page","link":"https:\/\/www.flfuoriserie.com\/pt-br\/politica-de-privacidade\/","title":{"rendered":"Pol\u00edtica de privacidade"},"content":{"rendered":"&#13;\n<h2 class=\"wp-block-heading\">Voc\u00ea est\u00e1 aqui<\/h2>&#13;\n&#13;\n<p>O endere\u00e7o do nosso site \u00e9: https:\/\/www.flfuoriserie.com.<\/p>&#13;\n&#13;\n<h2 class=\"wp-block-heading\">Quais dados pessoais voc\u00ea coleta e por que voc\u00ea os coleta<\/h2>&#13;\n&#13;\n<h3 class=\"wp-block-heading\">Coment\u00e1rios<\/h3>&#13;\n&#13;\n<p>Quando os visitantes fazem coment\u00e1rios no site, coletamos os dados mostrados no m\u00f3dulo de coment\u00e1rios, al\u00e9m do endere\u00e7o IP do visitante e a string do agente do usu\u00e1rio do navegador, para facilitar o envio de spam.<\/p>&#13;\n&#13;\n<p>Uma string anonimizada criada a partir de sua identifica\u00e7\u00e3o de e-mail (tamb\u00e9m conhecida como hash) pode ser fornecida ao servi\u00e7o Gravatar para que voc\u00ea possa ver se est\u00e1 usando. A pol\u00edtica de privacidade do servi\u00e7o Gravatar est\u00e1 dispon\u00edvel aqui: https:\/\/automattic.com\/privacy\/. Ap\u00f3s a aprova\u00e7\u00e3o de seu coment\u00e1rio, sua imagem de perfil ficar\u00e1 vis\u00edvel para o p\u00fablico no conte\u00fado de seu coment\u00e1rio. <\/p>&#13;\n&#13;\n<h3 class=\"wp-block-heading\">M\u00eddia<\/h3>&#13;\n&#13;\n<p>Se voc\u00ea estiver gravando imagens no site, evite gravar imagens que incluam dados de posi\u00e7\u00e3o incorporados (EXIF GPS). Os visitantes do site podem acessar e remover qualquer dado sobre a posi\u00e7\u00e3o das imagens no site. <\/p>&#13;\n&#13;\n<h3 class=\"wp-block-heading\">M\u00f3dulo de contato<\/h3>&#13;\n&#13;\n<h3 class=\"wp-block-heading\">Biscoito<\/h3>&#13;\n&#13;\n<p>Se voc\u00ea fizer um coment\u00e1rio em nosso site, poder\u00e1 salvar seu nome, endere\u00e7o de e-mail e site nos cookies. Eles s\u00e3o usados para sua comodidade, de modo que voc\u00ea n\u00e3o precise inserir novamente seus dados quando fizer outro coment\u00e1rio. Esses cookies s\u00e3o v\u00e1lidos por um ano.  <\/p>&#13;\n&#13;\n<p>Se voc\u00ea visitar a p\u00e1gina de login, ser\u00e1 inserido um cookie tempor\u00e1rio para determinar se o seu navegador aceita os cookies. Esse cookie n\u00e3o cont\u00e9m dados pessoais e ser\u00e1 eliminado quando voc\u00ea mudar de navegador. <\/p>&#13;\n&#13;\n<p>Quando voc\u00ea efetua o acesso, s\u00e3o inseridos diversos cookies para salvar as informa\u00e7\u00f5es de acesso e as op\u00e7\u00f5es de visualiza\u00e7\u00e3o do conte\u00fado. Os cookies de acesso duram dois dias, enquanto os cookies para as op\u00e7\u00f5es de visualiza\u00e7\u00e3o da tela duram um ano. Se voc\u00ea selecionar &#8220;Ricordami&#8221;, o acesso persistir\u00e1 por dois meses. Se voc\u00ea sair de sua conta, os cookies de acesso ser\u00e3o perdidos.   <\/p>&#13;\n&#13;\n<p>Se voc\u00ea modificar ou publicar um artigo, um cookie adicional ser\u00e1 salvo em seu navegador. Esse cookie n\u00e3o inclui dados pessoais, mas indica simplesmente o ID do artigo que voc\u00ea j\u00e1 modificou. Voc\u00ea pode sair depois de um dia.  <\/p>&#13;\n&#13;\n<h3 class=\"wp-block-heading\">Conte\u00fado incorporado de outros sites da Web<\/h3>&#13;\n&#13;\n<p>Os artigos deste site podem incluir conte\u00fado incorporado (por exemplo, v\u00eddeo, imagens, artigos, etc.). Os conte\u00fados incorporados de outros sites da Web se comportam exatamente da mesma forma como se o visitante tivesse visitado outro site da Web. <\/p>&#13;\n&#13;\n<p>Esses sites podem rastrear dados sobre voc\u00ea, usar cookies, integrar rastreamentos posteriores de terceiros e monitorar a intera\u00e7\u00e3o com eles, inclusive o rastreamento da sua intera\u00e7\u00e3o com o conte\u00fado incorporado se voc\u00ea tiver uma conta e estiver conectado a esses sites.<\/p>&#13;\n&#13;\n<h3 class=\"wp-block-heading\">An\u00e1lises<\/h3>&#13;\n&#13;\n<h2 class=\"wp-block-heading\">Com quem voc\u00ea armazena seus dados<\/h2>&#13;\n&#13;\n<p>Se voc\u00ea precisar reimpor a senha, seu endere\u00e7o IP ser\u00e1 inclu\u00eddo no e-mail de reimposta\u00e7\u00e3o.<\/p>&#13;\n&#13;\n<h2 class=\"wp-block-heading\">Por quanto tempo conservamos seus dados<\/h2>&#13;\n&#13;\n<p>Se voc\u00ea fizer um coment\u00e1rio, o coment\u00e1rio e os metadados relativos ser\u00e3o conservados por tempo indeterminado. \u00c9 por isso que voc\u00ea pode reconhecer e aprovar automaticamente eventuais coment\u00e1rios sucessivos, a fim de mant\u00ea-los em uma coda de modera\u00e7\u00e3o. <\/p>&#13;\n&#13;\n<p>Para os usu\u00e1rios que se registram em nosso site (se presentes), tamb\u00e9m memorizamos as informa\u00e7\u00f5es pessoais que voc\u00ea fornece em seu perfil de usu\u00e1rio. Todos os usu\u00e1rios podem ver, modificar ou cancelar suas informa\u00e7\u00f5es pessoais em qualquer momento (exceto o nome do usu\u00e1rio, que n\u00e3o pode ser alterado). Os administradores do site tamb\u00e9m podem ver e modificar essas informa\u00e7\u00f5es.  <\/p>&#13;\n&#13;\n<h2 class=\"wp-block-heading\">Quais s\u00e3o os direitos que voc\u00ea tem sobre seus dados?<\/h2>&#13;\n&#13;\n<p>Se voc\u00ea tiver uma conta neste site ou tiver feito coment\u00e1rios, poder\u00e1 solicitar que voc\u00ea receba um arquivo exportado do site com os dados pessoais que voc\u00ea tem, incluindo os dados que voc\u00ea forneceu. Voc\u00ea tamb\u00e9m pode solicitar o cancelamento de todos os dados pessoais que lhe dizem respeito. Isso n\u00e3o inclui os dados que voc\u00ea \u00e9 obrigado a conservar para fins administrativos, legais ou de seguran\u00e7a.  <\/p>&#13;\n&#13;\n<h2 class=\"wp-block-heading\">Como voc\u00ea est\u00e1 inserindo seus dados?<\/h2>&#13;\n&#13;\n<p>Os coment\u00e1rios dos visitantes podem ser controlados por meio de um servi\u00e7o de redu\u00e7\u00e3o autom\u00e1tica de spam.<\/p>&#13;\n&#13;\n<h2 class=\"wp-block-heading\">As informa\u00e7\u00f5es de contato<\/h2>&#13;\n&#13;\n<h2 class=\"wp-block-heading\">Informa\u00e7\u00f5es adicionais<\/h2>&#13;\n&#13;\n<h3 class=\"wp-block-heading\">Como voc\u00ea protege seus dados<\/h3>&#13;\n&#13;\n<h3 class=\"wp-block-heading\">Quais procedimentos voc\u00ea adotou para evitar a viola\u00e7\u00e3o de dados?<\/h3>&#13;\n&#13;\n<h3 class=\"wp-block-heading\">De quais partes voc\u00ea est\u00e1 recebendo dados?<\/h3>&#13;\n&#13;\n<h3 class=\"wp-block-heading\">Que processo decis\u00f3rio automatizado e\/ou cria\u00e7\u00e3o de perfil fazemos com os dados do usu\u00e1rio?<\/h3>&#13;\n&#13;\n<h3 class=\"wp-block-heading\">Requisitos de informa\u00e7\u00f5es normativas do setor<\/h3>&#13;\n","protected":false},"excerpt":{"rendered":"<p>&#13; Voc\u00ea est\u00e1 aqui &#13; &#13; O endere\u00e7o do nosso site \u00e9: https:\/\/www.flfuoriserie.com. &#13; &#13; Quais dados pessoais voc\u00ea coleta [&hellip;]<\/p>\n","protected":false},"author":1,"featured_media":0,"parent":0,"menu_order":0,"comment_status":"closed","ping_status":"open","template":"","meta":{"_monsterinsights_skip_tracking":false,"_monsterinsights_sitenote_active":false,"_monsterinsights_sitenote_note":"","_monsterinsights_sitenote_category":0,"footnotes":""},"class_list":["post-106102","page","type-page","status-publish","hentry"],"_links":{"self":[{"href":"https:\/\/www.flfuoriserie.com\/pt-br\/wp-json\/wp\/v2\/pages\/106102","targetHints":{"allow":["GET"]}}],"collection":[{"href":"https:\/\/www.flfuoriserie.com\/pt-br\/wp-json\/wp\/v2\/pages"}],"about":[{"href":"https:\/\/www.flfuoriserie.com\/pt-br\/wp-json\/wp\/v2\/types\/page"}],"author":[{"embeddable":true,"href":"https:\/\/www.flfuoriserie.com\/pt-br\/wp-json\/wp\/v2\/users\/1"}],"replies":[{"embeddable":true,"href":"https:\/\/www.flfuoriserie.com\/pt-br\/wp-json\/wp\/v2\/comments?post=106102"}],"version-history":[{"count":1,"href":"https:\/\/www.flfuoriserie.com\/pt-br\/wp-json\/wp\/v2\/pages\/106102\/revisions"}],"predecessor-version":[{"id":106108,"href":"https:\/\/www.flfuoriserie.com\/pt-br\/wp-json\/wp\/v2\/pages\/106102\/revisions\/106108"}],"wp:attachment":[{"href":"https:\/\/www.flfuoriserie.com\/pt-br\/wp-json\/wp\/v2\/media?parent=106102"}],"curies":[{"name":"wp","href":"https:\/\/api.w.org\/{rel}","templated":true}]}}