{"id":105270,"date":"2025-07-31T12:53:45","date_gmt":"2025-07-31T10:53:45","guid":{"rendered":"https:\/\/www.flfuoriserie.com\/sangenan-sweets-o-melhor-da-arte-de-confeitaria-japonesa\/"},"modified":"2026-04-16T10:08:05","modified_gmt":"2026-04-16T08:08:05","slug":"sangenan-sweets-o-melhor-da-arte-de-confeitaria-japonesa","status":"publish","type":"page","link":"https:\/\/www.flfuoriserie.com\/pt-br\/sangenan-sweets-o-melhor-da-arte-de-confeitaria-japonesa\/","title":{"rendered":"Sangenan Sweets O melhor da arte de confeitaria japonesa"},"content":{"rendered":"<div class=\"wpb-content-wrapper\"><p>[vc_row unlock_row_content=&#8221;yes&#8221; row_height_percent=&#8221;100&#8243; override_padding=&#8221;yes&#8221; h_padding=&#8221;0&#8243; top_padding=&#8221;0&#8243; bottom_padding=&#8221;0&#8243; back_color=&#8221;accent&#8221; overlay_alpha=&#8221;100&#8243; gutter_size=&#8221;100&#8243; column_width_percent=&#8221;100&#8243; shift_y=&#8221;0&#8243; z_index=&#8221;0&#8243; row_custom_slug_check=&#8221;yes&#8221; style=&#8221;inherited&#8221; css=&#8221;.vc_custom_1707908380863{margin-top: 0px !important;margin-bottom: 0px !important;padding-top: 0px !important;padding-right: 0px !important;padding-bottom: 0px !important;padding-left: 0px !important;}&#8221; el_class=&#8221;responsive&#8221; uncode_shortcode_id=&#8221;134601&#8243; back_color_type=&#8221;uncode-palette&#8221; row_name=&#8221;Beverage&#8221; row_custom_slug=&#8221;beverage&#8221;][vc_column column_width_percent=&#8221;100&#8243; gutter_size=&#8221;3&#8243; override_padding=&#8221;yes&#8221; column_padding=&#8221;0&#8243; overlay_alpha=&#8221;100&#8243; shift_x=&#8221;0&#8243; shift_y=&#8221;0&#8243; shift_y_down=&#8221;0&#8243; z_index=&#8221;0&#8243; medium_width=&#8221;0&#8243; mobile_width=&#8221;0&#8243; zoom_width=&#8221;0&#8243; zoom_height=&#8221;0&#8243; width=&#8221;1\/1&#8243; el_class=&#8221;responsive&#8221; uncode_shortcode_id=&#8221;100123&#8243;][vc_row_inner row_inner_height_percent=&#8221;0&#8243; back_image=&#8221;105099&#8243; back_position=&#8221;left top&#8221; overlay_alpha=&#8221;50&#8243; equal_height=&#8221;yes&#8221; gutter_size=&#8221;0&#8243; shift_y=&#8221;0&#8243; z_index=&#8221;0&#8243; css=&#8221;.vc_custom_1753435167790{margin-top: 0px !important;margin-bottom: 0px !important;padding-top: 75px !important;padding-right: 0px !important;padding-bottom: 75px !important;padding-left: 0px !important;}&#8221; limit_content=&#8221;&#8221; uncode_shortcode_id=&#8221;146132&#8243; el_class=&#8221;portrait2&#8243;][vc_column_inner column_width_percent=&#8221;100&#8243; position_horizontal=&#8221;right&#8221; position_vertical=&#8221;middle&#8221; align_horizontal=&#8221;align_right&#8221; gutter_size=&#8221;3&#8243; overlay_alpha=&#8221;50&#8243; shift_x=&#8221;0&#8243; shift_y=&#8221;0&#8243; shift_y_down=&#8221;0&#8243; z_index=&#8221;0&#8243; medium_width=&#8221;0&#8243; mobile_width=&#8221;0&#8243; css_animation=&#8221;left-t-right&#8221; width=&#8221;1\/2&#8243; css=&#8221;.vc_custom_1620809610231{padding-top: 0px !important;padding-right: 0px !important;padding-bottom: 0px !important;padding-left: 0px !important;}&#8221;][\/vc_column_inner][vc_column_inner column_width_percent=&#8221;100&#8243; position_horizontal=&#8221;left&#8221; position_vertical=&#8221;middle&#8221; gutter_size=&#8221;3&#8243; overlay_alpha=&#8221;50&#8243; shift_x=&#8221;0&#8243; shift_y=&#8221;0&#8243; shift_y_down=&#8221;0&#8243; z_index=&#8221;0&#8243; medium_width=&#8221;0&#8243; mobile_width=&#8221;0&#8243; css_animation=&#8221;right-t-left&#8221; animation_speed=&#8221;800&#8243; animation_delay=&#8221;300&#8243; width=&#8221;1\/2&#8243; css=&#8221;.vc_custom_1651849425619{padding-right: 10% !important;}&#8221; el_class=&#8221;parte-text-dx&#8221; uncode_shortcode_id=&#8221;687556&#8243;][vc_column_text css_animation=&#8221;alpha-anim&#8221; uncode_shortcode_id=&#8221;462865&#8243; css=&#8221;.vc_custom_1753431235400{margin-left: 7% !important;}&#8221; el_class=&#8221;portrait2&#8243;]<\/p>\n<p style=\"text-align: center;\">A escolha de Sangenan pela FL Fuoriserie n\u00e3o foi apenas uma quest\u00e3o de gosto. Fabio viu em Yoshimasa Yamada um homem que incorpora os valores de excel\u00eancia, dedica\u00e7\u00e3o e paix\u00e3o genu\u00edna.<br \/>\nN\u00e3o se trata apenas de escolher doces extraordin\u00e1rios, mas de contar uma hist\u00f3ria de devo\u00e7\u00e3o, respeito e perfei\u00e7\u00e3o.<br \/>\nAs tr\u00eas cria\u00e7\u00f5es escolhidas pela FL Fuoriserie &#8211; o Uji Matcha Castella, o Special Roll Castella e o Wa Macaron &#8211; representam o que h\u00e1 de melhor na arte da confeitaria japonesa e s\u00e3o o resultado de anos de pesquisa e refinamento.<br \/>\nCada mordida \u00e9 uma viagem \u00e0 cultura japonesa, \u00e0s m\u00e3os habilidosas de Yamada e \u00e0 filosofia que move sua empresa. <\/p>\n<p>[\/vc_column_text][\/vc_column_inner][\/vc_row_inner][vc_row_inner row_inner_height_percent=&#8221;0&#8243; back_image=&#8221;105061&#8243; back_position=&#8221;left top&#8221; overlay_alpha=&#8221;50&#8243; equal_height=&#8221;yes&#8221; gutter_size=&#8221;0&#8243; shift_y=&#8221;0&#8243; z_index=&#8221;0&#8243; css=&#8221;.vc_custom_1753370717602{margin-top: 0px !important;margin-bottom: 0px !important;padding-top: 75px !important;padding-right: 0px !important;padding-bottom: 75px !important;}&#8221; limit_content=&#8221;&#8221; uncode_shortcode_id=&#8221;362098&#8243; el_class=&#8221;portrait2&#8243;][vc_column_inner column_width_percent=&#8221;100&#8243; position_horizontal=&#8221;right&#8221; position_vertical=&#8221;middle&#8221; align_horizontal=&#8221;align_right&#8221; gutter_size=&#8221;3&#8243; overlay_alpha=&#8221;50&#8243; shift_x=&#8221;0&#8243; shift_y=&#8221;0&#8243; shift_y_down=&#8221;0&#8243; z_index=&#8221;0&#8243; medium_width=&#8221;0&#8243; mobile_width=&#8221;0&#8243; css_animation=&#8221;left-t-right&#8221; width=&#8221;1\/2&#8243; css=&#8221;.vc_custom_1620809610231{padding-top: 0px !important;padding-right: 0px !important;padding-bottom: 0px !important;padding-left: 0px !important;}&#8221;][\/vc_column_inner][vc_column_inner column_width_percent=&#8221;100&#8243; position_horizontal=&#8221;left&#8221; position_vertical=&#8221;middle&#8221; gutter_size=&#8221;3&#8243; overlay_alpha=&#8221;50&#8243; shift_x=&#8221;0&#8243; shift_y=&#8221;0&#8243; shift_y_down=&#8221;0&#8243; z_index=&#8221;0&#8243; medium_width=&#8221;0&#8243; mobile_width=&#8221;0&#8243; css_animation=&#8221;right-t-left&#8221; animation_speed=&#8221;800&#8243; animation_delay=&#8221;300&#8243; width=&#8221;1\/2&#8243; css=&#8221;.vc_custom_1651849425619{padding-right: 10% !important;}&#8221; el_class=&#8221;parte-text-dx&#8221; uncode_shortcode_id=&#8221;687556&#8243;][vc_column_text css_animation=&#8221;alpha-anim&#8221; uncode_shortcode_id=&#8221;165977&#8243; css=&#8221;.vc_custom_1753431924178{margin-left: 5% !important;}&#8221; el_class=&#8221;portrait2&#8243;]<\/p>\n<p style=\"text-align: left;\"><strong><em>Uji Matcha Castella &#8211; A harmonia da do\u00e7ura e da tradi\u00e7\u00e3o<\/em><\/strong><\/p>\n<p style=\"text-align: left;\">Uma sobremesa que traz alegria desde a primeira mordida. Este Castella \u00e9 feito com matcha premium de Uji, Kyoto, uma regi\u00e3o famosa por produzir ch\u00e1 da mais alta qualidade.<br \/>\nO cultivo do ch\u00e1 em Uji \u00e9 uma arte profundamente enraizada em uma tradi\u00e7\u00e3o de longa data. As folhas s\u00e3o colhidas no auge de seu sabor e cuidadosamente mo\u00eddas em um p\u00f3 fino usando m\u00e9todos passados de gera\u00e7\u00e3o em gera\u00e7\u00e3o.<br \/>\nOs artes\u00e3os da Sangenan misturam o matcha com ingredientes cuidadosamente selecionados, criando um bolo macio e \u00famido com um sabor rico, perfeitamente equilibrado entre o amargor elegante do ch\u00e1 verde e a do\u00e7ura natural da Castella.  <\/p>\n<p>[\/vc_column_text][\/vc_column_inner][\/vc_row_inner][vc_row_inner row_inner_height_percent=&#8221;0&#8243; back_image=&#8221;105088&#8243; back_position=&#8221;left top&#8221; overlay_alpha=&#8221;50&#8243; equal_height=&#8221;yes&#8221; gutter_size=&#8221;0&#8243; shift_y=&#8221;0&#8243; z_index=&#8221;0&#8243; css=&#8221;.vc_custom_1753433140086{margin-top: 0px !important;margin-bottom: 0px !important;padding-top: 75px !important;padding-right: 0px !important;padding-bottom: 75px !important;}&#8221; limit_content=&#8221;&#8221; uncode_shortcode_id=&#8221;137481&#8243; el_class=&#8221;portrait2&#8243;][vc_column_inner column_width_percent=&#8221;100&#8243; position_horizontal=&#8221;right&#8221; position_vertical=&#8221;middle&#8221; align_horizontal=&#8221;align_right&#8221; gutter_size=&#8221;3&#8243; overlay_alpha=&#8221;50&#8243; shift_x=&#8221;0&#8243; shift_y=&#8221;0&#8243; shift_y_down=&#8221;0&#8243; z_index=&#8221;0&#8243; medium_width=&#8221;0&#8243; mobile_width=&#8221;0&#8243; css_animation=&#8221;left-t-right&#8221; width=&#8221;1\/2&#8243; css=&#8221;.vc_custom_1620809610231{padding-top: 0px !important;padding-right: 0px !important;padding-bottom: 0px !important;padding-left: 0px !important;}&#8221;][\/vc_column_inner][vc_column_inner column_width_percent=&#8221;100&#8243; position_horizontal=&#8221;left&#8221; position_vertical=&#8221;middle&#8221; gutter_size=&#8221;3&#8243; overlay_alpha=&#8221;50&#8243; shift_x=&#8221;0&#8243; shift_y=&#8221;0&#8243; shift_y_down=&#8221;0&#8243; z_index=&#8221;0&#8243; medium_width=&#8221;0&#8243; mobile_width=&#8221;0&#8243; css_animation=&#8221;right-t-left&#8221; animation_speed=&#8221;800&#8243; animation_delay=&#8221;300&#8243; width=&#8221;1\/2&#8243; css=&#8221;.vc_custom_1651849425619{padding-right: 10% !important;}&#8221; el_class=&#8221;parte-text-dx&#8221; uncode_shortcode_id=&#8221;687556&#8243;][vc_column_text css_animation=&#8221;alpha-anim&#8221; uncode_shortcode_id=&#8221;206306&#8243; css=&#8221;.vc_custom_1753431976272{margin-left: 5% !important;}&#8221; el_class=&#8221;portrait2&#8243;]<\/p>\n<p style=\"text-align: left;\"><em><strong>Roll Castella Special &#8211; Uma del\u00edcia misteriosa e luxuosa<\/strong><\/em><\/p>\n<p style=\"text-align: left;\">N\u00e3o se trata de um simples Castella nem de um bolo de rolo tradicional, mas de uma obra-prima artesanal criada com cuidado meticuloso.<br \/>\nEssa sobremesa ic\u00f4nica \u00e9 feita \u00e0 m\u00e3o por artes\u00e3os habilidosos, usando uma massa 30% mais volumosa do que a vers\u00e3o cl\u00e1ssica e enriquecida com mais de 1,5 vezes a quantidade de feij\u00e3o vermelho Tanba Dainagon, considerado um dos melhores do Jap\u00e3o.<br \/>\nOs feij\u00f5es vermelhos Dainagon s\u00e3o suavemente dobrados na massa e assados lentamente, criando uma harmonia perfeita com a do\u00e7ura do Castella e o sabor refinado do matcha Uji.<br \/>\nA textura \u00e9 aveludada e \u00famida, o sabor \u00e9 rico e envolvente, uma experi\u00eancia luxuosa que captura toda a eleg\u00e2ncia da arte da confeitaria japonesa.<\/p>\n<p>[\/vc_column_text][\/vc_column_inner][\/vc_row_inner][vc_row_inner row_inner_height_percent=&#8221;0&#8243; back_image=&#8221;105064&#8243; back_position=&#8221;left top&#8221; overlay_alpha=&#8221;50&#8243; equal_height=&#8221;yes&#8221; gutter_size=&#8221;0&#8243; shift_y=&#8221;0&#8243; z_index=&#8221;0&#8243; css=&#8221;.vc_custom_1753370741258{margin-top: 0px !important;margin-bottom: 0px !important;padding-top: 75px !important;padding-right: 0px !important;padding-bottom: 75px !important;}&#8221; limit_content=&#8221;&#8221; uncode_shortcode_id=&#8221;129888&#8243; el_class=&#8221;portrait2&#8243;][vc_column_inner column_width_percent=&#8221;100&#8243; position_horizontal=&#8221;right&#8221; position_vertical=&#8221;middle&#8221; align_horizontal=&#8221;align_right&#8221; gutter_size=&#8221;3&#8243; overlay_alpha=&#8221;50&#8243; shift_x=&#8221;0&#8243; shift_y=&#8221;0&#8243; shift_y_down=&#8221;0&#8243; z_index=&#8221;0&#8243; medium_width=&#8221;0&#8243; mobile_width=&#8221;0&#8243; css_animation=&#8221;left-t-right&#8221; width=&#8221;1\/2&#8243; css=&#8221;.vc_custom_1620809610231{padding-top: 0px !important;padding-right: 0px !important;padding-bottom: 0px !important;padding-left: 0px !important;}&#8221;][\/vc_column_inner][vc_column_inner column_width_percent=&#8221;100&#8243; position_horizontal=&#8221;left&#8221; position_vertical=&#8221;middle&#8221; gutter_size=&#8221;3&#8243; overlay_alpha=&#8221;50&#8243; shift_x=&#8221;0&#8243; shift_y=&#8221;0&#8243; shift_y_down=&#8221;0&#8243; z_index=&#8221;0&#8243; medium_width=&#8221;0&#8243; mobile_width=&#8221;0&#8243; css_animation=&#8221;right-t-left&#8221; animation_speed=&#8221;800&#8243; animation_delay=&#8221;300&#8243; width=&#8221;1\/2&#8243; css=&#8221;.vc_custom_1651849425619{padding-right: 10% !important;}&#8221; el_class=&#8221;parte-text-dx&#8221; uncode_shortcode_id=&#8221;687556&#8243;][vc_column_text css_animation=&#8221;alpha-anim&#8221; uncode_shortcode_id=&#8221;150750&#8243; css=&#8221;.vc_custom_1753432018534{margin-left: 5% !important;}&#8221; el_class=&#8221;portrait2&#8243;]<\/p>\n<p style=\"text-align: left;\"><em><strong>Filosofia do gosto de Sangenan<\/strong><\/em><\/p>\n<p>A Sangenan se empenha todos os dias em criar doces que combinem qualidade, autenticidade e prazer genu\u00edno.<br \/>\nPara cada cria\u00e7\u00e3o, apenas os ingredientes mais frescos e da mais alta qualidade s\u00e3o cuidadosamente selecionados. Muitas vezes, os pr\u00f3prios artes\u00e3os da empresa viajam diretamente para as \u00e1reas de produ\u00e7\u00e3o para conhecer os fornecedores e verificar pessoalmente a origem e a seguran\u00e7a das mat\u00e9rias-primas meticulosamente escolhidas.<br \/>\nO objetivo da Sangenan \u00e9 oferecer doces naturais e deliciosos que todos possam desfrutar com total tranquilidade, desde crian\u00e7as at\u00e9 idosos.<br \/>\nRigorosos controles de qualidade s\u00e3o realizados diariamente nos laborat\u00f3rios da empresa para garantir um produto sempre seguro e confi\u00e1vel. <\/p>\n<p>Sangenan: o doce sabor da confian\u00e7a.[\/vc_column_text][\/vc_column_inner][\/vc_row_inner][vc_row_inner row_inner_height_percent=&#8221;0&#8243; back_image=&#8221;105067&#8243; back_position=&#8221;left top&#8221; overlay_alpha=&#8221;50&#8243; equal_height=&#8221;yes&#8221; gutter_size=&#8221;0&#8243; shift_y=&#8221;0&#8243; z_index=&#8221;0&#8243; css=&#8221;.vc_custom_1753370765442{margin-top: 0px !important;margin-bottom: 0px !important;padding-top: 75px !important;padding-right: 0px !important;padding-bottom: 75px !important;}&#8221; limit_content=&#8221;&#8221; uncode_shortcode_id=&#8221;449857&#8243; el_class=&#8221;portrait2&#8243;][vc_column_inner column_width_percent=&#8221;100&#8243; position_horizontal=&#8221;right&#8221; position_vertical=&#8221;middle&#8221; align_horizontal=&#8221;align_right&#8221; gutter_size=&#8221;3&#8243; overlay_alpha=&#8221;50&#8243; shift_x=&#8221;0&#8243; shift_y=&#8221;0&#8243; shift_y_down=&#8221;0&#8243; z_index=&#8221;0&#8243; medium_width=&#8221;0&#8243; mobile_width=&#8221;0&#8243; css_animation=&#8221;left-t-right&#8221; width=&#8221;1\/2&#8243; css=&#8221;.vc_custom_1620809610231{padding-top: 0px !important;padding-right: 0px !important;padding-bottom: 0px !important;padding-left: 0px !important;}&#8221;][\/vc_column_inner][vc_column_inner column_width_percent=&#8221;100&#8243; position_horizontal=&#8221;left&#8221; position_vertical=&#8221;middle&#8221; gutter_size=&#8221;3&#8243; overlay_alpha=&#8221;50&#8243; shift_x=&#8221;0&#8243; shift_y=&#8221;0&#8243; shift_y_down=&#8221;0&#8243; z_index=&#8221;0&#8243; medium_width=&#8221;0&#8243; mobile_width=&#8221;0&#8243; css_animation=&#8221;right-t-left&#8221; animation_speed=&#8221;800&#8243; animation_delay=&#8221;300&#8243; width=&#8221;1\/2&#8243; css=&#8221;.vc_custom_1651849425619{padding-right: 10% !important;}&#8221; el_class=&#8221;parte-text-dx&#8221; uncode_shortcode_id=&#8221;687556&#8243;][vc_column_text css_animation=&#8221;alpha-anim&#8221; uncode_shortcode_id=&#8221;656312&#8243; css=&#8221;.vc_custom_1753434171931{margin-left: 5% !important;}&#8221; el_class=&#8221;portrait2&#8243;]<\/p>\n<p style=\"text-align: left;\"><em><strong>Wa Macaron &#8211; Uma viagem pelos aromas do Jap\u00e3o<\/strong><\/em><\/p>\n<p><strong data-start=\"132\" data-end=\"167\"><em>Macaron com ch\u00e1 Gyokuro de Kyoto:<\/em><\/strong> Feitos com 100% de ch\u00e1 Gyokuro de Kyoto, esses macarons incorporam a profundidade desse ch\u00e1 premium, elaborado por meio de um m\u00e9todo tradicional. O umami e o aroma naturais do ch\u00e1 combinam elegantemente com a delicada textura do macaron. <br data-start=\"382\" data-end=\"385\"><em><strong data-start=\"385\" data-end=\"432\">Cacau de Madagascar e feij\u00e3o vermelho Tamba Dainagon:<\/strong><\/em> Com os gr\u00e3os Tamba Dainagon de Kyoto e o arrojado cacau de Madagascar, esse macaron equilibra o sabor rico do chocolate com uma do\u00e7ura suave.<br data-start=\"565\" data-end=\"568\"><em><strong data-start=\"568\" data-end=\"591\" data-is-only-node=\"\">Macaron Mizuo Yuzu:<\/strong><\/em> Elaborado com yuzu da vila de Mizuo, suas raspas e suco criam um macaron fresco, arom\u00e1tico e vibrante.[\/vc_column_text][\/vc_column_inner][\/vc_row_inner][vc_row_inner row_inner_height_percent=&#8221;0&#8243; back_image=&#8221;105070&#8243; back_position=&#8221;left top&#8221; overlay_alpha=&#8221;50&#8243; equal_height=&#8221;yes&#8221; gutter_size=&#8221;0&#8243; shift_y=&#8221;0&#8243; z_index=&#8221;0&#8243; css=&#8221;.vc_custom_1753433709035{margin-top: 0px !important;margin-bottom: 0px !important;padding-top: 75px !important;padding-right: 0px !important;padding-bottom: 75px !important;}&#8221; limit_content=&#8221;&#8221; uncode_shortcode_id=&#8221;970904&#8243; el_class=&#8221;portrait2&#8243;][vc_column_inner column_width_percent=&#8221;100&#8243; position_horizontal=&#8221;right&#8221; position_vertical=&#8221;middle&#8221; align_horizontal=&#8221;align_right&#8221; gutter_size=&#8221;3&#8243; overlay_alpha=&#8221;50&#8243; shift_x=&#8221;0&#8243; shift_y=&#8221;0&#8243; shift_y_down=&#8221;0&#8243; z_index=&#8221;0&#8243; medium_width=&#8221;0&#8243; mobile_width=&#8221;0&#8243; css_animation=&#8221;left-t-right&#8221; width=&#8221;1\/2&#8243; css=&#8221;.vc_custom_1620809610231{padding-top: 0px !important;padding-right: 0px !important;padding-bottom: 0px !important;padding-left: 0px !important;}&#8221;][\/vc_column_inner][vc_column_inner column_width_percent=&#8221;100&#8243; position_horizontal=&#8221;left&#8221; position_vertical=&#8221;middle&#8221; gutter_size=&#8221;3&#8243; overlay_alpha=&#8221;50&#8243; shift_x=&#8221;0&#8243; shift_y=&#8221;0&#8243; shift_y_down=&#8221;0&#8243; z_index=&#8221;0&#8243; medium_width=&#8221;0&#8243; mobile_width=&#8221;0&#8243; css_animation=&#8221;right-t-left&#8221; animation_speed=&#8221;800&#8243; animation_delay=&#8221;300&#8243; width=&#8221;1\/2&#8243; css=&#8221;.vc_custom_1651849425619{padding-right: 10% !important;}&#8221; el_class=&#8221;parte-text-dx&#8221; uncode_shortcode_id=&#8221;687556&#8243;][vc_column_text css_animation=&#8221;alpha-anim&#8221; uncode_shortcode_id=&#8221;187788&#8243; css=&#8221;.vc_custom_1753433808793{margin-left: 5% !important;}&#8221; el_class=&#8221;portrait2&#8243;]<\/p>\n<p>&nbsp;<\/p>\n<p>&nbsp;<\/p>\n<p style=\"text-align: center;\"><strong><em>&#8220;O artes\u00e3o \u00e9 mais preciso do que as m\u00e1quinas. <\/em><\/strong><br \/>\n<strong><em>Esse \u00e9 o segredo por tr\u00e1s da deliciosidade dos produtos Sangenan Castella.&#8221;<\/em><\/strong><\/p>\n<p>&nbsp;<\/p>\n<p>&nbsp;<\/p>\n<p>&nbsp;<\/p>\n<p>[\/vc_column_text][\/vc_column_inner][\/vc_row_inner][\/vc_column][\/vc_row][vc_row row_height_percent=&#8221;0&#8243; back_color=&#8221;accent&#8221; overlay_alpha=&#8221;50&#8243; gutter_size=&#8221;3&#8243; column_width_percent=&#8221;100&#8243; shift_y=&#8221;0&#8243; z_index=&#8221;0&#8243;][vc_column width=&#8221;1\/1&#8243;][uncode_block id=&#8221;85012&#8243;][\/vc_column][\/vc_row]<\/p>\n<\/div>","protected":false},"excerpt":{"rendered":"<p>[vc_row unlock_row_content=&#8221;yes&#8221; row_height_percent=&#8221;100&#8243; override_padding=&#8221;yes&#8221; h_padding=&#8221;0&#8243; top_padding=&#8221;0&#8243; bottom_padding=&#8221;0&#8243; back_color=&#8221;accent&#8221; overlay_alpha=&#8221;100&#8243; gutter_size=&#8221;100&#8243; column_width_percent=&#8221;100&#8243; shift_y=&#8221;0&#8243; z_index=&#8221;0&#8243; row_custom_slug_check=&#8221;yes&#8221; style=&#8221;inherited&#8221; css=&#8221;.vc_custom_1707908380863{margin-top: 0px !important;margin-bottom: 0px !important;padding-top: [&hellip;]<\/p>\n","protected":false},"author":8,"featured_media":106607,"parent":0,"menu_order":0,"comment_status":"closed","ping_status":"closed","template":"","meta":{"_monsterinsights_skip_tracking":false,"_monsterinsights_sitenote_active":false,"_monsterinsights_sitenote_note":"","_monsterinsights_sitenote_category":0,"footnotes":""},"class_list":["post-105270","page","type-page","status-publish","has-post-thumbnail","hentry"],"_links":{"self":[{"href":"https:\/\/www.flfuoriserie.com\/pt-br\/wp-json\/wp\/v2\/pages\/105270","targetHints":{"allow":["GET"]}}],"collection":[{"href":"https:\/\/www.flfuoriserie.com\/pt-br\/wp-json\/wp\/v2\/pages"}],"about":[{"href":"https:\/\/www.flfuoriserie.com\/pt-br\/wp-json\/wp\/v2\/types\/page"}],"author":[{"embeddable":true,"href":"https:\/\/www.flfuoriserie.com\/pt-br\/wp-json\/wp\/v2\/users\/8"}],"replies":[{"embeddable":true,"href":"https:\/\/www.flfuoriserie.com\/pt-br\/wp-json\/wp\/v2\/comments?post=105270"}],"version-history":[{"count":16,"href":"https:\/\/www.flfuoriserie.com\/pt-br\/wp-json\/wp\/v2\/pages\/105270\/revisions"}],"predecessor-version":[{"id":107195,"href":"https:\/\/www.flfuoriserie.com\/pt-br\/wp-json\/wp\/v2\/pages\/105270\/revisions\/107195"}],"wp:featuredmedia":[{"embeddable":true,"href":"https:\/\/www.flfuoriserie.com\/pt-br\/wp-json\/wp\/v2\/media\/106607"}],"wp:attachment":[{"href":"https:\/\/www.flfuoriserie.com\/pt-br\/wp-json\/wp\/v2\/media?parent=105270"}],"curies":[{"name":"wp","href":"https:\/\/api.w.org\/{rel}","templated":true}]}}