{"id":103873,"date":"2025-03-17T15:53:15","date_gmt":"2025-03-17T14:53:15","guid":{"rendered":"https:\/\/www.flfuoriserie.com\/?page_id=103873"},"modified":"2025-07-17T17:12:01","modified_gmt":"2025-07-17T15:12:01","slug":"bolsa-de-ginastica-duffle","status":"publish","type":"page","link":"https:\/\/www.flfuoriserie.com\/pt-br\/acessorios\/acessorios-de-nylon-couro-e-fibra-de-carbono\/royal-strip\/bolsa-de-ginastica-duffle\/","title":{"rendered":"Bolsa de Gin\u00e1stica Duffle"},"content":{"rendered":"<div class=\"wpb-content-wrapper\"><p>[vc_row row_height_percent=&#8221;0&#8243; back_image=&#8221;103529&#8243; overlay_alpha=&#8221;50&#8243; gutter_size=&#8221;3&#8243; column_width_percent=&#8221;100&#8243; shift_y=&#8221;0&#8243; z_index=&#8221;0&#8243; content_parallax=&#8221;0&#8243; uncode_shortcode_id=&#8221;163888&#8243; css=&#8221;.vc_custom_1741164782682{padding-top: 75px !important;padding-right: 0px !important;padding-bottom: 75px !important;padding-left: 0px !important;}&#8221; el_class=&#8221;divconslide portrait2&#8243;][vc_column column_width_percent=&#8221;100&#8243; position_vertical=&#8221;middle&#8221; gutter_size=&#8221;3&#8243; overlay_alpha=&#8221;50&#8243; shift_x=&#8221;0&#8243; shift_y=&#8221;0&#8243; shift_y_down=&#8221;0&#8243; z_index=&#8221;0&#8243; medium_width=&#8221;0&#8243; mobile_width=&#8221;0&#8243; width=&#8221;1\/3&#8243; uncode_shortcode_id=&#8221;157076&#8243; css=&#8221;.vc_custom_1677578213556{padding-top: 0px !important;padding-right: 0px !important;padding-bottom: 0px !important;padding-left: 0px !important;}&#8221; el_class=&#8221;parte-text order2&#8243;][vc_column_text text_color=&#8221;color-xsdn&#8221; uncode_shortcode_id=&#8221;174503&#8243; text_color_type=&#8221;uncode-palette&#8221; css=&#8221;.vc_custom_1752765113243{padding-top: 25px !important;padding-right: 5% !important;padding-bottom: 25px !important;padding-left: 5% !important;}&#8221; el_class=&#8221;scroll&#8221;]<\/p>\n<p style=\"text-align: center;\"><em>Desempenho e estilo em cada movimento<\/em><\/p>\n<p style=\"text-align: center;\">Perfeito para viagens e gin\u00e1sios, esta bolsa combina eleg\u00e2ncia, funcionalidade e alto desempenho em um design moderno.<br \/>\nA base de fibra de carbono garante resist\u00eancia e prote\u00e7\u00e3o, enquanto os dois bolsos laterais em carbono com acabamento azul oferecem amplo espa\u00e7o para itens pessoais. Um dos bolsos possui um z\u00edper duplo para facilitar o acesso.<br \/>\nAl\u00e7as de couro azul com detalhes que se estende at\u00e9 a base, juntamente com uma al\u00e7a de cinta ajust\u00e1vel, torn\u00e1-lo confort\u00e1vel para transportar, mantendo um olhar desportivo e distintivo.<br \/>\nNo interior, um bolso com z\u00edper ajuda a manter os pertences pessoais organizados, e a abertura de fecho duplo fornece acesso r\u00e1pido e f\u00e1cil.<br \/>\nUma bolsa desenhada para quem valoriza a funcionalidade e a eleg\u00e2ncia em todas as situa\u00e7\u00f5es.<\/p>\n<p>[\/vc_column_text][\/vc_column][vc_column column_width_percent=&#8221;100&#8243; position_vertical=&#8221;middle&#8221; gutter_size=&#8221;3&#8243; overlay_alpha=&#8221;50&#8243; shift_x=&#8221;0&#8243; shift_y=&#8221;0&#8243; shift_y_down=&#8221;0&#8243; z_index=&#8221;0&#8243; medium_width=&#8221;0&#8243; mobile_width=&#8221;0&#8243; width=&#8221;1\/3&#8243; uncode_shortcode_id=&#8221;165965&#8243; css=&#8221;.vc_custom_1677578305106{padding-top: 0px !important;padding-right: 0px !important;padding-bottom: 0px !important;padding-left: 0px !important;}&#8221; el_class=&#8221;parte-img&#8221;][uncode_slider slider_interval=&#8221;0&#8243; slider_navspeed=&#8221;400&#8243; slider_hide_dots=&#8221;yes&#8221;][vc_row_inner row_inner_height_percent=&#8221;0&#8243; overlay_alpha=&#8221;50&#8243; gutter_size=&#8221;3&#8243; shift_y=&#8221;0&#8243; z_index=&#8221;0&#8243; uncode_shortcode_id=&#8221;501288&#8243; css=&#8221;.vc_custom_1677581417156{padding-top: 0px !important;padding-right: 0px !important;padding-bottom: 0px !important;padding-left: 0px !important;}&#8221;][vc_column_inner width=&#8221;1\/1&#8243;][vc_single_image media=&#8221;103790&#8243; media_width_percent=&#8221;100&#8243; media_ratio=&#8221;one-one&#8221; uncode_shortcode_id=&#8221;107768&#8243;][\/vc_column_inner][\/vc_row_inner][vc_row_inner row_inner_height_percent=&#8221;0&#8243; overlay_alpha=&#8221;50&#8243; gutter_size=&#8221;3&#8243; shift_y=&#8221;0&#8243; z_index=&#8221;0&#8243; uncode_shortcode_id=&#8221;689429&#8243; css=&#8221;.vc_custom_1677518243854{padding-top: 0px !important;padding-right: 0px !important;padding-bottom: 0px !important;padding-left: 0px !important;}&#8221;][vc_column_inner column_width_percent=&#8221;100&#8243; gutter_size=&#8221;3&#8243; overlay_alpha=&#8221;50&#8243; shift_x=&#8221;0&#8243; shift_y=&#8221;0&#8243; shift_y_down=&#8221;0&#8243; z_index=&#8221;0&#8243; medium_width=&#8221;0&#8243; mobile_width=&#8221;0&#8243; width=&#8221;1\/1&#8243; uncode_shortcode_id=&#8221;101577&#8243;][vc_single_image media=&#8221;103787&#8243; media_width_percent=&#8221;100&#8243; media_ratio=&#8221;one-one&#8221; uncode_shortcode_id=&#8221;114967&#8243;][\/vc_column_inner][\/vc_row_inner][vc_row_inner row_inner_height_percent=&#8221;0&#8243; overlay_alpha=&#8221;50&#8243; gutter_size=&#8221;3&#8243; shift_y=&#8221;0&#8243; z_index=&#8221;0&#8243; uncode_shortcode_id=&#8221;689429&#8243; css=&#8221;.vc_custom_1677518243854{padding-top: 0px !important;padding-right: 0px !important;padding-bottom: 0px !important;padding-left: 0px !important;}&#8221;][vc_column_inner column_width_percent=&#8221;100&#8243; gutter_size=&#8221;3&#8243; overlay_alpha=&#8221;50&#8243; shift_x=&#8221;0&#8243; shift_y=&#8221;0&#8243; shift_y_down=&#8221;0&#8243; z_index=&#8221;0&#8243; medium_width=&#8221;0&#8243; mobile_width=&#8221;0&#8243; width=&#8221;1\/1&#8243; uncode_shortcode_id=&#8221;101577&#8243;][vc_single_image media=&#8221;103793&#8243; media_width_percent=&#8221;100&#8243; media_ratio=&#8221;one-one&#8221; uncode_shortcode_id=&#8221;887669&#8243;][\/vc_column_inner][\/vc_row_inner][\/uncode_slider][\/vc_column][vc_column column_width_percent=&#8221;100&#8243; position_vertical=&#8221;middle&#8221; gutter_size=&#8221;3&#8243; overlay_alpha=&#8221;50&#8243; shift_x=&#8221;0&#8243; shift_y=&#8221;0&#8243; shift_y_down=&#8221;0&#8243; z_index=&#8221;0&#8243; medium_width=&#8221;0&#8243; mobile_width=&#8221;0&#8243; width=&#8221;1\/3&#8243; uncode_shortcode_id=&#8221;185527&#8243; el_class=&#8221;parte-text order3&#8243;][vc_column_text uncode_shortcode_id=&#8221;827438&#8243; css=&#8221;.vc_custom_1741944807787{padding-right: 15% !important;padding-left: 5% !important;}&#8221;]<\/p>\n<h5 style=\"text-align: left;\">Especifica\u00e7\u00f5es T\u00e9cnicas<\/h5>\n<p style=\"text-align: left;\"><strong>Dimens\u00f5es<\/strong>: 50 cm (largura) \u00d7 30 cm (altura) \u00d7 23 cm (profundidade)<\/p>\n<p style=\"text-align: left;\"><strong>Material<\/strong>: Nylon e fibra de carbono<\/p>\n<p style=\"text-align: left;\"><strong>Base<\/strong>: Fibra de carbono para m\u00e1xima durabilidade e prote\u00e7\u00e3o<\/p>\n<p style=\"text-align: left;\"><strong>Al\u00e7as<\/strong>: Couro azul, com detalhes refinados que se estendem at\u00e9 a parte inferior da bolsa<\/p>\n<p style=\"text-align: left;\"><strong>Al\u00e7a de Ombro<\/strong>: Al\u00e7a de nylon ajust\u00e1vel, inclu\u00edda<\/p>\n<p style=\"text-align: left;\"><strong>Bolsos Laterais<\/strong>: Dois bolsos em fibra de carbono com acabamentos azuis, sendo um com puxadores duplos de z\u00edper<\/p>\n<p style=\"text-align: left;\"><strong>Bolso Interno<\/strong>: Com fechamento em z\u00edper para melhor organiza\u00e7\u00e3o<\/p>\n<p>[\/vc_column_text][\/vc_column][\/vc_row][vc_row][vc_column width=&#8221;1\/1&#8243;][uncode_block id=&#8221;85012&#8243;][\/vc_column][\/vc_row]<\/p>\n<\/div>","protected":false},"excerpt":{"rendered":"<p>[vc_row row_height_percent=&#8221;0&#8243; back_image=&#8221;103529&#8243; overlay_alpha=&#8221;50&#8243; gutter_size=&#8221;3&#8243; column_width_percent=&#8221;100&#8243; shift_y=&#8221;0&#8243; z_index=&#8221;0&#8243; content_parallax=&#8221;0&#8243; uncode_shortcode_id=&#8221;163888&#8243; css=&#8221;.vc_custom_1741164782682{padding-top: 75px !important;padding-right: 0px !important;padding-bottom: 75px !important;padding-left: 0px !important;}&#8221; el_class=&#8221;divconslide [&hellip;]<\/p>\n","protected":false},"author":8,"featured_media":0,"parent":103894,"menu_order":0,"comment_status":"closed","ping_status":"closed","template":"","meta":{"_monsterinsights_skip_tracking":false,"_monsterinsights_sitenote_active":false,"_monsterinsights_sitenote_note":"","_monsterinsights_sitenote_category":0,"footnotes":""},"class_list":["post-103873","page","type-page","status-publish","hentry"],"_links":{"self":[{"href":"https:\/\/www.flfuoriserie.com\/pt-br\/wp-json\/wp\/v2\/pages\/103873","targetHints":{"allow":["GET"]}}],"collection":[{"href":"https:\/\/www.flfuoriserie.com\/pt-br\/wp-json\/wp\/v2\/pages"}],"about":[{"href":"https:\/\/www.flfuoriserie.com\/pt-br\/wp-json\/wp\/v2\/types\/page"}],"author":[{"embeddable":true,"href":"https:\/\/www.flfuoriserie.com\/pt-br\/wp-json\/wp\/v2\/users\/8"}],"replies":[{"embeddable":true,"href":"https:\/\/www.flfuoriserie.com\/pt-br\/wp-json\/wp\/v2\/comments?post=103873"}],"version-history":[{"count":2,"href":"https:\/\/www.flfuoriserie.com\/pt-br\/wp-json\/wp\/v2\/pages\/103873\/revisions"}],"predecessor-version":[{"id":104877,"href":"https:\/\/www.flfuoriserie.com\/pt-br\/wp-json\/wp\/v2\/pages\/103873\/revisions\/104877"}],"up":[{"embeddable":true,"href":"https:\/\/www.flfuoriserie.com\/pt-br\/wp-json\/wp\/v2\/pages\/103894"}],"wp:attachment":[{"href":"https:\/\/www.flfuoriserie.com\/pt-br\/wp-json\/wp\/v2\/media?parent=103873"}],"curies":[{"name":"wp","href":"https:\/\/api.w.org\/{rel}","templated":true}]}}