{"id":103867,"date":"2025-03-17T15:53:07","date_gmt":"2025-03-17T14:53:07","guid":{"rendered":"https:\/\/www.flfuoriserie.com\/?page_id=103867"},"modified":"2025-07-17T17:11:04","modified_gmt":"2025-07-17T15:11:04","slug":"bolsa-de-ombro-de-viagem","status":"publish","type":"page","link":"https:\/\/www.flfuoriserie.com\/pt-br\/acessorios\/acessorios-de-nylon-couro-e-fibra-de-carbono\/royal-strip\/bolsa-de-ombro-de-viagem\/","title":{"rendered":"Bolsa de Ombro de Viagem"},"content":{"rendered":"<div class=\"wpb-content-wrapper\"><p>[vc_row row_height_percent=&#8221;0&#8243; back_image=&#8221;103529&#8243; overlay_alpha=&#8221;50&#8243; gutter_size=&#8221;3&#8243; column_width_percent=&#8221;100&#8243; shift_y=&#8221;0&#8243; z_index=&#8221;0&#8243; content_parallax=&#8221;0&#8243; uncode_shortcode_id=&#8221;163888&#8243; css=&#8221;.vc_custom_1741164782682{padding-top: 75px !important;padding-right: 0px !important;padding-bottom: 75px !important;padding-left: 0px !important;}&#8221; el_class=&#8221;divconslide portrait2&#8243;][vc_column column_width_percent=&#8221;100&#8243; position_vertical=&#8221;middle&#8221; gutter_size=&#8221;3&#8243; overlay_alpha=&#8221;50&#8243; shift_x=&#8221;0&#8243; shift_y=&#8221;0&#8243; shift_y_down=&#8221;0&#8243; z_index=&#8221;0&#8243; medium_width=&#8221;0&#8243; mobile_width=&#8221;0&#8243; width=&#8221;1\/3&#8243; uncode_shortcode_id=&#8221;157076&#8243; css=&#8221;.vc_custom_1677578213556{padding-top: 0px !important;padding-right: 0px !important;padding-bottom: 0px !important;padding-left: 0px !important;}&#8221; el_class=&#8221;parte-text order2&#8243;][vc_column_text text_color=&#8221;color-xsdn&#8221; uncode_shortcode_id=&#8221;106120&#8243; text_color_type=&#8221;uncode-palette&#8221; css=&#8221;.vc_custom_1752765048448{padding-top: 25px !important;padding-right: 5% !important;padding-bottom: 25px !important;padding-left: 5% !important;}&#8221; el_class=&#8221;scroll&#8221;]<\/p>\n<p style=\"text-align: center;\"><em>Uma viagem Atrav\u00e9s da Eleg\u00e2ncia e Desempenho<\/em><\/p>\n<p style=\"text-align: center;\">O Travel Shoulder Bag FL Fuoriserie \u00e9 o acess\u00f3rio perfeito para quem quer combinar estilo, resist\u00eancia e funcionalidade em cada movimento.<br \/>\nA base em fibra de carbono garante resist\u00eancia e prote\u00e7\u00e3o, enquanto a estrutura de nylon garante leveza e resist\u00eancia. As al\u00e7as de couro azul lembram a eleg\u00e2ncia das selas artesanais, com acabamentos que v\u00e3o at\u00e9 o fundo da bolsa, onde o carbono oferece resist\u00eancia adicional.<br \/>\nInternamente, a bolsa est\u00e1 equipada com um bolso com fecho para manter os itens menores seguros e uma al\u00e7a de ombro ajust\u00e1vel para conforto ideal durante o transporte.<\/p>\n<p>[\/vc_column_text][\/vc_column][vc_column column_width_percent=&#8221;100&#8243; position_vertical=&#8221;middle&#8221; gutter_size=&#8221;3&#8243; overlay_alpha=&#8221;50&#8243; shift_x=&#8221;0&#8243; shift_y=&#8221;0&#8243; shift_y_down=&#8221;0&#8243; z_index=&#8221;0&#8243; medium_width=&#8221;0&#8243; mobile_width=&#8221;0&#8243; width=&#8221;1\/3&#8243; uncode_shortcode_id=&#8221;165965&#8243; css=&#8221;.vc_custom_1677578305106{padding-top: 0px !important;padding-right: 0px !important;padding-bottom: 0px !important;padding-left: 0px !important;}&#8221; el_class=&#8221;parte-img&#8221;][uncode_slider slider_interval=&#8221;0&#8243; slider_navspeed=&#8221;400&#8243; slider_hide_dots=&#8221;yes&#8221;][vc_row_inner row_inner_height_percent=&#8221;0&#8243; overlay_alpha=&#8221;50&#8243; gutter_size=&#8221;3&#8243; shift_y=&#8221;0&#8243; z_index=&#8221;0&#8243; uncode_shortcode_id=&#8221;501288&#8243; css=&#8221;.vc_custom_1677581417156{padding-top: 0px !important;padding-right: 0px !important;padding-bottom: 0px !important;padding-left: 0px !important;}&#8221;][vc_column_inner width=&#8221;1\/1&#8243;][vc_single_image media=&#8221;103635&#8243; media_width_percent=&#8221;100&#8243; media_ratio=&#8221;one-one&#8221; uncode_shortcode_id=&#8221;180746&#8243;][\/vc_column_inner][\/vc_row_inner][vc_row_inner row_inner_height_percent=&#8221;0&#8243; overlay_alpha=&#8221;50&#8243; gutter_size=&#8221;3&#8243; shift_y=&#8221;0&#8243; z_index=&#8221;0&#8243; uncode_shortcode_id=&#8221;689429&#8243; css=&#8221;.vc_custom_1677518243854{padding-top: 0px !important;padding-right: 0px !important;padding-bottom: 0px !important;padding-left: 0px !important;}&#8221;][vc_column_inner column_width_percent=&#8221;100&#8243; gutter_size=&#8221;3&#8243; overlay_alpha=&#8221;50&#8243; shift_x=&#8221;0&#8243; shift_y=&#8221;0&#8243; shift_y_down=&#8221;0&#8243; z_index=&#8221;0&#8243; medium_width=&#8221;0&#8243; mobile_width=&#8221;0&#8243; width=&#8221;1\/1&#8243; uncode_shortcode_id=&#8221;101577&#8243;][vc_single_image media=&#8221;103632&#8243; media_width_percent=&#8221;100&#8243; media_ratio=&#8221;one-one&#8221; uncode_shortcode_id=&#8221;144965&#8243;][\/vc_column_inner][\/vc_row_inner][\/uncode_slider][\/vc_column][vc_column column_width_percent=&#8221;100&#8243; position_vertical=&#8221;middle&#8221; gutter_size=&#8221;3&#8243; overlay_alpha=&#8221;50&#8243; shift_x=&#8221;0&#8243; shift_y=&#8221;0&#8243; shift_y_down=&#8221;0&#8243; z_index=&#8221;0&#8243; medium_width=&#8221;0&#8243; mobile_width=&#8221;0&#8243; width=&#8221;1\/3&#8243; uncode_shortcode_id=&#8221;185527&#8243; el_class=&#8221;parte-text order3&#8243;][vc_column_text uncode_shortcode_id=&#8221;112643&#8243; css=&#8221;.vc_custom_1741944284384{padding-right: 15% !important;padding-left: 5% !important;}&#8221;]<\/p>\n<h5 style=\"text-align: left;\">Especifica\u00e7\u00f5es T\u00e9cnicas<\/h5>\n<p style=\"text-align: left;\"><strong>Dimens\u00f5es<\/strong>: 40 cm (largura) \u00d7 32 cm (altura) \u00d7 11 cm (profundidade)<\/p>\n<p style=\"text-align: left;\"><strong>Material<\/strong>: Nylon e fibra de carbono<\/p>\n<p style=\"text-align: left;\"><strong>Base<\/strong>: Fibra de carbono para m\u00e1xima durabilidade e prote\u00e7\u00e3o<\/p>\n<p style=\"text-align: left;\"><strong>Al\u00e7as<\/strong>: Couro azul, com detalhes refinados que se estendem at\u00e9 a parte inferior da bolsa.<\/p>\n<p style=\"text-align: left;\"><strong>Al\u00e7a de ombro<\/strong>: Ajust\u00e1vel e remov\u00edvel, inclu\u00edda.<\/p>\n<p style=\"text-align: left;\"><strong>Bolso interno<\/strong>: Com fechamento em z\u00edper para organiza\u00e7\u00e3o ideal.<\/p>\n<p style=\"text-align: left;\"><strong>Estilo<\/strong>: Elegante e funcional, projetado para viagens de neg\u00f3cios din\u00e2micas e sofisticadas.<\/p>\n<p>[\/vc_column_text][\/vc_column][\/vc_row][vc_row][vc_column width=&#8221;1\/1&#8243;][uncode_block id=&#8221;85012&#8243;][\/vc_column][\/vc_row]<\/p>\n<\/div>","protected":false},"excerpt":{"rendered":"<p>[vc_row row_height_percent=&#8221;0&#8243; back_image=&#8221;103529&#8243; overlay_alpha=&#8221;50&#8243; gutter_size=&#8221;3&#8243; column_width_percent=&#8221;100&#8243; shift_y=&#8221;0&#8243; z_index=&#8221;0&#8243; content_parallax=&#8221;0&#8243; uncode_shortcode_id=&#8221;163888&#8243; css=&#8221;.vc_custom_1741164782682{padding-top: 75px !important;padding-right: 0px !important;padding-bottom: 75px !important;padding-left: 0px !important;}&#8221; el_class=&#8221;divconslide [&hellip;]<\/p>\n","protected":false},"author":8,"featured_media":0,"parent":103894,"menu_order":0,"comment_status":"closed","ping_status":"closed","template":"","meta":{"_monsterinsights_skip_tracking":false,"_monsterinsights_sitenote_active":false,"_monsterinsights_sitenote_note":"","_monsterinsights_sitenote_category":0,"footnotes":""},"class_list":["post-103867","page","type-page","status-publish","hentry"],"yoast_head":"<!-- This site is optimized with the Yoast SEO plugin v27.4 - https:\/\/yoast.com\/product\/yoast-seo-wordpress\/ -->\n<title>Bolsa de Ombro de Viagem - FL Fuoriserie<\/title>\n<meta name=\"robots\" content=\"index, follow, max-snippet:-1, max-image-preview:large, max-video-preview:-1\" \/>\n<link rel=\"canonical\" href=\"https:\/\/www.flfuoriserie.com\/pt-br\/acessorios\/acessorios-de-nylon-couro-e-fibra-de-carbono\/royal-strip\/bolsa-de-ombro-de-viagem\/\" \/>\n<meta property=\"og:locale\" content=\"pt_BR\" \/>\n<meta property=\"og:type\" content=\"article\" \/>\n<meta property=\"og:title\" content=\"Bolsa de Ombro de Viagem - FL Fuoriserie\" \/>\n<meta property=\"og:description\" content=\"[vc_row row_height_percent=&#8221;0&#8243; back_image=&#8221;103529&#8243; overlay_alpha=&#8221;50&#8243; gutter_size=&#8221;3&#8243; column_width_percent=&#8221;100&#8243; shift_y=&#8221;0&#8243; z_index=&#8221;0&#8243; content_parallax=&#8221;0&#8243; uncode_shortcode_id=&#8221;163888&#8243; css=&#8221;.vc_custom_1741164782682{padding-top: 75px !important;padding-right: 0px !important;padding-bottom: 75px !important;padding-left: 0px !important;}&#8221; el_class=&#8221;divconslide [&hellip;]\" \/>\n<meta property=\"og:url\" content=\"https:\/\/www.flfuoriserie.com\/pt-br\/acessorios\/acessorios-de-nylon-couro-e-fibra-de-carbono\/royal-strip\/bolsa-de-ombro-de-viagem\/\" \/>\n<meta property=\"og:site_name\" content=\"FL Fuoriserie\" \/>\n<meta property=\"article:modified_time\" content=\"2025-07-17T15:11:04+00:00\" \/>\n<meta property=\"og:image\" content=\"https:\/\/www.flfuoriserie.com\/wp-content\/uploads\/2025\/11\/img_page_FL.jpg\" \/>\n\t<meta property=\"og:image:width\" content=\"1200\" \/>\n\t<meta property=\"og:image:height\" content=\"675\" \/>\n\t<meta property=\"og:image:type\" content=\"image\/jpeg\" \/>\n<meta name=\"twitter:card\" content=\"summary_large_image\" \/>\n<meta name=\"twitter:label1\" content=\"Est. tempo de leitura\" \/>\n\t<meta name=\"twitter:data1\" content=\"3 minutos\" \/>\n<script type=\"application\/ld+json\" class=\"yoast-schema-graph\">{\"@context\":\"https:\\\/\\\/schema.org\",\"@graph\":[{\"@type\":\"WebPage\",\"@id\":\"https:\\\/\\\/www.flfuoriserie.com\\\/pt-br\\\/acessorios\\\/acessorios-de-nylon-couro-e-fibra-de-carbono\\\/royal-strip\\\/bolsa-de-ombro-de-viagem\\\/\",\"url\":\"https:\\\/\\\/www.flfuoriserie.com\\\/pt-br\\\/acessorios\\\/acessorios-de-nylon-couro-e-fibra-de-carbono\\\/royal-strip\\\/bolsa-de-ombro-de-viagem\\\/\",\"name\":\"Bolsa de Ombro de Viagem - FL Fuoriserie\",\"isPartOf\":{\"@id\":\"https:\\\/\\\/www.flfuoriserie.com\\\/pt-br\\\/#website\"},\"datePublished\":\"2025-03-17T14:53:07+00:00\",\"dateModified\":\"2025-07-17T15:11:04+00:00\",\"breadcrumb\":{\"@id\":\"https:\\\/\\\/www.flfuoriserie.com\\\/pt-br\\\/acessorios\\\/acessorios-de-nylon-couro-e-fibra-de-carbono\\\/royal-strip\\\/bolsa-de-ombro-de-viagem\\\/#breadcrumb\"},\"inLanguage\":\"pt-BR\",\"potentialAction\":[{\"@type\":\"ReadAction\",\"target\":[\"https:\\\/\\\/www.flfuoriserie.com\\\/pt-br\\\/acessorios\\\/acessorios-de-nylon-couro-e-fibra-de-carbono\\\/royal-strip\\\/bolsa-de-ombro-de-viagem\\\/\"]}]},{\"@type\":\"BreadcrumbList\",\"@id\":\"https:\\\/\\\/www.flfuoriserie.com\\\/pt-br\\\/acessorios\\\/acessorios-de-nylon-couro-e-fibra-de-carbono\\\/royal-strip\\\/bolsa-de-ombro-de-viagem\\\/#breadcrumb\",\"itemListElement\":[{\"@type\":\"ListItem\",\"position\":1,\"name\":\"Home\",\"item\":\"https:\\\/\\\/www.flfuoriserie.com\\\/pt-br\\\/\"},{\"@type\":\"ListItem\",\"position\":2,\"name\":\"Acess\u00f3rios\",\"item\":\"https:\\\/\\\/www.flfuoriserie.com\\\/pt-br\\\/acessorios\\\/\"},{\"@type\":\"ListItem\",\"position\":3,\"name\":\"Acess\u00f3rios de nylon, couro e fibra de carbono\",\"item\":\"http:\\\/\\\/www.flfuoriserie.com\\\/pt-br\\\/acessorios\\\/acessorios-de-nylon-couro-e-fibra-de-carbono\\\/\"},{\"@type\":\"ListItem\",\"position\":4,\"name\":\"Royal Strip\",\"item\":\"http:\\\/\\\/www.flfuoriserie.com\\\/pt-br\\\/acessorios\\\/acessorios-de-nylon-couro-e-fibra-de-carbono\\\/royal-strip\\\/\"},{\"@type\":\"ListItem\",\"position\":5,\"name\":\"Bolsa de Ombro de Viagem\"}]},{\"@type\":\"WebSite\",\"@id\":\"https:\\\/\\\/www.flfuoriserie.com\\\/pt-br\\\/#website\",\"url\":\"https:\\\/\\\/www.flfuoriserie.com\\\/pt-br\\\/\",\"name\":\"FL Fuoriserie | Official site\",\"description\":\"FL Fuoriserie\",\"publisher\":{\"@id\":\"https:\\\/\\\/www.flfuoriserie.com\\\/pt-br\\\/#organization\"},\"alternateName\":\"FL Official\",\"potentialAction\":[{\"@type\":\"SearchAction\",\"target\":{\"@type\":\"EntryPoint\",\"urlTemplate\":\"https:\\\/\\\/www.flfuoriserie.com\\\/pt-br\\\/?s={search_term_string}\"},\"query-input\":{\"@type\":\"PropertyValueSpecification\",\"valueRequired\":true,\"valueName\":\"search_term_string\"}}],\"inLanguage\":\"pt-BR\"},{\"@type\":\"Organization\",\"@id\":\"https:\\\/\\\/www.flfuoriserie.com\\\/pt-br\\\/#organization\",\"name\":\"FL Fuoriserie\",\"alternateName\":\"FL\",\"url\":\"https:\\\/\\\/www.flfuoriserie.com\\\/pt-br\\\/\",\"logo\":{\"@type\":\"ImageObject\",\"inLanguage\":\"pt-BR\",\"@id\":\"https:\\\/\\\/www.flfuoriserie.com\\\/pt-br\\\/#\\\/schema\\\/logo\\\/image\\\/\",\"url\":\"https:\\\/\\\/www.flfuoriserie.com\\\/wp-content\\\/uploads\\\/2025\\\/11\\\/Classico.jpg\",\"contentUrl\":\"https:\\\/\\\/www.flfuoriserie.com\\\/wp-content\\\/uploads\\\/2025\\\/11\\\/Classico.jpg\",\"width\":584,\"height\":518,\"caption\":\"FL Fuoriserie\"},\"image\":{\"@id\":\"https:\\\/\\\/www.flfuoriserie.com\\\/pt-br\\\/#\\\/schema\\\/logo\\\/image\\\/\"},\"sameAs\":[\"https:\\\/\\\/www.instagram.com\\\/flfuoriserieofficial\\\/?hl=it\"]}]}<\/script>\n<!-- \/ Yoast SEO plugin. -->","yoast_head_json":{"title":"Bolsa de Ombro de Viagem - FL Fuoriserie","robots":{"index":"index","follow":"follow","max-snippet":"max-snippet:-1","max-image-preview":"max-image-preview:large","max-video-preview":"max-video-preview:-1"},"canonical":"https:\/\/www.flfuoriserie.com\/pt-br\/acessorios\/acessorios-de-nylon-couro-e-fibra-de-carbono\/royal-strip\/bolsa-de-ombro-de-viagem\/","og_locale":"pt_BR","og_type":"article","og_title":"Bolsa de Ombro de Viagem - FL Fuoriserie","og_description":"[vc_row row_height_percent=&#8221;0&#8243; back_image=&#8221;103529&#8243; overlay_alpha=&#8221;50&#8243; gutter_size=&#8221;3&#8243; column_width_percent=&#8221;100&#8243; shift_y=&#8221;0&#8243; z_index=&#8221;0&#8243; content_parallax=&#8221;0&#8243; uncode_shortcode_id=&#8221;163888&#8243; css=&#8221;.vc_custom_1741164782682{padding-top: 75px !important;padding-right: 0px !important;padding-bottom: 75px !important;padding-left: 0px !important;}&#8221; el_class=&#8221;divconslide [&hellip;]","og_url":"https:\/\/www.flfuoriserie.com\/pt-br\/acessorios\/acessorios-de-nylon-couro-e-fibra-de-carbono\/royal-strip\/bolsa-de-ombro-de-viagem\/","og_site_name":"FL Fuoriserie","article_modified_time":"2025-07-17T15:11:04+00:00","og_image":[{"width":1200,"height":675,"url":"https:\/\/www.flfuoriserie.com\/wp-content\/uploads\/2025\/11\/img_page_FL.jpg","type":"image\/jpeg"}],"twitter_card":"summary_large_image","twitter_misc":{"Est. tempo de leitura":"3 minutos"},"schema":{"@context":"https:\/\/schema.org","@graph":[{"@type":"WebPage","@id":"https:\/\/www.flfuoriserie.com\/pt-br\/acessorios\/acessorios-de-nylon-couro-e-fibra-de-carbono\/royal-strip\/bolsa-de-ombro-de-viagem\/","url":"https:\/\/www.flfuoriserie.com\/pt-br\/acessorios\/acessorios-de-nylon-couro-e-fibra-de-carbono\/royal-strip\/bolsa-de-ombro-de-viagem\/","name":"Bolsa de Ombro de Viagem - FL Fuoriserie","isPartOf":{"@id":"https:\/\/www.flfuoriserie.com\/pt-br\/#website"},"datePublished":"2025-03-17T14:53:07+00:00","dateModified":"2025-07-17T15:11:04+00:00","breadcrumb":{"@id":"https:\/\/www.flfuoriserie.com\/pt-br\/acessorios\/acessorios-de-nylon-couro-e-fibra-de-carbono\/royal-strip\/bolsa-de-ombro-de-viagem\/#breadcrumb"},"inLanguage":"pt-BR","potentialAction":[{"@type":"ReadAction","target":["https:\/\/www.flfuoriserie.com\/pt-br\/acessorios\/acessorios-de-nylon-couro-e-fibra-de-carbono\/royal-strip\/bolsa-de-ombro-de-viagem\/"]}]},{"@type":"BreadcrumbList","@id":"https:\/\/www.flfuoriserie.com\/pt-br\/acessorios\/acessorios-de-nylon-couro-e-fibra-de-carbono\/royal-strip\/bolsa-de-ombro-de-viagem\/#breadcrumb","itemListElement":[{"@type":"ListItem","position":1,"name":"Home","item":"https:\/\/www.flfuoriserie.com\/pt-br\/"},{"@type":"ListItem","position":2,"name":"Acess\u00f3rios","item":"https:\/\/www.flfuoriserie.com\/pt-br\/acessorios\/"},{"@type":"ListItem","position":3,"name":"Acess\u00f3rios de nylon, couro e fibra de carbono","item":"http:\/\/www.flfuoriserie.com\/pt-br\/acessorios\/acessorios-de-nylon-couro-e-fibra-de-carbono\/"},{"@type":"ListItem","position":4,"name":"Royal Strip","item":"http:\/\/www.flfuoriserie.com\/pt-br\/acessorios\/acessorios-de-nylon-couro-e-fibra-de-carbono\/royal-strip\/"},{"@type":"ListItem","position":5,"name":"Bolsa de Ombro de Viagem"}]},{"@type":"WebSite","@id":"https:\/\/www.flfuoriserie.com\/pt-br\/#website","url":"https:\/\/www.flfuoriserie.com\/pt-br\/","name":"FL Fuoriserie | Official site","description":"FL Fuoriserie","publisher":{"@id":"https:\/\/www.flfuoriserie.com\/pt-br\/#organization"},"alternateName":"FL Official","potentialAction":[{"@type":"SearchAction","target":{"@type":"EntryPoint","urlTemplate":"https:\/\/www.flfuoriserie.com\/pt-br\/?s={search_term_string}"},"query-input":{"@type":"PropertyValueSpecification","valueRequired":true,"valueName":"search_term_string"}}],"inLanguage":"pt-BR"},{"@type":"Organization","@id":"https:\/\/www.flfuoriserie.com\/pt-br\/#organization","name":"FL Fuoriserie","alternateName":"FL","url":"https:\/\/www.flfuoriserie.com\/pt-br\/","logo":{"@type":"ImageObject","inLanguage":"pt-BR","@id":"https:\/\/www.flfuoriserie.com\/pt-br\/#\/schema\/logo\/image\/","url":"https:\/\/www.flfuoriserie.com\/wp-content\/uploads\/2025\/11\/Classico.jpg","contentUrl":"https:\/\/www.flfuoriserie.com\/wp-content\/uploads\/2025\/11\/Classico.jpg","width":584,"height":518,"caption":"FL Fuoriserie"},"image":{"@id":"https:\/\/www.flfuoriserie.com\/pt-br\/#\/schema\/logo\/image\/"},"sameAs":["https:\/\/www.instagram.com\/flfuoriserieofficial\/?hl=it"]}]}},"_links":{"self":[{"href":"https:\/\/www.flfuoriserie.com\/pt-br\/wp-json\/wp\/v2\/pages\/103867","targetHints":{"allow":["GET"]}}],"collection":[{"href":"https:\/\/www.flfuoriserie.com\/pt-br\/wp-json\/wp\/v2\/pages"}],"about":[{"href":"https:\/\/www.flfuoriserie.com\/pt-br\/wp-json\/wp\/v2\/types\/page"}],"author":[{"embeddable":true,"href":"https:\/\/www.flfuoriserie.com\/pt-br\/wp-json\/wp\/v2\/users\/8"}],"replies":[{"embeddable":true,"href":"https:\/\/www.flfuoriserie.com\/pt-br\/wp-json\/wp\/v2\/comments?post=103867"}],"version-history":[{"count":3,"href":"https:\/\/www.flfuoriserie.com\/pt-br\/wp-json\/wp\/v2\/pages\/103867\/revisions"}],"predecessor-version":[{"id":104876,"href":"https:\/\/www.flfuoriserie.com\/pt-br\/wp-json\/wp\/v2\/pages\/103867\/revisions\/104876"}],"up":[{"embeddable":true,"href":"https:\/\/www.flfuoriserie.com\/pt-br\/wp-json\/wp\/v2\/pages\/103894"}],"wp:attachment":[{"href":"https:\/\/www.flfuoriserie.com\/pt-br\/wp-json\/wp\/v2\/media?parent=103867"}],"curies":[{"name":"wp","href":"https:\/\/api.w.org\/{rel}","templated":true}]}}