{"id":102025,"date":"2024-02-28T10:19:15","date_gmt":"2024-02-28T09:19:15","guid":{"rendered":"https:\/\/www.flfuoriserie.com\/luxury-hub\/"},"modified":"2025-12-18T17:41:21","modified_gmt":"2025-12-18T16:41:21","slug":"luxury-hub","status":"publish","type":"page","link":"https:\/\/www.flfuoriserie.com\/pt-br\/luxury-hub\/","title":{"rendered":"Centro de luxo"},"content":{"rendered":"<div class=\"wpb-content-wrapper\"><p>[vc_row unlock_row_content=&#8221;yes&#8221; row_height_percent=&#8221;15&#8243; override_padding=&#8221;yes&#8221; h_padding=&#8221;0&#8243; top_padding=&#8221;0&#8243; bottom_padding=&#8221;0&#8243; back_color=&#8221;accent&#8221; overlay_alpha=&#8221;100&#8243; gutter_size=&#8221;100&#8243; column_width_percent=&#8221;100&#8243; shift_y=&#8221;0&#8243; z_index=&#8221;0&#8243; style=&#8221;inherited&#8221; css=&#8221;.vc_custom_1622110185343{margin-top: 0px !important;margin-bottom: 0px !important;padding-top: 0px !important;padding-right: 0px !important;padding-bottom: 0px !important;padding-left: 0px !important;}&#8221; el_class=&#8221;responsive&#8221;][vc_column column_width_percent=&#8221;100&#8243; gutter_size=&#8221;3&#8243; override_padding=&#8221;yes&#8221; column_padding=&#8221;0&#8243; back_color=&#8221;color-wayh&#8221; overlay_alpha=&#8221;100&#8243; shift_x=&#8221;0&#8243; shift_y=&#8221;0&#8243; shift_y_down=&#8221;0&#8243; z_index=&#8221;0&#8243; medium_width=&#8221;0&#8243; mobile_width=&#8221;0&#8243; zoom_width=&#8221;0&#8243; zoom_height=&#8221;0&#8243; width=&#8221;1\/1&#8243; el_class=&#8221;responsive&#8221;][vc_row_inner row_inner_height_percent=&#8221;0&#8243; back_image=&#8221;106431&#8243; back_position=&#8221;center top&#8221; overlay_alpha=&#8221;50&#8243; equal_height=&#8221;yes&#8221; gutter_size=&#8221;0&#8243; shift_y=&#8221;0&#8243; z_index=&#8221;0&#8243; css=&#8221;.vc_custom_1766072511164{margin-top: 0px !important;margin-bottom: 0px !important;padding-top: 75px !important;padding-right: 0px !important;padding-bottom: 75px !important;padding-left: 0px !important;}&#8221; limit_content=&#8221;&#8221; el_class=&#8221;portrait&#8221; uncode_shortcode_id=&#8221;292066&#8243;][vc_column_inner column_width_percent=&#8221;100&#8243; position_vertical=&#8221;middle&#8221; align_horizontal=&#8221;align_right&#8221; gutter_size=&#8221;3&#8243; overlay_alpha=&#8221;50&#8243; shift_x=&#8221;0&#8243; shift_y=&#8221;0&#8243; shift_y_down=&#8221;0&#8243; z_index=&#8221;0&#8243; medium_width=&#8221;0&#8243; mobile_width=&#8221;0&#8243; css_animation=&#8221;left-t-right&#8221; width=&#8221;1\/2&#8243; css=&#8221;.vc_custom_1627051265492{padding-top: 0px !important;padding-right: 0px !important;padding-bottom: 0px !important;padding-left: 0px !important;}&#8221; el_class=&#8221;parte-text&#8221; el_id=&#8221;marlef&#8221;][vc_column_text css=&#8221;.vc_custom_1766073924644{padding-right: 10% !important;padding-left: 10% !important;}&#8221; uncode_shortcode_id=&#8221;189264&#8243;]<\/p>\n<h3>Lounge Bar<\/h3>\n<p>O FL Fuoriserie Lounge Bar \u00e9 uma experi\u00eancia que combina excel\u00eancia em caf\u00e9, design contempor\u00e2neo e hospitalidade refinada. Um destino exclusivo onde cada detalhe, do sabor \u00e0 atmosfera, celebra a eleg\u00e2ncia e o estilo de vida do FL Fuoriserie. <\/p>\n<p><a class=\"fl-link fl-link--line\" href=\"https:\/\/www.flfuoriserie.com\/en\/lounge-bar\/\">Saiba mais<\/a>[\/vc_column_text][\/vc_column_inner][vc_column_inner column_width_percent=&#8221;100&#8243; position_vertical=&#8221;middle&#8221; align_horizontal=&#8221;align_center&#8221; gutter_size=&#8221;3&#8243; overlay_alpha=&#8221;50&#8243; shift_x=&#8221;0&#8243; shift_y=&#8221;0&#8243; shift_y_down=&#8221;0&#8243; z_index=&#8221;0&#8243; medium_width=&#8221;0&#8243; mobile_width=&#8221;0&#8243; css_animation=&#8221;left-t-right&#8221; animation_speed=&#8221;800&#8243; animation_delay=&#8221;200&#8243; width=&#8221;1\/2&#8243; css=&#8221;.vc_custom_1689764297856{padding-top: 0px !important;padding-right: 7% !important;padding-bottom: 0px !important;padding-left: 7% !important;}&#8221; uncode_shortcode_id=&#8221;197068&#8243;][\/vc_column_inner][\/vc_row_inner][vc_row_inner row_inner_height_percent=&#8221;0&#8243; back_image=&#8221;100601&#8243; back_position=&#8221;left center&#8221; overlay_alpha=&#8221;50&#8243; equal_height=&#8221;yes&#8221; gutter_size=&#8221;0&#8243; shift_y=&#8221;0&#8243; z_index=&#8221;0&#8243; css=&#8221;.vc_custom_1689763590976{margin-top: 0px !important;margin-bottom: 0px !important;padding-top: 75px !important;padding-right: 0px !important;padding-bottom: 75px !important;padding-left: 0px !important;}&#8221; limit_content=&#8221;&#8221; uncode_shortcode_id=&#8221;185048&#8243;][vc_column_inner column_width_percent=&#8221;100&#8243; position_vertical=&#8221;middle&#8221; align_horizontal=&#8221;align_right&#8221; gutter_size=&#8221;3&#8243; overlay_alpha=&#8221;50&#8243; shift_x=&#8221;0&#8243; shift_y=&#8221;0&#8243; shift_y_down=&#8221;0&#8243; z_index=&#8221;0&#8243; medium_width=&#8221;0&#8243; mobile_width=&#8221;0&#8243; css_animation=&#8221;left-t-right&#8221; width=&#8221;1\/2&#8243; css=&#8221;.vc_custom_1620976876244{padding-top: 0px !important;padding-right: 0px !important;padding-bottom: 0px !important;padding-left: 0px !important;}&#8221;][\/vc_column_inner][vc_column_inner column_width_percent=&#8221;100&#8243; position_vertical=&#8221;middle&#8221; align_horizontal=&#8221;align_center&#8221; gutter_size=&#8221;3&#8243; overlay_alpha=&#8221;50&#8243; shift_x=&#8221;0&#8243; shift_y=&#8221;0&#8243; shift_y_down=&#8221;0&#8243; z_index=&#8221;0&#8243; medium_width=&#8221;0&#8243; mobile_width=&#8221;0&#8243; css_animation=&#8221;right-t-left&#8221; animation_speed=&#8221;800&#8243; animation_delay=&#8221;200&#8243; width=&#8221;1\/2&#8243; css=&#8221;.vc_custom_1689764386271{padding-top: 0px !important;padding-bottom: 0px !important;padding-left: 0px !important;}&#8221; uncode_shortcode_id=&#8221;167016&#8243; el_id=&#8221;marrig&#8221; el_class=&#8221;parte-text-dx&#8221;][vc_column_text css=&#8221;.vc_custom_1690276776509{padding-right: 10% !important;padding-left: 10% !important;}&#8221; uncode_shortcode_id=&#8221;153037&#8243;]<\/p>\n<h3>Academia de gin\u00e1stica<\/h3>\n<p>FL Fuoriserie Fitness club, um para\u00edso esportivo de \u00faltima gera\u00e7\u00e3o com servi\u00e7o completo.<br \/>\nNosso &#8220;One Stop Shop&#8221; para que voc\u00ea atinja seus objetivos esportivos e tenha um estilo de vida saud\u00e1vel. Nossas instala\u00e7\u00f5es de \u00faltima gera\u00e7\u00e3o oferecem a voc\u00ea tudo em um s\u00f3 lugar. <\/p>\n<p>Quadra de basquete do tamanho da NBA, quadra de v\u00f4lei, academia de gin\u00e1stica, CrossFit, gramado externo da NFL, futebol, beisebol, ioga e nossa \u00e1rea de tratamento Relax and Recover.<br \/>\nAl\u00e9m disso, voc\u00ea poder\u00e1 se divertir em nossa \u00e1rea de lounge com lanches e bebidas saud\u00e1veis.<\/p>\n<p>Nosso objetivo \u00e9 criar um ambiente exclusivo que ofere\u00e7a servi\u00e7os que atendam n\u00e3o apenas a atletas profissionais, mas a qualquer pessoa que queira manter um estilo de vida saud\u00e1vel.<\/p>\n<p><a class=\"fl-link fl-link--line\" href=\"https:\/\/www.flfuoriserie.com\/en\/fitness-club\/\">Saiba mais<\/a>[\/vc_column_text][\/vc_column_inner][\/vc_row_inner][vc_row_inner row_inner_height_percent=&#8221;0&#8243; back_image=&#8221;100760&#8243; overlay_alpha=&#8221;50&#8243; equal_height=&#8221;yes&#8221; gutter_size=&#8221;0&#8243; shift_y=&#8221;0&#8243; z_index=&#8221;0&#8243; css=&#8221;.vc_custom_1690367204351{margin-top: 0px !important;margin-bottom: 0px !important;padding-top: 75px !important;padding-right: 0px !important;padding-bottom: 75px !important;padding-left: 0px !important;}&#8221; limit_content=&#8221;&#8221; el_class=&#8221;portrait&#8221; uncode_shortcode_id=&#8221;142122&#8243;][vc_column_inner column_width_percent=&#8221;100&#8243; position_vertical=&#8221;middle&#8221; align_horizontal=&#8221;align_right&#8221; gutter_size=&#8221;3&#8243; overlay_alpha=&#8221;50&#8243; shift_x=&#8221;0&#8243; shift_y=&#8221;0&#8243; shift_y_down=&#8221;0&#8243; z_index=&#8221;0&#8243; medium_width=&#8221;0&#8243; mobile_width=&#8221;0&#8243; css_animation=&#8221;left-t-right&#8221; width=&#8221;1\/2&#8243; css=&#8221;.vc_custom_1627051265492{padding-top: 0px !important;padding-right: 0px !important;padding-bottom: 0px !important;padding-left: 0px !important;}&#8221; el_class=&#8221;parte-text&#8221; el_id=&#8221;marlef&#8221;][vc_column_text css=&#8221;.vc_custom_1709109470850{padding-right: 10% !important;padding-left: 10% !important;}&#8221; uncode_shortcode_id=&#8221;101336&#8243;]<\/p>\n<h3>Loja<\/h3>\n<p>As lojas da marca FL Fuoriserie exalar\u00e3o eleg\u00e2ncia e luxo com um toque italiano. A paleta de design gira em torno do preto, branco e dourado, complementada por sutis toques de azul. O uso de materiais premium, como m\u00e1rmore e acabamentos met\u00e1licos, criar\u00e1 uma experi\u00eancia de compra luxuosa, refletindo a opul\u00eancia da marca.  <\/p>\n<p><a class=\"fl-link fl-link--line\" href=\"https:\/\/www.flfuoriserie.com\/en\/show-room\/\">Saiba mais<\/a>[\/vc_column_text][\/vc_column_inner][vc_column_inner column_width_percent=&#8221;100&#8243; position_vertical=&#8221;middle&#8221; align_horizontal=&#8221;align_center&#8221; gutter_size=&#8221;3&#8243; overlay_alpha=&#8221;50&#8243; shift_x=&#8221;0&#8243; shift_y=&#8221;0&#8243; shift_y_down=&#8221;0&#8243; z_index=&#8221;0&#8243; medium_width=&#8221;0&#8243; mobile_width=&#8221;0&#8243; css_animation=&#8221;left-t-right&#8221; animation_speed=&#8221;800&#8243; animation_delay=&#8221;200&#8243; width=&#8221;1\/2&#8243; css=&#8221;.vc_custom_1689764297856{padding-top: 0px !important;padding-right: 7% !important;padding-bottom: 0px !important;padding-left: 7% !important;}&#8221; uncode_shortcode_id=&#8221;197068&#8243;][\/vc_column_inner][\/vc_row_inner][\/vc_column][\/vc_row][vc_row][vc_column width=&#8221;1\/1&#8243;][uncode_block id=&#8221;85012&#8243;][\/vc_column][\/vc_row]<\/p>\n<\/div>","protected":false},"excerpt":{"rendered":"<p>[vc_row unlock_row_content=&#8221;yes&#8221; row_height_percent=&#8221;15&#8243; override_padding=&#8221;yes&#8221; h_padding=&#8221;0&#8243; top_padding=&#8221;0&#8243; bottom_padding=&#8221;0&#8243; back_color=&#8221;accent&#8221; overlay_alpha=&#8221;100&#8243; gutter_size=&#8221;100&#8243; column_width_percent=&#8221;100&#8243; shift_y=&#8221;0&#8243; z_index=&#8221;0&#8243; style=&#8221;inherited&#8221; css=&#8221;.vc_custom_1622110185343{margin-top: 0px !important;margin-bottom: 0px !important;padding-top: 0px [&hellip;]<\/p>\n","protected":false},"author":8,"featured_media":0,"parent":0,"menu_order":0,"comment_status":"closed","ping_status":"closed","template":"","meta":{"_monsterinsights_skip_tracking":false,"_monsterinsights_sitenote_active":false,"_monsterinsights_sitenote_note":"","_monsterinsights_sitenote_category":0,"footnotes":""},"class_list":["post-102025","page","type-page","status-publish","hentry"],"_links":{"self":[{"href":"https:\/\/www.flfuoriserie.com\/pt-br\/wp-json\/wp\/v2\/pages\/102025","targetHints":{"allow":["GET"]}}],"collection":[{"href":"https:\/\/www.flfuoriserie.com\/pt-br\/wp-json\/wp\/v2\/pages"}],"about":[{"href":"https:\/\/www.flfuoriserie.com\/pt-br\/wp-json\/wp\/v2\/types\/page"}],"author":[{"embeddable":true,"href":"https:\/\/www.flfuoriserie.com\/pt-br\/wp-json\/wp\/v2\/users\/8"}],"replies":[{"embeddable":true,"href":"https:\/\/www.flfuoriserie.com\/pt-br\/wp-json\/wp\/v2\/comments?post=102025"}],"version-history":[{"count":22,"href":"https:\/\/www.flfuoriserie.com\/pt-br\/wp-json\/wp\/v2\/pages\/102025\/revisions"}],"predecessor-version":[{"id":106459,"href":"https:\/\/www.flfuoriserie.com\/pt-br\/wp-json\/wp\/v2\/pages\/102025\/revisions\/106459"}],"wp:attachment":[{"href":"https:\/\/www.flfuoriserie.com\/pt-br\/wp-json\/wp\/v2\/media?parent=102025"}],"curies":[{"name":"wp","href":"https:\/\/api.w.org\/{rel}","templated":true}]}}