{"id":100115,"date":"2023-05-26T18:28:36","date_gmt":"2023-05-26T16:28:36","guid":{"rendered":"https:\/\/www.flfuoriserie.com\/pressroom_login\/"},"modified":"2023-05-26T18:33:43","modified_gmt":"2023-05-26T16:33:43","slug":"imprensa-mobile","status":"publish","type":"page","link":"https:\/\/www.flfuoriserie.com\/pt-br\/imprensa-mobile\/","title":{"rendered":"Sala de Imprensa"},"content":{"rendered":"<div class=\"wpb-content-wrapper\"><p>[vc_row row_height_percent=&#8221;0&#8243; overlay_alpha=&#8221;50&#8243; gutter_size=&#8221;3&#8243; column_width_percent=&#8221;100&#8243; shift_y=&#8221;0&#8243; z_index=&#8221;0&#8243; css=&#8221;.vc_custom_1623256528920{margin-top: 25px !important;margin-bottom: 25px !important;}&#8221;][vc_column column_width_percent=&#8221;100&#8243; gutter_size=&#8221;3&#8243; overlay_alpha=&#8221;50&#8243; shift_x=&#8221;0&#8243; shift_y=&#8221;0&#8243; shift_y_down=&#8221;0&#8243; z_index=&#8221;0&#8243; medium_width=&#8221;0&#8243; mobile_width=&#8221;0&#8243; width=&#8221;1\/1&#8243; css=&#8221;.vc_custom_1623313109553{padding-right: 8% !important;padding-left: 8% !important;}&#8221;][vc_raw_html el_class=&#8221;login&#8221;]W3dwbWVtX2xvZ2dlZF9pbl0KPG1ldGEgaHR0cC1lcXVpdj0icmVmcmVzaCIgY29udGVudD0iMDtVUkw9aHR0cHM6Ly93d3cuZmxmdW9yaXNlcmllLmNvbS9wdC1ici9wcmVzc3Jvb21fbG9naW4vcHJlc3Mtcm9vbS1hc3NldHMiPgpbL3dwbWVtX2xvZ2dlZF9pbl0KCg==[\/vc_raw_html][\/vc_column][\/vc_row][vc_row row_height_percent=&#8221;&#8221; overlay_alpha=&#8221;&#8221; gutter_size=&#8221;&#8221; column_width_percent=&#8221;&#8221; shift_y=&#8221;&#8221; z_index=&#8221;&#8221; top_divider=&#8221;&#8221; bottom_divider=&#8221;&#8221; css=&#8221;.vc_custom_1628179012644{padding-right: 8% !important;padding-bottom: 25px !important;padding-left: 8% !important;}&#8221;][vc_column column_width_percent=&#8221;100&#8243; gutter_size=&#8221;3&#8243; overlay_alpha=&#8221;50&#8243; shift_x=&#8221;0&#8243; shift_y=&#8221;0&#8243; shift_y_down=&#8221;0&#8243; z_index=&#8221;0&#8243; medium_width=&#8221;0&#8243; mobile_width=&#8221;0&#8243; width=&#8221;1\/2&#8243;][vc_raw_html el_class=&#8221;login&#8221;]W3dwbWVtX2Zvcm0gbG9naW4gcmVkaXJlY3RfdG89Imh0dHBzOi8vd3d3LmZsZnVvcmlzZXJpZS5jb20vcHJlc3Nyb29tLWxvZ2luL3ByZXNzLXJvb20tYXNzZXRzLyJdCgo=[\/vc_raw_html][\/vc_column][vc_column column_width_percent=&#8221;100&#8243; gutter_size=&#8221;3&#8243; overlay_alpha=&#8221;50&#8243; shift_x=&#8221;0&#8243; shift_y=&#8221;0&#8243; shift_y_down=&#8221;0&#8243; z_index=&#8221;0&#8243; medium_width=&#8221;0&#8243; mobile_width=&#8221;0&#8243; width=&#8221;1\/2&#8243; css=&#8221;.vc_custom_1628179361346{padding-top: 40px !important;padding-right: 5% !important;padding-left: 5% !important;}&#8221;][vc_custom_heading heading_semantic=&#8221;h3&#8243; text_size=&#8221;h3&#8243; text_weight=&#8221;300&#8243; text_color=&#8221;color-jevc&#8221;]CADASTRO[\/vc_custom_heading][vc_column_text el_class=&#8221;login&#8221;]Se \u00e9 jornalista e pretende aceder a informa\u00e7\u00e3o sobre a marca FL Fuoriserie, registe-se atrav\u00e9s do formul\u00e1rio, ser-lhe-\u00e3o enviadas as suas credenciais.<\/p>\n<p><a class=\"fl-link fl-link--line\" href=\"https:\/\/www.flfuoriserie.com\/pt-br\/imprensa\/press-room-registration\/\">Descubra mais<\/a>[\/vc_column_text][\/vc_column][\/vc_row][vc_row][vc_column width=&#8221;1\/1&#8243;][uncode_block id=&#8221;85309&#8243;][\/vc_column][\/vc_row]<\/p>\n<\/div>","protected":false},"excerpt":{"rendered":"<p>[vc_row row_height_percent=&#8221;0&#8243; overlay_alpha=&#8221;50&#8243; gutter_size=&#8221;3&#8243; column_width_percent=&#8221;100&#8243; shift_y=&#8221;0&#8243; z_index=&#8221;0&#8243; css=&#8221;.vc_custom_1623256528920{margin-top: 25px !important;margin-bottom: 25px !important;}&#8221;][vc_column column_width_percent=&#8221;100&#8243; gutter_size=&#8221;3&#8243; overlay_alpha=&#8221;50&#8243; shift_x=&#8221;0&#8243; shift_y=&#8221;0&#8243; shift_y_down=&#8221;0&#8243; z_index=&#8221;0&#8243; medium_width=&#8221;0&#8243; [&hellip;]<\/p>\n","protected":false},"author":8,"featured_media":0,"parent":0,"menu_order":0,"comment_status":"closed","ping_status":"closed","template":"","meta":{"_monsterinsights_skip_tracking":false,"_monsterinsights_sitenote_active":false,"_monsterinsights_sitenote_note":"","_monsterinsights_sitenote_category":0,"footnotes":""},"class_list":["post-100115","page","type-page","status-publish","hentry","page_category-mobile-pt-br"],"_links":{"self":[{"href":"https:\/\/www.flfuoriserie.com\/pt-br\/wp-json\/wp\/v2\/pages\/100115","targetHints":{"allow":["GET"]}}],"collection":[{"href":"https:\/\/www.flfuoriserie.com\/pt-br\/wp-json\/wp\/v2\/pages"}],"about":[{"href":"https:\/\/www.flfuoriserie.com\/pt-br\/wp-json\/wp\/v2\/types\/page"}],"author":[{"embeddable":true,"href":"https:\/\/www.flfuoriserie.com\/pt-br\/wp-json\/wp\/v2\/users\/8"}],"replies":[{"embeddable":true,"href":"https:\/\/www.flfuoriserie.com\/pt-br\/wp-json\/wp\/v2\/comments?post=100115"}],"version-history":[{"count":3,"href":"https:\/\/www.flfuoriserie.com\/pt-br\/wp-json\/wp\/v2\/pages\/100115\/revisions"}],"predecessor-version":[{"id":100119,"href":"https:\/\/www.flfuoriserie.com\/pt-br\/wp-json\/wp\/v2\/pages\/100115\/revisions\/100119"}],"wp:attachment":[{"href":"https:\/\/www.flfuoriserie.com\/pt-br\/wp-json\/wp\/v2\/media?parent=100115"}],"curies":[{"name":"wp","href":"https:\/\/api.w.org\/{rel}","templated":true}]}}