{"id":94900,"date":"2023-01-30T10:28:27","date_gmt":"2023-01-30T09:28:27","guid":{"rendered":"https:\/\/www.flfuoriserie.com\/discover-more\/"},"modified":"2025-09-02T12:03:46","modified_gmt":"2025-09-02T10:03:46","slug":"descubra-mais","status":"publish","type":"page","link":"https:\/\/www.flfuoriserie.com\/pt-br\/descubra-mais\/","title":{"rendered":"Descubra mais"},"content":{"rendered":"<div class=\"wpb-content-wrapper\"><p>[vc_row row_height_percent=&#8221;0&#8243; overlay_alpha=&#8221;100&#8243; gutter_size=&#8221;100&#8243; column_width_percent=&#8221;100&#8243; shift_y=&#8221;0&#8243; z_index=&#8221;0&#8243; style=&#8221;inherited&#8221; css=&#8221;.vc_custom_1637855700176{padding-top: 45px !important;padding-bottom: 25px !important;}&#8221; uncode_shortcode_id=&#8221;878226&#8243;][vc_column column_width_percent=&#8221;75&#8243; align_horizontal=&#8221;align_center&#8221; gutter_size=&#8221;4&#8243; overlay_alpha=&#8221;100&#8243; shift_x=&#8221;0&#8243; shift_y=&#8221;0&#8243; shift_y_down=&#8221;0&#8243; z_index=&#8221;0&#8243; medium_width=&#8221;100&#8243; mobile_width=&#8221;0&#8243; zoom_width=&#8221;0&#8243; zoom_height=&#8221;0&#8243; width=&#8221;1\/1&#8243; el_class=&#8221;login&#8221; uncode_shortcode_id=&#8221;189923&#8243; css=&#8221;.vc_custom_1705653909405{padding-right: 30px !important;padding-left: 30px !important;}&#8221;][vc_custom_heading heading_semantic=&#8221;h4&#8243; text_size=&#8221;h4&#8243;]Solicita\u00e7\u00e3o de informa\u00e7\u00f5es[\/vc_custom_heading][contact-form-7 id=&#8221;31132&#8243; html_class=&#8221;no-labels-underline&#8221; title=&#8221;Information request&#8221;][\/vc_column][\/vc_row][vc_row row_height_percent=&#8221;0&#8243; back_color=&#8221;accent&#8221; overlay_alpha=&#8221;50&#8243; gutter_size=&#8221;3&#8243; column_width_percent=&#8221;100&#8243; shift_y=&#8221;0&#8243; z_index=&#8221;0&#8243;][vc_column width=&#8221;1\/1&#8243;][uncode_block id=&#8221;85012&#8243;][\/vc_column][\/vc_row]<\/p>\n<\/div>","protected":false},"excerpt":{"rendered":"<p>Se voc\u00ea quiser discutir a possibilidade de trabalhar conosco, saber mais sobre a variedade de servi\u00e7os que temos a oferecer ou apenas conversar, entre em contato.<\/p>\n","protected":false},"author":1,"featured_media":93367,"parent":0,"menu_order":0,"comment_status":"open","ping_status":"closed","template":"","meta":{"_monsterinsights_skip_tracking":false,"_monsterinsights_sitenote_active":false,"_monsterinsights_sitenote_note":"","_monsterinsights_sitenote_category":0,"footnotes":""},"class_list":["post-94900","page","type-page","status-publish","has-post-thumbnail","hentry"],"_links":{"self":[{"href":"https:\/\/www.flfuoriserie.com\/pt-br\/wp-json\/wp\/v2\/pages\/94900","targetHints":{"allow":["GET"]}}],"collection":[{"href":"https:\/\/www.flfuoriserie.com\/pt-br\/wp-json\/wp\/v2\/pages"}],"about":[{"href":"https:\/\/www.flfuoriserie.com\/pt-br\/wp-json\/wp\/v2\/types\/page"}],"author":[{"embeddable":true,"href":"https:\/\/www.flfuoriserie.com\/pt-br\/wp-json\/wp\/v2\/users\/1"}],"replies":[{"embeddable":true,"href":"https:\/\/www.flfuoriserie.com\/pt-br\/wp-json\/wp\/v2\/comments?post=94900"}],"version-history":[{"count":25,"href":"https:\/\/www.flfuoriserie.com\/pt-br\/wp-json\/wp\/v2\/pages\/94900\/revisions"}],"predecessor-version":[{"id":106129,"href":"https:\/\/www.flfuoriserie.com\/pt-br\/wp-json\/wp\/v2\/pages\/94900\/revisions\/106129"}],"wp:featuredmedia":[{"embeddable":true,"href":"https:\/\/www.flfuoriserie.com\/pt-br\/wp-json\/wp\/v2\/media\/93367"}],"wp:attachment":[{"href":"https:\/\/www.flfuoriserie.com\/pt-br\/wp-json\/wp\/v2\/media?parent=94900"}],"curies":[{"name":"wp","href":"https:\/\/api.w.org\/{rel}","templated":true}]}}