{"id":105656,"date":"2025-09-02T11:50:16","date_gmt":"2025-09-02T09:50:16","guid":{"rendered":"https:\/\/www.flfuoriserie.com\/acessorios\/"},"modified":"2025-09-02T11:50:17","modified_gmt":"2025-09-02T09:50:17","slug":"acessorios","status":"publish","type":"page","link":"https:\/\/www.flfuoriserie.com\/pt-br\/acessorios\/","title":{"rendered":"Acess\u00f3rios"},"content":{"rendered":"<div class=\"wpb-content-wrapper\"><p>[vc_row unlock_row_content=&#8221;yes&#8221; row_height_percent=&#8221;100&#8243; override_padding=&#8221;yes&#8221; h_padding=&#8221;0&#8243; top_padding=&#8221;0&#8243; bottom_padding=&#8221;0&#8243; back_color=&#8221;accent&#8221; overlay_alpha=&#8221;100&#8243; gutter_size=&#8221;100&#8243; column_width_percent=&#8221;100&#8243; shift_y=&#8221;0&#8243; z_index=&#8221;0&#8243; style=&#8221;inherited&#8221; css=&#8221;.vc_custom_1671790425936{margin-top: 0px !important;margin-bottom: 0px !important;padding-top: 0px !important;padding-right: 0px !important;padding-bottom: 0px !important;padding-left: 0px !important;}&#8221; el_class=&#8221;responsive&#8221; uncode_shortcode_id=&#8221;569292&#8243; back_color_type=&#8221;uncode-palette&#8221; row_name=&#8221;Fashion&#8221;][vc_column column_width_percent=&#8221;100&#8243; gutter_size=&#8221;3&#8243; override_padding=&#8221;yes&#8221; column_padding=&#8221;0&#8243; overlay_alpha=&#8221;100&#8243; shift_x=&#8221;0&#8243; shift_y=&#8221;0&#8243; shift_y_down=&#8221;0&#8243; z_index=&#8221;0&#8243; medium_width=&#8221;0&#8243; mobile_width=&#8221;0&#8243; zoom_width=&#8221;0&#8243; zoom_height=&#8221;0&#8243; width=&#8221;1\/1&#8243; el_class=&#8221;responsive&#8221; uncode_shortcode_id=&#8221;100123&#8243;][vc_row_inner row_inner_height_percent=&#8221;0&#8243; back_image=&#8221;88630&#8243; overlay_alpha=&#8221;50&#8243; equal_height=&#8221;yes&#8221; gutter_size=&#8221;3&#8243; shift_y=&#8221;0&#8243; z_index=&#8221;0&#8243; css=&#8221;.vc_custom_1737988542355{margin-top: 0px !important;margin-bottom: 0px !important;padding-top: 75px !important;padding-right: 0px !important;padding-bottom: 75px !important;padding-left: 0px !important;}&#8221; limit_content=&#8221;&#8221; el_class=&#8221;portrait2&#8243; uncode_shortcode_id=&#8221;626261&#8243;][vc_column_inner width=&#8221;1\/2&#8243;][\/vc_column_inner][vc_column_inner column_width_percent=&#8221;100&#8243; position_vertical=&#8221;middle&#8221; align_horizontal=&#8221;align_center&#8221; gutter_size=&#8221;3&#8243; overlay_alpha=&#8221;50&#8243; shift_x=&#8221;0&#8243; shift_y=&#8221;0&#8243; shift_y_down=&#8221;0&#8243; z_index=&#8221;0&#8243; medium_width=&#8221;0&#8243; mobile_width=&#8221;0&#8243; css_animation=&#8221;left-t-right&#8221; animation_speed=&#8221;600&#8243; animation_delay=&#8221;200&#8243; width=&#8221;1\/6&#8243; css=&#8221;.vc_custom_1634547208980{padding-top: 0px !important;padding-right: 7% !important;padding-bottom: 0px !important;padding-left: 7% !important;}&#8221; el_class=&#8221;parte-img&#8221; uncode_shortcode_id=&#8221;131172&#8243;][vc_single_image media=&#8221;103836&#8243; media_width_use_pixel=&#8221;yes&#8221; alignment=&#8221;center&#8221; css_animation=&#8221;alpha-anim&#8221; media_width_pixel=&#8221;500&#8243; el_class=&#8221;bigger&#8221; uncode_shortcode_id=&#8221;513988&#8243;][\/vc_column_inner][vc_column_inner column_width_percent=&#8221;100&#8243; position_vertical=&#8221;middle&#8221; gutter_size=&#8221;3&#8243; overlay_alpha=&#8221;50&#8243; shift_x=&#8221;0&#8243; shift_y=&#8221;0&#8243; shift_y_down=&#8221;0&#8243; z_index=&#8221;0&#8243; medium_width=&#8221;0&#8243; mobile_width=&#8221;0&#8243; css_animation=&#8221;left-t-right&#8221; animation_speed=&#8221;600&#8243; animation_delay=&#8221;300&#8243; width=&#8221;1\/3&#8243; css=&#8221;.vc_custom_1753454597197{padding-left: 10% !important;}&#8221; el_class=&#8221;parte-text&#8221; uncode_shortcode_id=&#8221;784300&#8243;][vc_column_text uncode_shortcode_id=&#8221;164372&#8243; css=&#8221;.vc_custom_1753454694862{padding-right: 15px !important;}&#8221;]<\/p>\n<h3 style=\"text-align: left;\">Acess\u00f3rios de nylon, couro e fibra de carbono<\/h3>\n<p style=\"text-align: left;\">Busque a perfei\u00e7\u00e3o e descubra a FL Fuoriserie.<\/p>\n<p style=\"text-align: left;\">Nylon, couro e sele\u00e7\u00e3o de carbono<\/p>\n<p style=\"text-align: left;\"><a class=\"fl-link fl-link--line\" href=\"https:\/\/www.flfuoriserie.com\/en\/fl-fuoriserie-selection\/nylon-leather-and-carbon-fiber-accessories\/\">Saiba mais<\/a><\/p>\n<p>[\/vc_column_text][\/vc_column_inner][\/vc_row_inner][vc_row_inner row_inner_height_percent=&#8221;0&#8243; back_image=&#8221;104897&#8243; overlay_alpha=&#8221;50&#8243; equal_height=&#8221;yes&#8221; gutter_size=&#8221;0&#8243; shift_y=&#8221;0&#8243; z_index=&#8221;0&#8243; css=&#8221;.vc_custom_1752828539929{margin-top: 0px !important;margin-bottom: 0px !important;padding-top: 75px !important;padding-right: 0px !important;padding-bottom: 75px !important;padding-left: 0px !important;}&#8221; limit_content=&#8221;&#8221; uncode_shortcode_id=&#8221;685418&#8243; el_class=&#8221;portrait2&#8243;][vc_column_inner column_width_percent=&#8221;100&#8243; position_horizontal=&#8221;left&#8221; position_vertical=&#8221;middle&#8221; gutter_size=&#8221;3&#8243; overlay_alpha=&#8221;50&#8243; shift_x=&#8221;0&#8243; shift_y=&#8221;0&#8243; shift_y_down=&#8221;0&#8243; z_index=&#8221;0&#8243; medium_width=&#8221;0&#8243; mobile_width=&#8221;0&#8243; css_animation=&#8221;right-t-left&#8221; animation_speed=&#8221;800&#8243; animation_delay=&#8221;300&#8243; width=&#8221;1\/3&#8243; css=&#8221;.vc_custom_1651849451308{padding-right: 10% !important;}&#8221; el_class=&#8221;parte-text-dx&#8221; uncode_shortcode_id=&#8221;849450&#8243;][vc_column_text css_animation=&#8221;alpha-anim&#8221; uncode_shortcode_id=&#8221;110848&#8243; css=&#8221;.vc_custom_1753454781773{padding-left: 15px !important;}&#8221;]<\/p>\n<h3 style=\"text-align: right;\">Sele\u00e7\u00e3o de joias da moda<\/h3>\n<p style=\"text-align: right;\">A grande aten\u00e7\u00e3o de Fabio aos detalhes e aos acess\u00f3rios refinados que fazem a diferen\u00e7a o levou a criar uma linha de joias com um estilo distinto, elegante e de alto impacto.<\/p>\n<p style=\"text-align: right;\"><a class=\"fl-link fl-link--line\" href=\"https:\/\/www.flfuoriserie.com\/fl-fuoriserie-selection\/jewel\/\">Saiba mais<\/a><\/p>\n<p>[\/vc_column_text][\/vc_column_inner][vc_column_inner column_width_percent=&#8221;100&#8243; position_vertical=&#8221;middle&#8221; align_horizontal=&#8221;align_center&#8221; gutter_size=&#8221;3&#8243; overlay_alpha=&#8221;50&#8243; shift_x=&#8221;0&#8243; shift_y=&#8221;0&#8243; shift_y_down=&#8221;0&#8243; z_index=&#8221;0&#8243; medium_width=&#8221;0&#8243; mobile_width=&#8221;0&#8243; css_animation=&#8221;right-t-left&#8221; animation_speed=&#8221;800&#8243; animation_delay=&#8221;200&#8243; width=&#8221;1\/6&#8243; css=&#8221;.vc_custom_1627048234511{padding-top: 0px !important;padding-right: 7% !important;padding-bottom: 0px !important;padding-left: 7% !important;}&#8221; el_class=&#8221;parte-img-dx&#8221;][vc_single_image media=&#8221;90826&#8243; media_width_use_pixel=&#8221;yes&#8221; alignment=&#8221;center&#8221; css_animation=&#8221;alpha-anim&#8221; media_width_pixel=&#8221;266&#8243; el_class=&#8221;bigger&#8221; uncode_shortcode_id=&#8221;128600&#8243;][\/vc_column_inner][vc_column_inner column_width_percent=&#8221;100&#8243; position_horizontal=&#8221;right&#8221; position_vertical=&#8221;middle&#8221; align_horizontal=&#8221;align_right&#8221; gutter_size=&#8221;3&#8243; overlay_alpha=&#8221;50&#8243; shift_x=&#8221;0&#8243; shift_y=&#8221;0&#8243; shift_y_down=&#8221;0&#8243; z_index=&#8221;0&#8243; medium_width=&#8221;0&#8243; mobile_width=&#8221;0&#8243; css_animation=&#8221;left-t-right&#8221; width=&#8221;1\/2&#8243; css=&#8221;.vc_custom_1620809610231{padding-top: 0px !important;padding-right: 0px !important;padding-bottom: 0px !important;padding-left: 0px !important;}&#8221;][\/vc_column_inner][\/vc_row_inner][\/vc_column][\/vc_row][vc_row][vc_column width=&#8221;1\/1&#8243;][uncode_block id=&#8221;85012&#8243;][\/vc_column][\/vc_row]<\/p>\n<\/div>","protected":false},"excerpt":{"rendered":"<p>[vc_row unlock_row_content=&#8221;yes&#8221; row_height_percent=&#8221;100&#8243; override_padding=&#8221;yes&#8221; h_padding=&#8221;0&#8243; top_padding=&#8221;0&#8243; bottom_padding=&#8221;0&#8243; back_color=&#8221;accent&#8221; overlay_alpha=&#8221;100&#8243; gutter_size=&#8221;100&#8243; column_width_percent=&#8221;100&#8243; shift_y=&#8221;0&#8243; z_index=&#8221;0&#8243; style=&#8221;inherited&#8221; css=&#8221;.vc_custom_1671790425936{margin-top: 0px !important;margin-bottom: 0px !important;padding-top: 0px [&hellip;]<\/p>\n","protected":false},"author":8,"featured_media":104776,"parent":0,"menu_order":0,"comment_status":"closed","ping_status":"closed","template":"","meta":{"_monsterinsights_skip_tracking":false,"_monsterinsights_sitenote_active":false,"_monsterinsights_sitenote_note":"","_monsterinsights_sitenote_category":0,"footnotes":""},"class_list":["post-105656","page","type-page","status-publish","has-post-thumbnail","hentry"],"yoast_head":"<!-- This site is optimized with the Yoast SEO plugin v27.4 - https:\/\/yoast.com\/product\/yoast-seo-wordpress\/ -->\n<title>Acess\u00f3rios - FL Fuoriserie<\/title>\n<meta name=\"robots\" content=\"index, follow, max-snippet:-1, max-image-preview:large, max-video-preview:-1\" \/>\n<link rel=\"canonical\" href=\"https:\/\/www.flfuoriserie.com\/pt-br\/acessorios\/\" \/>\n<meta property=\"og:locale\" content=\"pt_BR\" \/>\n<meta property=\"og:type\" content=\"article\" \/>\n<meta property=\"og:title\" content=\"Acess\u00f3rios - FL Fuoriserie\" \/>\n<meta property=\"og:description\" content=\"[vc_row unlock_row_content=&#8221;yes&#8221; row_height_percent=&#8221;100&#8243; override_padding=&#8221;yes&#8221; h_padding=&#8221;0&#8243; top_padding=&#8221;0&#8243; bottom_padding=&#8221;0&#8243; back_color=&#8221;accent&#8221; overlay_alpha=&#8221;100&#8243; gutter_size=&#8221;100&#8243; column_width_percent=&#8221;100&#8243; shift_y=&#8221;0&#8243; z_index=&#8221;0&#8243; style=&#8221;inherited&#8221; css=&#8221;.vc_custom_1671790425936{margin-top: 0px !important;margin-bottom: 0px !important;padding-top: 0px [&hellip;]\" \/>\n<meta property=\"og:url\" content=\"https:\/\/www.flfuoriserie.com\/pt-br\/acessorios\/\" \/>\n<meta property=\"og:site_name\" content=\"FL Fuoriserie\" \/>\n<meta property=\"article:modified_time\" content=\"2025-09-02T09:50:17+00:00\" \/>\n<meta property=\"og:image\" content=\"https:\/\/www.flfuoriserie.com\/wp-content\/uploads\/2025\/07\/FASHION.png\" \/>\n\t<meta property=\"og:image:width\" content=\"250\" \/>\n\t<meta property=\"og:image:height\" content=\"250\" \/>\n\t<meta property=\"og:image:type\" content=\"image\/png\" \/>\n<meta name=\"twitter:card\" content=\"summary_large_image\" \/>\n<meta name=\"twitter:label1\" content=\"Est. tempo de leitura\" \/>\n\t<meta name=\"twitter:data1\" content=\"3 minutos\" \/>\n<script type=\"application\/ld+json\" class=\"yoast-schema-graph\">{\"@context\":\"https:\\\/\\\/schema.org\",\"@graph\":[{\"@type\":\"WebPage\",\"@id\":\"https:\\\/\\\/www.flfuoriserie.com\\\/pt-br\\\/acessorios\\\/\",\"url\":\"https:\\\/\\\/www.flfuoriserie.com\\\/pt-br\\\/acessorios\\\/\",\"name\":\"Acess\u00f3rios - FL Fuoriserie\",\"isPartOf\":{\"@id\":\"https:\\\/\\\/www.flfuoriserie.com\\\/pt-br\\\/#website\"},\"primaryImageOfPage\":{\"@id\":\"https:\\\/\\\/www.flfuoriserie.com\\\/pt-br\\\/acessorios\\\/#primaryimage\"},\"image\":{\"@id\":\"https:\\\/\\\/www.flfuoriserie.com\\\/pt-br\\\/acessorios\\\/#primaryimage\"},\"thumbnailUrl\":\"https:\\\/\\\/www.flfuoriserie.com\\\/wp-content\\\/uploads\\\/2025\\\/07\\\/FASHION.png\",\"datePublished\":\"2025-09-02T09:50:16+00:00\",\"dateModified\":\"2025-09-02T09:50:17+00:00\",\"breadcrumb\":{\"@id\":\"https:\\\/\\\/www.flfuoriserie.com\\\/pt-br\\\/acessorios\\\/#breadcrumb\"},\"inLanguage\":\"pt-BR\",\"potentialAction\":[{\"@type\":\"ReadAction\",\"target\":[\"https:\\\/\\\/www.flfuoriserie.com\\\/pt-br\\\/acessorios\\\/\"]}]},{\"@type\":\"ImageObject\",\"inLanguage\":\"pt-BR\",\"@id\":\"https:\\\/\\\/www.flfuoriserie.com\\\/pt-br\\\/acessorios\\\/#primaryimage\",\"url\":\"https:\\\/\\\/www.flfuoriserie.com\\\/wp-content\\\/uploads\\\/2025\\\/07\\\/FASHION.png\",\"contentUrl\":\"https:\\\/\\\/www.flfuoriserie.com\\\/wp-content\\\/uploads\\\/2025\\\/07\\\/FASHION.png\",\"width\":250,\"height\":250},{\"@type\":\"BreadcrumbList\",\"@id\":\"https:\\\/\\\/www.flfuoriserie.com\\\/pt-br\\\/acessorios\\\/#breadcrumb\",\"itemListElement\":[{\"@type\":\"ListItem\",\"position\":1,\"name\":\"Home\",\"item\":\"https:\\\/\\\/www.flfuoriserie.com\\\/pt-br\\\/\"},{\"@type\":\"ListItem\",\"position\":2,\"name\":\"Acess\u00f3rios\"}]},{\"@type\":\"WebSite\",\"@id\":\"https:\\\/\\\/www.flfuoriserie.com\\\/pt-br\\\/#website\",\"url\":\"https:\\\/\\\/www.flfuoriserie.com\\\/pt-br\\\/\",\"name\":\"FL Fuoriserie | Official site\",\"description\":\"FL Fuoriserie\",\"publisher\":{\"@id\":\"https:\\\/\\\/www.flfuoriserie.com\\\/pt-br\\\/#organization\"},\"alternateName\":\"FL Official\",\"potentialAction\":[{\"@type\":\"SearchAction\",\"target\":{\"@type\":\"EntryPoint\",\"urlTemplate\":\"https:\\\/\\\/www.flfuoriserie.com\\\/pt-br\\\/?s={search_term_string}\"},\"query-input\":{\"@type\":\"PropertyValueSpecification\",\"valueRequired\":true,\"valueName\":\"search_term_string\"}}],\"inLanguage\":\"pt-BR\"},{\"@type\":\"Organization\",\"@id\":\"https:\\\/\\\/www.flfuoriserie.com\\\/pt-br\\\/#organization\",\"name\":\"FL Fuoriserie\",\"alternateName\":\"FL\",\"url\":\"https:\\\/\\\/www.flfuoriserie.com\\\/pt-br\\\/\",\"logo\":{\"@type\":\"ImageObject\",\"inLanguage\":\"pt-BR\",\"@id\":\"https:\\\/\\\/www.flfuoriserie.com\\\/pt-br\\\/#\\\/schema\\\/logo\\\/image\\\/\",\"url\":\"https:\\\/\\\/www.flfuoriserie.com\\\/wp-content\\\/uploads\\\/2025\\\/11\\\/Classico.jpg\",\"contentUrl\":\"https:\\\/\\\/www.flfuoriserie.com\\\/wp-content\\\/uploads\\\/2025\\\/11\\\/Classico.jpg\",\"width\":584,\"height\":518,\"caption\":\"FL Fuoriserie\"},\"image\":{\"@id\":\"https:\\\/\\\/www.flfuoriserie.com\\\/pt-br\\\/#\\\/schema\\\/logo\\\/image\\\/\"},\"sameAs\":[\"https:\\\/\\\/www.instagram.com\\\/flfuoriserieofficial\\\/?hl=it\"]}]}<\/script>\n<!-- \/ Yoast SEO plugin. -->","yoast_head_json":{"title":"Acess\u00f3rios - FL Fuoriserie","robots":{"index":"index","follow":"follow","max-snippet":"max-snippet:-1","max-image-preview":"max-image-preview:large","max-video-preview":"max-video-preview:-1"},"canonical":"https:\/\/www.flfuoriserie.com\/pt-br\/acessorios\/","og_locale":"pt_BR","og_type":"article","og_title":"Acess\u00f3rios - FL Fuoriserie","og_description":"[vc_row unlock_row_content=&#8221;yes&#8221; row_height_percent=&#8221;100&#8243; override_padding=&#8221;yes&#8221; h_padding=&#8221;0&#8243; top_padding=&#8221;0&#8243; bottom_padding=&#8221;0&#8243; back_color=&#8221;accent&#8221; overlay_alpha=&#8221;100&#8243; gutter_size=&#8221;100&#8243; column_width_percent=&#8221;100&#8243; shift_y=&#8221;0&#8243; z_index=&#8221;0&#8243; style=&#8221;inherited&#8221; css=&#8221;.vc_custom_1671790425936{margin-top: 0px !important;margin-bottom: 0px !important;padding-top: 0px [&hellip;]","og_url":"https:\/\/www.flfuoriserie.com\/pt-br\/acessorios\/","og_site_name":"FL Fuoriserie","article_modified_time":"2025-09-02T09:50:17+00:00","og_image":[{"width":250,"height":250,"url":"https:\/\/www.flfuoriserie.com\/wp-content\/uploads\/2025\/07\/FASHION.png","type":"image\/png"}],"twitter_card":"summary_large_image","twitter_misc":{"Est. tempo de leitura":"3 minutos"},"schema":{"@context":"https:\/\/schema.org","@graph":[{"@type":"WebPage","@id":"https:\/\/www.flfuoriserie.com\/pt-br\/acessorios\/","url":"https:\/\/www.flfuoriserie.com\/pt-br\/acessorios\/","name":"Acess\u00f3rios - FL Fuoriserie","isPartOf":{"@id":"https:\/\/www.flfuoriserie.com\/pt-br\/#website"},"primaryImageOfPage":{"@id":"https:\/\/www.flfuoriserie.com\/pt-br\/acessorios\/#primaryimage"},"image":{"@id":"https:\/\/www.flfuoriserie.com\/pt-br\/acessorios\/#primaryimage"},"thumbnailUrl":"https:\/\/www.flfuoriserie.com\/wp-content\/uploads\/2025\/07\/FASHION.png","datePublished":"2025-09-02T09:50:16+00:00","dateModified":"2025-09-02T09:50:17+00:00","breadcrumb":{"@id":"https:\/\/www.flfuoriserie.com\/pt-br\/acessorios\/#breadcrumb"},"inLanguage":"pt-BR","potentialAction":[{"@type":"ReadAction","target":["https:\/\/www.flfuoriserie.com\/pt-br\/acessorios\/"]}]},{"@type":"ImageObject","inLanguage":"pt-BR","@id":"https:\/\/www.flfuoriserie.com\/pt-br\/acessorios\/#primaryimage","url":"https:\/\/www.flfuoriserie.com\/wp-content\/uploads\/2025\/07\/FASHION.png","contentUrl":"https:\/\/www.flfuoriserie.com\/wp-content\/uploads\/2025\/07\/FASHION.png","width":250,"height":250},{"@type":"BreadcrumbList","@id":"https:\/\/www.flfuoriserie.com\/pt-br\/acessorios\/#breadcrumb","itemListElement":[{"@type":"ListItem","position":1,"name":"Home","item":"https:\/\/www.flfuoriserie.com\/pt-br\/"},{"@type":"ListItem","position":2,"name":"Acess\u00f3rios"}]},{"@type":"WebSite","@id":"https:\/\/www.flfuoriserie.com\/pt-br\/#website","url":"https:\/\/www.flfuoriserie.com\/pt-br\/","name":"FL Fuoriserie | Official site","description":"FL Fuoriserie","publisher":{"@id":"https:\/\/www.flfuoriserie.com\/pt-br\/#organization"},"alternateName":"FL Official","potentialAction":[{"@type":"SearchAction","target":{"@type":"EntryPoint","urlTemplate":"https:\/\/www.flfuoriserie.com\/pt-br\/?s={search_term_string}"},"query-input":{"@type":"PropertyValueSpecification","valueRequired":true,"valueName":"search_term_string"}}],"inLanguage":"pt-BR"},{"@type":"Organization","@id":"https:\/\/www.flfuoriserie.com\/pt-br\/#organization","name":"FL Fuoriserie","alternateName":"FL","url":"https:\/\/www.flfuoriserie.com\/pt-br\/","logo":{"@type":"ImageObject","inLanguage":"pt-BR","@id":"https:\/\/www.flfuoriserie.com\/pt-br\/#\/schema\/logo\/image\/","url":"https:\/\/www.flfuoriserie.com\/wp-content\/uploads\/2025\/11\/Classico.jpg","contentUrl":"https:\/\/www.flfuoriserie.com\/wp-content\/uploads\/2025\/11\/Classico.jpg","width":584,"height":518,"caption":"FL Fuoriserie"},"image":{"@id":"https:\/\/www.flfuoriserie.com\/pt-br\/#\/schema\/logo\/image\/"},"sameAs":["https:\/\/www.instagram.com\/flfuoriserieofficial\/?hl=it"]}]}},"_links":{"self":[{"href":"https:\/\/www.flfuoriserie.com\/pt-br\/wp-json\/wp\/v2\/pages\/105656","targetHints":{"allow":["GET"]}}],"collection":[{"href":"https:\/\/www.flfuoriserie.com\/pt-br\/wp-json\/wp\/v2\/pages"}],"about":[{"href":"https:\/\/www.flfuoriserie.com\/pt-br\/wp-json\/wp\/v2\/types\/page"}],"author":[{"embeddable":true,"href":"https:\/\/www.flfuoriserie.com\/pt-br\/wp-json\/wp\/v2\/users\/8"}],"replies":[{"embeddable":true,"href":"https:\/\/www.flfuoriserie.com\/pt-br\/wp-json\/wp\/v2\/comments?post=105656"}],"version-history":[{"count":1,"href":"https:\/\/www.flfuoriserie.com\/pt-br\/wp-json\/wp\/v2\/pages\/105656\/revisions"}],"predecessor-version":[{"id":105659,"href":"https:\/\/www.flfuoriserie.com\/pt-br\/wp-json\/wp\/v2\/pages\/105656\/revisions\/105659"}],"wp:featuredmedia":[{"embeddable":true,"href":"https:\/\/www.flfuoriserie.com\/pt-br\/wp-json\/wp\/v2\/media\/104776"}],"wp:attachment":[{"href":"https:\/\/www.flfuoriserie.com\/pt-br\/wp-json\/wp\/v2\/media?parent=105656"}],"curies":[{"name":"wp","href":"https:\/\/api.w.org\/{rel}","templated":true}]}}